{"id":115,"date":"2024-08-28T11:21:13","date_gmt":"2024-08-28T14:21:13","guid":{"rendered":"https:\/\/wp.ufpel.edu.br\/gipep\/?page_id=115"},"modified":"2026-03-11T15:00:40","modified_gmt":"2026-03-11T18:00:40","slug":"outros-pesquisadores-as","status":"publish","type":"page","link":"https:\/\/wp.ufpel.edu.br\/gipep\/outros-pesquisadores-as\/","title":{"rendered":"Outros pesquisadores\/as"},"content":{"rendered":"<h3><b><img loading=\"lazy\" decoding=\"async\" class=\"size-medium wp-image-244 alignleft\" src=\"https:\/\/wp.ufpel.edu.br\/gipep\/files\/2024\/09\/Foto-400x400.png\" alt=\"\" width=\"400\" height=\"400\" srcset=\"https:\/\/wp.ufpel.edu.br\/gipep\/files\/2024\/09\/Foto-400x400.png 400w, https:\/\/wp.ufpel.edu.br\/gipep\/files\/2024\/09\/Foto-1024x1024.png 1024w, https:\/\/wp.ufpel.edu.br\/gipep\/files\/2024\/09\/Foto-200x200.png 200w, https:\/\/wp.ufpel.edu.br\/gipep\/files\/2024\/09\/Foto-768x768.png 768w, https:\/\/wp.ufpel.edu.br\/gipep\/files\/2024\/09\/Foto-750x750.png 750w, https:\/\/wp.ufpel.edu.br\/gipep\/files\/2024\/09\/Foto.png 1152w\" sizes=\"auto, (max-width: 400px) 100vw, 400px\" \/>Lia Cristiane Lima Hallwass<\/b><\/h3>\n<p style=\"text-align: justify;\"><span style=\"font-weight: 400; font-size: 14pt;\">Bacharel em Administra\u00e7\u00e3o (UFPel, 2007), Mestre em Educa\u00e7\u00e3o (UFPel, 2010) e Doutora em Educa\u00e7\u00e3o (UFPel, 2023). Tamb\u00e9m, Especialista em Gest\u00e3o P\u00fablica (UFPel, 2011) e em Curr\u00edculo, Did\u00e1tica e Metodologias Ativas (FAMEESP, 2022). Desde 2006, atua em projetos de educa\u00e7\u00e3o superior presenciais, semipresenciais e principalmente a dist\u00e2ncia (EaD). Desde 2009, atua na gest\u00e3o pedag\u00f3gica, na gest\u00e3o acad\u00eamica e na regula\u00e7\u00e3o acad\u00eamica de cursos de gradua\u00e7\u00e3o, de p\u00f3s-gradua\u00e7\u00e3o lato sensu e t\u00e9cnicos, de v\u00e1rias \u00e1reas do conhecimento, em institui\u00e7\u00f5es de ensino p\u00fablicas e privadas do Rio Grande do Sul. Desde 2009, tamb\u00e9m, atua como professora de gradua\u00e7\u00e3o presencial e a dist\u00e2ncia, lecionando disciplinas em cursos de Gest\u00e3o e Neg\u00f3cios, principalmente introdu\u00e7\u00e3o \u00e0 administra\u00e7\u00e3o, gest\u00e3o de processos, gest\u00e3o de projetos, planejamento estrat\u00e9gico e gest\u00e3o de pesquisa. E desde 2020, atua como Avaliadora do Instituto Nacional de Estudos e Pesquisas Educacionais An\u00edsio Teixeira\/Minist\u00e9rio da Educa\u00e7\u00e3o (INEP\/ MEC). Como Pesquisadora, foca principalmente nos temas: estrat\u00e9gias e tecnologias de ensino-aprendizagem presenciais e a dist\u00e2ncia, gest\u00e3o p\u00fablica, curr\u00edculo e forma\u00e7\u00e3o para o trabalho.<\/span><\/p>\n<p>&nbsp;<\/p>\n<h3><b><img loading=\"lazy\" decoding=\"async\" class=\" wp-image-205 alignleft\" src=\"https:\/\/wp.ufpel.edu.br\/gipep\/files\/2024\/08\/carline-400x400.png\" alt=\"\" width=\"392\" height=\"392\" srcset=\"https:\/\/wp.ufpel.edu.br\/gipep\/files\/2024\/08\/carline-400x400.png 400w, https:\/\/wp.ufpel.edu.br\/gipep\/files\/2024\/08\/carline-1024x1024.png 1024w, https:\/\/wp.ufpel.edu.br\/gipep\/files\/2024\/08\/carline-200x200.png 200w, https:\/\/wp.ufpel.edu.br\/gipep\/files\/2024\/08\/carline-768x768.png 768w, https:\/\/wp.ufpel.edu.br\/gipep\/files\/2024\/08\/carline-750x750.png 750w, https:\/\/wp.ufpel.edu.br\/gipep\/files\/2024\/08\/carline.png 1152w\" sizes=\"auto, (max-width: 392px) 100vw, 392px\" \/>Carline Schr\u00f6der Arend<\/b><\/h3>\n<p style=\"text-align: justify;\"><span style=\"font-weight: 400; font-size: 14pt;\">Professora dos Anos Iniciais e Orientadora Educacional na Prefeitura Municipal de Pelotas. Doutora em Educa\u00e7\u00e3o pelo Programa de P\u00f3s-Gradua\u00e7\u00e3o em Educa\u00e7\u00e3o da Universidade Federal de Pelotas. Foi bolsista de doutorado Demanda Social &#8211; CAPES. Possui Mestrado em Educa\u00e7\u00e3o pelo Programa de P\u00f3s-Gradua\u00e7\u00e3o em Educa\u00e7\u00e3o da Universidade Federal de Santa Maria. Gest\u00e3o Educacional pelo Curso de Gest\u00e3o Educacional da Universidade Federal de Santa Maria. Possui Curso de Licenciatura em Pedagogia da Universidade Federal de Santa Maria. Integra como pesquisadora o Grupo Interdisciplinar de Pesquisa em Educa\u00e7\u00e3o P\u00fablica &#8211; GIPEP.<\/span><\/p>\n<p>&nbsp;<\/p>\n<h3><img loading=\"lazy\" decoding=\"async\" class=\"size-medium wp-image-246 alignleft\" src=\"https:\/\/wp.ufpel.edu.br\/gipep\/files\/2024\/09\/Foto-1-1-400x400.png\" alt=\"\" width=\"400\" height=\"400\" srcset=\"https:\/\/wp.ufpel.edu.br\/gipep\/files\/2024\/09\/Foto-1-1-400x400.png 400w, https:\/\/wp.ufpel.edu.br\/gipep\/files\/2024\/09\/Foto-1-1-1024x1024.png 1024w, https:\/\/wp.ufpel.edu.br\/gipep\/files\/2024\/09\/Foto-1-1-200x200.png 200w, https:\/\/wp.ufpel.edu.br\/gipep\/files\/2024\/09\/Foto-1-1-768x768.png 768w, https:\/\/wp.ufpel.edu.br\/gipep\/files\/2024\/09\/Foto-1-1-750x750.png 750w, https:\/\/wp.ufpel.edu.br\/gipep\/files\/2024\/09\/Foto-1-1.png 1152w\" sizes=\"auto, (max-width: 400px) 100vw, 400px\" \/>Jo\u00e3o Carlos Roedel Hirdes<\/h3>\n<p style=\"text-align: justify;\"><span style=\"font-size: 14pt;\"><span style=\"font-weight: 400;\">Possui gradua\u00e7\u00e3o em Curso de Licenciatura em Matem\u00e1tica pela Universidade Federal de Pelotas (2007), Especializa\u00e7\u00e3o em Educa\u00e7\u00e3o em Direitos Humanos pela Universidade Federal do Rio Grande (2015), Mestrado em Educa\u00e7\u00e3o Matem\u00e1tica pela Universidade Federal de Pelotas (2019) e Doutorado em Educa\u00e7\u00e3o pela Universidade Federal de Pelotas. Tem experi\u00eancia nas \u00e1reas de Matem\u00e1tica e Educa\u00e7\u00e3o, atuando principalmente nos seguintes temas: educa\u00e7\u00e3o a dist\u00e2ncia, educa\u00e7\u00e3o matem\u00e1tica, pol\u00edticas educacionais, psicologia da educa\u00e7\u00e3o, sistema MOODLE, sistemas de WEBCONFER\u00caNCIA e transmiss\u00e3o de eventos. Associado da Associa\u00e7\u00e3o Brasileira de Alfabetiza\u00e7\u00e3o &#8211; ABALF e da Associa\u00e7\u00e3o Nacional de P\u00f3s-Gradua\u00e7\u00e3o e Pesquisa em Educa\u00e7\u00e3o \u2013 ANPed.<\/span><\/span><\/p>\n<p>&nbsp;<\/p>\n<h3><b><img loading=\"lazy\" decoding=\"async\" class=\" wp-image-239 alignleft\" src=\"https:\/\/wp.ufpel.edu.br\/gipep\/files\/2024\/09\/Foto-5-400x400.png\" alt=\"\" width=\"400\" height=\"400\" srcset=\"https:\/\/wp.ufpel.edu.br\/gipep\/files\/2024\/09\/Foto-5-400x400.png 400w, https:\/\/wp.ufpel.edu.br\/gipep\/files\/2024\/09\/Foto-5-1024x1024.png 1024w, https:\/\/wp.ufpel.edu.br\/gipep\/files\/2024\/09\/Foto-5-200x200.png 200w, https:\/\/wp.ufpel.edu.br\/gipep\/files\/2024\/09\/Foto-5-768x768.png 768w, https:\/\/wp.ufpel.edu.br\/gipep\/files\/2024\/09\/Foto-5-750x750.png 750w, https:\/\/wp.ufpel.edu.br\/gipep\/files\/2024\/09\/Foto-5.png 1152w\" sizes=\"auto, (max-width: 400px) 100vw, 400px\" \/>Jo\u00e3o Henrique Figueredo de Oliveira<\/b><\/h3>\n<p style=\"text-align: justify;\"><span style=\"font-weight: 400; font-size: 14pt;\">Foi acad\u00eamico da Universidade Federal de Pelotas (UFPEL) pelo curso de Ci\u00eancias Biol\u00f3gicas Licenciatura e Bacharelado, durante os anos de 2011 a 2019. Estudou na James Cook University (JCU) atrav\u00e9s do programa Ci\u00eancias sem Fronteira (CsF) durante os anos de 2014 a 2015. Mestre e Especialista em educa\u00e7\u00e3o pela UFPEL (2020). Atualmente, professor de biologia no Servi\u00e7o Social da Ind\u00fastria (SESI), aluno de Doutorado no PPG em Educa\u00e7\u00e3o pela UFPEL e pesquisador do Grupo Interdisciplinar de Pesquisa em Educa\u00e7\u00e3o P\u00fablica (GIPEP).<\/span><\/p>\n<p>&nbsp;<\/p>\n<p>&nbsp;<\/p>\n<h3 style=\"text-align: justify;\"><span style=\"font-weight: 400;\"><img loading=\"lazy\" decoding=\"async\" class=\" wp-image-240 alignleft\" src=\"https:\/\/wp.ufpel.edu.br\/gipep\/files\/2024\/09\/Foto-6-400x400.png\" alt=\"\" width=\"390\" height=\"390\" srcset=\"https:\/\/wp.ufpel.edu.br\/gipep\/files\/2024\/09\/Foto-6-400x400.png 400w, https:\/\/wp.ufpel.edu.br\/gipep\/files\/2024\/09\/Foto-6-1024x1024.png 1024w, https:\/\/wp.ufpel.edu.br\/gipep\/files\/2024\/09\/Foto-6-200x200.png 200w, https:\/\/wp.ufpel.edu.br\/gipep\/files\/2024\/09\/Foto-6-768x768.png 768w, https:\/\/wp.ufpel.edu.br\/gipep\/files\/2024\/09\/Foto-6-750x750.png 750w, https:\/\/wp.ufpel.edu.br\/gipep\/files\/2024\/09\/Foto-6.png 1152w\" sizes=\"auto, (max-width: 390px) 100vw, 390px\" \/><\/span><b>Fernanda Arndt Mesenburg<\/b><\/h3>\n<p style=\"text-align: justify;\"><span style=\"font-weight: 400; font-size: 14pt;\">Possui gradua\u00e7\u00e3o em Licenciatura em Pedagogia pela Universidade Estadual de Ponta Grossa (2012), mestrado em Educa\u00e7\u00e3o pela Universidade Federal de Pelotas (2019) e \u00e9 doutora pelo Programa de P\u00f3s-Gradua\u00e7\u00e3o em Educa\u00e7\u00e3o da Universidade Federal de Pelotas &#8211; PPGE\/UFPel. Tamb\u00e9m atua como pesquisadora no Grupo Interdisiplinar de Pesquisa em Educa\u00e7\u00e3o P\u00fablica &#8211; GIPEP. Atualmente trabalha como orientadora educacional na rede privada no munic\u00edpio de Pelotas. Principais temas de investiga\u00e7\u00e3o: educa\u00e7\u00e3o, pol\u00edticas educacionais e alfabetiza\u00e7\u00e3o<\/span><\/p>\n<p>&nbsp;<\/p>\n<p>&nbsp;<\/p>\n<p style=\"text-align: justify;\"><span style=\"font-weight: 400;\"><img loading=\"lazy\" decoding=\"async\" class=\"size-medium wp-image-525 alignleft\" src=\"https:\/\/wp.ufpel.edu.br\/gipep\/files\/2025\/09\/NataliaLaner-foto-400x400.jpeg\" alt=\"\" width=\"400\" height=\"400\" srcset=\"https:\/\/wp.ufpel.edu.br\/gipep\/files\/2025\/09\/NataliaLaner-foto-400x400.jpeg 400w, https:\/\/wp.ufpel.edu.br\/gipep\/files\/2025\/09\/NataliaLaner-foto-1024x1024.jpeg 1024w, https:\/\/wp.ufpel.edu.br\/gipep\/files\/2025\/09\/NataliaLaner-foto-200x200.jpeg 200w, https:\/\/wp.ufpel.edu.br\/gipep\/files\/2025\/09\/NataliaLaner-foto-768x768.jpeg 768w, https:\/\/wp.ufpel.edu.br\/gipep\/files\/2025\/09\/NataliaLaner-foto-885x885.jpeg 885w, https:\/\/wp.ufpel.edu.br\/gipep\/files\/2025\/09\/NataliaLaner-foto.jpeg 1280w\" sizes=\"auto, (max-width: 400px) 100vw, 400px\" \/><\/span><\/p>\n<h3 style=\"text-align: justify;\"><strong>Nat\u00e1lia Douglas Laner<\/strong><\/h3>\n<p style=\"text-align: justify;\"><span style=\"font-weight: 400; font-size: 14pt;\">Possui gradua\u00e7\u00e3o em Pedagogia pela Faculdade de Educa\u00e7\u00e3o da Universidade Federal de Pelotas, especializa\u00e7\u00e3o em Supervis\u00e3o e Orienta\u00e7\u00e3o Educacional pela Faculdade de Educa\u00e7\u00e3o S\u00e3o Lu\u00eds. Foi bolsista de pesquisa e extens\u00e3o do Programa Institucional de Inicia\u00e7\u00e3o \u00e0 Doc\u00eancia, da Universidade Federal de Pelotas, do curso de Pedagogia. Tem experi\u00eancia na \u00e1rea de Educa\u00e7\u00e3o, com \u00eanfase na aprendizagem de alunos e alunas no contexto de alfabetiza\u00e7\u00e3o e letramento, atuando principalmente na constru\u00e7\u00e3o dos aprendizados relacionados aos aspectos da leitura e da escrita de crian\u00e7as nos anos iniciais. Possui experi\u00eancias em salas de aula nas redes estadual, municipal e privada. Atualmente \u00e9 coordenadora dos anos iniciais na secretaria municipal de educa\u00e7\u00e3o na cidade de Pelotas.<\/span><\/p>\n<p>&nbsp;<\/p>\n<h3><strong><img loading=\"lazy\" decoding=\"async\" class=\"size-medium wp-image-528 alignleft\" src=\"https:\/\/wp.ufpel.edu.br\/gipep\/files\/2025\/09\/Samantha-rotated-e1757885660580-400x400.jpg\" alt=\"\" width=\"400\" height=\"400\" srcset=\"https:\/\/wp.ufpel.edu.br\/gipep\/files\/2025\/09\/Samantha-rotated-e1757885660580-400x400.jpg 400w, https:\/\/wp.ufpel.edu.br\/gipep\/files\/2025\/09\/Samantha-rotated-e1757885660580-1022x1024.jpg 1022w, https:\/\/wp.ufpel.edu.br\/gipep\/files\/2025\/09\/Samantha-rotated-e1757885660580-200x200.jpg 200w, https:\/\/wp.ufpel.edu.br\/gipep\/files\/2025\/09\/Samantha-rotated-e1757885660580-768x770.jpg 768w, https:\/\/wp.ufpel.edu.br\/gipep\/files\/2025\/09\/Samantha-rotated-e1757885660580-1532x1536.jpg 1532w, https:\/\/wp.ufpel.edu.br\/gipep\/files\/2025\/09\/Samantha-rotated-e1757885660580-885x887.jpg 885w, https:\/\/wp.ufpel.edu.br\/gipep\/files\/2025\/09\/Samantha-rotated-e1757885660580.jpg 1740w\" sizes=\"auto, (max-width: 400px) 100vw, 400px\" \/>Samantha Machado Thurow<\/strong><\/h3>\n<p style=\"text-align: justify;\"><span style=\"font-weight: 400; font-size: 14pt;\">Graduada em Pedagogia (UFPEL,2012) , especialista em Educa\u00e7\u00e3o (UFPEL, 2021). Desde 2015, atuando como professora da rede municipal de Pelotas, principalmente no ciclo de alfabetiza\u00e7\u00e3o. A partir de 2017, atuando como coordenadora pedag\u00f3gica dos anos iniciais. Em 2025, atuando como coordenadora pedag\u00f3gica de anos iniciais e pol\u00edtica de alfabetiza\u00e7\u00e3o na secretaria municipal de Pelotas.<\/span><\/p>\n<p style=\"text-align: justify;\"><span style=\"font-weight: 400;\">\u00a0<\/span><\/p>\n<p>&nbsp;<\/p>\n<p>&nbsp;<\/p>\n<p>&nbsp;<\/p>\n<p>&nbsp;<\/p>\n<h3><strong><img loading=\"lazy\" decoding=\"async\" class=\" wp-image-531 alignleft\" src=\"https:\/\/wp.ufpel.edu.br\/gipep\/files\/2025\/09\/Tais-Louzada-e1757886010146.jpg\" alt=\"\" width=\"402\" height=\"452\" \/>Tais Angelo Louzada<\/strong><\/h3>\n<p style=\"text-align: justify;\"><span style=\"font-size: 14pt;\"><span style=\"font-weight: 400;\">Graduada em Pedagogia pela Universidade Federal de Pelotas (2002), com especializa\u00e7\u00e3o em Educa\u00e7\u00e3o Popular (2006) e mestrado em Ensino de Ci\u00eancias e Matem\u00e1tica (2024) pela mesma institui\u00e7\u00e3o. <\/span><span style=\"font-weight: 400;\">Doutoranda em 2025 no Instituto Federal Sul Rio Grandense em Educa\u00e7\u00e3o e Tecnologias. <\/span><span style=\"font-weight: 400;\">\u00c9 professora efetiva na Prefeitura Municipal de Pelotas desde 2004 e na Prefeitura Municipal do Rio Grande desde 2006. Atualmente est\u00e1 na coordena\u00e7\u00e3o da modalidade EJA na Secretaria Municipal de Educa\u00e7\u00e3o da Prefeitura Municipal de Pelotas. <\/span><span style=\"font-weight: 400;\">Possui experi\u00eancia na \u00e1rea da Educa\u00e7\u00e3o, com foco em Ensino-Aprendizagem e na Educa\u00e7\u00e3o de Jovens e Adultos.<\/span><\/span><\/p>\n<p>&nbsp;<\/p>\n<p style=\"text-align: justify;\">\n","protected":false},"excerpt":{"rendered":"<p>Lia Cristiane Lima Hallwass Bacharel em Administra\u00e7\u00e3o (UFPel, 2007), Mestre em Educa\u00e7\u00e3o (UFPel, 2010) e Doutora em Educa\u00e7\u00e3o (UFPel, 2023). Tamb\u00e9m, Especialista em Gest\u00e3o P\u00fablica (UFPel, 2011) e em Curr\u00edculo, Did\u00e1tica e Metodologias Ativas (FAMEESP, 2022). Desde 2006, atua em projetos de educa\u00e7\u00e3o superior presenciais, semipresenciais e principalmente a dist\u00e2ncia (EaD). Desde 2009, atua na &hellip; <\/p>\n<p><a class=\"more-link btn\" href=\"https:\/\/wp.ufpel.edu.br\/gipep\/outros-pesquisadores-as\/\">Continue lendo<\/a><\/p>\n","protected":false},"author":1355,"featured_media":0,"parent":0,"menu_order":0,"comment_status":"closed","ping_status":"closed","template":"","meta":{"footnotes":""},"class_list":["post-115","page","type-page","status-publish","hentry","nodate","item-wrap"],"_links":{"self":[{"href":"https:\/\/wp.ufpel.edu.br\/gipep\/wp-json\/wp\/v2\/pages\/115","targetHints":{"allow":["GET"]}}],"collection":[{"href":"https:\/\/wp.ufpel.edu.br\/gipep\/wp-json\/wp\/v2\/pages"}],"about":[{"href":"https:\/\/wp.ufpel.edu.br\/gipep\/wp-json\/wp\/v2\/types\/page"}],"author":[{"embeddable":true,"href":"https:\/\/wp.ufpel.edu.br\/gipep\/wp-json\/wp\/v2\/users\/1355"}],"replies":[{"embeddable":true,"href":"https:\/\/wp.ufpel.edu.br\/gipep\/wp-json\/wp\/v2\/comments?post=115"}],"version-history":[{"count":3,"href":"https:\/\/wp.ufpel.edu.br\/gipep\/wp-json\/wp\/v2\/pages\/115\/revisions"}],"predecessor-version":[{"id":695,"href":"https:\/\/wp.ufpel.edu.br\/gipep\/wp-json\/wp\/v2\/pages\/115\/revisions\/695"}],"wp:attachment":[{"href":"https:\/\/wp.ufpel.edu.br\/gipep\/wp-json\/wp\/v2\/media?parent=115"}],"curies":[{"name":"wp","href":"https:\/\/api.w.org\/{rel}","templated":true}]}}