{"id":114,"date":"2024-08-28T11:21:13","date_gmt":"2024-08-28T14:21:13","guid":{"rendered":"https:\/\/wp.ufpel.edu.br\/gipep\/?page_id=114"},"modified":"2026-03-11T17:33:52","modified_gmt":"2026-03-11T20:33:52","slug":"graduandos-as","status":"publish","type":"page","link":"https:\/\/wp.ufpel.edu.br\/gipep\/graduandos-as\/","title":{"rendered":"Graduandos\/as"},"content":{"rendered":"<h3><b><img loading=\"lazy\" decoding=\"async\" class=\"size-medium wp-image-202 alignleft\" src=\"https:\/\/wp.ufpel.edu.br\/gipep\/files\/2024\/08\/vitoria-400x400.png\" alt=\"\" width=\"400\" height=\"400\" srcset=\"https:\/\/wp.ufpel.edu.br\/gipep\/files\/2024\/08\/vitoria-400x400.png 400w, https:\/\/wp.ufpel.edu.br\/gipep\/files\/2024\/08\/vitoria-1024x1024.png 1024w, https:\/\/wp.ufpel.edu.br\/gipep\/files\/2024\/08\/vitoria-200x200.png 200w, https:\/\/wp.ufpel.edu.br\/gipep\/files\/2024\/08\/vitoria-768x768.png 768w, https:\/\/wp.ufpel.edu.br\/gipep\/files\/2024\/08\/vitoria-750x750.png 750w, https:\/\/wp.ufpel.edu.br\/gipep\/files\/2024\/08\/vitoria.png 1152w\" sizes=\"auto, (max-width: 400px) 100vw, 400px\" \/>Vit\u00f3ria Kaster Neutzling<\/b><\/h3>\n<p style=\"text-align: justify;\"><span style=\"font-size: 14pt;\"><span style=\"font-weight: 400;\">Graduanda em Pedagogia pela Universidade Federal de Pelotas (UFPel). Bolsista de Inicia\u00e7\u00e3o Cient\u00edfica pela FAPERGS. Integra o Grupo Interdisciplinar de Pesquisa em Educa\u00e7\u00e3o P\u00fablica (GIPEP\/UFPel). Associada ao Congresso Brasileiro de Alfabetiza\u00e7\u00e3o (CONBALF). Possui Magist\u00e9rio pelo Col\u00e9gio Municipal Pelotense (2023). Tem maior interesse pelos seguintes temas: alfabetiza\u00e7\u00e3o, letramento, literatura infantil, gest\u00e3o escolar democr\u00e1tica e pol\u00edticas educacionais.<\/span><b>\u00a0<\/b><\/span><\/p>\n<p>&nbsp;<\/p>\n<p>&nbsp;<\/p>\n<p>&nbsp;<\/p>\n<h3><b><img loading=\"lazy\" decoding=\"async\" class=\"wp-image-510 alignleft\" src=\"https:\/\/wp.ufpel.edu.br\/gipep\/files\/2025\/09\/196ee2b4-7bb9-4a39-95e5-2973034f4f4b-400x400.jpg\" alt=\"\" width=\"399\" height=\"399\" srcset=\"https:\/\/wp.ufpel.edu.br\/gipep\/files\/2025\/09\/196ee2b4-7bb9-4a39-95e5-2973034f4f4b-400x400.jpg 400w, https:\/\/wp.ufpel.edu.br\/gipep\/files\/2025\/09\/196ee2b4-7bb9-4a39-95e5-2973034f4f4b-200x200.jpg 200w, https:\/\/wp.ufpel.edu.br\/gipep\/files\/2025\/09\/196ee2b4-7bb9-4a39-95e5-2973034f4f4b.jpg 614w\" sizes=\"auto, (max-width: 399px) 100vw, 399px\" \/><\/b><b><\/b><\/h3>\n<h3><b><span style=\"font-weight: 400;\"><strong>Vanessa Ribeiro Diogo<\/strong><\/span><\/b><\/h3>\n<p style=\"text-align: justify;\"><span style=\"font-size: 14pt;\">Graduanda no curso de Pedagogia da Universidade Federal de Pelotas. Atuou de 2020 a 2022 como bolsista no Programa Institucional de bolsas de Inicia\u00e7\u00e3o \u00e0 Doc\u00eancia (PIBID) da Pedagogia, no n\u00facleo da Educa\u00e7\u00e3o Infantil. Participou de projetos de extens\u00e3o relacionados \u00e0 dificuldades de aprendizagem e alfabetiza\u00e7\u00e3o. Associada \u00e0 Associa\u00e7\u00e3o Brasileira de Alfabetiza\u00e7\u00e3o &#8211; ABAlf. Atualmente \u00e9 bolsista do PET, Programa de Educa\u00e7\u00e3o Tutorial, da Pedagogia\/UFPel, e \u00e9 integrante do Grupo Interdisciplinar de Pesquisa em Educa\u00e7\u00e3o P\u00fablica (GIPEP\/CNPq).\u00a0<\/span><\/p>\n<p>&nbsp;<\/p>\n<p>&nbsp;<\/p>\n<h3><b><img loading=\"lazy\" decoding=\"async\" class=\"wp-image-497 alignleft\" src=\"https:\/\/wp.ufpel.edu.br\/gipep\/files\/2025\/08\/Gabriella-Furtado-e1754937400938-400x351.jpeg\" alt=\"\" width=\"395\" height=\"347\" srcset=\"https:\/\/wp.ufpel.edu.br\/gipep\/files\/2025\/08\/Gabriella-Furtado-e1754937400938-400x351.jpeg 400w, https:\/\/wp.ufpel.edu.br\/gipep\/files\/2025\/08\/Gabriella-Furtado-e1754937400938-768x675.jpeg 768w, https:\/\/wp.ufpel.edu.br\/gipep\/files\/2025\/08\/Gabriella-Furtado-e1754937400938-885x777.jpeg 885w, https:\/\/wp.ufpel.edu.br\/gipep\/files\/2025\/08\/Gabriella-Furtado-e1754937400938.jpeg 920w\" sizes=\"auto, (max-width: 395px) 100vw, 395px\" \/><\/b><\/h3>\n<h3><b><span style=\"font-weight: 400;\"><strong>Gabriella das Neves Furtado<\/strong><\/span><br \/>\n<\/b><\/h3>\n<p style=\"text-align: justify;\"><span style=\"font-size: 14pt;\"><span style=\"font-weight: 400;\">\u00c9 estudante do Curso de Pedagogia da Universidade Federal de Pelotas, bolsista do PET Pedagogia da UFPel e integra o GIPEP &#8211; Grupo Interdisciplinar de Pesquisa em Educa\u00e7\u00e3o P\u00fablica.<\/span><b>\u00a0<\/b><\/span><\/p>\n<p>&nbsp;<\/p>\n<p>&nbsp;<\/p>\n<p>&nbsp;<\/p>\n<p>&nbsp;<\/p>\n<p>&nbsp;<\/p>\n<h3><img loading=\"lazy\" decoding=\"async\" class=\"wp-image-415 size-medium alignleft\" src=\"https:\/\/wp.ufpel.edu.br\/gipep\/files\/2024\/09\/Foto-Site-Gipep10-1-400x400.png\" alt=\"\" width=\"400\" height=\"400\" srcset=\"https:\/\/wp.ufpel.edu.br\/gipep\/files\/2024\/09\/Foto-Site-Gipep10-1-400x400.png 400w, https:\/\/wp.ufpel.edu.br\/gipep\/files\/2024\/09\/Foto-Site-Gipep10-1-1024x1024.png 1024w, https:\/\/wp.ufpel.edu.br\/gipep\/files\/2024\/09\/Foto-Site-Gipep10-1-200x200.png 200w, https:\/\/wp.ufpel.edu.br\/gipep\/files\/2024\/09\/Foto-Site-Gipep10-1-768x768.png 768w, https:\/\/wp.ufpel.edu.br\/gipep\/files\/2024\/09\/Foto-Site-Gipep10-1-885x885.png 885w, https:\/\/wp.ufpel.edu.br\/gipep\/files\/2024\/09\/Foto-Site-Gipep10-1.png 1152w\" sizes=\"auto, (max-width: 400px) 100vw, 400px\" \/><strong>Mar\u00edlia Figueiredo da Silva<\/strong><\/h3>\n<p style=\"text-align: justify;\"><span style=\"font-size: 14pt;\">Graduanda em Pedagogia pela Universidade Federal de Pelotas (UFPel). Bolsista de Inicia\u00e7\u00e3o Cient\u00edfica pela FAPERGS. Pesquisadora do Grupo Interdisciplinar de Pesquisa em Educa\u00e7\u00e3o P\u00fablica (GIPEP\/UFPel). Possui afinidade pelos seguintes temas: Pol\u00edticas educacionais, alfabetiza\u00e7\u00e3o e letramento.<\/span><\/p>\n<p>&nbsp;<\/p>\n<p>&nbsp;<\/p>\n<p>&nbsp;<\/p>\n<p>&nbsp;<\/p>\n<p>&nbsp;<\/p>\n<h3><img loading=\"lazy\" decoding=\"async\" class=\"wp-image-704 size-medium alignleft\" src=\"https:\/\/wp.ufpel.edu.br\/gipep\/files\/2026\/03\/Michele-Machado-2-287x400.jpg\" alt=\"\" width=\"287\" height=\"400\" srcset=\"https:\/\/wp.ufpel.edu.br\/gipep\/files\/2026\/03\/Michele-Machado-2-287x400.jpg 287w, https:\/\/wp.ufpel.edu.br\/gipep\/files\/2026\/03\/Michele-Machado-2-735x1024.jpg 735w, https:\/\/wp.ufpel.edu.br\/gipep\/files\/2026\/03\/Michele-Machado-2-768x1070.jpg 768w, https:\/\/wp.ufpel.edu.br\/gipep\/files\/2026\/03\/Michele-Machado-2-885x1233.jpg 885w, https:\/\/wp.ufpel.edu.br\/gipep\/files\/2026\/03\/Michele-Machado-2.jpg 899w\" sizes=\"auto, (max-width: 287px) 100vw, 287px\" \/>Michele da Rosa Machado<\/h3>\n<p style=\"text-align: justify;\"><span style=\"font-size: 14pt;\">Graduanda em Pedagogia pela Universidade Federal de Pelotas (UFPel). \u00c9 integrante do Palavramundo &#8211; Laborat\u00f3rio de Alfabetiza\u00e7\u00e3o (UFPel). \u00c9 bolsista do Programa de Educa\u00e7\u00e3o Tutorial, PET &#8211; Pedagogia (UFPel). Pesquisadora do Grupo Interdisciplinar de Pesquisa em Educa\u00e7\u00e3o P\u00fablica (GIPEP\/UFPel). Tem maior interesse pelos temas que envolvem o processo de educa\u00e7\u00e3o, letramento liter\u00e1rio, leitura e alfabetiza\u00e7\u00e3o.<\/span><\/p>\n<p>&nbsp;<\/p>\n<p>&nbsp;<\/p>\n<p>&nbsp;<\/p>\n<p>&nbsp;<\/p>\n<p>&nbsp;<\/p>\n","protected":false},"excerpt":{"rendered":"<p>Vit\u00f3ria Kaster Neutzling Graduanda em Pedagogia pela Universidade Federal de Pelotas (UFPel). Bolsista de Inicia\u00e7\u00e3o Cient\u00edfica pela FAPERGS. Integra o Grupo Interdisciplinar de Pesquisa em Educa\u00e7\u00e3o P\u00fablica (GIPEP\/UFPel). Associada ao Congresso Brasileiro de Alfabetiza\u00e7\u00e3o (CONBALF). Possui Magist\u00e9rio pelo Col\u00e9gio Municipal Pelotense (2023). Tem maior interesse pelos seguintes temas: alfabetiza\u00e7\u00e3o, letramento, literatura infantil, gest\u00e3o escolar democr\u00e1tica &hellip; <\/p>\n<p><a class=\"more-link btn\" href=\"https:\/\/wp.ufpel.edu.br\/gipep\/graduandos-as\/\">Continue lendo<\/a><\/p>\n","protected":false},"author":1355,"featured_media":0,"parent":0,"menu_order":0,"comment_status":"closed","ping_status":"closed","template":"","meta":{"footnotes":""},"class_list":["post-114","page","type-page","status-publish","hentry","nodate","item-wrap"],"_links":{"self":[{"href":"https:\/\/wp.ufpel.edu.br\/gipep\/wp-json\/wp\/v2\/pages\/114","targetHints":{"allow":["GET"]}}],"collection":[{"href":"https:\/\/wp.ufpel.edu.br\/gipep\/wp-json\/wp\/v2\/pages"}],"about":[{"href":"https:\/\/wp.ufpel.edu.br\/gipep\/wp-json\/wp\/v2\/types\/page"}],"author":[{"embeddable":true,"href":"https:\/\/wp.ufpel.edu.br\/gipep\/wp-json\/wp\/v2\/users\/1355"}],"replies":[{"embeddable":true,"href":"https:\/\/wp.ufpel.edu.br\/gipep\/wp-json\/wp\/v2\/comments?post=114"}],"version-history":[{"count":3,"href":"https:\/\/wp.ufpel.edu.br\/gipep\/wp-json\/wp\/v2\/pages\/114\/revisions"}],"predecessor-version":[{"id":705,"href":"https:\/\/wp.ufpel.edu.br\/gipep\/wp-json\/wp\/v2\/pages\/114\/revisions\/705"}],"wp:attachment":[{"href":"https:\/\/wp.ufpel.edu.br\/gipep\/wp-json\/wp\/v2\/media?parent=114"}],"curies":[{"name":"wp","href":"https:\/\/api.w.org\/{rel}","templated":true}]}}