{"id":113,"date":"2024-08-28T11:21:13","date_gmt":"2024-08-28T14:21:13","guid":{"rendered":"https:\/\/wp.ufpel.edu.br\/gipep\/?page_id=113"},"modified":"2026-03-05T08:16:52","modified_gmt":"2026-03-05T11:16:52","slug":"iniciacao-cientifica","status":"publish","type":"page","link":"https:\/\/wp.ufpel.edu.br\/gipep\/iniciacao-cientifica\/","title":{"rendered":"Inicia\u00e7\u00e3o Cient\u00edfica"},"content":{"rendered":"<h3><img loading=\"lazy\" decoding=\"async\" class=\"size-medium wp-image-410 alignleft\" src=\"https:\/\/wp.ufpel.edu.br\/gipep\/files\/2024\/09\/Foto-Site-Gipep09-400x400.png\" alt=\"\" width=\"400\" height=\"400\" srcset=\"https:\/\/wp.ufpel.edu.br\/gipep\/files\/2024\/09\/Foto-Site-Gipep09-400x400.png 400w, https:\/\/wp.ufpel.edu.br\/gipep\/files\/2024\/09\/Foto-Site-Gipep09-1024x1024.png 1024w, https:\/\/wp.ufpel.edu.br\/gipep\/files\/2024\/09\/Foto-Site-Gipep09-200x200.png 200w, https:\/\/wp.ufpel.edu.br\/gipep\/files\/2024\/09\/Foto-Site-Gipep09-768x768.png 768w, https:\/\/wp.ufpel.edu.br\/gipep\/files\/2024\/09\/Foto-Site-Gipep09-885x885.png 885w, https:\/\/wp.ufpel.edu.br\/gipep\/files\/2024\/09\/Foto-Site-Gipep09.png 1152w\" sizes=\"auto, (max-width: 400px) 100vw, 400px\" \/><\/h3>\n<h3>Priscila Novelim<\/h3>\n<p style=\"text-align: justify;\"><span style=\"font-size: 14pt;\">Possui gradua\u00e7\u00e3o em Hist\u00f3ria &#8211; UNICEP- Centro Universit\u00e1rio Central Paulista (2009) e mestrado pela Universidade Federal de Pelotas em Hist\u00f3ria (2016). Em 2023 inciou a gradua\u00e7\u00e3o em Pedagogia pela Universidade Federal de Pelotas. Atualmente \u00e9 Bolsista de Inicia\u00e7\u00e3o Cient\u00edfica do CNPq, atuando como pesquisadora no GIPEP-Grupo Interdisciplinar de Pesquisa em Educa\u00e7\u00e3o P\u00fablica.<\/span><\/p>\n<p>&nbsp;<\/p>\n<p>&nbsp;<\/p>\n<p>&nbsp;<\/p>\n<p>&nbsp;<\/p>\n<h3><img loading=\"lazy\" decoding=\"async\" class=\"size-medium wp-image-512 alignleft\" src=\"https:\/\/wp.ufpel.edu.br\/gipep\/files\/2025\/09\/Luiza-Duarte-scaled-e1757884612133-400x400.jpg\" alt=\"\" width=\"400\" height=\"400\" srcset=\"https:\/\/wp.ufpel.edu.br\/gipep\/files\/2025\/09\/Luiza-Duarte-scaled-e1757884612133-400x400.jpg 400w, https:\/\/wp.ufpel.edu.br\/gipep\/files\/2025\/09\/Luiza-Duarte-scaled-e1757884612133-1024x1024.jpg 1024w, https:\/\/wp.ufpel.edu.br\/gipep\/files\/2025\/09\/Luiza-Duarte-scaled-e1757884612133-200x200.jpg 200w, https:\/\/wp.ufpel.edu.br\/gipep\/files\/2025\/09\/Luiza-Duarte-scaled-e1757884612133-768x768.jpg 768w, https:\/\/wp.ufpel.edu.br\/gipep\/files\/2025\/09\/Luiza-Duarte-scaled-e1757884612133-1536x1536.jpg 1536w, https:\/\/wp.ufpel.edu.br\/gipep\/files\/2025\/09\/Luiza-Duarte-scaled-e1757884612133-885x885.jpg 885w, https:\/\/wp.ufpel.edu.br\/gipep\/files\/2025\/09\/Luiza-Duarte-scaled-e1757884612133.jpg 1920w\" sizes=\"auto, (max-width: 400px) 100vw, 400px\" \/>Luiza da Silva Tessmer Duarte<\/h3>\n<p style=\"text-align: justify;\"><span style=\"font-size: 14pt;\">Graduanda em Pedagogia pela Universidade Federal de Pelotas (UFPel). Bolsista de Inicia\u00e7\u00e3o Cient\u00edfica pela FAPERGS. Pesquisadora do Grupo Interdisciplinar de Pesquisa em Educa\u00e7\u00e3o P\u00fablica (GIPEP\/UFPel). Participa do Programa de Educa\u00e7\u00e3o Tutorial &#8211; Pet Pedagogia. Possui afinidade pelos seguintes temas: Pol\u00edticas educacionais, alfabetiza\u00e7\u00e3o e letramento.<\/span><\/p>\n<p>&nbsp;<\/p>\n<p>&nbsp;<\/p>\n<p>&nbsp;<\/p>\n<p>&nbsp;<\/p>\n<h3><b><img loading=\"lazy\" decoding=\"async\" class=\"size-medium wp-image-200 alignleft\" src=\"https:\/\/wp.ufpel.edu.br\/gipep\/files\/2024\/08\/allison-400x400.png\" alt=\"\" width=\"400\" height=\"400\" srcset=\"https:\/\/wp.ufpel.edu.br\/gipep\/files\/2024\/08\/allison-400x400.png 400w, https:\/\/wp.ufpel.edu.br\/gipep\/files\/2024\/08\/allison-1024x1024.png 1024w, https:\/\/wp.ufpel.edu.br\/gipep\/files\/2024\/08\/allison-200x200.png 200w, https:\/\/wp.ufpel.edu.br\/gipep\/files\/2024\/08\/allison-768x768.png 768w, https:\/\/wp.ufpel.edu.br\/gipep\/files\/2024\/08\/allison-750x750.png 750w, https:\/\/wp.ufpel.edu.br\/gipep\/files\/2024\/08\/allison.png 1152w\" sizes=\"auto, (max-width: 400px) 100vw, 400px\" \/>Alisson Castro Batista<\/b><\/h3>\n<p style=\"text-align: justify;\"><span style=\"font-size: 14pt;\">Mestre em Educa\u00e7\u00e3o pelo Programa de P\u00f3s Gradua\u00e7\u00e3o em Educa\u00e7\u00e3o da Universidade Federal de Pelotas (PPGE\/UFPel), onde atuou na Linha 3: Curr\u00edculo, Pol\u00edticas Educacionais, Profissionaliza\u00e7\u00e3o e Trabalho Docente. Bolsista de demanda social da Coordena\u00e7\u00e3o de Aperfei\u00e7oamento de Pessoal de N\u00edvel Superior (CAPES\/DS) e integrante do Grupo Interdisciplinar de Pesquisa em Educa\u00e7\u00e3o P\u00fablica (GIPEP\/CNPq) desde 2022. Possui Gradua\u00e7\u00e3o em Pedagogia pela Universidade Federal de Pelotas, onde foi bolsista do Programa de Educa\u00e7\u00e3o Tutorial (PET Pedagogia) entre 2018 e 2023. Cursou parcialmente Licenciatura em F\u00edsica na Universidade Federal de Pelotas (2016-2018), onde participou como bolsista do Programa Institucional de bolsas de Inicia\u00e7\u00e3o \u00e0 Doc\u00eancia (PIBID F\u00edsica), durante o mesmo per\u00edodo.<\/span><\/p>\n","protected":false},"excerpt":{"rendered":"<p>Priscila Novelim Possui gradua\u00e7\u00e3o em Hist\u00f3ria &#8211; UNICEP- Centro Universit\u00e1rio Central Paulista (2009) e mestrado pela Universidade Federal de Pelotas em Hist\u00f3ria (2016). Em 2023 inciou a gradua\u00e7\u00e3o em Pedagogia pela Universidade Federal de Pelotas. Atualmente \u00e9 Bolsista de Inicia\u00e7\u00e3o Cient\u00edfica do CNPq, atuando como pesquisadora no GIPEP-Grupo Interdisciplinar de Pesquisa em Educa\u00e7\u00e3o P\u00fablica. &nbsp; &hellip; <\/p>\n<p><a class=\"more-link btn\" href=\"https:\/\/wp.ufpel.edu.br\/gipep\/iniciacao-cientifica\/\">Continue lendo<\/a><\/p>\n","protected":false},"author":1355,"featured_media":0,"parent":0,"menu_order":0,"comment_status":"closed","ping_status":"closed","template":"","meta":{"footnotes":""},"class_list":["post-113","page","type-page","status-publish","hentry","nodate","item-wrap"],"_links":{"self":[{"href":"https:\/\/wp.ufpel.edu.br\/gipep\/wp-json\/wp\/v2\/pages\/113","targetHints":{"allow":["GET"]}}],"collection":[{"href":"https:\/\/wp.ufpel.edu.br\/gipep\/wp-json\/wp\/v2\/pages"}],"about":[{"href":"https:\/\/wp.ufpel.edu.br\/gipep\/wp-json\/wp\/v2\/types\/page"}],"author":[{"embeddable":true,"href":"https:\/\/wp.ufpel.edu.br\/gipep\/wp-json\/wp\/v2\/users\/1355"}],"replies":[{"embeddable":true,"href":"https:\/\/wp.ufpel.edu.br\/gipep\/wp-json\/wp\/v2\/comments?post=113"}],"version-history":[{"count":3,"href":"https:\/\/wp.ufpel.edu.br\/gipep\/wp-json\/wp\/v2\/pages\/113\/revisions"}],"predecessor-version":[{"id":539,"href":"https:\/\/wp.ufpel.edu.br\/gipep\/wp-json\/wp\/v2\/pages\/113\/revisions\/539"}],"wp:attachment":[{"href":"https:\/\/wp.ufpel.edu.br\/gipep\/wp-json\/wp\/v2\/media?parent=113"}],"curies":[{"name":"wp","href":"https:\/\/api.w.org\/{rel}","templated":true}]}}