{"id":112,"date":"2024-08-28T11:21:13","date_gmt":"2024-08-28T14:21:13","guid":{"rendered":"https:\/\/wp.ufpel.edu.br\/gipep\/?page_id=112"},"modified":"2025-08-11T15:10:48","modified_gmt":"2025-08-11T18:10:48","slug":"mestrandos-as","status":"publish","type":"page","link":"https:\/\/wp.ufpel.edu.br\/gipep\/mestrandos-as\/","title":{"rendered":"Mestrandos\/as"},"content":{"rendered":"<h3><b><img loading=\"lazy\" decoding=\"async\" class=\"size-medium wp-image-203 alignleft\" src=\"https:\/\/wp.ufpel.edu.br\/gipep\/files\/2024\/08\/luzia-400x400.png\" alt=\"\" width=\"400\" height=\"400\" srcset=\"https:\/\/wp.ufpel.edu.br\/gipep\/files\/2024\/08\/luzia-400x400.png 400w, https:\/\/wp.ufpel.edu.br\/gipep\/files\/2024\/08\/luzia-1024x1024.png 1024w, https:\/\/wp.ufpel.edu.br\/gipep\/files\/2024\/08\/luzia-200x200.png 200w, https:\/\/wp.ufpel.edu.br\/gipep\/files\/2024\/08\/luzia-768x768.png 768w, https:\/\/wp.ufpel.edu.br\/gipep\/files\/2024\/08\/luzia-750x750.png 750w, https:\/\/wp.ufpel.edu.br\/gipep\/files\/2024\/08\/luzia.png 1152w\" sizes=\"auto, (max-width: 400px) 100vw, 400px\" \/>Luzia Helena Brandt Martins<\/b><\/h3>\n<p style=\"text-align: justify;\"><span style=\"font-weight: 400; font-size: 14pt;\">Graduada em Pedagogia pela Universidade Federal de Pelotas. Participou como bolsista do Programa de Educa\u00e7\u00e3o Tutorial (PET Pedagogia) (2019-2024), \u00e9 membro do Grupo Interdisciplinar de Pesquisa em Educa\u00e7\u00e3o P\u00fablica (GIPEP). Associada \u00e0 ABALF (Associa\u00e7\u00e3o Brasileira de Alfabetiza\u00e7\u00e3o) com interesse na \u00e1rea das pol\u00edticas p\u00fablicas.<\/span><\/p>\n<p>&nbsp;<\/p>\n<p>&nbsp;<\/p>\n<p>&nbsp;<\/p>\n<p>&nbsp;<\/p>\n<p>&nbsp;<\/p>\n<h3><b><img loading=\"lazy\" decoding=\"async\" class=\"size-medium wp-image-203 alignleft\" src=\"https:\/\/wp.ufpel.edu.br\/gipep\/files\/2025\/08\/laura.png\" alt=\"\" width=\"400\" height=\"400\" \/>Laura Vit\u00f3ria Gomes<\/b><\/h3>\n<p style=\"text-align: justify;\"><span style=\"font-weight: 400; font-size: 14pt;\">Graduanda no curso de Pedagogia na Universidade Federal de Pelotas (UFPel). Bolsista desde 2021 do Programa de Educa\u00e7\u00e3o Tutorial (PET) Pedagogia da Universidade Federal de Pelotas (UFPEL), desenvolvendo atividades de ensino, pesquisa e extens\u00e3o nos campos da alfabetiza\u00e7\u00e3o e letramento. Participa como integrante do Palavramundo &#8211; Laborat\u00f3rio deForma\u00e7\u00e3o docente e de acervos did\u00e1ticos de alfabetiza\u00e7\u00e3o, vinculado a Rede Alfalabs de Laborat\u00f3rios de Alfabetiza\u00e7\u00e3o. \u00c9 integrante do Grupo Interdisciplinar de Pesquisa em Educa\u00e7\u00e3o P\u00fablica (GIPEP).<\/span><\/p>\n<p><a href=\"http:\/\/lattes.cnpq.br\/6829094221321630\">Curr\u00edculo Lattes<\/a><\/p>\n","protected":false},"excerpt":{"rendered":"<p>Luzia Helena Brandt Martins Graduada em Pedagogia pela Universidade Federal de Pelotas. Participou como bolsista do Programa de Educa\u00e7\u00e3o Tutorial (PET Pedagogia) (2019-2024), \u00e9 membro do Grupo Interdisciplinar de Pesquisa em Educa\u00e7\u00e3o P\u00fablica (GIPEP). Associada \u00e0 ABALF (Associa\u00e7\u00e3o Brasileira de Alfabetiza\u00e7\u00e3o) com interesse na \u00e1rea das pol\u00edticas p\u00fablicas. &nbsp; &nbsp; &nbsp; &nbsp; &nbsp; Laura Vit\u00f3ria &hellip; <\/p>\n<p><a class=\"more-link btn\" href=\"https:\/\/wp.ufpel.edu.br\/gipep\/mestrandos-as\/\">Continue lendo<\/a><\/p>\n","protected":false},"author":1355,"featured_media":0,"parent":0,"menu_order":0,"comment_status":"closed","ping_status":"closed","template":"","meta":{"footnotes":""},"class_list":["post-112","page","type-page","status-publish","hentry","nodate","item-wrap"],"_links":{"self":[{"href":"https:\/\/wp.ufpel.edu.br\/gipep\/wp-json\/wp\/v2\/pages\/112","targetHints":{"allow":["GET"]}}],"collection":[{"href":"https:\/\/wp.ufpel.edu.br\/gipep\/wp-json\/wp\/v2\/pages"}],"about":[{"href":"https:\/\/wp.ufpel.edu.br\/gipep\/wp-json\/wp\/v2\/types\/page"}],"author":[{"embeddable":true,"href":"https:\/\/wp.ufpel.edu.br\/gipep\/wp-json\/wp\/v2\/users\/1355"}],"replies":[{"embeddable":true,"href":"https:\/\/wp.ufpel.edu.br\/gipep\/wp-json\/wp\/v2\/comments?post=112"}],"version-history":[{"count":4,"href":"https:\/\/wp.ufpel.edu.br\/gipep\/wp-json\/wp\/v2\/pages\/112\/revisions"}],"predecessor-version":[{"id":491,"href":"https:\/\/wp.ufpel.edu.br\/gipep\/wp-json\/wp\/v2\/pages\/112\/revisions\/491"}],"wp:attachment":[{"href":"https:\/\/wp.ufpel.edu.br\/gipep\/wp-json\/wp\/v2\/media?parent=112"}],"curies":[{"name":"wp","href":"https:\/\/api.w.org\/{rel}","templated":true}]}}