{"id":111,"date":"2024-08-28T11:21:13","date_gmt":"2024-08-28T14:21:13","guid":{"rendered":"https:\/\/wp.ufpel.edu.br\/gipep\/?page_id=111"},"modified":"2026-03-05T08:25:20","modified_gmt":"2026-03-05T11:25:20","slug":"doutorandos-as","status":"publish","type":"page","link":"https:\/\/wp.ufpel.edu.br\/gipep\/doutorandos-as\/","title":{"rendered":"Doutorandos\/as"},"content":{"rendered":"<h3><b><img loading=\"lazy\" decoding=\"async\" class=\"size-medium wp-image-206 alignleft\" src=\"https:\/\/wp.ufpel.edu.br\/gipep\/files\/2024\/08\/giovanna-400x400.png\" alt=\"\" width=\"400\" height=\"400\" srcset=\"https:\/\/wp.ufpel.edu.br\/gipep\/files\/2024\/08\/giovanna-400x400.png 400w, https:\/\/wp.ufpel.edu.br\/gipep\/files\/2024\/08\/giovanna-1024x1024.png 1024w, https:\/\/wp.ufpel.edu.br\/gipep\/files\/2024\/08\/giovanna-200x200.png 200w, https:\/\/wp.ufpel.edu.br\/gipep\/files\/2024\/08\/giovanna-768x768.png 768w, https:\/\/wp.ufpel.edu.br\/gipep\/files\/2024\/08\/giovanna-750x750.png 750w, https:\/\/wp.ufpel.edu.br\/gipep\/files\/2024\/08\/giovanna.png 1152w\" sizes=\"auto, (max-width: 400px) 100vw, 400px\" \/><\/b><\/h3>\n<h3><b>Giovanna Allegretti<\/b><\/h3>\n<p style=\"text-align: justify;\"><span style=\"font-weight: 400; font-size: 14pt;\">Licenciada e Bacharel em Ci\u00eancias Sociais pela Universidade Federal de Pelotas. Mestre em Educa\u00e7\u00e3o com enfoque em exclus\u00e3o educacional no ensino superior p\u00fablico na Universidade Federal de Pelotas. Doutoranda no Programa de p\u00f3s-gradua\u00e7\u00e3o em Educa\u00e7\u00e3o tamb\u00e9m na Universidade Federal de Pelotas. Pesquisadora nas \u00e1reas de: Exclus\u00e3o Educacional, Precariza\u00e7\u00e3o do Trabalho, Profiss\u00e3o Docente e Intelig\u00eancia Artificial com enfoque em Grandes modelos de linguagem.<\/span><\/p>\n<p>&nbsp;<\/p>\n<p>&nbsp;<\/p>\n<p>&nbsp;<\/p>\n<h3><img loading=\"lazy\" decoding=\"async\" class=\"size-medium wp-image-411 alignleft\" src=\"https:\/\/wp.ufpel.edu.br\/gipep\/files\/2024\/09\/Foto-Site-Gipep10-400x400.png\" alt=\"\" width=\"400\" height=\"400\" srcset=\"https:\/\/wp.ufpel.edu.br\/gipep\/files\/2024\/09\/Foto-Site-Gipep10-400x400.png 400w, https:\/\/wp.ufpel.edu.br\/gipep\/files\/2024\/09\/Foto-Site-Gipep10-1024x1024.png 1024w, https:\/\/wp.ufpel.edu.br\/gipep\/files\/2024\/09\/Foto-Site-Gipep10-200x200.png 200w, https:\/\/wp.ufpel.edu.br\/gipep\/files\/2024\/09\/Foto-Site-Gipep10-768x768.png 768w, https:\/\/wp.ufpel.edu.br\/gipep\/files\/2024\/09\/Foto-Site-Gipep10-885x885.png 885w, https:\/\/wp.ufpel.edu.br\/gipep\/files\/2024\/09\/Foto-Site-Gipep10.png 1152w\" sizes=\"auto, (max-width: 400px) 100vw, 400px\" \/><\/h3>\n<h3><b>Michele Josiane Rutz Buchweitz<\/b><\/h3>\n<p style=\"text-align: justify;\"><span style=\"font-size: 14pt;\">Doutoranda em Educa\u00e7\u00e3o pelo Programa de P\u00f3s-Gradua\u00e7\u00e3o em Educa\u00e7\u00e3o da Universidade Federal de Pelotas (PPGE\/UFPel &#8211; in\u00edcio em 2023\/2). Bolsista CAPES. Pesquisadora do Grupo Interdisciplinar de Pesquisa em Educa\u00e7\u00e3o P\u00fablica &#8211; GIPEP\/UFPel. Mestra em Contabilidade pela Universidade Federal do Rio Grande (FURG 2018). Especialista em Controladoria e Finan\u00e7as (Fatec\/SENAC 2012). Graduada em Administra\u00e7\u00e3o (UCPel 2009) e em Ci\u00eancias Cont\u00e1beis (UCPel 2016) pela Universidade Cat\u00f3lica de Pelotas.<\/span><\/p>\n<p>&nbsp;<\/p>\n<p>&nbsp;<\/p>\n<p>&nbsp;<\/p>\n<h3><b><img loading=\"lazy\" decoding=\"async\" class=\"size-medium wp-image-236 alignleft\" src=\"https:\/\/wp.ufpel.edu.br\/gipep\/files\/2024\/09\/Foto-2-400x400.png\" alt=\"\" width=\"400\" height=\"400\" srcset=\"https:\/\/wp.ufpel.edu.br\/gipep\/files\/2024\/09\/Foto-2-400x400.png 400w, https:\/\/wp.ufpel.edu.br\/gipep\/files\/2024\/09\/Foto-2-1024x1024.png 1024w, https:\/\/wp.ufpel.edu.br\/gipep\/files\/2024\/09\/Foto-2-200x200.png 200w, https:\/\/wp.ufpel.edu.br\/gipep\/files\/2024\/09\/Foto-2-768x768.png 768w, https:\/\/wp.ufpel.edu.br\/gipep\/files\/2024\/09\/Foto-2-750x750.png 750w, https:\/\/wp.ufpel.edu.br\/gipep\/files\/2024\/09\/Foto-2.png 1152w\" sizes=\"auto, (max-width: 400px) 100vw, 400px\" \/>Raissa Brum Gon\u00e7alves de Avila<\/b><\/h3>\n<p style=\"text-align: justify;\"><span style=\"font-weight: 400; font-size: 14pt;\">Doutoranda em Educa\u00e7\u00e3o no Programa de P\u00f3s-Gradua\u00e7\u00e3o em Educa\u00e7\u00e3o da Universidade Federal de Pelotas (UFPEL). Mestra em Geografia pela Universidade Federal de Pelotas (2018), tendo como \u00e1rea de concentra\u00e7\u00e3o Ensino de Geografia. Possui gradua\u00e7\u00e3o em Geografia Licenciatura pela Universidade Federal Pelotas (2016) e gradua\u00e7\u00e3o no Curso Superior Tecnologia em Gest\u00e3o Ambiental pela Universidade Federal de Pelotas (2013). Atuou como bolsista-pesquisadora no Programa Institucional de Bolsa de Inicia\u00e7\u00e3o \u00e0 Doc\u00eancia (PIBID) da CAPES entre os anos de (2012 \/2016). Trabalhou na Universidade Federal do Rio Grande\/FURG como T\u00e9cnica em Assuntos Educacionais entre 2018 at\u00e9 2019, atuando na \u00e1rea do ensino de gradua\u00e7\u00e3o, da Diretoria Pedag\u00f3gica. Atualmente \u00e9 T\u00e9cnica em Assuntos Educacionais da Coordena\u00e7\u00e3o de Ensino e Curr\u00edculo da Pr\u00f3-Reitoria de Ensino na Universidade Federal de Pelotas\/UFPEL. Pesquisadora na educa\u00e7\u00e3o das rela\u00e7\u00f5es \u00e9tnico-raciais nos curr\u00edculos da educa\u00e7\u00e3o superior.<\/span><\/p>\n<h3><\/h3>\n<p>&nbsp;<\/p>\n<h3><b><img loading=\"lazy\" decoding=\"async\" class=\"wp-image-545 size-medium alignleft\" src=\"https:\/\/wp.ufpel.edu.br\/gipep\/files\/2026\/03\/WhatsApp-Image-2026-03-02-at-11.14.20-225x400.jpeg\" alt=\"\" width=\"225\" height=\"400\" srcset=\"https:\/\/wp.ufpel.edu.br\/gipep\/files\/2026\/03\/WhatsApp-Image-2026-03-02-at-11.14.20-225x400.jpeg 225w, https:\/\/wp.ufpel.edu.br\/gipep\/files\/2026\/03\/WhatsApp-Image-2026-03-02-at-11.14.20-576x1024.jpeg 576w, https:\/\/wp.ufpel.edu.br\/gipep\/files\/2026\/03\/WhatsApp-Image-2026-03-02-at-11.14.20.jpeg 720w\" sizes=\"auto, (max-width: 225px) 100vw, 225px\" \/>Paula Fernanda Rodrigues Brum<\/b><\/h3>\n<p style=\"text-align: justify;\"><span style=\"font-size: 14pt;\">Doutoranda em Educa\u00e7\u00e3o (UFPel &#8211; 2025). Mestra em Educa\u00e7\u00e3o (2019) pela Universidade Federal do Pampa (Campus Jaguar\u00e3o). P\u00f3s-graduada em n\u00edvel de Especializa\u00e7\u00e3o em M\u00eddias na Educa\u00e7\u00e3o (2013) pelo Instituto Federal de Educa\u00e7\u00e3o, Ci\u00eancia e Tecnologia Sul-Rio-Grandense. P\u00f3s-graduada em Educa\u00e7\u00e3o pelo Instituto Federal de Educa\u00e7\u00e3o, Ci\u00eancia e Tecnologia Sul-Rio-Grandense. P\u00f3s-graduada em Gest\u00e3o Escolar: Orienta\u00e7\u00e3o e Supervis\u00e3o pela Faculdade de Educa\u00e7\u00e3o S\u00e3o Lu\u00eds. Graduada em Letras &#8211; Portugu\u00eas e Literaturas da L\u00edngua Portuguesa pela Universidade Luterana do Brasil (2010). T\u00e9cnica em Administra\u00e7\u00e3o(2016) pelo Instituto Federal de Educa\u00e7\u00e3o, Ci\u00eancia e Tecnologia Sul-Rio-Grandense. Forma\u00e7\u00e3o em Curso Normal &#8211; Magist\u00e9rio (2003). Atualmente \u00e9 professora da E. M. E. F. Padre Lib\u00f3rio Poersch(Herval) e no I. E. E. S\u00e3o Jo\u00e3o Batista (Herval). Formadora Regional &#8211; Azonasul do Programa Pacto Nacional pela Supera\u00e7\u00e3o do Analfabetismo e Qualifica\u00e7\u00e3o na Educa\u00e7\u00e3o de Jovens e Adultos. Cursando P\u00f3s-gradua\u00e7\u00e3o em Neuropsicopedagogia Institucional e Cl\u00ednica. Membro do Grupo Interdisciplinar de Pesquisa em Educa\u00e7\u00e3o P\u00fablica &#8211; GIPEP &#8211; UFPel<\/span><\/p>\n","protected":false},"excerpt":{"rendered":"<p>Giovanna Allegretti Licenciada e Bacharel em Ci\u00eancias Sociais pela Universidade Federal de Pelotas. Mestre em Educa\u00e7\u00e3o com enfoque em exclus\u00e3o educacional no ensino superior p\u00fablico na Universidade Federal de Pelotas. Doutoranda no Programa de p\u00f3s-gradua\u00e7\u00e3o em Educa\u00e7\u00e3o tamb\u00e9m na Universidade Federal de Pelotas. Pesquisadora nas \u00e1reas de: Exclus\u00e3o Educacional, Precariza\u00e7\u00e3o do Trabalho, Profiss\u00e3o Docente e &hellip; <\/p>\n<p><a class=\"more-link btn\" href=\"https:\/\/wp.ufpel.edu.br\/gipep\/doutorandos-as\/\">Continue lendo<\/a><\/p>\n","protected":false},"author":1355,"featured_media":0,"parent":0,"menu_order":0,"comment_status":"closed","ping_status":"closed","template":"","meta":{"footnotes":""},"class_list":["post-111","page","type-page","status-publish","hentry","nodate","item-wrap"],"_links":{"self":[{"href":"https:\/\/wp.ufpel.edu.br\/gipep\/wp-json\/wp\/v2\/pages\/111","targetHints":{"allow":["GET"]}}],"collection":[{"href":"https:\/\/wp.ufpel.edu.br\/gipep\/wp-json\/wp\/v2\/pages"}],"about":[{"href":"https:\/\/wp.ufpel.edu.br\/gipep\/wp-json\/wp\/v2\/types\/page"}],"author":[{"embeddable":true,"href":"https:\/\/wp.ufpel.edu.br\/gipep\/wp-json\/wp\/v2\/users\/1355"}],"replies":[{"embeddable":true,"href":"https:\/\/wp.ufpel.edu.br\/gipep\/wp-json\/wp\/v2\/comments?post=111"}],"version-history":[{"count":4,"href":"https:\/\/wp.ufpel.edu.br\/gipep\/wp-json\/wp\/v2\/pages\/111\/revisions"}],"predecessor-version":[{"id":550,"href":"https:\/\/wp.ufpel.edu.br\/gipep\/wp-json\/wp\/v2\/pages\/111\/revisions\/550"}],"wp:attachment":[{"href":"https:\/\/wp.ufpel.edu.br\/gipep\/wp-json\/wp\/v2\/media?parent=111"}],"curies":[{"name":"wp","href":"https:\/\/api.w.org\/{rel}","templated":true}]}}