{"id":110,"date":"2024-08-28T11:21:13","date_gmt":"2024-08-28T14:21:13","guid":{"rendered":"https:\/\/wp.ufpel.edu.br\/gipep\/?page_id=110"},"modified":"2025-09-14T18:42:47","modified_gmt":"2025-09-14T21:42:47","slug":"docentes-2","status":"publish","type":"page","link":"https:\/\/wp.ufpel.edu.br\/gipep\/docentes-2\/","title":{"rendered":"Docentes"},"content":{"rendered":"<h3><b><img loading=\"lazy\" decoding=\"async\" class=\"wp-image-521 size-medium alignleft\" src=\"https:\/\/wp.ufpel.edu.br\/gipep\/files\/2025\/09\/Eugenia-400x400.jpg\" alt=\"\" width=\"400\" height=\"400\" srcset=\"https:\/\/wp.ufpel.edu.br\/gipep\/files\/2025\/09\/Eugenia-400x400.jpg 400w, https:\/\/wp.ufpel.edu.br\/gipep\/files\/2025\/09\/Eugenia-200x200.jpg 200w, https:\/\/wp.ufpel.edu.br\/gipep\/files\/2025\/09\/Eugenia-768x768.jpg 768w, https:\/\/wp.ufpel.edu.br\/gipep\/files\/2025\/09\/Eugenia-885x885.jpg 885w, https:\/\/wp.ufpel.edu.br\/gipep\/files\/2025\/09\/Eugenia.jpg 960w\" sizes=\"auto, (max-width: 400px) 100vw, 400px\" \/>Eug\u00eania Antunes Dias<\/b><\/h3>\n<p style=\"text-align: justify;\"><span style=\"font-weight: 400; font-size: 14pt;\">\u00c9 Doutora em Educa\u00e7\u00e3o Ambiental pela Universidade Federal do Rio Grande (2014\/FURG), Mestre em Ci\u00eancias Sociais pela Universidade Federal de Pelotas (2008\/UFPEL), Graduada em Direito (2005\/UFPEL) e Licenciada em Educa\u00e7\u00e3o F\u00edsica (1998\/UFPEL). Realizou Est\u00e1gio P\u00f3s-Doutoral no Programa de P\u00f3s-Gradua\u00e7\u00e3o em Educa\u00e7\u00e3o da UFPEL (2017-2018) na \u00e1rea de curr\u00edculo, gest\u00e3o e pol\u00edticas p\u00fablicas. Milita desde 2003 na ONG Ecol\u00f3gica Centro de Estudos Ambientais (CEA), nos temas da Educa\u00e7\u00e3o Ambiental e Direito Ambiental\/Fundamentais. Em Pelotas, foi professora de Educa\u00e7\u00e3o F\u00edsica no Ensino Fundamental, membro do Conselho Municipal de Prote\u00e7\u00e3o Ambiental (COMPAM\/Pelotas), Coordenadora da Assessoria T\u00e9cnica da Secretaria Municipal de Planejamento Urbano (2001-2003) e Coordenadora de Controle e Licenciamento Ambiental (2003-2004).\u00a0 Atuou como T\u00e9cnica em Assuntos Educacionais na UFRGS (2010) e na UFPEL (2011-2019). Na UFPel foi membro do Conselho Universit\u00e1rio (CONSUN), do Conselho Coordenador do Ensino, da Pesquisa e da Extens\u00e3o (COCEPE), Coordenadora de Programas e Projetos da Pr\u00f3-Reitoria de Gradua\u00e7\u00e3o (2013-2015), Pr\u00f3-Reitora de Gest\u00e3o de Pessoas (2015-2017), membro da Comiss\u00e3o de Controle na Identifica\u00e7\u00e3o do Componente \u00c9tnico-racial (CCICE) e Coordenadora do Curso de Pedagogia vespertino da UFPel (2022-2024). \u00c9 professora do magist\u00e9rio superior na Faculdade de Educa\u00e7\u00e3o (FaE) da UFPel, na \u00e1rea de Pol\u00edticas Educacionais e membro do Grupo Interdisciplinar de Pesquisa em Educa\u00e7\u00e3o P\u00fablica (GIPEP), desde 2020. Tem experi\u00eancia na \u00e1rea de Educa\u00e7\u00e3o, com \u00eanfase em Pol\u00edtica Educacional, atuando principalmente nos seguintes temas: direito \u00e0 educa\u00e7\u00e3o, gest\u00e3o educacional, educa\u00e7\u00e3o ambiental e pol\u00edticas p\u00fablicas que combatam as formas de opress\u00e3o dos seres humanos (misoginia, racismo, homofobia, de classe) e da natureza (antropocentrismo).<\/span><\/p>\n","protected":false},"excerpt":{"rendered":"<p>Eug\u00eania Antunes Dias \u00c9 Doutora em Educa\u00e7\u00e3o Ambiental pela Universidade Federal do Rio Grande (2014\/FURG), Mestre em Ci\u00eancias Sociais pela Universidade Federal de Pelotas (2008\/UFPEL), Graduada em Direito (2005\/UFPEL) e Licenciada em Educa\u00e7\u00e3o F\u00edsica (1998\/UFPEL). Realizou Est\u00e1gio P\u00f3s-Doutoral no Programa de P\u00f3s-Gradua\u00e7\u00e3o em Educa\u00e7\u00e3o da UFPEL (2017-2018) na \u00e1rea de curr\u00edculo, gest\u00e3o e pol\u00edticas p\u00fablicas. &hellip; <\/p>\n<p><a class=\"more-link btn\" href=\"https:\/\/wp.ufpel.edu.br\/gipep\/docentes-2\/\">Continue lendo<\/a><\/p>\n","protected":false},"author":1355,"featured_media":0,"parent":0,"menu_order":0,"comment_status":"closed","ping_status":"closed","template":"","meta":{"footnotes":""},"class_list":["post-110","page","type-page","status-publish","hentry","nodate","item-wrap"],"_links":{"self":[{"href":"https:\/\/wp.ufpel.edu.br\/gipep\/wp-json\/wp\/v2\/pages\/110","targetHints":{"allow":["GET"]}}],"collection":[{"href":"https:\/\/wp.ufpel.edu.br\/gipep\/wp-json\/wp\/v2\/pages"}],"about":[{"href":"https:\/\/wp.ufpel.edu.br\/gipep\/wp-json\/wp\/v2\/types\/page"}],"author":[{"embeddable":true,"href":"https:\/\/wp.ufpel.edu.br\/gipep\/wp-json\/wp\/v2\/users\/1355"}],"replies":[{"embeddable":true,"href":"https:\/\/wp.ufpel.edu.br\/gipep\/wp-json\/wp\/v2\/comments?post=110"}],"version-history":[{"count":3,"href":"https:\/\/wp.ufpel.edu.br\/gipep\/wp-json\/wp\/v2\/pages\/110\/revisions"}],"predecessor-version":[{"id":533,"href":"https:\/\/wp.ufpel.edu.br\/gipep\/wp-json\/wp\/v2\/pages\/110\/revisions\/533"}],"wp:attachment":[{"href":"https:\/\/wp.ufpel.edu.br\/gipep\/wp-json\/wp\/v2\/media?parent=110"}],"curies":[{"name":"wp","href":"https:\/\/api.w.org\/{rel}","templated":true}]}}