{"id":23,"date":"2017-06-13T10:51:54","date_gmt":"2017-06-13T13:51:54","guid":{"rendered":"https:\/\/wp.ufpel.edu.br\/gipedu\/?page_id=23"},"modified":"2017-06-13T10:53:13","modified_gmt":"2017-06-13T13:53:13","slug":"publicacoes","status":"publish","type":"page","link":"https:\/\/wp.ufpel.edu.br\/gipedu\/publicacoes\/","title":{"rendered":"Publica\u00e7\u00f5es"},"content":{"rendered":"<p>T\u00edtulo: <a href=\"https:\/\/wp.ufpel.edu.br\/gipedu\/files\/2017\/06\/FAZENDO-ANIMA\u00c7\u00c3O.pdf\">Anima\u00e7\u00e3o no ensino de Matem\u00e1tica<\/a><\/p>\n<p>T\u00edtulo: <a href=\"https:\/\/wp.ufpel.edu.br\/gipedu\/files\/2017\/06\/FAZENDO-ANIMA\u00c7\u00c3O.pdf\">xxxxxxx <\/a>\u00a0&#8211; autores: xxxxx<\/p>\n<p>&nbsp;<\/p>\n<p>&nbsp;<\/p>\n","protected":false},"excerpt":{"rendered":"<p>T\u00edtulo: Anima\u00e7\u00e3o no ensino de Matem\u00e1tica T\u00edtulo: xxxxxxx \u00a0&#8211; autores: xxxxx &nbsp; &nbsp;<\/p>\n","protected":false},"author":753,"featured_media":0,"parent":0,"menu_order":0,"comment_status":"closed","ping_status":"closed","template":"","meta":{"footnotes":""},"class_list":["post-23","page","type-page","status-publish","hentry"],"_links":{"self":[{"href":"https:\/\/wp.ufpel.edu.br\/gipedu\/wp-json\/wp\/v2\/pages\/23","targetHints":{"allow":["GET"]}}],"collection":[{"href":"https:\/\/wp.ufpel.edu.br\/gipedu\/wp-json\/wp\/v2\/pages"}],"about":[{"href":"https:\/\/wp.ufpel.edu.br\/gipedu\/wp-json\/wp\/v2\/types\/page"}],"author":[{"embeddable":true,"href":"https:\/\/wp.ufpel.edu.br\/gipedu\/wp-json\/wp\/v2\/users\/753"}],"replies":[{"embeddable":true,"href":"https:\/\/wp.ufpel.edu.br\/gipedu\/wp-json\/wp\/v2\/comments?post=23"}],"version-history":[{"count":3,"href":"https:\/\/wp.ufpel.edu.br\/gipedu\/wp-json\/wp\/v2\/pages\/23\/revisions"}],"predecessor-version":[{"id":27,"href":"https:\/\/wp.ufpel.edu.br\/gipedu\/wp-json\/wp\/v2\/pages\/23\/revisions\/27"}],"wp:attachment":[{"href":"https:\/\/wp.ufpel.edu.br\/gipedu\/wp-json\/wp\/v2\/media?parent=23"}],"curies":[{"name":"wp","href":"https:\/\/api.w.org\/{rel}","templated":true}]}}