{"id":2,"date":"2017-05-23T12:20:01","date_gmt":"2017-05-23T15:20:01","guid":{"rendered":"https:\/\/wp.ufpel.edu.br\/gipedu\/?page_id=2"},"modified":"2017-06-13T10:47:02","modified_gmt":"2017-06-13T13:47:02","slug":"pagina-exemplo","status":"publish","type":"page","link":"https:\/\/wp.ufpel.edu.br\/gipedu\/pagina-exemplo\/","title":{"rendered":"Sobre o GIPedU"},"content":{"rendered":"<p>Este grupo bl\u00e1 bl\u00e1 bl\u00e1<\/p>\n","protected":false},"excerpt":{"rendered":"<p>Este grupo bl\u00e1 bl\u00e1 bl\u00e1<\/p>\n","protected":false},"author":753,"featured_media":0,"parent":0,"menu_order":0,"comment_status":"closed","ping_status":"closed","template":"","meta":{"footnotes":""},"class_list":["post-2","page","type-page","status-publish","hentry"],"_links":{"self":[{"href":"https:\/\/wp.ufpel.edu.br\/gipedu\/wp-json\/wp\/v2\/pages\/2","targetHints":{"allow":["GET"]}}],"collection":[{"href":"https:\/\/wp.ufpel.edu.br\/gipedu\/wp-json\/wp\/v2\/pages"}],"about":[{"href":"https:\/\/wp.ufpel.edu.br\/gipedu\/wp-json\/wp\/v2\/types\/page"}],"author":[{"embeddable":true,"href":"https:\/\/wp.ufpel.edu.br\/gipedu\/wp-json\/wp\/v2\/users\/753"}],"replies":[{"embeddable":true,"href":"https:\/\/wp.ufpel.edu.br\/gipedu\/wp-json\/wp\/v2\/comments?post=2"}],"version-history":[{"count":1,"href":"https:\/\/wp.ufpel.edu.br\/gipedu\/wp-json\/wp\/v2\/pages\/2\/revisions"}],"predecessor-version":[{"id":15,"href":"https:\/\/wp.ufpel.edu.br\/gipedu\/wp-json\/wp\/v2\/pages\/2\/revisions\/15"}],"wp:attachment":[{"href":"https:\/\/wp.ufpel.edu.br\/gipedu\/wp-json\/wp\/v2\/media?parent=2"}],"curies":[{"name":"wp","href":"https:\/\/api.w.org\/{rel}","templated":true}]}}