{"id":2,"date":"2019-06-19T11:43:37","date_gmt":"2019-06-19T14:43:37","guid":{"rendered":"https:\/\/wp.ufpel.edu.br\/gipceng\/?page_id=2"},"modified":"2019-09-01T11:17:11","modified_gmt":"2019-09-01T14:17:11","slug":"pagina-exemplo","status":"publish","type":"page","link":"https:\/\/wp.ufpel.edu.br\/gipceng\/pagina-exemplo\/","title":{"rendered":"Quem somos?"},"content":{"rendered":"\r\n<p>A UFPel criou, em abril de 2017 (Proc. SEI: 23110.016156\/2019-89), o Grupo de Interlocu\u00e7\u00e3o Pedag\u00f3gica (GIP), ligado \u00e0 Pr\u00f3-Reitoria de Ensino.<\/p>\r\n<p>O GIP tem representantes de cada uma das Unidades acad\u00eamicas da Universidade (Portaria 1785\/2019 &#8211; Proc. SEI: 23110.017608\/2019-40), de modo que suas a\u00e7\u00f5es possam alcan\u00e7ar e impactar positivamente o corpo docente e discente da UFPel.<\/p>\r\n<p>Seja bem vindo ao nosso ambiente para troca de experi\u00eancias, compartilhamento de boas pr\u00e1ticas e claro, foco cont\u00ednuo nas boas pr\u00e1ticas para educa\u00e7\u00e3o no nosso adorado Centro de Engenharias.<\/p>\r\n<p>Somos UFPEL!<\/p>\r\n<p style=\"text-align: right\">Jos\u00e9 Wilson da Silva, Larissa Medianeira Bolzan e Tiago Thompsen Primo.<\/p>\r\n","protected":false},"excerpt":{"rendered":"<p>A UFPel criou, em abril de 2017 (Proc. SEI: 23110.016156\/2019-89), o Grupo de Interlocu\u00e7\u00e3o Pedag\u00f3gica (GIP), ligado \u00e0 Pr\u00f3-Reitoria de Ensino. O GIP tem representantes de cada uma das Unidades acad\u00eamicas da Universidade (Portaria 1785\/2019 &#8211; Proc. SEI: 23110.017608\/2019-40), de modo que suas a\u00e7\u00f5es possam alcan\u00e7ar e impactar positivamente o corpo docente e discente da<a class=\"more-link\" href=\"https:\/\/wp.ufpel.edu.br\/gipceng\/pagina-exemplo\/\">Continue reading <span class=\"screen-reader-text\">&#8220;Quem somos?&#8221;<\/span><\/a><\/p>\n","protected":false},"author":947,"featured_media":0,"parent":0,"menu_order":0,"comment_status":"closed","ping_status":"closed","template":"","meta":{"footnotes":""},"class_list":["post-2","page","type-page","status-publish","hentry"],"_links":{"self":[{"href":"https:\/\/wp.ufpel.edu.br\/gipceng\/wp-json\/wp\/v2\/pages\/2","targetHints":{"allow":["GET"]}}],"collection":[{"href":"https:\/\/wp.ufpel.edu.br\/gipceng\/wp-json\/wp\/v2\/pages"}],"about":[{"href":"https:\/\/wp.ufpel.edu.br\/gipceng\/wp-json\/wp\/v2\/types\/page"}],"author":[{"embeddable":true,"href":"https:\/\/wp.ufpel.edu.br\/gipceng\/wp-json\/wp\/v2\/users\/947"}],"replies":[{"embeddable":true,"href":"https:\/\/wp.ufpel.edu.br\/gipceng\/wp-json\/wp\/v2\/comments?post=2"}],"version-history":[{"count":4,"href":"https:\/\/wp.ufpel.edu.br\/gipceng\/wp-json\/wp\/v2\/pages\/2\/revisions"}],"predecessor-version":[{"id":23,"href":"https:\/\/wp.ufpel.edu.br\/gipceng\/wp-json\/wp\/v2\/pages\/2\/revisions\/23"}],"wp:attachment":[{"href":"https:\/\/wp.ufpel.edu.br\/gipceng\/wp-json\/wp\/v2\/media?parent=2"}],"curies":[{"name":"wp","href":"https:\/\/api.w.org\/{rel}","templated":true}]}}