{"id":851,"date":"2021-05-08T11:49:50","date_gmt":"2021-05-08T14:49:50","guid":{"rendered":"https:\/\/wp.ufpel.edu.br\/gipc-morroredondo\/?page_id=851"},"modified":"2021-05-08T11:56:18","modified_gmt":"2021-05-08T14:56:18","slug":"equipe-2","status":"publish","type":"page","link":"https:\/\/wp.ufpel.edu.br\/gipc-morroredondo\/equipe-2\/","title":{"rendered":"Equipe"},"content":{"rendered":"<p><strong><b>EQUIPE DO PROJETO GALERIA VIRTUAL GIPC <\/b><\/strong><\/p>\n<p><strong><b>Coordena<\/b><\/strong><strong><b>\u00e7\u00e3<\/b><\/strong><strong><b>o<\/b><\/strong><\/p>\n<p>Francisca Ferreira Michelon; Jo\u00e3o Fernando Igansi Nunes<\/p>\n<p><strong><b>\u00a0<\/b><\/strong><\/p>\n<p><strong><b>Discentes <\/b><\/strong><\/p>\n<ul>\n<li>Edemar Xavier (Mestrando Prograu\/Faurb)<\/li>\n<li>Gianluca Buz\u00f4(curso de Ci\u00eancia da Computa\u00e7\u00e3o)<\/li>\n<li>Lucas Zanusso Morais (curso de Engenharia da Computa\u00e7\u00e3o)<\/li>\n<li>Maur\u00edcio Montone (curso de Cinema)<\/li>\n<li>Pietro Strickler Pereira (curso de Design Gr\u00e1fico)<\/li>\n<li>Rayza Roveda Ataides (curso de Conserva\u00e7\u00e3o e Restaura\u00e7\u00e3o de Bens Culturais M\u00f3veis)<\/li>\n<\/ul>\n","protected":false},"excerpt":{"rendered":"<p>EQUIPE DO PROJETO GALERIA VIRTUAL GIPC Coordena\u00e7\u00e3o Francisca Ferreira Michelon; Jo\u00e3o Fernando Igansi Nunes \u00a0 Discentes Edemar Xavier (Mestrando Prograu\/Faurb) Gianluca Buz\u00f4(curso de Ci\u00eancia da Computa\u00e7\u00e3o) Lucas Zanusso Morais (curso de Engenharia da Computa\u00e7\u00e3o) Maur\u00edcio Montone (curso de Cinema) Pietro Strickler Pereira (curso de Design Gr\u00e1fico) Rayza Roveda Ataides (curso de Conserva\u00e7\u00e3o e Restaura\u00e7\u00e3o de &hellip; <\/p>\n<p class=\"link-more\"><a href=\"https:\/\/wp.ufpel.edu.br\/gipc-morroredondo\/equipe-2\/\" class=\"more-link\">Continue lendo<span class=\"screen-reader-text\"> &#8220;Equipe&#8221;<\/span><\/a><\/p>\n","protected":false},"author":1061,"featured_media":0,"parent":0,"menu_order":0,"comment_status":"closed","ping_status":"closed","template":"","meta":{"footnotes":""},"class_list":["post-851","page","type-page","status-publish","hentry"],"jetpack_sharing_enabled":true,"_links":{"self":[{"href":"https:\/\/wp.ufpel.edu.br\/gipc-morroredondo\/wp-json\/wp\/v2\/pages\/851","targetHints":{"allow":["GET"]}}],"collection":[{"href":"https:\/\/wp.ufpel.edu.br\/gipc-morroredondo\/wp-json\/wp\/v2\/pages"}],"about":[{"href":"https:\/\/wp.ufpel.edu.br\/gipc-morroredondo\/wp-json\/wp\/v2\/types\/page"}],"author":[{"embeddable":true,"href":"https:\/\/wp.ufpel.edu.br\/gipc-morroredondo\/wp-json\/wp\/v2\/users\/1061"}],"replies":[{"embeddable":true,"href":"https:\/\/wp.ufpel.edu.br\/gipc-morroredondo\/wp-json\/wp\/v2\/comments?post=851"}],"version-history":[{"count":3,"href":"https:\/\/wp.ufpel.edu.br\/gipc-morroredondo\/wp-json\/wp\/v2\/pages\/851\/revisions"}],"predecessor-version":[{"id":857,"href":"https:\/\/wp.ufpel.edu.br\/gipc-morroredondo\/wp-json\/wp\/v2\/pages\/851\/revisions\/857"}],"wp:attachment":[{"href":"https:\/\/wp.ufpel.edu.br\/gipc-morroredondo\/wp-json\/wp\/v2\/media?parent=851"}],"curies":[{"name":"wp","href":"https:\/\/api.w.org\/{rel}","templated":true}]}}