{"id":269,"date":"2020-11-16T21:51:33","date_gmt":"2020-11-17T00:51:33","guid":{"rendered":"https:\/\/wp.ufpel.edu.br\/gipc-morroredondo\/?page_id=269"},"modified":"2020-11-17T17:39:09","modified_gmt":"2020-11-17T20:39:09","slug":"unesco-ipt","status":"publish","type":"page","link":"https:\/\/wp.ufpel.edu.br\/gipc-morroredondo\/unesco-ipt\/","title":{"rendered":"Unesco-IPT"},"content":{"rendered":"<h2>C\u00e1tedra Unesco-IPT de Humanidades e Gest\u00e3o Cultural Integrada do Territ\u00f3rio do Instituto Polit\u00e9cnico de Tomar<\/h2>\n<p>\u201cA c\u00e1tedra est\u00e1 estruturada como um programa transdisciplinar, enraizada nas Ci\u00eancias Humanas e focada em Gest\u00e3o Cultural das Paisagens Culturais e na Sustentabilidade. Neste sentido, tamb\u00e9m promove a integra\u00e7\u00e3o com as ci\u00eancias naturais e sociais, seguindo o escopo do projeto europeu Apheleia (www.apheleiaproject.org ) e os seus resultados. A c\u00e1tedra tamb\u00e9m contribuir\u00e1 para fortalecer esta abordagem em universidades parceiras, nomeadamente no hemisf\u00e9rio Sul, com o objetivo de formar l\u00edderes de gest\u00e3o transdisciplinar sustent\u00e1vel, para o desenvolvimento, a resili\u00eancia e a governa\u00e7\u00e3o dos territ\u00f3rios.\u201d<\/p>\n<p><strong>Fonte<\/strong>: http:\/\/portal2.ipt.pt\/pt\/i_di\/catedra_de_humanidades_e_gestao_cultural_integrada_do_territorio\/programa\/<\/p>\n<p><strong>Site<\/strong>: http:\/\/portal2.ipt.pt\/pt\/i_di\/catedra_de_humanidades_e_gestao_cultural_integrada_do_territorio\/<\/p>\n","protected":false},"excerpt":{"rendered":"<p>C\u00e1tedra Unesco-IPT de Humanidades e Gest\u00e3o Cultural Integrada do Territ\u00f3rio do Instituto Polit\u00e9cnico de Tomar \u201cA c\u00e1tedra est\u00e1 estruturada como um programa transdisciplinar, enraizada nas Ci\u00eancias Humanas e focada em Gest\u00e3o Cultural das Paisagens Culturais e na Sustentabilidade. Neste sentido, tamb\u00e9m promove a integra\u00e7\u00e3o com as ci\u00eancias naturais e sociais, seguindo o escopo do projeto &hellip; <\/p>\n<p class=\"link-more\"><a href=\"https:\/\/wp.ufpel.edu.br\/gipc-morroredondo\/unesco-ipt\/\" class=\"more-link\">Continue lendo<span class=\"screen-reader-text\"> &#8220;Unesco-IPT&#8221;<\/span><\/a><\/p>\n","protected":false},"author":1061,"featured_media":0,"parent":0,"menu_order":0,"comment_status":"closed","ping_status":"closed","template":"","meta":{"footnotes":""},"class_list":["post-269","page","type-page","status-publish","hentry"],"jetpack_sharing_enabled":true,"_links":{"self":[{"href":"https:\/\/wp.ufpel.edu.br\/gipc-morroredondo\/wp-json\/wp\/v2\/pages\/269","targetHints":{"allow":["GET"]}}],"collection":[{"href":"https:\/\/wp.ufpel.edu.br\/gipc-morroredondo\/wp-json\/wp\/v2\/pages"}],"about":[{"href":"https:\/\/wp.ufpel.edu.br\/gipc-morroredondo\/wp-json\/wp\/v2\/types\/page"}],"author":[{"embeddable":true,"href":"https:\/\/wp.ufpel.edu.br\/gipc-morroredondo\/wp-json\/wp\/v2\/users\/1061"}],"replies":[{"embeddable":true,"href":"https:\/\/wp.ufpel.edu.br\/gipc-morroredondo\/wp-json\/wp\/v2\/comments?post=269"}],"version-history":[{"count":3,"href":"https:\/\/wp.ufpel.edu.br\/gipc-morroredondo\/wp-json\/wp\/v2\/pages\/269\/revisions"}],"predecessor-version":[{"id":428,"href":"https:\/\/wp.ufpel.edu.br\/gipc-morroredondo\/wp-json\/wp\/v2\/pages\/269\/revisions\/428"}],"wp:attachment":[{"href":"https:\/\/wp.ufpel.edu.br\/gipc-morroredondo\/wp-json\/wp\/v2\/media?parent=269"}],"curies":[{"name":"wp","href":"https:\/\/api.w.org\/{rel}","templated":true}]}}