{"id":265,"date":"2020-11-16T21:51:19","date_gmt":"2020-11-17T00:51:19","guid":{"rendered":"https:\/\/wp.ufpel.edu.br\/gipc-morroredondo\/?page_id=265"},"modified":"2021-05-05T11:39:00","modified_gmt":"2021-05-05T14:39:00","slug":"o-polo-morro-redondo","status":"publish","type":"page","link":"https:\/\/wp.ufpel.edu.br\/gipc-morroredondo\/o-polo-morro-redondo\/","title":{"rendered":"O Polo Morro Redondo"},"content":{"rendered":"<p>\u201cO Munic\u00edpio de Morro Redondo apresenta uma s\u00e9rie de pr\u00e9-condi\u00e7\u00f5es que o qualificam para a instala\u00e7\u00e3o do polo da C\u00e1tedra UNESCO-IPT Humanidades e Gest\u00e3o Integrada do Territ\u00f3rio e podem ser resumidas em tr\u00eas eixos fundamentais:<\/p>\n<ol>\n<li>Caracter\u00edsticas do Munic\u00edpio, tais como, o resgate das mem\u00f3rias culturais, a intensa participa\u00e7\u00e3o da comunidade neste processo, a interatividade entre comunidade e poder p\u00fablico, o modelo de educa\u00e7\u00e3o fundamental que valoriza as mem\u00f3rias e a hist\u00f3ria do munic\u00edpio, mas tamb\u00e9m a baixa densidade populacional e o envelhecimento da popula\u00e7\u00e3o que s\u00e3o importantes motivos de \u00a0preocupa\u00e7\u00e3o com o futuro do munic\u00edpio,<\/li>\n<li>A hist\u00f3ria de s\u00f3lida coopera\u00e7\u00e3o das Universidades Cat\u00f3lica de Pelotas e Federal de Pelotas com o munic\u00edpio de Morro redondo, que envolve tanto o poder publico quanto a comunidade,<\/li>\n<li>A longa e prof\u00edcua hist\u00f3ria de parceria entre a Universidade Federal de Pelotas e o Instituto Polit\u00e9cnico de Tomar, iniciada nos anos finais da d\u00e9cada de 1990.<\/li>\n<\/ol>\n<p>Os projetos j\u00e1 desenvolvidos e\/ou em desenvolvimento, pelas duas universidades, no \u00e2mbito da mem\u00f3ria, do patrim\u00f4nio, do processo de desenvolvimento permitem um r\u00e1pido arranque das a\u00e7\u00f5es da C\u00e1tedra UNESCO HUM.ICTM Polo Morro Redondo, que conta com a condu\u00e7\u00e3o dos professores da UFPEL e da UCPEL. Igualmente, s\u00e3o parte integrante dos projetos, estudantes de gradua\u00e7\u00e3o e p\u00f3s-gradua\u00e7\u00e3o das duas universidades, o Museu Hist\u00f3rico de Morro Redondo, escolas de Morro Redondo, as associa\u00e7\u00f5es da sociedade civil do munic\u00edpio voltadas \u00e0 cultura e ao turismo, \u00a0o poder p\u00fablico municipal, com o apoio do Instituto Polit\u00e9cnico de Tomar, sede da C\u00e1tedra UNESCO HUM.CILM, assim como do Instituto Terra e Mem\u00f3ria.\u201d<\/p>\n<p>Fonte: SCHNEUMANN, Inguelore. <strong><b>Gest\u00e3o Integrada do Territ\u00f3rio na constitui\u00e7\u00e3o do Polo Morro Redondo.<\/b><\/strong><\/p>\n<p><strong><b>COMISS\u00c3O DE GEST\u00c3O DO POLO MORRO REDONDO<\/b><\/strong><\/p>\n<ol>\n<li>Luiz Miguel Oosterbeek, titular e respons\u00e1vel pela coordena\u00e7\u00e3o geral da C\u00e1tedra UNESCO-IPT de Humanidades e Gest\u00e3o Cultual Integrada do Territ\u00f3rio;<\/li>\n<li>Inguelore Scheunemann, coordenadora das a\u00e7\u00f5es locais, em representa\u00e7\u00e3o do IPT no polo;<\/li>\n<li>Francisca Ferreira Michelon, coordenadora-adjunta das a\u00e7\u00f5es locais, em representa\u00e7\u00e3o da Universidade Federal de Pelotas;<\/li>\n<li>F\u00e1bio Guimar\u00e3es de Castro Neves , em representa\u00e7\u00e3o da Universidade Cat\u00f3lica de Pelotas;<\/li>\n<li>Anderson da Rocha G\u00fcths, em representa\u00e7\u00e3o do Munic\u00edpio de Morro Redondo.<\/li>\n<\/ol>\n","protected":false},"excerpt":{"rendered":"<p>\u201cO Munic\u00edpio de Morro Redondo apresenta uma s\u00e9rie de pr\u00e9-condi\u00e7\u00f5es que o qualificam para a instala\u00e7\u00e3o do polo da C\u00e1tedra UNESCO-IPT Humanidades e Gest\u00e3o Integrada do Territ\u00f3rio e podem ser resumidas em tr\u00eas eixos fundamentais: Caracter\u00edsticas do Munic\u00edpio, tais como, o resgate das mem\u00f3rias culturais, a intensa participa\u00e7\u00e3o da comunidade neste processo, a interatividade entre &hellip; <\/p>\n<p class=\"link-more\"><a href=\"https:\/\/wp.ufpel.edu.br\/gipc-morroredondo\/o-polo-morro-redondo\/\" class=\"more-link\">Continue lendo<span class=\"screen-reader-text\"> &#8220;O Polo Morro Redondo&#8221;<\/span><\/a><\/p>\n","protected":false},"author":1061,"featured_media":0,"parent":0,"menu_order":0,"comment_status":"closed","ping_status":"closed","template":"","meta":{"footnotes":""},"class_list":["post-265","page","type-page","status-publish","hentry"],"jetpack_sharing_enabled":true,"_links":{"self":[{"href":"https:\/\/wp.ufpel.edu.br\/gipc-morroredondo\/wp-json\/wp\/v2\/pages\/265","targetHints":{"allow":["GET"]}}],"collection":[{"href":"https:\/\/wp.ufpel.edu.br\/gipc-morroredondo\/wp-json\/wp\/v2\/pages"}],"about":[{"href":"https:\/\/wp.ufpel.edu.br\/gipc-morroredondo\/wp-json\/wp\/v2\/types\/page"}],"author":[{"embeddable":true,"href":"https:\/\/wp.ufpel.edu.br\/gipc-morroredondo\/wp-json\/wp\/v2\/users\/1061"}],"replies":[{"embeddable":true,"href":"https:\/\/wp.ufpel.edu.br\/gipc-morroredondo\/wp-json\/wp\/v2\/comments?post=265"}],"version-history":[{"count":5,"href":"https:\/\/wp.ufpel.edu.br\/gipc-morroredondo\/wp-json\/wp\/v2\/pages\/265\/revisions"}],"predecessor-version":[{"id":812,"href":"https:\/\/wp.ufpel.edu.br\/gipc-morroredondo\/wp-json\/wp\/v2\/pages\/265\/revisions\/812"}],"wp:attachment":[{"href":"https:\/\/wp.ufpel.edu.br\/gipc-morroredondo\/wp-json\/wp\/v2\/media?parent=265"}],"curies":[{"name":"wp","href":"https:\/\/api.w.org\/{rel}","templated":true}]}}