{"id":261,"date":"2020-11-16T21:51:08","date_gmt":"2020-11-17T00:51:08","guid":{"rendered":"https:\/\/wp.ufpel.edu.br\/gipc-morroredondo\/?page_id=261"},"modified":"2022-04-19T09:53:15","modified_gmt":"2022-04-19T12:53:15","slug":"equipe","status":"publish","type":"page","link":"https:\/\/wp.ufpel.edu.br\/gipc-morroredondo\/equipe\/","title":{"rendered":"Equipe"},"content":{"rendered":"<h2><strong>UNESCO-IPT<\/strong><\/h2>\n<p><img loading=\"lazy\" decoding=\"async\" class=\"fotos\" src=\"https:\/\/wp.ufpel.edu.br\/gipc-morroredondo\/files\/2020\/11\/s200_luiz.oosterbeek.jpg\" width=\"200\" height=\"200\" \/><br \/>\n<strong>Luiz Oosterbeek<\/strong> &#8211; Titular da C\u00e1tedra &#8211; IPT de Humanidades e Gest\u00e3o Cultural Integrada do Territ\u00f3rio; Instituto Polit\u00e9cnico de Tomar<br \/>\n<a href=\"http:\/\/lattes.cnpq.br\/6023731371573833\">Lattes<\/a><\/p>\n<p><img loading=\"lazy\" decoding=\"async\" class=\"fotos\" src=\"https:\/\/wp.ufpel.edu.br\/gipc-morroredondo\/files\/2020\/11\/foto1-400x396.jpg\" alt=\"\" width=\"200\" height=\"200\" \/><br \/>\n<strong>Inguelore Scheunemann<\/strong> &#8211; Coordenadora do Polo Morro Redondo da C\u00e1tedra UNESCO Humanidades e Gest\u00e3o Cultural Integrada do Territ\u00f3rio<br \/>\n<a href=\"http:\/\/lattes.cnpq.br\/0842388526864107\">Lattes<\/a><\/p>\n<h2><strong>UFPEL<\/strong><\/h2>\n<p><img loading=\"lazy\" decoding=\"async\" class=\"fotos\" src=\"https:\/\/wp.ufpel.edu.br\/gipc-morroredondo\/files\/2020\/11\/francisca-368x400.jpg\" alt=\"\" width=\"228\" height=\"248\" \/><br \/>\n<strong>Francisca Ferreira Michelon<\/strong> &#8211; Coordenadora do Projeto para implanta\u00e7\u00e3o do Polo; Professora do Programa de P\u00f3s-Gradua\u00e7\u00e3o em Mem\u00f3ria Social e Patrim\u00f4nio Cultural (UFPEL)<br \/>\n<a href=\"http:\/\/lattes.cnpq.br\/4451406034191031\">Lattes<\/a><\/p>\n<p><img loading=\"lazy\" decoding=\"async\" class=\"fotos\" src=\"https:\/\/wp.ufpel.edu.br\/gipc-morroredondo\/files\/2020\/11\/fernando-379x400.jpg\" alt=\"\" width=\"216\" height=\"228\" \/><br \/>\n<strong>Jo\u00e3o Fernando Igansi Nunes<\/strong> &#8211; Coordenador Adjunto do Projeto para implanta\u00e7\u00e3o do Polo; Professor do Programa de P\u00f3s-Gradua\u00e7\u00e3o em Mem\u00f3ria Social e Patrim\u00f4nio Cultural (UFPEL)<br \/>\n<a href=\"http:\/\/lattes.cnpq.br\/6610467936025195\">Lattes<\/a><\/p>\n<p><img loading=\"lazy\" decoding=\"async\" class=\"fotos\" src=\"https:\/\/wp.ufpel.edu.br\/gipc-morroredondo\/files\/2020\/11\/Diego-L-ribeiro.jpg\" width=\"200\" height=\"200\" \/><br \/>\n<strong>Diego Lemos Ribeiro<\/strong> &#8211; Professor do Programa de P\u00f3s-Gradua\u00e7\u00e3o em Mem\u00f3ria Social e Patrim\u00f4nio Cultural (UFPEL)<br \/>\n<a href=\"http:\/\/lattes.cnpq.br\/4967382276076199\">Lattes<\/a><\/p>\n<p><img loading=\"lazy\" decoding=\"async\" class=\"fotos\" src=\"https:\/\/wp.ufpel.edu.br\/gipc-morroredondo\/files\/2020\/11\/imagem_2020-11-19_101614.png\" alt=\"\" width=\"200\" height=\"200\" \/><br \/>\n<strong>Maria Let\u00edcia Mazzucchi Ferreira <\/strong>&#8211; Professora do Programa de P\u00f3s-Gradua\u00e7\u00e3o em Mem\u00f3ria Social e Patrim\u00f4nio Cultural (UFPEL)<br \/>\n<a href=\"http:\/\/lattes.cnpq.br\/0755000112345375\">Lattes<\/a><img \/><br \/>\n<img loading=\"lazy\" decoding=\"async\" class=\"fotos\" src=\"https:\/\/wp.ufpel.edu.br\/gipc-morroredondo\/files\/2020\/11\/wagner2-400x400.jpg\" alt=\"\" width=\"181\" height=\"181\" \/><br \/>\n<strong>Wagner Halmenschlager<\/strong> &#8211; Professor do Curso de Gastronomia (UFPEL); doutorando em Mem\u00f3ria Social e Patrim\u00f4nio Cultural (UFPEL)<br \/>\n<a href=\"http:\/\/lattes.cnpq.br\/2950230527423079\">Lattes<\/a><\/p>\n<p><img \/><img loading=\"lazy\" decoding=\"async\" class=\"fotos\" src=\"https:\/\/wp.ufpel.edu.br\/gipc-morroredondo\/files\/2020\/11\/WhatsApp-Image-2020-11-19-at-10.55.21.jpeg\" alt=\"\" width=\"115\" height=\"105\" \/><br \/>\n<strong>Andr\u00e9a\u00a0Cunha\u00a0Messias<\/strong> &#8211; mestranda em Mem\u00f3ria Social e Patrim\u00f4nio Cultural (UFPEL)<br \/>\n<a href=\"http:\/\/lattes.cnpq.br\/1041360165410019\">Lattes<\/a><\/p>\n<p><img loading=\"lazy\" decoding=\"async\" class=\"fotos\" src=\"https:\/\/wp.ufpel.edu.br\/gipc-morroredondo\/files\/2020\/11\/raiza2-400x400.jpg\" alt=\"\" width=\"210\" height=\"210\" \/><br \/>\n<strong>Rayza Roveda Ataides<\/strong> &#8211; acad\u00eamica do curso de bacharelado em Conserva\u00e7\u00e3o e Restaura\u00e7\u00e3o de Bens Culturais M\u00f3veis. Bolsista de Inicia\u00e7\u00e3o Cient\u00edfica.<\/p>\n<p><img loading=\"lazy\" decoding=\"async\" class=\"fotos\" src=\"https:\/\/wp.ufpel.edu.br\/gipc-morroredondo\/files\/2021\/10\/giane.png\" alt=\"\" width=\"210\" height=\"210\" \/><br \/>\n<strong>Giane Trovo Belmonte<\/strong> &#8211; Mestranda em Mem\u00f3ria Social e Patrim\u00f4nio Cultural pela Universidade Federal de Pelotas\/RS (UFPel).<br \/>\n<a href=\"http:\/\/lattes.cnpq.br\/7789336687177421\">Lattes<\/a><\/p>\n<p><img loading=\"lazy\" decoding=\"async\" class=\"fotos\" src=\"https:\/\/wp.ufpel.edu.br\/gipc-morroredondo\/files\/2021\/11\/isabela_almeida-e1636557642582-200x200.jpeg\" alt=\"\" width=\"210\" height=\"210\" \/><br \/>\n<strong>Isabela Almeida Nogueira<\/strong> \u2013 Acad\u00eamica do curso de bacharelado em Design. Bolsista de Inicia\u00e7\u00e3o Cient\u00edfica.<br \/>\n<a href=\"http:\/\/lattes.cnpq.br\/8949365269234174\">Lattes<\/a><\/p>\n<p><img loading=\"lazy\" decoding=\"async\" class=\"fotos\" src=\"https:\/\/wp.ufpel.edu.br\/gipc-morroredondo\/files\/2021\/11\/gianlucca-e1636558410773-200x200.jpeg\" alt=\"\" width=\"210\" height=\"210\" \/><br \/>\n<strong>Gianlucca de Mendon\u00e7a Buz\u00f4<\/strong> \u2013 Acad\u00eamico do curso de bacharelado em Ci\u00eancia da Computa\u00e7\u00e3o. Bolsista de Inicia\u00e7\u00e3o Cient\u00edfica.<br \/>\n<a href=\"http:\/\/lattes.cnpq.br\/9041303347230940\">Lattes<\/a><\/p>\n<p><img loading=\"lazy\" decoding=\"async\" class=\"fotos\" src=\"https:\/\/wp.ufpel.edu.br\/gipc-morroredondo\/files\/2022\/04\/jen-200x200.png\" alt=\"\" width=\"210\" height=\"210\" \/><br \/>\n<strong>Jennifer Paola Pisso Concha<\/strong> \u2013 Doutoranda em Mem\u00f3ria Social e Patrim\u00f4nio Cultural pela Universidade Federal de Pelotas\/RS (UFPel).<br \/>\n<a href=\"http:\/\/lattes.cnpq.br\/9473568576080512\">Lattes<\/a><\/p>\n<p><img loading=\"lazy\" decoding=\"async\" class=\"fotos\" src=\"https:\/\/wp.ufpel.edu.br\/gipc-morroredondo\/files\/2022\/04\/carol-200x200.png\" alt=\"\" width=\"200\" height=\"200\" \/><br \/>\n<strong>Carolina Cabreira\u00a0Magalh\u00e3es\u00a0Falc\u00e3o<\/strong> \u2013 D<wbr \/>outoranda em Mem\u00f3ria Social e Patrim\u00f4nio Cultural pela Universidade Federal de Pelotas\/RS (UFPel).<br \/>\n<a href=\"http:\/\/lattes.cnpq.br\/3035224054255194\">Lattes<\/a><\/p>\n<p><img loading=\"lazy\" decoding=\"async\" class=\"fotos\" src=\"https:\/\/wp.ufpel.edu.br\/gipc-morroredondo\/files\/2022\/04\/alcides-200x200.png\" alt=\"\" width=\"200\" height=\"200\" \/><br \/>\n<strong>Alcides Gomes Neto<\/strong> \u2013 <wbr \/>Doutorando em Mem\u00f3ria Social e Patrim\u00f4nio Cultural pela Universidade Federal de Pelotas\/RS (UFPel).<br \/>\n<a href=\"http:\/\/lattes.cnpq.br\/7788322261194305\">Lattes<\/a><\/p>\n<h2><strong>UCPEL<\/strong><\/h2>\n<p><img loading=\"lazy\" decoding=\"async\" class=\"fotos\" src=\"https:\/\/wp.ufpel.edu.br\/gipc-morroredondo\/files\/2020\/11\/WhatsApp-Image-2020-11-23-at-09.02.53.jpeg\" alt=\"\" width=\"173\" height=\"195\" \/><br \/>\n<strong>F\u00e1bio Guimar\u00e3es de Castro Neves<\/strong> &#8211; <span style=\"font-weight: 400;\">Membro do Comit\u00ea de Gest\u00e3o do Polo Morro Redondo da C\u00e1tedra UNESCO-IPT de Humanidades e Gest\u00e3o Cultural Integrada do Territ\u00f3rio. \u00c9 membro do Conselho Municipal de Desenvolvimento Sustent\u00e1vel e Trabalho (COMDEST), Membro do Conselho Municipal de Turismo de Pelotas (COMTUR), Membro da Diretoria do COREDE SUL, Membro do Conselho de Administra\u00e7\u00e3o do Pelotas Parque Tecnol\u00f3gico. Atua na \u00e1rea de Desenvolvimento Regional.<br \/>\n<a href=\"http:\/\/lattes.cnpq.br\/9701509554159158\">Lattes<\/a><\/span><\/p>\n<p><img loading=\"lazy\" decoding=\"async\" class=\"fotos\" style=\"font-size: 1rem;\" src=\"https:\/\/wp.ufpel.edu.br\/gipc-morroredondo\/files\/2020\/11\/daniele-b-lockow-e1605791365723-373x400.gif\" alt=\"\" width=\"192\" height=\"206\" \/><\/p>\n<p><strong>Daniele Behling Luckow<\/strong> &#8211; Professora de Arquitetura e Urbanismo (UCPEL)<br \/>\n<a href=\"http:\/\/lattes.cnpq.br\/9370540326414819\">Lattes<\/a><\/p>\n<p><img loading=\"lazy\" decoding=\"async\" class=\"fotos\" src=\"https:\/\/wp.ufpel.edu.br\/gipc-morroredondo\/files\/2020\/11\/WhatsApp-Image-2020-11-24-at-11.10.33.jpeg\" alt=\"\" width=\"300\" height=\"300\" \/><\/p>\n<p><strong>Alexandre Romeu Barneche &#8211; <\/strong>Auxiliar Administrativo (UCPEL)<br \/>\n<a href=\"http:\/\/lattes.cnpq.br\/1851492564127980\">Lattes<\/a><\/p>\n<p><img loading=\"lazy\" decoding=\"async\" class=\"fotos\" src=\"https:\/\/wp.ufpel.edu.br\/gipc-morroredondo\/files\/2022\/04\/JOSEANE-200x200.png\" alt=\"\" width=\"300\" height=\"300\" \/><\/p>\n<p><strong>Joseane da Silva Almeida &#8211; <\/strong>Professora de Arquitetura e Urbanismo (UCPEL)<br \/>\n<a href=\"http:\/\/lattes.cnpq.br\/7987087533250194\">Lattes<\/a><\/p>\n<h2><strong>UNIVERSIDAD DE C\u00c1DIZ \/ ES<\/strong><\/h2>\n<p><img loading=\"lazy\" decoding=\"async\" class=\"fotos\" src=\"https:\/\/wp.ufpel.edu.br\/gipc-morroredondo\/files\/2020\/11\/WhatsApp-Image-2020-11-19-at-14.28.13-400x400.jpeg\" alt=\"\" width=\"250\" height=\"250\" \/><br \/>\n<strong>Santiago Amaya-Corchuelo<\/strong> &#8211; <span style=\"font-weight: 400;\">Professor de Antropolog\u00eda, \u00c1rea de Sociolog\u00eda, Dpto. Econom\u00eda General, Universidad de C\u00e1diz \/ Es, Professor em Antropologia Social<\/span><\/p>\n<h2><strong>MORRO REDONDO<\/strong><\/h2>\n<p><strong><img loading=\"lazy\" decoding=\"async\" class=\"fotos\" src=\"https:\/\/wp.ufpel.edu.br\/gipc-morroredondo\/files\/2020\/11\/WhatsApp-Image-2020-11-19-at-14.29.23.jpeg\" alt=\"\" width=\"252\" height=\"253\" \/><br \/>\nAnderson da Rocha G\u00fcths<\/strong>\u00a0\u2013 Secret\u00e1rio de Educa\u00e7\u00e3o, Cultura e Desporto de Morro Redondo<\/p>\n<p><img loading=\"lazy\" decoding=\"async\" class=\"fotos\" src=\"https:\/\/wp.ufpel.edu.br\/gipc-morroredondo\/files\/2020\/12\/vice_prefeita_MR_jpeg.jpeg\" alt=\"\" width=\"222\" height=\"231\" \/><\/p>\n<p><strong>Angelica Boettge dos Santos<\/strong> &#8211; Vice-prefeita eleita de Morro Redondo<\/p>\n<p><img loading=\"lazy\" decoding=\"async\" class=\"fotos\" src=\"https:\/\/wp.ufpel.edu.br\/gipc-morroredondo\/files\/2021\/12\/Sabrina-Waltzer-200x200.png\" alt=\"\" width=\"222\" height=\"231\" \/><\/p>\n<p><strong>Sabrina Waltzer<\/strong> &#8211; Representante da comunidade de Morro Redondo<\/p>\n<p><img loading=\"lazy\" decoding=\"async\" class=\"fotos\" src=\"https:\/\/wp.ufpel.edu.br\/gipc-morroredondo\/files\/2021\/12\/Daniel-Vaz-Lima-200x200.png\" alt=\"\" width=\"222\" height=\"231\" \/><\/p>\n<p><strong>Daniel Vaz Lima<\/strong> &#8211; Representante da comunidade de Morro Redondo<\/p>\n<p><img loading=\"lazy\" decoding=\"async\" class=\"fotos\" src=\"https:\/\/wp.ufpel.edu.br\/gipc-morroredondo\/files\/2022\/04\/odeane-200x200.png\" alt=\"\" width=\"200\" height=\"200\" \/><\/p>\n<p><strong>Odeane Schug Pereira Sim\u00f5es<\/strong> &#8211; Representante da comunidade quilombola V\u00f3 Ernestina de Morro Redondo<br \/>\n<a href=\"http:\/\/lattes.cnpq.br\/2409615148485209\">Lattes<\/a><\/p>\n<p>&nbsp;<\/p>\n","protected":false},"excerpt":{"rendered":"<p>UNESCO-IPT Luiz Oosterbeek &#8211; Titular da C\u00e1tedra &#8211; IPT de Humanidades e Gest\u00e3o Cultural Integrada do Territ\u00f3rio; Instituto Polit\u00e9cnico de Tomar Lattes Inguelore Scheunemann &#8211; Coordenadora do Polo Morro Redondo da C\u00e1tedra UNESCO Humanidades e Gest\u00e3o Cultural Integrada do Territ\u00f3rio Lattes UFPEL Francisca Ferreira Michelon &#8211; Coordenadora do Projeto para implanta\u00e7\u00e3o do Polo; Professora do &hellip; <\/p>\n<p class=\"link-more\"><a href=\"https:\/\/wp.ufpel.edu.br\/gipc-morroredondo\/equipe\/\" class=\"more-link\">Continue lendo<span class=\"screen-reader-text\"> &#8220;Equipe&#8221;<\/span><\/a><\/p>\n","protected":false},"author":1061,"featured_media":0,"parent":0,"menu_order":0,"comment_status":"closed","ping_status":"closed","template":"","meta":{"footnotes":""},"class_list":["post-261","page","type-page","status-publish","hentry"],"jetpack_sharing_enabled":true,"_links":{"self":[{"href":"https:\/\/wp.ufpel.edu.br\/gipc-morroredondo\/wp-json\/wp\/v2\/pages\/261","targetHints":{"allow":["GET"]}}],"collection":[{"href":"https:\/\/wp.ufpel.edu.br\/gipc-morroredondo\/wp-json\/wp\/v2\/pages"}],"about":[{"href":"https:\/\/wp.ufpel.edu.br\/gipc-morroredondo\/wp-json\/wp\/v2\/types\/page"}],"author":[{"embeddable":true,"href":"https:\/\/wp.ufpel.edu.br\/gipc-morroredondo\/wp-json\/wp\/v2\/users\/1061"}],"replies":[{"embeddable":true,"href":"https:\/\/wp.ufpel.edu.br\/gipc-morroredondo\/wp-json\/wp\/v2\/comments?post=261"}],"version-history":[{"count":44,"href":"https:\/\/wp.ufpel.edu.br\/gipc-morroredondo\/wp-json\/wp\/v2\/pages\/261\/revisions"}],"predecessor-version":[{"id":1099,"href":"https:\/\/wp.ufpel.edu.br\/gipc-morroredondo\/wp-json\/wp\/v2\/pages\/261\/revisions\/1099"}],"wp:attachment":[{"href":"https:\/\/wp.ufpel.edu.br\/gipc-morroredondo\/wp-json\/wp\/v2\/media?parent=261"}],"curies":[{"name":"wp","href":"https:\/\/api.w.org\/{rel}","templated":true}]}}