{"id":253,"date":"2020-11-16T21:50:43","date_gmt":"2020-11-17T00:50:43","guid":{"rendered":"https:\/\/wp.ufpel.edu.br\/gipc-morroredondo\/?page_id=253"},"modified":"2020-11-27T12:26:17","modified_gmt":"2020-11-27T15:26:17","slug":"quem-somos","status":"publish","type":"page","link":"https:\/\/wp.ufpel.edu.br\/gipc-morroredondo\/quem-somos\/","title":{"rendered":"Quem somos"},"content":{"rendered":"<p>Somos um grupo de pesquisa, ensino e extens\u00e3o interdisciplinar e interinstitucional que tem como objetivo implantar o Polo Morro Redondo da C\u00e1tedra Unesco-IPT de Humanidades e Gest\u00e3o Cultural Integrada do Territ\u00f3rio do Instituto Polit\u00e9cnico de Tomar, sob lideran\u00e7a do Prof. Luiz Oosterbeek.<\/p>\n<p>As institui\u00e7\u00f5es envolvidas:<\/p>\n<p><img loading=\"lazy\" decoding=\"async\" class=\"alignnone size-full wp-image-648\" src=\"https:\/\/wp.ufpel.edu.br\/gipc-morroredondo\/files\/2020\/11\/ALvcGT@4x.png\" alt=\"\" width=\"193\" height=\"73\" \/><br \/>\nInstituto Polit\u00e9cnico de Tomar (IPT),<\/p>\n<p><img loading=\"lazy\" decoding=\"async\" class=\"alignnone size-medium wp-image-650\" src=\"https:\/\/wp.ufpel.edu.br\/gipc-morroredondo\/files\/2020\/11\/Ativo-7@4x.png\" alt=\"\" width=\"266\" height=\"79\" \/><br \/>\nUniversidade Federal de Pelotas (UFPel),<\/p>\n<p><img loading=\"lazy\" decoding=\"async\" class=\"alignnone wp-image-679\" src=\"https:\/\/wp.ufpel.edu.br\/gipc-morroredondo\/files\/2020\/11\/logo-ucpel-400x257.jpg\" alt=\"\" width=\"164\" height=\"105\" \/><br \/>\nUniversidade Cat\u00f3lica de Pelotas (UCPel)<\/p>\n<p><img loading=\"lazy\" decoding=\"async\" class=\"alignnone size-medium wp-image-651\" src=\"https:\/\/wp.ufpel.edu.br\/gipc-morroredondo\/files\/2020\/11\/Ativo-9@4x.png\" alt=\"\" width=\"58\" height=\"59\" \/><br \/>\nPrefeitura de Morro Redondo\/RS.<\/p>\n","protected":false},"excerpt":{"rendered":"<p>Somos um grupo de pesquisa, ensino e extens\u00e3o interdisciplinar e interinstitucional que tem como objetivo implantar o Polo Morro Redondo da C\u00e1tedra Unesco-IPT de Humanidades e Gest\u00e3o Cultural Integrada do Territ\u00f3rio do Instituto Polit\u00e9cnico de Tomar, sob lideran\u00e7a do Prof. Luiz Oosterbeek. As institui\u00e7\u00f5es envolvidas: Instituto Polit\u00e9cnico de Tomar (IPT), Universidade Federal de Pelotas (UFPel), &hellip; <\/p>\n<p class=\"link-more\"><a href=\"https:\/\/wp.ufpel.edu.br\/gipc-morroredondo\/quem-somos\/\" class=\"more-link\">Continue lendo<span class=\"screen-reader-text\"> &#8220;Quem somos&#8221;<\/span><\/a><\/p>\n","protected":false},"author":1061,"featured_media":0,"parent":0,"menu_order":0,"comment_status":"closed","ping_status":"closed","template":"","meta":{"footnotes":""},"class_list":["post-253","page","type-page","status-publish","hentry"],"jetpack_sharing_enabled":true,"_links":{"self":[{"href":"https:\/\/wp.ufpel.edu.br\/gipc-morroredondo\/wp-json\/wp\/v2\/pages\/253","targetHints":{"allow":["GET"]}}],"collection":[{"href":"https:\/\/wp.ufpel.edu.br\/gipc-morroredondo\/wp-json\/wp\/v2\/pages"}],"about":[{"href":"https:\/\/wp.ufpel.edu.br\/gipc-morroredondo\/wp-json\/wp\/v2\/types\/page"}],"author":[{"embeddable":true,"href":"https:\/\/wp.ufpel.edu.br\/gipc-morroredondo\/wp-json\/wp\/v2\/users\/1061"}],"replies":[{"embeddable":true,"href":"https:\/\/wp.ufpel.edu.br\/gipc-morroredondo\/wp-json\/wp\/v2\/comments?post=253"}],"version-history":[{"count":7,"href":"https:\/\/wp.ufpel.edu.br\/gipc-morroredondo\/wp-json\/wp\/v2\/pages\/253\/revisions"}],"predecessor-version":[{"id":680,"href":"https:\/\/wp.ufpel.edu.br\/gipc-morroredondo\/wp-json\/wp\/v2\/pages\/253\/revisions\/680"}],"wp:attachment":[{"href":"https:\/\/wp.ufpel.edu.br\/gipc-morroredondo\/wp-json\/wp\/v2\/media?parent=253"}],"curies":[{"name":"wp","href":"https:\/\/api.w.org\/{rel}","templated":true}]}}