{"id":66,"date":"2013-04-24T15:31:37","date_gmt":"2013-04-24T18:31:37","guid":{"rendered":"https:\/\/wp.ufpel.edu.br\/gip\/?page_id=66"},"modified":"2016-05-05T14:16:28","modified_gmt":"2016-05-05T17:16:28","slug":"seja-bem-vindo","status":"publish","type":"page","link":"https:\/\/wp.ufpel.edu.br\/gip\/","title":{"rendered":"Quem somos"},"content":{"rendered":"<p style=\"text-align: justify\"><span class=\"Apple-style-span\" style=\"font-family: arial, helvetica, sans-serif;font-size: 12pt;color: #000000\">O Grupo de Inicia\u00e7\u00e3o \u00e0 Pesquisa da Faculdade de Direito da Universidade Federal de Pelotas (GIP\/FD\/UFPEL) tem como miss\u00e3o fomentar o interesse pela pesquisa e pela produ\u00e7\u00e3o cient\u00edfica e, sobretudo, pelo aprimoramento do conhecimento. O grupo entende que o conhecimento, o debate e as reflex\u00f5es geradas pela pesquisa s\u00e3o indispens\u00e1veis para o desenvolvimento e aprimoramento pessoal, intelectual e profissional do operador jur\u00eddico. Raz\u00e3o pela qual o grupo se constituiu e elegeu como objetivo primordial a cria\u00e7\u00e3o de uma cultura e de um espa\u00e7o acad\u00eamico voltados ao desenvolvimento da pesquisa em Direito e Pol\u00edticas P\u00fablicas envolvendo o corpo docente e discente (acad\u00eamicos da gradua\u00e7\u00e3o e p\u00f3s-gradua\u00e7\u00e3o) da Faculdade de Direito da UFPel, dentro das linhas de pesquisa (Ambiente e Sa\u00fade e Diversidade Cultural e Vulnerabilidade Social)e, em conson\u00e2ncia com os projetos de pesquisa institucionais de cada professor-orientador.O GIP promove todos os anos no primeiro semestre capacita\u00e7\u00e3o para os alunos fornecendo certificado de participa\u00e7\u00e3o em projeto de extens\u00e3o ou ensino. Na metade da capacita\u00e7\u00e3o, os alunos interessados come\u00e7am a participar dos subgrupos e a desenvolver seus projetos pessoais de pesquisa sendo orientados por um dos professores orientadores do grupo.<\/span><\/p>\n<p style=\"text-align: justify\">\n<p style=\"text-align: justify\"><span style=\"color: #000000;font-family: 'arial black', sans-serif;font-size: 18pt\">INSCRI\u00c7\u00d5ES PARA O VI CICLO ANUAL DE OFICINAS DO GIP &#8211; 2016\u00a0<strong><span style=\"color: #0000ff\"><a style=\"color: #0000ff\" href=\"https:\/\/wp.ufpel.edu.br\/gip\/ciclo-anual-de-oficinas\/\">AQUI.<\/a><\/span><\/strong><\/span><\/p>\n","protected":false},"excerpt":{"rendered":"<p>O Grupo de Inicia\u00e7\u00e3o \u00e0 Pesquisa da Faculdade de Direito da Universidade Federal de Pelotas (GIP\/FD\/UFPEL) tem como miss\u00e3o fomentar o interesse pela pesquisa e pela produ\u00e7\u00e3o cient\u00edfica e, sobretudo, pelo aprimoramento do conhecimento. O grupo entende que o conhecimento, o debate e as reflex\u00f5es geradas pela pesquisa s\u00e3o indispens\u00e1veis para o desenvolvimento e aprimoramento [&hellip;]<\/p>\n","protected":false},"author":97,"featured_media":0,"parent":0,"menu_order":0,"comment_status":"closed","ping_status":"closed","template":"","meta":{"footnotes":""},"class_list":["post-66","page","type-page","status-publish","hentry"],"_links":{"self":[{"href":"https:\/\/wp.ufpel.edu.br\/gip\/wp-json\/wp\/v2\/pages\/66","targetHints":{"allow":["GET"]}}],"collection":[{"href":"https:\/\/wp.ufpel.edu.br\/gip\/wp-json\/wp\/v2\/pages"}],"about":[{"href":"https:\/\/wp.ufpel.edu.br\/gip\/wp-json\/wp\/v2\/types\/page"}],"author":[{"embeddable":true,"href":"https:\/\/wp.ufpel.edu.br\/gip\/wp-json\/wp\/v2\/users\/97"}],"replies":[{"embeddable":true,"href":"https:\/\/wp.ufpel.edu.br\/gip\/wp-json\/wp\/v2\/comments?post=66"}],"version-history":[{"count":30,"href":"https:\/\/wp.ufpel.edu.br\/gip\/wp-json\/wp\/v2\/pages\/66\/revisions"}],"predecessor-version":[{"id":686,"href":"https:\/\/wp.ufpel.edu.br\/gip\/wp-json\/wp\/v2\/pages\/66\/revisions\/686"}],"wp:attachment":[{"href":"https:\/\/wp.ufpel.edu.br\/gip\/wp-json\/wp\/v2\/media?parent=66"}],"curies":[{"name":"wp","href":"https:\/\/api.w.org\/{rel}","templated":true}]}}