{"id":30,"date":"2013-04-12T14:22:43","date_gmt":"2013-04-12T17:22:43","guid":{"rendered":"https:\/\/wp.ufpel.edu.br\/gip\/?page_id=30"},"modified":"2014-02-08T11:31:27","modified_gmt":"2014-02-08T13:31:27","slug":"pagina-3","status":"publish","type":"page","link":"https:\/\/wp.ufpel.edu.br\/gip\/pagina-3\/","title":{"rendered":"Como Participar?"},"content":{"rendered":"<p style=\"text-align: justify\"><span style=\"font-family: 'book antiqua', palatino\"><span style=\"font-size: medium\">\u00a0 \u00a0 \u00a0 \u00a0 Visite a p\u00e1gina &#8220;Projetos de Pesquisa&#8221;, escolha a tem\u00e1tica que tem interesse e entre em contato com o professor-orientador.\u00a0<\/span><span style=\"font-size: medium\">As reuni\u00f5es dos grupos de pesquisa se d\u00e3o de forma semanal, quinzenal ou a crit\u00e9rio de cada professor.<\/span><\/span><\/p>\n<p style=\"text-align: justify\"><span style=\"font-family: 'book antiqua', palatino;font-size: medium\">\u00a0 \u00a0 \u00a0 Habitualmente, em um primeiro momento, s\u00e3o feitas reuni\u00f5es as quais se discutem textos em grupo. No segundo semestre letivo as discuss\u00f5es ainda s\u00e3o realizadas, por\u00e9m, o foco \u00e9 a produ\u00e7\u00e3o cient\u00edfica com orienta\u00e7\u00e3o do professor.<\/span><\/p>\n<p style=\"text-align: justify\"><span style=\"font-family: 'book antiqua', palatino;font-size: medium\">\u00a0 \u00a0 \u00a0 \u00a0 N\u00e3o deixe de participar ainda este ano!<\/span><\/p>\n","protected":false},"excerpt":{"rendered":"<p>\u00a0 \u00a0 \u00a0 \u00a0 Visite a p\u00e1gina &#8220;Projetos de Pesquisa&#8221;, escolha a tem\u00e1tica que tem interesse e entre em contato com o professor-orientador.\u00a0As reuni\u00f5es dos grupos de pesquisa se d\u00e3o de forma semanal, quinzenal ou a crit\u00e9rio de cada professor. \u00a0 \u00a0 \u00a0 Habitualmente, em um primeiro momento, s\u00e3o feitas reuni\u00f5es as quais se discutem [&hellip;]<\/p>\n","protected":false},"author":97,"featured_media":0,"parent":0,"menu_order":4,"comment_status":"closed","ping_status":"closed","template":"","meta":{"footnotes":""},"class_list":["post-30","page","type-page","status-publish","hentry"],"_links":{"self":[{"href":"https:\/\/wp.ufpel.edu.br\/gip\/wp-json\/wp\/v2\/pages\/30","targetHints":{"allow":["GET"]}}],"collection":[{"href":"https:\/\/wp.ufpel.edu.br\/gip\/wp-json\/wp\/v2\/pages"}],"about":[{"href":"https:\/\/wp.ufpel.edu.br\/gip\/wp-json\/wp\/v2\/types\/page"}],"author":[{"embeddable":true,"href":"https:\/\/wp.ufpel.edu.br\/gip\/wp-json\/wp\/v2\/users\/97"}],"replies":[{"embeddable":true,"href":"https:\/\/wp.ufpel.edu.br\/gip\/wp-json\/wp\/v2\/comments?post=30"}],"version-history":[{"count":17,"href":"https:\/\/wp.ufpel.edu.br\/gip\/wp-json\/wp\/v2\/pages\/30\/revisions"}],"predecessor-version":[{"id":386,"href":"https:\/\/wp.ufpel.edu.br\/gip\/wp-json\/wp\/v2\/pages\/30\/revisions\/386"}],"wp:attachment":[{"href":"https:\/\/wp.ufpel.edu.br\/gip\/wp-json\/wp\/v2\/media?parent=30"}],"curies":[{"name":"wp","href":"https:\/\/api.w.org\/{rel}","templated":true}]}}