{"id":266,"date":"2013-09-17T10:11:06","date_gmt":"2013-09-17T13:11:06","guid":{"rendered":"https:\/\/wp.ufpel.edu.br\/gip\/?page_id=266"},"modified":"2014-06-05T10:22:14","modified_gmt":"2014-06-05T13:22:14","slug":"participacoes-individuais","status":"publish","type":"page","link":"https:\/\/wp.ufpel.edu.br\/gip\/galeria-2\/participacoes-individuais\/","title":{"rendered":"Participa\u00e7\u00f5es em Eventos"},"content":{"rendered":"\n\t\t<style type=\"text\/css\">\n\t\t\t#gallery-1 {\n\t\t\t\tmargin: auto;\n\t\t\t}\n\t\t\t#gallery-1 .gallery-item {\n\t\t\t\tfloat: left;\n\t\t\t\tmargin-top: 10px;\n\t\t\t\ttext-align: center;\n\t\t\t\twidth: 33%;\n\t\t\t}\n\t\t\t#gallery-1 img {\n\t\t\t\tborder: 2px solid #cfcfcf;\n\t\t\t}\n\t\t\t#gallery-1 .gallery-caption {\n\t\t\t\tmargin-left: 0;\n\t\t\t}\n\t\t\t\/* see gallery_shortcode() in wp-includes\/media.php *\/\n\t\t<\/style>\n\t\t<div id='gallery-1' class='gallery galleryid-266 gallery-columns-3 gallery-size-thumbnail'><dl class='gallery-item'>\n\t\t\t<dt class='gallery-icon landscape'>\n\t\t\t\t<a href='https:\/\/wp.ufpel.edu.br\/gip\/galeria-2\/participacoes-individuais\/profes\/'><img width=\"200\" height=\"150\" src=\"https:\/\/wp.ufpel.edu.br\/gip\/files\/2013\/09\/profes-212x159.jpg\" class=\"attachment-thumbnail size-thumbnail\" alt=\"\" aria-describedby=\"gallery-1-393\" srcset=\"https:\/\/wp.ufpel.edu.br\/gip\/files\/2013\/09\/profes-212x159.jpg 212w, https:\/\/wp.ufpel.edu.br\/gip\/files\/2013\/09\/profes-424x316.jpg 424w, https:\/\/wp.ufpel.edu.br\/gip\/files\/2013\/09\/profes.jpg 720w\" sizes=\"(max-width: 200px) 100vw, 200px\" \/><\/a>\n\t\t\t<\/dt>\n\t\t\t\t<dd class='wp-caption-text gallery-caption' id='gallery-1-393'>\n\t\t\t\tProfessoras Silviana e Renata  no II Coninter &#8211; Congresso Internacional Interdisciplinar em Sociais e Humanidades, que ocorreu de 8 a 11 de outubro de 2013, em Belo Horizonte\/MG\n\t\t\t\t<\/dd><\/dl><dl class='gallery-item'>\n\t\t\t<dt class='gallery-icon portrait'>\n\t\t\t\t<a href='https:\/\/wp.ufpel.edu.br\/gip\/galeria-2\/participacoes-individuais\/dscn0146\/'><img width=\"150\" height=\"150\" src=\"https:\/\/wp.ufpel.edu.br\/gip\/files\/2013\/09\/DSCN0146-150x150.jpg\" class=\"attachment-thumbnail size-thumbnail\" alt=\"\" aria-describedby=\"gallery-1-267\" \/><\/a>\n\t\t\t<\/dt>\n\t\t\t\t<dd class='wp-caption-text gallery-caption' id='gallery-1-267'>\n\t\t\t\tBruna Hoisler Sallet &#8211; \nInflu\u00eancia Midi\u00e1tica e Estigmatiza\u00e7\u00e3o do Jovem Infrator\n\t\t\t\t<\/dd><\/dl><dl class='gallery-item'>\n\t\t\t<dt class='gallery-icon landscape'>\n\t\t\t\t<a href='https:\/\/wp.ufpel.edu.br\/gip\/galeria-2\/participacoes-individuais\/baron\/'><img width=\"150\" height=\"150\" src=\"https:\/\/wp.ufpel.edu.br\/gip\/files\/2013\/09\/baron-150x150.jpg\" class=\"attachment-thumbnail size-thumbnail\" alt=\"\" aria-describedby=\"gallery-1-324\" \/><\/a>\n\t\t\t<\/dt>\n\t\t\t\t<dd class='wp-caption-text gallery-caption' id='gallery-1-324'>\n\t\t\t\t\u201cIntersec\u00e7\u00f5es entre justi\u00e7a e g\u00eanero: a participa\u00e7\u00e3o feminina no judici\u00e1rio brasileiro\u201d &#8211; Semin\u00e1rio Internacional Fazendo G\u00eanero 10 &#8211; UFSC 2013\n\t\t\t\t<\/dd><\/dl><br style=\"clear: both\" \/><dl class='gallery-item'>\n\t\t\t<dt class='gallery-icon portrait'>\n\t\t\t\t<a href='https:\/\/wp.ufpel.edu.br\/gip\/galeria-2\/participacoes-individuais\/kauss\/'><img width=\"150\" height=\"150\" src=\"https:\/\/wp.ufpel.edu.br\/gip\/files\/2013\/09\/kauss-e1383053765881-150x150.jpg\" class=\"attachment-thumbnail size-thumbnail\" alt=\"\" aria-describedby=\"gallery-1-325\" \/><\/a>\n\t\t\t<\/dt>\n\t\t\t\t<dd class='wp-caption-text gallery-caption' id='gallery-1-325'>\n\t\t\t\t\u201cIntersec\u00e7\u00f5es entre justi\u00e7a e g\u00eanero: a participa\u00e7\u00e3o feminina no judici\u00e1rio brasileiro\u201d &#8211; Semin\u00e1rio Internacional Fazendo G\u00eanero 10 &#8211; UFSC 2013\n\t\t\t\t<\/dd><\/dl><dl class='gallery-item'>\n\t\t\t<dt class='gallery-icon landscape'>\n\t\t\t\t<a href='https:\/\/wp.ufpel.edu.br\/gip\/galeria-2\/participacoes-individuais\/debora\/'><img width=\"150\" height=\"150\" src=\"https:\/\/wp.ufpel.edu.br\/gip\/files\/2013\/09\/debora-150x150.jpg\" class=\"attachment-thumbnail size-thumbnail\" alt=\"\" aria-describedby=\"gallery-1-283\" \/><\/a>\n\t\t\t<\/dt>\n\t\t\t\t<dd class='wp-caption-text gallery-caption' id='gallery-1-283'>\n\t\t\t\tD\u00e9bora da Rosa Becker &#8211; \r\nA Judicializa\u00e7\u00e3o da Sa\u00fade P\u00fablica no Rio Grande do Sul desde a Constitui\u00e7\u00e3o Federal\/88\n\t\t\t\t<\/dd><\/dl><dl class='gallery-item'>\n\t\t\t<dt class='gallery-icon landscape'>\n\t\t\t\t<a href='https:\/\/wp.ufpel.edu.br\/gip\/galeria-2\/participacoes-individuais\/takehara\/'><img width=\"200\" height=\"150\" src=\"https:\/\/wp.ufpel.edu.br\/gip\/files\/2013\/09\/takehara-212x159.png\" class=\"attachment-thumbnail size-thumbnail\" alt=\"\" aria-describedby=\"gallery-1-390\" srcset=\"https:\/\/wp.ufpel.edu.br\/gip\/files\/2013\/09\/takehara-212x159.png 212w, https:\/\/wp.ufpel.edu.br\/gip\/files\/2013\/09\/takehara-421x318.png 421w, https:\/\/wp.ufpel.edu.br\/gip\/files\/2013\/09\/takehara.png 792w\" sizes=\"(max-width: 200px) 100vw, 200px\" \/><\/a>\n\t\t\t<\/dt>\n\t\t\t\t<dd class='wp-caption-text gallery-caption' id='gallery-1-390'>\n\t\t\t\tFelipe Takehara &#8211;  Quest\u00e3o da Regulariza\u00e7\u00e3o das Terras Quilombolas no Rio Grande do Sul\n\t\t\t\t<\/dd><\/dl><br style=\"clear: both\" \/>\n\t\t<\/div>\n\n<div id=\"attachment_516\" style=\"width: 222px\" class=\"wp-caption aligncenter\"><a href=\"https:\/\/wp.ufpel.edu.br\/gip\/files\/2013\/09\/kauss1.jpg\"><img aria-describedby=\"caption-attachment-516\" class=\"wp-image-516 size-thumbnail\" src=\"https:\/\/wp.ufpel.edu.br\/gip\/files\/2013\/09\/kauss1-212x118.jpg\" alt=\"Bruno Kauss recebendo o 9\u00b0 Pr\u00eamio Construindo a Igualdade de G\u00eanero no Pal\u00e1cio do Planalto\" width=\"212\" height=\"118\" srcset=\"https:\/\/wp.ufpel.edu.br\/gip\/files\/2013\/09\/kauss1-212x118.jpg 212w, https:\/\/wp.ufpel.edu.br\/gip\/files\/2013\/09\/kauss1-424x237.jpg 424w, https:\/\/wp.ufpel.edu.br\/gip\/files\/2013\/09\/kauss1.jpg 720w\" sizes=\"(max-width: 212px) 100vw, 212px\" \/><\/a><p id=\"caption-attachment-516\" class=\"wp-caption-text\">Bruno Kauss recebendo o 9\u00b0 Pr\u00eamio Construindo a Igualdade de G\u00eanero no Pal\u00e1cio do Planalto<\/p><\/div>\n","protected":false},"excerpt":{"rendered":"","protected":false},"author":97,"featured_media":0,"parent":207,"menu_order":3,"comment_status":"closed","ping_status":"closed","template":"","meta":{"footnotes":""},"class_list":["post-266","page","type-page","status-publish","hentry"],"_links":{"self":[{"href":"https:\/\/wp.ufpel.edu.br\/gip\/wp-json\/wp\/v2\/pages\/266","targetHints":{"allow":["GET"]}}],"collection":[{"href":"https:\/\/wp.ufpel.edu.br\/gip\/wp-json\/wp\/v2\/pages"}],"about":[{"href":"https:\/\/wp.ufpel.edu.br\/gip\/wp-json\/wp\/v2\/types\/page"}],"author":[{"embeddable":true,"href":"https:\/\/wp.ufpel.edu.br\/gip\/wp-json\/wp\/v2\/users\/97"}],"replies":[{"embeddable":true,"href":"https:\/\/wp.ufpel.edu.br\/gip\/wp-json\/wp\/v2\/comments?post=266"}],"version-history":[{"count":9,"href":"https:\/\/wp.ufpel.edu.br\/gip\/wp-json\/wp\/v2\/pages\/266\/revisions"}],"predecessor-version":[{"id":518,"href":"https:\/\/wp.ufpel.edu.br\/gip\/wp-json\/wp\/v2\/pages\/266\/revisions\/518"}],"up":[{"embeddable":true,"href":"https:\/\/wp.ufpel.edu.br\/gip\/wp-json\/wp\/v2\/pages\/207"}],"wp:attachment":[{"href":"https:\/\/wp.ufpel.edu.br\/gip\/wp-json\/wp\/v2\/media?parent=266"}],"curies":[{"name":"wp","href":"https:\/\/api.w.org\/{rel}","templated":true}]}}