{"id":229,"date":"2013-09-12T08:47:35","date_gmt":"2013-09-12T11:47:35","guid":{"rendered":"https:\/\/wp.ufpel.edu.br\/gip\/?page_id=229"},"modified":"2016-03-20T21:13:04","modified_gmt":"2016-03-21T00:13:04","slug":"publicacoes","status":"publish","type":"page","link":"https:\/\/wp.ufpel.edu.br\/gip\/publicacoes-2\/publicacoes\/","title":{"rendered":"Publica\u00e7\u00f5es Docentes"},"content":{"rendered":"<p>&nbsp;<\/p>\n<p><strong><span style=\"color: #000000;font-size: 12pt\">Professora Jane Gombar<\/span><\/strong><\/p>\n<p><span style=\"color: #000000;font-size: 12pt\">ALBERNAZ, Renata Ovenhausen; GOMBAR, Jane;HENKES, Silviana. (orgs). A efetividade do Direito e a vulnerabilidade social.A asitua\u00e7\u00e3o atual da legalidade e da jurisdi\u00e7\u00e3o na supera\u00e7\u00e3o da desigualdade. Pelotas: Editora UFPel, 2014.<\/span><\/p>\n<p><span style=\"color: #000000;font-size: 12pt\">Jane Gombar; Renata Ovenhausen Albernaz; Silviana Henkes. (Org.). Direitos Sociais e Pol\u00edticas P\u00fablicas. 1ed.Pelotas: Editora da UFPel, 2016.<\/span><\/p>\n<p>&nbsp;<\/p>\n<p><span style=\"color: #000000;font-size: 12pt\"><strong style=\"font-size: small;text-align: justify\">Professor Cl\u00e1uber dos Santos\u00a0<\/strong><\/span><\/p>\n<p><span style=\"color: #000000;font-size: 12pt\"><a style=\"color: #000000\" href=\"http:\/\/www.eumed.net\/rev\/cccss\/25\/brasil-uruguay.html\" target=\"_blank\">A prote\u00e7\u00e3o jur\u00eddica do patrim\u00f4nio cultural na fronteira Brasil-Uruguai.<\/a><\/span><\/p>\n<p><span style=\"color: #000000;font-size: 12pt\">\u00a0<\/span><\/p>\n<p><span style=\"color: #000000;font-size: 12pt\"><strong>Professor Bruno Rotta Almeida<\/strong><\/span><\/p>\n<p><span style=\"color: #000000;font-size: 12pt\"><a style=\"color: #000000\" href=\"http:\/\/www.revistas.unifacs.br\/index.php\/redu\/article\/view\/712\" target=\"_blank\">Tutela penal de valores supraindividuais? Reflex\u00f5es a partir da import\u00e2ncia da teoria do bem jur\u00eddico \u00a0para a ci\u00eancia penal.<\/a><\/span><\/p>\n<p><span style=\"color: #000000;font-size: 12pt\"><a style=\"color: #000000\" href=\"http:\/\/www.revistas.unifacs.br\/index.php\/redu\/article\/view\/970\" target=\"_blank\">Antes de tudo: escritos sobre a import\u00e2ncia dos princ\u00edpios penais e processuais penais.<\/a><\/span><\/p>\n<p><span style=\"color: #000000;font-size: 12pt\"><a style=\"color: #000000\" href=\"https:\/\/www.revistas.unijui.edu.br\/index.php\/revistadireitoemdebate\/article\/view\/609\" target=\"_blank\">O\u00a0juiz e as motiva\u00e7\u00f5es no ato de julgar: para al\u00e9m das legais.<\/a><\/span><\/p>\n<p><span style=\"color: #000000;font-size: 12pt\"><a style=\"color: #000000\" href=\"http:\/\/revista.ulbrajp.edu.br\/ojs\/index.php\/jussocietas\/article\/view\/1642\" target=\"_blank\">O direito penal juvenil e sua principiologia: um ensaio inicial.<\/a><\/span><\/p>\n<p><span style=\"color: #000000;font-size: 12pt\">\u00a0<\/span><\/p>\n<p><span style=\"color: #000000;font-size: 12pt\"><strong>Professor Fernando Costa de Azevedo<\/strong><\/span><\/p>\n<p><span style=\"color: #000000;font-size: 12pt\"><a style=\"color: #000000\" href=\"http:\/\/imagensdajustica.ufpel.edu.br\/anais\/trabalhos\/GT%207\/GT%207%20-%20AZEVEDO,%20Fernando%20Costa%20de.pdf\" target=\"_blank\">O reconhecimento jur\u00eddico da hipervulnerabilidade de certos grupos de consumidores como express\u00e3o de um sentido material de justi\u00e7a no contexto da sociedade de consumo contempor\u00e2nea &#8211; Anais do I Semin\u00e1rio Internacional Imagens da Justi\u00e7a, Curr\u00edculo e Educa\u00e7\u00e3o Jur\u00eddica<\/a><\/span><\/p>\n<p><span style=\"color: #000000;font-size: 12pt\"><a style=\"font-family: 'book antiqua', palatino;font-size: small;line-height: 1.5em;color: #000000\" href=\"\/Users\/bruna.sallet\/Downloads\/Artigo%20-%20Anais%20do%20I%20Semin%C3%A1rio%20Internacional%20Imagens%20de%20Justi%C3%A7a%20(PPGE-UFPel%202012).pdf\" target=\"_blank\">Livro &#8211; Defesa do Consumidor e Regula\u00e7\u00e3o (Livraria do Advogado Editora, 2002)<\/a><a style=\"color: #000000\" href=\"\/Users\/bruna.sallet\/Downloads\/Artigo%20-%20Anais%20do%20I%20Semin%C3%A1rio%20Internacional%20Imagens%20de%20Justi%C3%A7a%20(PPGE-UFPel%202012).pdf\" target=\"_blank\"><span style=\"line-height: 1.5em\">\u00a0<\/span><\/a><\/span><\/p>\n<p><span style=\"color: #000000;font-size: 12pt\"><a style=\"font-family: 'book antiqua', palatino;font-size: small;line-height: 1.5em;color: #000000\" href=\"http:\/\/www.relativa.com.br\/livros_template.asp?Codigo_Produto=101204&amp;Livro=Locoes-de-Teoria-Geral-do-Direito-Civil&amp;Autor=FERNANDO-COSTA-DE-AZEVEDO\" target=\"_blank\">Livro \u2013 Li\u00e7\u00f5es de Teoria Geral do Direito Civil (Livraria do Advogado Editora, 2008)<\/a><\/span><\/p>\n<p><span style=\"color: #000000;font-size: 12pt\"><a style=\"color: #000000\" href=\"http:\/\/www.livrariavanguarda.com.br\/index.php?n_sistema=3010&amp;codigo_categoria=Nzgz&amp;codigo_produto=OTEzNTM=\" target=\"_blank\">Livro \u2013 Temas de Direito do Consumidor (Editora Delfos, 2009)<\/a><\/span><\/p>\n<p><span style=\"color: #000000;font-size: 12pt\"><a style=\"color: #000000\" href=\"http:\/\/www.livrariavanguarda.com.br\/index.php?n_sistema=3010&amp;codigo_categoria=Nzgz&amp;codigo_produto=MTMzMTU5\" target=\"_blank\">Cap\u00edtulo de Livro \u2013 As Novas Perspectivas do Direito das Sucess\u00f5es, Coord. Carlos Silveira Noronha (Editora Sulina, 2011)<\/a><\/span><\/p>\n<p><span style=\"color: #000000;font-size: 12pt\"><a style=\"color: #000000\" href=\"http:\/\/www.livrariavanguarda.com.br\/index.php?n_sistema=3010&amp;codigo_categoria=Nzgz&amp;codigo_produto=MTMyMzI5\" target=\"_blank\">Cap\u00edtulo de Livro \u2013 Di\u00e1logo das Fontes, Coord. Claudia Lima Marques (Editora RT, 2012)<\/a><\/span><\/p>\n<p><span style=\"color: #000000;font-size: 12pt\">\u00a0<\/span><\/p>\n<p><span style=\"color: #000000;font-size: 12pt\"><strong style=\"font-size: small\">Professor Guilherme Massa\u00fa<\/strong><\/span><\/p>\n<p><span style=\"color: #000000;font-size: 12pt\"><a style=\"font-size: small;color: #000000\" href=\"http:\/\/www.editoraatlas.com.br\/atlas\/webapp\/resultado_busca.aspx?search=guilherme+camargo+massa%C3%BA\" target=\"_blank\">Livro Metodologia Jur\u00eddica: Do in\u00edcio da Ci\u00eancia do Direito ao Iluminismo Portugu\u00eas<\/a><\/span><\/p>\n<p><span style=\"color: #000000;font-size: 12pt\"><a style=\"color: #000000\" href=\"http:\/\/revistaseletronicas.pucrs.br\/ojs\/index.php\/fadir\/article\/viewFile\/5475\/9059\" target=\"_blank\">O Direito como condi\u00e7\u00e3o humana:\u00a0uma compreens\u00e3o extensiva de Arendt.<\/a><\/span><\/p>\n<p><span style=\"color: #000000;font-size: 12pt\"><a style=\"color: #000000\" href=\"http:\/\/periodicos.pucminas.br\/index.php\/Direito\/article\/view\/2856\" target=\"_blank\">As sess\u00f5es secretas e a res publica: a zona \u00a0que o &#8220;radar&#8221; p\u00fablico n\u00e3o alcan\u00e7a.<\/a><\/span><\/p>\n<p><span style=\"color: #000000;font-size: 12pt\"><a style=\"color: #000000\" href=\"http:\/\/srvapp2s.urisan.tche.br\/seer\/index.php\/direitosculturais\/article\/view\/864\" target=\"_blank\">A\u00a0dignidade humana em Picco Della Mirandora.<\/a><\/span><\/p>\n<p><span style=\"color: #000000;font-size: 12pt\"><a style=\"color: #000000\" href=\"http:\/\/www.unifor.br\/images\/pdfs\/Pensar\/v16n1_artigo6.pdf\" target=\"_blank\">A solidariedade como elemento constitutivo da res publica.<\/a><\/span><\/p>\n<p><span style=\"color: #000000;font-size: 12pt\"><a style=\"color: #000000\" href=\"http:\/\/www.revistas.usp.br\/rdisan\/article\/view\/13247\" target=\"_blank\">A concretiza\u00e7\u00e3o do direito \u00e0 sa\u00fade na perspectiva republicana.<\/a><\/span><\/p>\n<p><span style=\"color: #000000;font-size: 12pt\"><a style=\"color: #000000\" href=\"http:\/\/www4.jfrj.jus.br\/seer\/index.php\/revista_sjrj\/article\/view\/133\" target=\"_blank\">A\u00a0rep\u00fablica como oposi\u00e7\u00e3o \u00e0 monarquia.<\/a><\/span><\/p>\n<p><span style=\"color: #000000;font-size: 12pt\"><a style=\"color: #000000\" href=\"http:\/\/www4.uninove.br\/ojs\/index.php\/prisma\/article\/view\/2179\" target=\"_blank\">A reforma dos Estatutos da Universidade de Coimbra: as altera\u00e7\u00f5es no ensino jur\u00eddico.<\/a><\/span><\/p>\n<p><span style=\"color: #000000;font-size: 12pt\"><a style=\"color: #000000\" href=\"http:\/\/revistasystemas.com.br\/index.php\/systemas\/article\/view\/6\" target=\"_blank\">O contexto do desenvolvimento do pensamento de Lo\u00efc Wacquant (no movimento repressivista Law and Order).<\/a><\/span><\/p>\n<p><span style=\"color: #000000;font-size: 12pt\"><a style=\"color: #000000\" href=\"http:\/\/ojs.unifor.br\/index.php\/rpen\/article\/view\/1714\" target=\"_blank\">Kelsen e seu mundo-positivista.<\/a><\/span><\/p>\n<p><span style=\"color: #000000;font-size: 12pt\"><a style=\"color: #000000\" href=\"http:\/\/www.sociologiajuridica.net.br\/numero-9\/203-a-problematicidade-do-direito-inicio-reflexivo\" target=\"_blank\">A Problematicidade do Direito: in\u00edcio reflexivo.<\/a><\/span><\/p>\n<p><span style=\"color: #000000;font-size: 12pt\"><a style=\"color: #000000\" href=\"http:\/\/www.sociologiajuridica.net.br\/numero-6\/248-ius-commune-uma-manifestacao-pluralista-na-idade-media-guilherme-camargo-massau\" target=\"_blank\">Ius Commune: uma manifesta\u00e7\u00e3o pluralista na Idade M\u00e9dia?<\/a><\/span><\/p>\n<p><span style=\"color: #000000;font-size: 12pt\"><a style=\"color: #000000\" href=\"http:\/\/revista.grupointegrado.br\/revista\/index.php\/discursojuridico\/article\/view\/248\" target=\"_blank\">O\u00a0precursor: Irn\u00e9rio.<\/a><\/span><\/p>\n<p><span style=\"color: #000000;font-size: 12pt\"><a style=\"color: #000000\" href=\"http:\/\/sare.anhanguera.com\/index.php\/rdire\/article\/view\/40\" target=\"_blank\">A interpreta\u00e7\u00e3o voluntarista na teoria pura do Direito: esbo\u00e7o.<\/a><\/span><\/p>\n<p><span style=\"color: #000000;font-size: 12pt\"><a style=\"color: #000000\" href=\"http:\/\/www.sociologiajuridica.net.br\/numero-4\/183-a-sociedade-do-momentaneo-a-impossibilidade-de-fuga-para-o-futuro-e-o-reflexo-na-senda-juridica\" target=\"_blank\">A Sociedade do Moment\u00e2neo: a impossibilidade de fuga para o futuro e o reflexo na senda jur\u00eddica.<\/a><\/span><\/p>\n<p><span style=\"color: #000000;font-size: 12pt\"><a style=\"color: #000000\" href=\"http:\/\/www.sociologiajuridica.net.br\/numero-7\/219-a-crise-do-ente-estatal\" target=\"_blank\">A Crise do Ente Estatal.<\/a><\/span><\/p>\n<p><span style=\"color: #000000;font-size: 12pt\"><a style=\"color: #000000\" href=\"http:\/\/siaibib01.univali.br\/pdf\/Guilherme%20Camargo%20Massau.pdf\" target=\"_blank\">A\u00a0possibilidade da diferen\u00e7a: o indiv\u00edduo e a pessoa e a comunidade e a sociedade.<\/a><\/span><\/p>\n<p><span style=\"color: #000000;font-size: 12pt\"><a style=\"color: #000000\" href=\"www.periodicos.ufes.br\/agora\/article\/download\/1919\/1431\" target=\"_blank\">A\u00a0hist\u00f3ria do habeas corpus no direito brasileiro e portugu\u00eas.<\/a><\/span><\/p>\n<p><span style=\"color: #000000;font-size: 12pt\"><a style=\"color: #000000\" href=\"http:\/\/www.eumed.net\/rev\/cccss\/01\/gcm.htm\" target=\"_blank\">Ius Lex: La diferenciable indiferencia actual.<\/a><\/span><\/p>\n<p><span style=\"color: #000000;font-size: 12pt\"><a style=\"color: #000000\" href=\"http:\/\/www.seer.furg.br\/juris\/article\/view\/933\" target=\"_blank\">Ius Commune (Direito comum).<\/a><\/span><\/p>\n<p><span style=\"color: #000000;font-size: 12pt\">\u00a0<\/span><\/p>\n<p><span style=\"color: #000000;font-size: 12pt\"><strong style=\"color: #888888\">Professor Marcelo Apolin\u00e1rio<\/strong><\/span><\/p>\n<p><span style=\"color: #000000;font-size: 12pt\"><a style=\"color: #000000\" href=\"http:\/\/xn--caribea-9za.eumed.net\/separacao-funcoes-poderes\/\" target=\"_blank\">A nova dogm\u00e1tica constitucional da separa\u00e7\u00e3o das fun\u00e7\u00f5es (ou poderes) estatais e a judicializa\u00e7\u00e3o da pol\u00edtica.<\/a><\/span><\/p>\n<p><span style=\"color: #000000;font-size: 12pt\">\u00a0<\/span><\/p>\n<p><span style=\"color: #000000;font-size: 12pt\"><strong>Professora M\u00e1rcia Bertoldi<\/strong><\/span><\/p>\n<p><span style=\"color: #000000;font-size: 12pt\"><a style=\"color: #000000\" href=\"http:\/\/www.unifor.br\/images\/pdfs\/Pensar\/v18n2_artigo9.pdf\" target=\"_blank\">O registro como instrumento de prote\u00e7\u00e3o do conhecimento tradicional associado \u00e0 biodiversidade.<\/a><\/span><\/p>\n<p><span style=\"color: #000000;font-size: 12pt\"><a style=\"color: #000000\" href=\"http:\/\/www.idb-fdul.com\/uploaded\/files\/2012_10_6265_6289.pdf\" target=\"_blank\">A import\u00e2ncia do <em>soft law<\/em> na evolu\u00e7\u00e3o do direito internacional.<\/a><\/span><\/p>\n<div id=\"yiv3509939168yui_3_16_0_1_1458131032327_270269\" class=\"yiv3509939168\" dir=\"ltr\"><span id=\"yiv3509939168yui_3_16_0_1_1458131032327_270833\" class=\"yiv3509939168\" style=\"color: #000000;font-size: 12pt\"><b id=\"yiv3509939168yui_3_16_0_1_1458131032327_270835\" class=\"yiv3509939168\"><a id=\"yiv3509939168yui_3_16_0_1_1458131032327_270837\" class=\"yiv3509939168\" style=\"color: #000000\" href=\"http:\/\/lattes.cnpq.br\/2979973414270206\" target=\"_blank\" rel=\"nofollow\">BERTOLDI, M\u00c1RCIA RODRIGUES<\/a><\/b><span id=\"yiv3509939168yui_3_16_0_1_1458131032327_270839\" class=\"yiv3509939168\">; GASTAL, Alexandre. Fernandes; CARDOSO, Simone \u00a0Tassinari (Org.) . Direitos Fundamentais e Vulnerabilidade Social. Em homenagem ao Professor Ingo Wolfgang Sarlet. 1\u00aa. ed. Porto Alegre: Livraria do Advogado, 2016.<\/span><br id=\"yiv3509939168yui_3_16_0_1_1458131032327_270841\" class=\"yiv3509939168\" \/><\/span><\/div>\n<p>&nbsp;<\/p>\n<p><span style=\"color: #808080\">\u00a0<\/span><\/p>\n","protected":false},"excerpt":{"rendered":"<p>&nbsp; Professora Jane Gombar ALBERNAZ, Renata Ovenhausen; GOMBAR, Jane;HENKES, Silviana. (orgs). A efetividade do Direito e a vulnerabilidade social.A asitua\u00e7\u00e3o atual da legalidade e da jurisdi\u00e7\u00e3o na supera\u00e7\u00e3o da desigualdade. Pelotas: Editora UFPel, 2014. Jane Gombar; Renata Ovenhausen Albernaz; Silviana Henkes. (Org.). Direitos Sociais e Pol\u00edticas P\u00fablicas. 1ed.Pelotas: Editora da UFPel, 2016. &nbsp; Professor Cl\u00e1uber [&hellip;]<\/p>\n","protected":false},"author":97,"featured_media":0,"parent":238,"menu_order":6,"comment_status":"closed","ping_status":"closed","template":"","meta":{"footnotes":""},"class_list":["post-229","page","type-page","status-publish","hentry"],"_links":{"self":[{"href":"https:\/\/wp.ufpel.edu.br\/gip\/wp-json\/wp\/v2\/pages\/229","targetHints":{"allow":["GET"]}}],"collection":[{"href":"https:\/\/wp.ufpel.edu.br\/gip\/wp-json\/wp\/v2\/pages"}],"about":[{"href":"https:\/\/wp.ufpel.edu.br\/gip\/wp-json\/wp\/v2\/types\/page"}],"author":[{"embeddable":true,"href":"https:\/\/wp.ufpel.edu.br\/gip\/wp-json\/wp\/v2\/users\/97"}],"replies":[{"embeddable":true,"href":"https:\/\/wp.ufpel.edu.br\/gip\/wp-json\/wp\/v2\/comments?post=229"}],"version-history":[{"count":45,"href":"https:\/\/wp.ufpel.edu.br\/gip\/wp-json\/wp\/v2\/pages\/229\/revisions"}],"predecessor-version":[{"id":638,"href":"https:\/\/wp.ufpel.edu.br\/gip\/wp-json\/wp\/v2\/pages\/229\/revisions\/638"}],"up":[{"embeddable":true,"href":"https:\/\/wp.ufpel.edu.br\/gip\/wp-json\/wp\/v2\/pages\/238"}],"wp:attachment":[{"href":"https:\/\/wp.ufpel.edu.br\/gip\/wp-json\/wp\/v2\/media?parent=229"}],"curies":[{"name":"wp","href":"https:\/\/api.w.org\/{rel}","templated":true}]}}