{"id":59,"date":"2016-03-20T22:18:38","date_gmt":"2016-03-21T01:18:38","guid":{"rendered":"https:\/\/wp.ufpel.edu.br\/gilmedeiros\/?page_id=59"},"modified":"2017-11-04T11:48:31","modified_gmt":"2017-11-04T13:48:31","slug":"inicio","status":"publish","type":"page","link":"https:\/\/wp.ufpel.edu.br\/gilmedeiros\/","title":{"rendered":"Apresenta\u00e7\u00e3o"},"content":{"rendered":"<p>Eng. Agr\u00f4nomo pela Universidade Federal de Pelotas (1975),<br \/>\nMestre em Ci\u00eancia da Computa\u00e7\u00e3o pela Universidade Federal do Rio Grande do Sul (1981),<br \/>\nDoutor em Zootecnia pela Universidade Federal de Pelotas (2015).<\/p>\n<p>Professor Associado da Universidade Federal de Pelotas, onde exerceu atividades de ensino, pesquisa e extens\u00e3o de 1976 a 2017 , tendo tamb\u00e9m exercido fun\u00e7\u00f5es de Chefia de Departamentos, Coordena\u00e7\u00e3o de Curso de Gradua\u00e7\u00e3o (Ci\u00eancia da Computa\u00e7\u00e3o), Dire\u00e7\u00e3o de Unidade Acad\u00eamica (IFM\/UFPel) e Membro de Conselhos Superiores (CONSUN e COCEPE).<\/p>\n<p>Tem experi\u00eancia na \u00e1rea de Ci\u00eancia da Computa\u00e7\u00e3o, com \u00eanfase em Software B\u00e1sico, Programa\u00e7\u00e3o e Estruturas de Dados e Desenvolvimento de Aplica\u00e7\u00f5es Cient\u00edficas.<\/p>\n<p>\u00c1reas de interesse e atua\u00e7\u00e3o:<br \/>\nCi\u00eancias Exatas e da Terra \/ Ci\u00eancia da Computa\u00e7\u00e3o \/ Sistemas de Computa\u00e7\u00e3o (Software B\u00e1sico, especialmente Sistemas Operacionais) e Metodologia e T\u00e9cnicas da Computa\u00e7\u00e3o;<br \/>\nCi\u00eancias Agr\u00e1rias \/ Zootecnia \/ Gen\u00e9tica e Melhoramento dos Animais Dom\u00e9sticos (Melhoramento Animal, especialmente Estima\u00e7\u00e3o de Par\u00e2metros Gen\u00e9ticos).<\/p>\n<p>&nbsp;<\/p>\n<p><strong>Contato: \u00a0 <\/strong><span style=\"text-decoration: underline;color: #0000ff\"><em>gil.medeiros @ ufpel . edu . br<\/em><\/span><\/p>\n<p>&nbsp;<\/p>\n","protected":false},"excerpt":{"rendered":"<p>Eng. Agr\u00f4nomo pela Universidade Federal de Pelotas (1975), Mestre em Ci\u00eancia da Computa\u00e7\u00e3o pela Universidade Federal do Rio Grande do Sul (1981), Doutor em Zootecnia pela Universidade Federal de Pelotas (2015). Professor Associado da Universidade Federal de Pelotas, onde exerceu &hellip; <a href=\"https:\/\/wp.ufpel.edu.br\/gilmedeiros\/\">Continue lendo <span class=\"meta-nav\">&rarr;<\/span><\/a><\/p>\n","protected":false},"author":627,"featured_media":0,"parent":0,"menu_order":0,"comment_status":"closed","ping_status":"closed","template":"","meta":{"footnotes":""},"class_list":["post-59","page","type-page","status-publish","hentry"],"_links":{"self":[{"href":"https:\/\/wp.ufpel.edu.br\/gilmedeiros\/wp-json\/wp\/v2\/pages\/59","targetHints":{"allow":["GET"]}}],"collection":[{"href":"https:\/\/wp.ufpel.edu.br\/gilmedeiros\/wp-json\/wp\/v2\/pages"}],"about":[{"href":"https:\/\/wp.ufpel.edu.br\/gilmedeiros\/wp-json\/wp\/v2\/types\/page"}],"author":[{"embeddable":true,"href":"https:\/\/wp.ufpel.edu.br\/gilmedeiros\/wp-json\/wp\/v2\/users\/627"}],"replies":[{"embeddable":true,"href":"https:\/\/wp.ufpel.edu.br\/gilmedeiros\/wp-json\/wp\/v2\/comments?post=59"}],"version-history":[{"count":8,"href":"https:\/\/wp.ufpel.edu.br\/gilmedeiros\/wp-json\/wp\/v2\/pages\/59\/revisions"}],"predecessor-version":[{"id":537,"href":"https:\/\/wp.ufpel.edu.br\/gilmedeiros\/wp-json\/wp\/v2\/pages\/59\/revisions\/537"}],"wp:attachment":[{"href":"https:\/\/wp.ufpel.edu.br\/gilmedeiros\/wp-json\/wp\/v2\/media?parent=59"}],"curies":[{"name":"wp","href":"https:\/\/api.w.org\/{rel}","templated":true}]}}