{"id":34,"date":"2016-03-20T20:08:47","date_gmt":"2016-03-20T23:08:47","guid":{"rendered":"https:\/\/wp.ufpel.edu.br\/gilmedeiros\/?page_id=34"},"modified":"2016-08-17T01:34:42","modified_gmt":"2016-08-17T04:34:42","slug":"progmicro","status":"publish","type":"page","link":"https:\/\/wp.ufpel.edu.br\/gilmedeiros\/disciplinas\/progmicro\/","title":{"rendered":"Prog. de Microcomputadores"},"content":{"rendered":"<hr \/>\n<table style=\"height: 17px\" width=\"624\">\n<tr>\n<td style=\"background-color: #f2f213\">## <em>\u00daltima edi\u00e7\u00e3o da disciplina: 2016\/1<\/em> ##<\/td>\n<\/tr>\n<\/table>\n<p><a href=\"https:\/\/wp.ufpel.edu.br\/gilmedeiros\/files\/2016\/03\/PLE-ProgMicro-2016-1.doc\" rel=\"\">Plano de Ensino<\/a><\/p>\n<p><strong>Links para download:<\/strong><\/p>\n<p style=\"padding-left: 20px\"><a href=\"http:\/\/www.ic.ufal.br\/professor\/jaime\/livros\/Programando com Pascal.pdf\" target=\"_blank\">Livro &#8220;Programando com Pascal (EVARISTO, Jaime)&#8221;<\/a><\/p>\n<p style=\"padding-left: 20px\">Ambiente de Aprendizado de Programa\u00e7\u00e3o: PASCALZIM<br \/>\n\u2022 acesso ao <a href=\"http:\/\/pascalzimbr.blogspot.com.br\/\" target=\"_blank\">site oficial<\/a> (para informa\u00e7\u00e3o e download)<br \/>\n\u2022 acesso local <a href=\"https:\/\/wp.ufpel.edu.br\/gilmedeiros\/files\/2016\/03\/pascalzim603.zip\" rel=\"\">aqui<\/a> (para download da vers\u00e3o 6.03 &#8211; em uso)<br \/>\n\u2022 acesso \u00e0 <a href=\"https:\/\/wp.ufpel.edu.br\/gilmedeiros\/files\/2016\/03\/IntroLingPascal-ZIM.pdf\" target=\"_blank\">Apostila sobre a linguagem e o uso do Ambiente (KOZAK, Dalton)<\/a><\/p>\n<p style=\"text-align: left\"><strong>Listas de exerc\u00edcios: <\/strong><span style=\"color: #ff0000\"><em>dispon\u00edveis nos textos de refer\u00eancia<\/em><\/span><\/p>\n<p><strong>Outros materiais de apoio:<\/strong><\/p>\n<p style=\"padding-left: 20px\"><a href=\"https:\/\/wp.ufpel.edu.br\/gilmedeiros\/files\/2016\/03\/FundInformatica-6-Gil.pdf\" target=\"_blank\" rel=\"\">Slides da aula sobre Introdu\u00e7\u00e3o \u00e0 Computa\u00e7\u00e3o<\/a><br \/>\n<a href=\"https:\/\/wp.ufpel.edu.br\/gilmedeiros\/files\/2016\/04\/Algoritmos-1-Fibonacci.pdf\" target=\"_blank\" rel=\"\">Texto sobre prepara\u00e7\u00e3o de algoritmos (Algoritmos-1-Fibonacci)<\/a><br \/>\n<a href=\"https:\/\/wp.ufpel.edu.br\/gilmedeiros\/files\/2016\/04\/Fibonacci-versoes.zip\">Programa Fibonacci (vers\u00f5es)<\/a><br \/>\n<span style=\"padding-left: 20px;color: #008000\"><strong>\u00bb <\/strong><\/span><a style=\"color: #008000\" href=\"https:\/\/wp.ufpel.edu.br\/gilmedeiros\/files\/2016\/05\/Comentarios-sobre-as-versoes-1.png\"><em>Coment\u00e1rios e destaques<\/em>&#8230;<\/a><br \/>\n<a href=\"https:\/\/wp.ufpel.edu.br\/gilmedeiros\/files\/2016\/04\/Resenha-de-Analise-Aula.pdf\" target=\"_blank\">Texto com an\u00e1lise (solicitada) sobre programa de Equa\u00e7\u00e3o do 2\u00ba grau<\/a><br \/>\n<a href=\"https:\/\/wp.ufpel.edu.br\/gilmedeiros\/files\/2016\/04\/EquacaoSegundoGrau-versoes.zip\">Programa Equa\u00e7\u00e3o do 2\u00ba grau (vers\u00f5es)<\/a><br \/>\n<span style=\"padding-left: 20px;color: #008000\"><strong>\u00bb <\/strong><\/span><a style=\"color: #008000\" href=\"https:\/\/wp.ufpel.edu.br\/gilmedeiros\/files\/2016\/05\/Comentarios-sobre-as-versoes-2.png\"><em>Coment\u00e1rios e destaques<\/em>&#8230;<\/a><\/p>\n<p style=\"padding-left: 20px\"><a href=\"https:\/\/wp.ufpel.edu.br\/gilmedeiros\/files\/2016\/04\/Problema-sobre-Avaliacao-de-Madeiras1.doc\" target=\"_blank\">Problema para trabalho em aula &#8211; Madeiras<\/a><br \/>\n<span style=\"padding-left: 20px;color: #008000\"><strong>\u00bb <\/strong><\/span><a style=\"color: #008000\" href=\"https:\/\/wp.ufpel.edu.br\/gilmedeiros\/files\/2016\/05\/Comentarios-sobre-abordagem-1.png\"><em>Coment\u00e1rios para abordagem inicial<\/em>&#8230;<\/a><br \/>\n<span style=\"padding-left: 20px;color: #008000\"><strong>\u00bb <\/strong><\/span><a style=\"color: #008000\" href=\"https:\/\/wp.ufpel.edu.br\/gilmedeiros\/files\/2016\/05\/Comentarios-sobre-abordagem-2.png\"><em>Coment\u00e1rios para 2\u00aa fase da abordagem<\/em>&#8230;<\/a><br \/>\n<span style=\"padding-left: 20px;color: #008000\"><strong>\u00bb <\/strong><\/span><a style=\"color: #008000\" href=\"https:\/\/wp.ufpel.edu.br\/gilmedeiros\/files\/2016\/05\/Comentarios-sobre-abordagem-3.png\"><em>Coment\u00e1rios para a abordagem final<\/em>&#8230;<\/a><br \/>\n<span style=\"padding-left: 20px;color: #008000\"><strong>\u00bb <\/strong><\/span><a style=\"color: #008000\" href=\"https:\/\/wp.ufpel.edu.br\/gilmedeiros\/files\/2016\/05\/Comentarios-sobre-abordagem-4.png\"><em>Orienta\u00e7\u00f5es para abordagem com arquivos (vers\u00e3o 2)<\/em>&#8230;<\/a><br \/>\n<span style=\"padding-left: 20px;color: #008000\"><strong>\u00bb <\/strong><\/span><a style=\"color: #008000\" href=\"https:\/\/wp.ufpel.edu.br\/gilmedeiros\/files\/2016\/05\/Comentarios-sobre-arquivos-Exemplo.png\"><em>Exemplo de uso de arquivos<\/em>&#8230;<\/a><br \/>\n<a style=\"padding-left: 20px\">\u2666<\/a> Programa feito em aula <a href=\"https:\/\/wp.ufpel.edu.br\/gilmedeiros\/files\/2016\/06\/Madeiras1-versoes-3.zip\" target=\"_blank\">(vers\u00f5es 1-console; 2-arquivo e 3-arrays)<\/a><br \/>\n<a style=\"padding-left: 20px\">\u2666<\/a> Arquivo de dados: <a href=\"https:\/\/wp.ufpel.edu.br\/gilmedeiros\/files\/2016\/05\/PesosMadeiras.zip\">PesosMadeiras.dad<\/a><\/p>\n<p style=\"padding-left: 20px\">Exemplos sobre procedimentos e fun\u00e7\u00f5es:<br \/>\n<span style=\"padding-left: 20px\">\u2666 <\/span><span style=\"color: #ff0000\"><em>ver arquivos do Modelo de Unidades do Trabalho Pr\u00e1tico abaixo<\/em><\/span><\/p>\n<p><strong>Trabalho Pr\u00e1tico em equipe:<\/strong><\/p>\n<table style=\"height: 164px;border-color: #000000\" width=\"643\">\n<tbody>\n<tr>\n<td style=\"border-color: #423747\">\u2022 <a href=\"https:\/\/wp.ufpel.edu.br\/gilmedeiros\/files\/2016\/05\/Problema-para-TP-2016-Madeiras-PMicro.pdf\" target=\"_blank\" rel=\"\">Enunciado<\/a><br \/>\n<a style=\"padding-left: 20px\">\u2666<\/a> Data m\u00e1xima para entrega e apresenta\u00e7\u00e3o: <span style=\"color: #ff0000\"><strong>07\/jul\/2016<\/strong><\/span><br \/>\n<a style=\"padding-left: 20px\">\u2666<\/a> Equipe \u00fanica, 6 componentes<br \/>\n<span style=\"padding-left: 20px;color: #008000\"><strong>\u00bb <\/strong><\/span><a style=\"color: #008000\" href=\"https:\/\/wp.ufpel.edu.br\/gilmedeiros\/files\/2016\/06\/Diagramas-TP-Madeiras.gif\"><em>Diagramas sobre a abordagem inicial do problema<\/em>&#8230;<\/a><br \/>\n\u2022 <a href=\"https:\/\/wp.ufpel.edu.br\/gilmedeiros\/files\/2016\/06\/DadosParaTestesTP-Madeiras.zip\">Arquivos de dados para testes<\/a><br \/>\n\u2022 <a href=\"https:\/\/wp.ufpel.edu.br\/gilmedeiros\/files\/2016\/06\/ModeloDeUnidades-MadeirasRec.zip\">Arquivos de c\u00f3digo com Modelo de Unidades (exemplo)<\/a><\/td>\n<\/tr>\n<\/tbody>\n<\/table>\n<p>&nbsp;<\/p>\n<hr \/>\n<p>&nbsp;<\/p>\n","protected":false},"excerpt":{"rendered":"<p>## \u00daltima edi\u00e7\u00e3o da disciplina: 2016\/1 ## Plano de Ensino Links para download: Livro &#8220;Programando com Pascal (EVARISTO, Jaime)&#8221; Ambiente de Aprendizado de Programa\u00e7\u00e3o: PASCALZIM \u2022 acesso ao site oficial (para informa\u00e7\u00e3o e download) \u2022 acesso local aqui (para download &hellip; <a href=\"https:\/\/wp.ufpel.edu.br\/gilmedeiros\/disciplinas\/progmicro\/\">Continue lendo <span class=\"meta-nav\">&rarr;<\/span><\/a><\/p>\n","protected":false},"author":627,"featured_media":0,"parent":2,"menu_order":0,"comment_status":"closed","ping_status":"closed","template":"onecolumn-page.php","meta":{"footnotes":""},"class_list":["post-34","page","type-page","status-publish","hentry"],"_links":{"self":[{"href":"https:\/\/wp.ufpel.edu.br\/gilmedeiros\/wp-json\/wp\/v2\/pages\/34","targetHints":{"allow":["GET"]}}],"collection":[{"href":"https:\/\/wp.ufpel.edu.br\/gilmedeiros\/wp-json\/wp\/v2\/pages"}],"about":[{"href":"https:\/\/wp.ufpel.edu.br\/gilmedeiros\/wp-json\/wp\/v2\/types\/page"}],"author":[{"embeddable":true,"href":"https:\/\/wp.ufpel.edu.br\/gilmedeiros\/wp-json\/wp\/v2\/users\/627"}],"replies":[{"embeddable":true,"href":"https:\/\/wp.ufpel.edu.br\/gilmedeiros\/wp-json\/wp\/v2\/comments?post=34"}],"version-history":[{"count":77,"href":"https:\/\/wp.ufpel.edu.br\/gilmedeiros\/wp-json\/wp\/v2\/pages\/34\/revisions"}],"predecessor-version":[{"id":41,"href":"https:\/\/wp.ufpel.edu.br\/gilmedeiros\/wp-json\/wp\/v2\/pages\/34\/revisions\/41"}],"up":[{"embeddable":true,"href":"https:\/\/wp.ufpel.edu.br\/gilmedeiros\/wp-json\/wp\/v2\/pages\/2"}],"wp:attachment":[{"href":"https:\/\/wp.ufpel.edu.br\/gilmedeiros\/wp-json\/wp\/v2\/media?parent=34"}],"curies":[{"name":"wp","href":"https:\/\/api.w.org\/{rel}","templated":true}]}}