{"id":2,"date":"2016-03-11T11:46:00","date_gmt":"2016-03-11T11:46:00","guid":{"rendered":"https:\/\/wp.ufpel.edu.br\/gilmedeiros\/?page_id=2"},"modified":"2016-08-08T03:14:02","modified_gmt":"2016-08-08T06:14:02","slug":"disciplinas","status":"publish","type":"page","link":"https:\/\/wp.ufpel.edu.br\/gilmedeiros\/disciplinas\/","title":{"rendered":"Disciplinas"},"content":{"rendered":"<p><strong>Atuais<\/strong><\/p>\n<p><span style=\"padding-left: 20px\"><a href=\"https:\/\/wp.ufpel.edu.br\/gilmedeiros\/disciplinas\/algoprog\/\">Algoritmos e Programa\u00e7\u00e3o<\/a><\/span><\/p>\n<p><strong>Outras ministradas anteriormente<\/strong><\/p>\n<p style=\"padding-left: 20px\"><a href=\"https:\/\/wp.ufpel.edu.br\/gilmedeiros\/disciplinas\/progmicro\/\">Prog. de Microcomputadores<\/a><br \/>\n<em>Fundamentos de Computa\u00e7\u00e3o<br \/>\nIntrodu\u00e7\u00e3o \u00e0 Computa\u00e7\u00e3o<br \/>\nPlanilhas Eletr\u00f4nicas<br \/>\nPrograma\u00e7\u00e3o de Computadores &#8211; Pascal<\/em><\/p>\n<p style=\"padding-left: 20px\"><em>Estrutura de Dados I<br \/>\nIntrodu\u00e7\u00e3o \u00e0 Ci\u00eancia da Computa\u00e7\u00e3o<br \/>\nPrograma\u00e7\u00e3o de Sistemas<br \/>\nPrograma\u00e7\u00e3o I<br \/>\nProjeto de Conclus\u00e3o de Curso<br \/>\nProjetos em Computa\u00e7\u00e3o I<br \/>\nSistemas Operacionais I<br \/>\nSistemas Operacionais II<\/em><\/p>\n<p style=\"padding-left: 20px\"><em>Complementos de Programa\u00e7\u00e3o<br \/>\nIntrodu\u00e7\u00e3o ao Processamento de Dados<br \/>\nPrograma\u00e7\u00e3o de Microcomputadores &#8211; Basic<\/em><\/p>\n<p style=\"padding-left: 20px\"><em>C\u00e1lculo Diferencial e Integral<\/em><\/p>\n<p>&nbsp;<\/p>\n","protected":false},"excerpt":{"rendered":"<p>Atuais Algoritmos e Programa\u00e7\u00e3o Outras ministradas anteriormente Prog. de Microcomputadores Fundamentos de Computa\u00e7\u00e3o Introdu\u00e7\u00e3o \u00e0 Computa\u00e7\u00e3o Planilhas Eletr\u00f4nicas Programa\u00e7\u00e3o de Computadores &#8211; Pascal Estrutura de Dados I Introdu\u00e7\u00e3o \u00e0 Ci\u00eancia da Computa\u00e7\u00e3o Programa\u00e7\u00e3o de Sistemas Programa\u00e7\u00e3o I Projeto de Conclus\u00e3o &hellip; <a href=\"https:\/\/wp.ufpel.edu.br\/gilmedeiros\/disciplinas\/\">Continue lendo <span class=\"meta-nav\">&rarr;<\/span><\/a><\/p>\n","protected":false},"author":627,"featured_media":0,"parent":0,"menu_order":1,"comment_status":"closed","ping_status":"closed","template":"onecolumn-page.php","meta":{"footnotes":""},"class_list":["post-2","page","type-page","status-publish","hentry"],"_links":{"self":[{"href":"https:\/\/wp.ufpel.edu.br\/gilmedeiros\/wp-json\/wp\/v2\/pages\/2","targetHints":{"allow":["GET"]}}],"collection":[{"href":"https:\/\/wp.ufpel.edu.br\/gilmedeiros\/wp-json\/wp\/v2\/pages"}],"about":[{"href":"https:\/\/wp.ufpel.edu.br\/gilmedeiros\/wp-json\/wp\/v2\/types\/page"}],"author":[{"embeddable":true,"href":"https:\/\/wp.ufpel.edu.br\/gilmedeiros\/wp-json\/wp\/v2\/users\/627"}],"replies":[{"embeddable":true,"href":"https:\/\/wp.ufpel.edu.br\/gilmedeiros\/wp-json\/wp\/v2\/comments?post=2"}],"version-history":[{"count":11,"href":"https:\/\/wp.ufpel.edu.br\/gilmedeiros\/wp-json\/wp\/v2\/pages\/2\/revisions"}],"predecessor-version":[{"id":405,"href":"https:\/\/wp.ufpel.edu.br\/gilmedeiros\/wp-json\/wp\/v2\/pages\/2\/revisions\/405"}],"wp:attachment":[{"href":"https:\/\/wp.ufpel.edu.br\/gilmedeiros\/wp-json\/wp\/v2\/media?parent=2"}],"curies":[{"name":"wp","href":"https:\/\/api.w.org\/{rel}","templated":true}]}}