{"id":16,"date":"2016-03-11T16:41:07","date_gmt":"2016-03-11T19:41:07","guid":{"rendered":"https:\/\/wp.ufpel.edu.br\/gilmedeiros\/?page_id=16"},"modified":"2017-11-04T19:47:05","modified_gmt":"2017-11-04T21:47:05","slug":"guaiaca","status":"publish","type":"page","link":"https:\/\/wp.ufpel.edu.br\/gilmedeiros\/guaiaca\/","title":{"rendered":"Guaiaca"},"content":{"rendered":"<hr \/>\n<h1 style=\"text-align: center\"><span style=\"color: #008000\"><strong>Guaiaca<\/strong><\/span><\/h1>\n<h3 style=\"text-align: center\"><span style=\"color: #008000\"><strong>Um cinto de utilidades do pesquisador<br \/>\npara a manipula\u00e7\u00e3o de dados<br \/>\n(coleta, prepara\u00e7\u00e3o e encaminhamento para an\u00e1lises)<\/strong><\/span><\/h3>\n<h4 style=\"text-align: center\"><strong><span style=\"color: #000000\">Dispon\u00edvel mediante solicita\u00e7\u00e3o&#8230;<\/span><\/strong><\/h4>\n<p style=\"text-align: center\"><span style=\"color: #000080\">Contato: Gil Carlos R. Medeiros<\/span><br \/>\n<span style=\"color: #000080\">E-mail: <a style=\"color: #000080\" href=\"mailto:gil.medeiros@ufpel.edu.br\">gil.medeiros@ufpel.edu.br<\/a><\/span><\/p>\n<hr \/>\n","protected":false},"excerpt":{"rendered":"<p>Guaiaca Um cinto de utilidades do pesquisador para a manipula\u00e7\u00e3o de dados (coleta, prepara\u00e7\u00e3o e encaminhamento para an\u00e1lises) Dispon\u00edvel mediante solicita\u00e7\u00e3o&#8230; Contato: Gil Carlos R. Medeiros E-mail: gil.medeiros@ufpel.edu.br<\/p>\n","protected":false},"author":627,"featured_media":0,"parent":0,"menu_order":3,"comment_status":"closed","ping_status":"closed","template":"onecolumn-page.php","meta":{"footnotes":""},"class_list":["post-16","page","type-page","status-publish","hentry"],"_links":{"self":[{"href":"https:\/\/wp.ufpel.edu.br\/gilmedeiros\/wp-json\/wp\/v2\/pages\/16","targetHints":{"allow":["GET"]}}],"collection":[{"href":"https:\/\/wp.ufpel.edu.br\/gilmedeiros\/wp-json\/wp\/v2\/pages"}],"about":[{"href":"https:\/\/wp.ufpel.edu.br\/gilmedeiros\/wp-json\/wp\/v2\/types\/page"}],"author":[{"embeddable":true,"href":"https:\/\/wp.ufpel.edu.br\/gilmedeiros\/wp-json\/wp\/v2\/users\/627"}],"replies":[{"embeddable":true,"href":"https:\/\/wp.ufpel.edu.br\/gilmedeiros\/wp-json\/wp\/v2\/comments?post=16"}],"version-history":[{"count":12,"href":"https:\/\/wp.ufpel.edu.br\/gilmedeiros\/wp-json\/wp\/v2\/pages\/16\/revisions"}],"predecessor-version":[{"id":548,"href":"https:\/\/wp.ufpel.edu.br\/gilmedeiros\/wp-json\/wp\/v2\/pages\/16\/revisions\/548"}],"wp:attachment":[{"href":"https:\/\/wp.ufpel.edu.br\/gilmedeiros\/wp-json\/wp\/v2\/media?parent=16"}],"curies":[{"name":"wp","href":"https:\/\/api.w.org\/{rel}","templated":true}]}}