{"id":2,"date":"2025-04-09T07:48:34","date_gmt":"2025-04-09T10:48:34","guid":{"rendered":"https:\/\/wp.ufpel.edu.br\/gibitecadaufpel\/?page_id=2"},"modified":"2025-06-30T11:43:07","modified_gmt":"2025-06-30T14:43:07","slug":"apresentacao","status":"publish","type":"page","link":"https:\/\/wp.ufpel.edu.br\/gibitecadaufpel\/apresentacao\/","title":{"rendered":"Apresenta\u00e7\u00e3o"},"content":{"rendered":"<p style=\"text-align: justify;\">O projeto de extens\u00e3o &#8220;Gibiteca da UFPel&#8221; tem por objetivo disponibilizar exemplares de revistas de hist\u00f3rias em quadrinhos para a comunidade a partir do acesso e consulta local para leitoras\/es e pesquisadoras\/es interessadas\/os. O acervo da Gibiteca \u00e9 variado, com hist\u00f3rias em quadrinhos de diversos super-her\u00f3is, mang\u00e1s e revistas especializadas. A Gibiteca possui 4.000 exemplares e \u00e9 um acervo aberto, que recebe doa\u00e7\u00f5es em fluxo cont\u00ednuo.<\/p>\n","protected":false},"excerpt":{"rendered":"<p>O projeto de extens\u00e3o &#8220;Gibiteca da UFPel&#8221; tem por objetivo disponibilizar exemplares de revistas de hist\u00f3rias em quadrinhos para a comunidade a partir do acesso e consulta local para leitoras\/es e pesquisadoras\/es interessadas\/os. O acervo da Gibiteca \u00e9 variado, com hist\u00f3rias em quadrinhos de diversos super-her\u00f3is, mang\u00e1s e revistas especializadas. A Gibiteca possui 4.000 exemplares [&hellip;]<\/p>\n","protected":false},"author":1439,"featured_media":0,"parent":0,"menu_order":1,"comment_status":"closed","ping_status":"closed","template":"","meta":{"footnotes":""},"class_list":["post-2","page","type-page","status-publish","hentry"],"_links":{"self":[{"href":"https:\/\/wp.ufpel.edu.br\/gibitecadaufpel\/wp-json\/wp\/v2\/pages\/2","targetHints":{"allow":["GET"]}}],"collection":[{"href":"https:\/\/wp.ufpel.edu.br\/gibitecadaufpel\/wp-json\/wp\/v2\/pages"}],"about":[{"href":"https:\/\/wp.ufpel.edu.br\/gibitecadaufpel\/wp-json\/wp\/v2\/types\/page"}],"author":[{"embeddable":true,"href":"https:\/\/wp.ufpel.edu.br\/gibitecadaufpel\/wp-json\/wp\/v2\/users\/1439"}],"replies":[{"embeddable":true,"href":"https:\/\/wp.ufpel.edu.br\/gibitecadaufpel\/wp-json\/wp\/v2\/comments?post=2"}],"version-history":[{"count":2,"href":"https:\/\/wp.ufpel.edu.br\/gibitecadaufpel\/wp-json\/wp\/v2\/pages\/2\/revisions"}],"predecessor-version":[{"id":29,"href":"https:\/\/wp.ufpel.edu.br\/gibitecadaufpel\/wp-json\/wp\/v2\/pages\/2\/revisions\/29"}],"wp:attachment":[{"href":"https:\/\/wp.ufpel.edu.br\/gibitecadaufpel\/wp-json\/wp\/v2\/media?parent=2"}],"curies":[{"name":"wp","href":"https:\/\/api.w.org\/{rel}","templated":true}]}}