{"id":37,"date":"2020-03-01T14:17:24","date_gmt":"2020-03-01T17:17:24","guid":{"rendered":"https:\/\/wp.ufpel.edu.br\/ghdp\/?page_id=37"},"modified":"2020-03-19T12:19:42","modified_gmt":"2020-03-19T15:19:42","slug":"terms-and-conditions","status":"publish","type":"page","link":"https:\/\/wp.ufpel.edu.br\/ghdp\/terms-and-conditions\/","title":{"rendered":"Terms and Conditions"},"content":{"rendered":"<p><a href=\"http:\/\/creativecommons.org\/licenses\/by-nc-nd\/4.0\/\" rel=\"license\"><img style=\"border-width: 0\" src=\"https:\/\/i.creativecommons.org\/l\/by-nc-nd\/4.0\/88x31.png\" alt=\"Licen\u00e7a Creative Commons\" \/><\/a><br \/>\nEste obra est\u00e1 licenciado com uma Licen\u00e7a <a href=\"http:\/\/creativecommons.org\/licenses\/by-nc-nd\/4.0\/\" rel=\"license\">Creative Commons Atribui\u00e7\u00e3o-N\u00e3oComercial-SemDeriva\u00e7\u00f5es 4.0 Internacional<\/a>.<\/p>\n","protected":false},"excerpt":{"rendered":"<p>Este obra est\u00e1 licenciado com uma Licen\u00e7a Creative Commons Atribui\u00e7\u00e3o-N\u00e3oComercial-SemDeriva\u00e7\u00f5es 4.0 Internacional.<\/p>\n","protected":false},"author":983,"featured_media":0,"parent":0,"menu_order":0,"comment_status":"closed","ping_status":"closed","template":"","meta":{"footnotes":""},"class_list":["post-37","page","type-page","status-publish","hentry"],"jetpack_sharing_enabled":true,"_links":{"self":[{"href":"https:\/\/wp.ufpel.edu.br\/ghdp\/wp-json\/wp\/v2\/pages\/37","targetHints":{"allow":["GET"]}}],"collection":[{"href":"https:\/\/wp.ufpel.edu.br\/ghdp\/wp-json\/wp\/v2\/pages"}],"about":[{"href":"https:\/\/wp.ufpel.edu.br\/ghdp\/wp-json\/wp\/v2\/types\/page"}],"author":[{"embeddable":true,"href":"https:\/\/wp.ufpel.edu.br\/ghdp\/wp-json\/wp\/v2\/users\/983"}],"replies":[{"embeddable":true,"href":"https:\/\/wp.ufpel.edu.br\/ghdp\/wp-json\/wp\/v2\/comments?post=37"}],"version-history":[{"count":2,"href":"https:\/\/wp.ufpel.edu.br\/ghdp\/wp-json\/wp\/v2\/pages\/37\/revisions"}],"predecessor-version":[{"id":126,"href":"https:\/\/wp.ufpel.edu.br\/ghdp\/wp-json\/wp\/v2\/pages\/37\/revisions\/126"}],"wp:attachment":[{"href":"https:\/\/wp.ufpel.edu.br\/ghdp\/wp-json\/wp\/v2\/media?parent=37"}],"curies":[{"name":"wp","href":"https:\/\/api.w.org\/{rel}","templated":true}]}}