{"id":230,"date":"2020-05-13T19:37:56","date_gmt":"2020-05-13T22:37:56","guid":{"rendered":"https:\/\/wp.ufpel.edu.br\/ghdp\/?page_id=230"},"modified":"2020-07-25T22:28:03","modified_gmt":"2020-07-26T01:28:03","slug":"constitutional-court-of-peru","status":"publish","type":"page","link":"https:\/\/wp.ufpel.edu.br\/ghdp\/constitutional-court-of-peru\/","title":{"rendered":"Constitutional Court of Peru"},"content":{"rendered":"<p>&nbsp;<\/p>\n<p style=\"text-align: justify\"><a href=\"https:\/\/tc.gob.pe\/jurisprudencia\/2008\/06534-2006-AA.pdf\">6534-2006-AA\/TC &#8211; Caso Servicio de agua potable.<\/a> Rel. Nadia Iriante Pamo. 15\/11\/2007. Con fecha 7 de abril de 2004 la recurrente, en representaci\u00f3n de su menor hijo, 1 interpone demanda de amparo contra el Servicio de Agua Potable y Alcantarillado de 1 . \/ Lima (Sedapal) y contra el Gerente General Sr. Elmer Rivasplata Mendoza, solicitando &#8221; \u00b7 1 se le restituya el servicio de agua potable en el edificio del Jr. Az\u00e1ngaro N.\u00ba 1045, Dpto. \/ 322, cuyo suministro individual es N. \u00ba 3133978-1 y el suministro principal o global del edificio es N. \u00ba 3133882; por considerar que se lesiona sus derechos a la vida, a su integridad moral, ps\u00edquica y f\u00edsica y a su libre desarrollo y bienestar; a la paz, tranquilidad, al disfrute del tiempo libre, descanso, as\u00ed como a gozar de un ambiente equilibrado y adecuado al desarrollo de la vida; a la protecci\u00f3n de su salud, la del medio familiar y de la comunidad, as\u00ed como el deber de contribuir a su promoci\u00f3n y defensa.<\/p>\n<p style=\"text-align: justify\"><a href=\"https:\/\/www.tc.gob.pe\/jurisprudencia\/2006\/02273-2005-HC.pdf\">02273-2005-PHC\/TC &#8211; Caso: Karen Maluca Quiroz Cabanillas<\/a> &#8211; Rel. Daniel Figallo Rivadeneyra &#8211; 20\/04\/2006.\u00a0Con fecha 9 de febrero de 2005, Karen Ma\u00f1uca Quiroz Cabanillas interpone demanda de h\u00e1beas corpus contra el Jefe del Registro Nacional de Identificaci\u00f3n y Estado Civil (RENIEC), tras considerar que al denegarle el otorgamiento de un duplicado correspondiente a su Documento Nacional de Identidad (DNI) se vulneran sus derechos constitucionales a la vida, a la identidad, a la integridad ps\u00edquica y f\u00edsica, al libre desarrollo y bienestar y a la libertad personal.<\/p>\n<p style=\"text-align: justify\"><a href=\"https:\/\/www.tc.gob.pe\/jurisprudencia\/2006\/00030-2005-AI.pdf\">0030-2005-PI\/TC &#8211; Caso: Barrera Electoral<\/a> &#8211; Rel. Sergio Ramos Lianos &#8211; 02\/02\/2006.\u00a0Demanda de inconstitucionalidad interpuesta por m\u00e1s del 25% del n\u00famero legal de miembros del Congreso de la Rep\u00fablica contra la Ley N.o 28617 -Ley que establece la Barrera Electora.<\/p>\n<p style=\"text-align: justify\"><a href=\"https:\/\/www.tc.gob.pe\/jurisprudencia\/2005\/00019-2005-AI.pdf\">0019-2005-PI\/TC<\/a>&#8211;<a href=\"https:\/\/www.tc.gob.pe\/jurisprudencia\/2009\/01575-2007-HC.pdf\">Resolicio 01575-2007-HC\/TC<\/a> &#8211; \u00a0Caso: Arresto Domiciliario &#8211; Rel. Daniel Figallo Rivandeneyra. 21\/07\/2005. Demanda de inconstitucionalidad interpuesta por m\u00e1s del 25% del n\u00famero legal de miembros d 1 Congreso de la Rep\u00fablica contra el Art\u00edculo \u00danico de la Ley N.O 28568, que modifica el art\u00edculo 47\u00b0 del C\u00f3digo Penal.<\/p>\n<p style=\"text-align: justify\"><a href=\"https:\/\/www.tc.gob.pe\/jurisprudencia\/2005\/00050-2004-AI%2000051-2004-AI%2000004-2005-AI%2000007-2005-AI%2000009-2005-AI.pdf\">0050-2004-AI\/TC, 0051-2004-AI\/TC, 0004-2005-AI\/TC, 0007-2005-AI\/TC &#8211; Caso: Reforma Constitucional Respecto al DL 20530<\/a> &#8211; Rel. Daniel Figallo Rivadeneyra. 03\/06\/2005. Demandas de inconstitucionalidad interpuestas por el Colegio de Abogados de Cusco; por el Colegio de Abogados del Callao; por m\u00e1s de cinco mil ciudadanos con firmas debidamente certificadas por el Registro Nacional de Identificaci\u00f3n y Estado Civil representados por Juan Pe\u00f1a Figueroa, V\u00edctor Lazo C\u00e1rdenas y Adolfo Juan Arbul\u00fa Castro; y, por m\u00e1s de cinco mil ciudadanos con firmas debidamente certificadas por el Registro Nacional de Identificaci\u00f3n y Estado Civil representados por el doctor Carlos Blancas Bustamante, contra las Leyes N\u00b0 28389 Y N\u00b0 28449.<\/p>\n<p style=\"text-align: justify\"><a href=\"https:\/\/www.tc.gob.pe\/jurisprudencia\/2005\/01417-2005-AA.html\">1417-2005-PA\/TC &#8211; Caso: Manuel Anicama Hern\u00e1ndez<\/a> &#8211; Rel. Alva Orlandini -08\/05\/2005. Con fecha 6 de mayo de 2003, el recurrente interpone demanda de amparo contra la Oficina de Normalizaci\u00f3n Previsional (ONP), con el objeto que se declare la nulidad de la Resoluci\u00f3n N.\u00ba 0000041215-2002-ONP\/DC\/DL 19990, de fecha 2 de agosto de 2002, por considerar que vulnera su derecho fundamental a la pensi\u00f3n, toda vez que resolvi\u00f3 denegar su solicitud de pensi\u00f3n de jubilaci\u00f3n adelantada.<\/p>\n<p style=\"text-align: justify\"><a href=\"https:\/\/www.tc.gob.pe\/jurisprudencia\/2005\/00256-2003-HC.html\">0256-2003-HC\/TC &#8211; Caso: Francisco Javier Francia S\u00e1nchez<\/a>. Rel. Garc\u00eda Toma. 21\/04\/2005. El recurrente, con fecha 14 de octubre de 2002, interpone demanda de h\u00e1beas corpus a favor de don Francisco Javier Francia S\u00e1nchez, quien hab\u00eda fallecido a las 14:00 hora de ese d\u00eda, y la dirige contra el director del Hospital Nacional &#8220;Dos de Mayo&#8221;, por haber dispuesto la retenci\u00f3n, en forma arbitraria, del cad\u00e1ver del occiso, hasta que se cancele la suma de S\/. 2,ooo. Alega que ello vulnera el derecho a la dignidad de la persona, y solicita que se ordene la devoluci\u00f3n del cad\u00e1ver.<\/p>\n<p style=\"text-align: justify\"><a href=\"https:\/\/tc.gob.pe\/jurisprudencia\/2005\/00042-2004-AI.pdf\">0042-2004-AI\/TC &#8211; Caso: Espect\u00e1culos Taurinos<\/a> &#8211; Rel. Daniel Figallo Rivadeneyra &#8211; 13\/04\/2005. Demanda de inconstitucionalidad interpuesta por don Luis Alejandro Lobat\u00f3n Donayre y m\u00e1s de cinco mil ciudadanos, contra el art\u00edculo 54\u00b0 del Decreto Legislativo N.o 776, Ley de Tributaci\u00f3n Municipal, modificada por el Decreto Legislativo N.o 952, en cuanto establece que el impuesto a los spect\u00e1culos p\u00fablicos no deportivos grava el monto que se abona por concepto de ingreso a espect\u00e1culos p\u00fablicos no deportivos en locales y parques cerrados con excepci\u00f3n de los espect\u00e1culos en vivo de teatro, zarzuelas, conciertos de m\u00fasica cl\u00e1sica, \u00f3pera, opereta, ballet, circo y folclore nacional, calificados como culturales por el Instituto Nacional de Cultura.<\/p>\n<p style=\"text-align: justify\"><a href=\"https:\/\/www.tc.gob.pe\/jurisprudencia\/2006\/00034-2004-AI.pdf\">0034-2004-AI\/TC &#8211; Caso: Medio Pasaje<\/a> &#8211; Rel. Sergio Ramos Lianos. 15\/02\/2005. Las normas constitucionales referidas a la igualdad ante la ley (inciso 2, art\u00edculo 2\u00b0 de la Constituci\u00f3n), los deberes primordiales del Estado (art\u00edculo 44\u00b0 de la Constituci\u00f3n), rol econ\u00f3mico del Estado (art\u00edculo 59\u00b0 de la Constituci\u00f3n), pluralismo economico (art\u00edculo 60\u00b0 de la Constituci\u00f3n) y libre competencia (art\u00edculo 61 \u00b0 de la Constituci\u00f3n).<\/p>\n<p>&nbsp;<\/p>\n<h3><\/h3>\n","protected":false},"excerpt":{"rendered":"<p>&nbsp; 6534-2006-AA\/TC &#8211; Caso Servicio de agua potable. Rel. Nadia Iriante Pamo. 15\/11\/2007. Con fecha 7 de abril de 2004 la recurrente, en representaci\u00f3n de su menor hijo, 1 interpone demanda de amparo contra el Servicio de Agua Potable y Alcantarillado de 1 . \/ Lima (Sedapal) y contra el Gerente General Sr. Elmer Rivasplata [&hellip;]<\/p>\n","protected":false},"author":983,"featured_media":0,"parent":0,"menu_order":0,"comment_status":"closed","ping_status":"closed","template":"","meta":{"footnotes":""},"class_list":["post-230","page","type-page","status-publish","hentry"],"jetpack_sharing_enabled":true,"_links":{"self":[{"href":"https:\/\/wp.ufpel.edu.br\/ghdp\/wp-json\/wp\/v2\/pages\/230","targetHints":{"allow":["GET"]}}],"collection":[{"href":"https:\/\/wp.ufpel.edu.br\/ghdp\/wp-json\/wp\/v2\/pages"}],"about":[{"href":"https:\/\/wp.ufpel.edu.br\/ghdp\/wp-json\/wp\/v2\/types\/page"}],"author":[{"embeddable":true,"href":"https:\/\/wp.ufpel.edu.br\/ghdp\/wp-json\/wp\/v2\/users\/983"}],"replies":[{"embeddable":true,"href":"https:\/\/wp.ufpel.edu.br\/ghdp\/wp-json\/wp\/v2\/comments?post=230"}],"version-history":[{"count":13,"href":"https:\/\/wp.ufpel.edu.br\/ghdp\/wp-json\/wp\/v2\/pages\/230\/revisions"}],"predecessor-version":[{"id":333,"href":"https:\/\/wp.ufpel.edu.br\/ghdp\/wp-json\/wp\/v2\/pages\/230\/revisions\/333"}],"wp:attachment":[{"href":"https:\/\/wp.ufpel.edu.br\/ghdp\/wp-json\/wp\/v2\/media?parent=230"}],"curies":[{"name":"wp","href":"https:\/\/api.w.org\/{rel}","templated":true}]}}