{"id":205,"date":"2020-04-28T21:54:55","date_gmt":"2020-04-29T00:54:55","guid":{"rendered":"https:\/\/wp.ufpel.edu.br\/ghdp\/?page_id=205"},"modified":"2020-07-25T23:04:43","modified_gmt":"2020-07-26T02:04:43","slug":"european-court-of-human-rights","status":"publish","type":"page","link":"https:\/\/wp.ufpel.edu.br\/ghdp\/european-court-of-human-rights\/","title":{"rendered":"European Court of Human Rights"},"content":{"rendered":"<p>&nbsp;<\/p>\n<p><a href=\"http:\/\/hudoc.echr.coe.int\/eng?i=001-155352\">CASE OF LAMBERT AND OTHERS v. FRANCE<\/a>\u00a0&#8211; Grand Chamber of the European Court of Human Rights (Application no. 46043\/14)<\/p>\n<p><a href=\"http:\/\/hudoc.echr.coe.int\/eng?i=001-179556\">CASE OF LOPES DE SOUSA FERNANDES v. PORTUGAL<\/a>\u00a0&#8211; Grand Chamber of the European Court of Human Rights (Application no. 56080\/13)<\/p>\n<p><a href=\"http:\/\/hudoc.echr.coe.int\/eng?i=001-157263\">CASE OF PARRILLO v. ITALY<\/a>\u00a0 &#8211; Grand Chamber of the European Court of Human Rights (Application no. 46470\/11)<\/p>\n<p><a href=\"http:\/\/hudoc.echr.coe.int\/eng?i=001-112322\">CASE OF \u0110OR\u0110EVI\u0106 v. CROATIA<\/a>\u00a0&#8211; First Section of the European Court of Human Rights (Application no. 41526\/10)<\/p>\n<p><a href=\"http:\/\/hudoc.echr.coe.int\/eng?i=001-115621\">CASE OF EL-MASRI v. THE FORMER YUGOSLAV REPUBLIC OF MACEDONIA<\/a>\u00a0&#8211; Grand Chamber of the European Court of Human Rights (Application no. 39630\/09)<\/p>\n<p><a href=\"http:\/\/hudoc.echr.coe.int\/eng?i=001-155105\">CASE OF DELFI AS v. ESTONIA<\/a>\u00a0&#8211; Grand Chamber of the European Court of Human Rights (Application no. 64569\/09)<\/p>\n<p><a href=\"http:\/\/hudoc.echr.coe.int\/eng?i=001-150234\">CASE OF ELBERTE v. LATVIA<\/a>\u00a0&#8211; Fourth Section of the European Court of Human Rights (Application no. 61243\/08)<\/p>\n<p><a href=\"http:\/\/hudoc.echr.coe.int\/eng?i=001-158235\">CASE OF PER\u0130N\u00c7EK v. SWITZERLAND<\/a>\u00a0 &#8211; Grand Chamber of the European Court of Human Rights (Application no. 27510\/08)<\/p>\n<p><a href=\"http:\/\/hudoc.echr.coe.int\/eng?i=001-107364\">CASE OF V.C. v. SLOVAKI<\/a>A &#8211; Former Section IV of the European Court of Human Rights (Application no. 18968\/07)<\/p>\n<p><a href=\"http:\/\/hudoc.echr.coe.int\/eng?i=001-145546\">CASE OF GEORGIA v. RUSSIA<\/a> (I) &#8211; Grand Chamber of the European Court of Human Rights (Application no. 13255\/07)<\/p>\n<p><a href=\"http:\/\/hudoc.echr.coe.int\/eng?i=001-85019\">CASE OF KAFKARIS v. CYPRUS<\/a>\u00a0&#8211; Grand Chamber of the European Court of Human Rights (Application no. 21906\/04)<\/p>\n<p><a href=\"http:\/\/hudoc.echr.coe.int\/eng?i=001-69891\">CASE OF SILIADIN v. FRANCE<\/a>\u00a0&#8211; Second Section of the European Court of Human Rights (Application no. 73316\/01)<\/p>\n<p><a href=\"http:\/\/hudoc.echr.coe.int\/eng?i=001-83256\">CASE OF D.H. AND OTHERS v. THE CZECH REPUBLIC<\/a>\u00a0 &#8211; Grand Chamber of the European Court of Human Rights (Application no. 57325\/00)<\/p>\n<p><a href=\"http:\/\/hudoc.echr.coe.int\/eng?i=001-76169\">CASE OF RAMIREZ SANCHEZ v. FRANCE<\/a>\u00a0&#8211; Grand Chamber of the European Court of Human Rights (Application no. 59450\/00)<\/p>\n<p><a href=\"http:\/\/hudoc.echr.coe.int\/eng?i=001-60596\">CASE OF CHRISTINE GOODWIN v. THE UNITED KINGDOM<\/a>\u00a0&#8211; Grand Chamber of the European Court of Human Rights (Application no. 28957\/95)<\/p>\n<p>&nbsp;<\/p>\n","protected":false},"excerpt":{"rendered":"<p>&nbsp; CASE OF LAMBERT AND OTHERS v. FRANCE\u00a0&#8211; Grand Chamber of the European Court of Human Rights (Application no. 46043\/14) CASE OF LOPES DE SOUSA FERNANDES v. PORTUGAL\u00a0&#8211; Grand Chamber of the European Court of Human Rights (Application no. 56080\/13) CASE OF PARRILLO v. ITALY\u00a0 &#8211; Grand Chamber of the European Court of Human Rights [&hellip;]<\/p>\n","protected":false},"author":983,"featured_media":0,"parent":0,"menu_order":0,"comment_status":"closed","ping_status":"closed","template":"","meta":{"footnotes":""},"class_list":["post-205","page","type-page","status-publish","hentry"],"jetpack_sharing_enabled":true,"_links":{"self":[{"href":"https:\/\/wp.ufpel.edu.br\/ghdp\/wp-json\/wp\/v2\/pages\/205","targetHints":{"allow":["GET"]}}],"collection":[{"href":"https:\/\/wp.ufpel.edu.br\/ghdp\/wp-json\/wp\/v2\/pages"}],"about":[{"href":"https:\/\/wp.ufpel.edu.br\/ghdp\/wp-json\/wp\/v2\/types\/page"}],"author":[{"embeddable":true,"href":"https:\/\/wp.ufpel.edu.br\/ghdp\/wp-json\/wp\/v2\/users\/983"}],"replies":[{"embeddable":true,"href":"https:\/\/wp.ufpel.edu.br\/ghdp\/wp-json\/wp\/v2\/comments?post=205"}],"version-history":[{"count":4,"href":"https:\/\/wp.ufpel.edu.br\/ghdp\/wp-json\/wp\/v2\/pages\/205\/revisions"}],"predecessor-version":[{"id":336,"href":"https:\/\/wp.ufpel.edu.br\/ghdp\/wp-json\/wp\/v2\/pages\/205\/revisions\/336"}],"wp:attachment":[{"href":"https:\/\/wp.ufpel.edu.br\/ghdp\/wp-json\/wp\/v2\/media?parent=205"}],"curies":[{"name":"wp","href":"https:\/\/api.w.org\/{rel}","templated":true}]}}