{"id":184,"date":"2020-04-28T09:39:39","date_gmt":"2020-04-28T12:39:39","guid":{"rendered":"https:\/\/wp.ufpel.edu.br\/ghdp\/?page_id=184"},"modified":"2020-06-30T20:45:41","modified_gmt":"2020-06-30T23:45:41","slug":"federal-supreme-court-of-brazil","status":"publish","type":"page","link":"https:\/\/wp.ufpel.edu.br\/ghdp\/federal-supreme-court-of-brazil\/","title":{"rendered":"Federal Supreme Court of Brazil"},"content":{"rendered":"<p>The Federal Supreme Court of Brazil decision bellow deal with, somehow, human dignity.<\/p>\n<p><a href=\"http:\/\/redir.stf.jus.br\/paginadorpub\/paginador.jsp?docTP=AC&amp;docID=627428\">ARE n. 639.337 AgR\/SP &#8211; Recurso Extraordin\u00e1rio com Agravo (Rel. Min. Celso de Mello &#8211; Segunda Turma &#8211; Julgamento: 23\/08\/2011)<\/a>. Atendimento em creche e pr\u00e9-escola de crian\u00e7a at\u00e9 5 anos de idade.<\/p>\n<p><a href=\"http:\/\/redir.stf.jus.br\/paginadorpub\/paginador.jsp?docTP=AC&amp;docID=628634\">ADI n. 1.856\/RJ &#8211; \u00a0A\u00e7\u00e3o Direita de Inconstitucionalidade (Rel. Min. Celso de Mello &#8211; Tribunal Pleno &#8211; Julgamento: 26\/05\/2011)<\/a>. Briga de Galo. Legisla\u00e7\u00e3o Estadual.<\/p>\n<p><a href=\"http:\/\/redir.stf.jus.br\/paginadorpub\/paginador.jsp?docTP=AC&amp;docID=626839\">AO n. 1.390\/PB &#8211; A\u00e7\u00e3o Origin\u00e1ria (Rel. Min. Dias Toffoli &#8211; Tribunal Pleno &#8211; Julgamento: 12\/05\/2011)<\/a>. Liberdade de express\u00e3o limitada pelos direitos \u00e0 honra, \u00e0 intimidade e \u00e0 imagem, cuja viola\u00e7\u00e3o gera dano moral. Pessoas P\u00fablicas.<\/p>\n<p><a href=\"http:\/\/redir.stf.jus.br\/paginadorpub\/paginador.jsp?docTP=AC&amp;docID=628633\">ADPF 132\/RJ &#8211; Rio de Janeiro Argui\u00e7\u00e3o de Descumprimento de Preceito Fundamental (Relator: Min. Carlos Britto &#8211; Tribunal Pleno &#8211; Julgamento: 05\/05\/2011)<\/a>. Uni\u00e3o Homoafetiva e seu reconhecimento como instituto jur\u00eddico<\/p>\n<p><a href=\"https:\/\/jurisprudencia.stf.jus.br\/pages\/search\/despacho140511\/false\">STA n. 316\/SC &#8211; Suspens\u00e3o de Tutela Antecipada (Rel. Min. Gilmar Mendes &#8211; Decis\u00e3o do Min. Presidente: 26\/04\/2010)<\/a>. Fornecimento de medicamentos.<\/p>\n<p><a href=\"http:\/\/redir.stf.jus.br\/paginadorpub\/paginador.jsp?docTP=AC&amp;docID=611531\">HC n. 98.067\/RS &#8211; Habeas Corpus (Rel. Min. Marco Aur\u00e9lio &#8211; Primeira Turma &#8211; Julgamento: 06\/04\/2010)<\/a>. Preso. Sa\u00eddas Tempor\u00e1rias.<\/p>\n<p><a href=\"http:\/\/redir.stf.jus.br\/paginadorpub\/paginador.jsp?docTP=AC&amp;docID=610281\">HC n. 98.579\/SP &#8211; Habeas Corpus (Rel. Min. Ellen Gracie &#8211; Segunda Turma &#8211; Julgamento: 23\/03\/2010)<\/a>. Pris\u00e3o Cautelar. Dura\u00e7\u00e3o Irrazo\u00e1vel sem causa leg\u00edtima.<\/p>\n<p><a href=\"http:\/\/redir.stf.jus.br\/paginadorpub\/paginador.jsp?docTP=AC&amp;docID=606537\">HC n. 99.652\/RS &#8211; Habeas Corpus (Rel. Min. Carlos Britto &#8211; Primeira Turma &#8211; Julgamento: 03\/11\/2009)<\/a>. Livramento Condicional. Suspens\u00e3o. Pr\u00e1tica de no crime durante o per\u00edodo de prova. Absolvi\u00e7\u00e3o transitada em julgado.<\/p>\n<p><a href=\"http:\/\/redir.stf.jus.br\/paginadorpub\/paginador.jsp?docTP=AC&amp;docID=605411\">ADPF 130\/DF &#8211; Distrito Federal Argui\u00e7\u00e3o de Descumprimento de Preceito Fundamental (Relator: Min. Carlos Britto &#8211; Tribunal Pleno &#8211; Julgamento: 30\/04\/2009)<\/a>. Recep\u00e7\u00e3o constitucional da Lei de Imprensa, regime constitucional da &#8220;liberdade de informa\u00e7\u00e3o jornal\u00edstica&#8221;, express\u00e3o sin\u00f4nima de liberdade de imprensa.<\/p>\n<p><a href=\"http:\/\/redir.stf.jus.br\/paginadorpub\/paginador.jsp?docTP=AC&amp;docID=630133\">Pet. n. 3388\/RR &#8211; A\u00e7\u00e3o Popular (Rel. Min. Carlos Britto &#8211; Tribunal Pleno &#8211; Julgamento: 19\/03\/2009)<\/a>.Demarca\u00e7\u00e3o da terra Ind\u00edgena Raposa Serra do Sol.<\/p>\n<p><a href=\"http:\/\/redir.stf.jus.br\/paginadorpub\/paginador.jsp?docTP=AC&amp;docID=555557\">HC n. 93.782\/RS &#8211; Habeas Corpus (Rel. Min. Ricardo Lewandowski &#8211; Primeira Turma &#8211; Julgamento: 16\/09\/2008)<\/a>. Regress\u00e3o de Regime Prisional. Falta Grave. Fato Definido como Crime.<\/p>\n<p><a href=\"http:\/\/redir.stf.jus.br\/paginadorpub\/paginador.jsp?docTP=AC&amp;docID=570157\">HC n. 91.952\/SP &#8211; Habeas Corpus (Rel. Min. Marco Aur\u00e9lio &#8211; Tribunal Pleno &#8211; Julgamento: 07\/08\/2008)<\/a>. Utiliza\u00e7\u00e3o de uso de algemas.<\/p>\n<p><a href=\"http:\/\/redir.stf.jus.br\/paginadorpub\/paginador.jsp?docTP=AC&amp;docID=546049\">HC n. 90.125\/RS &#8211; Habeas Corpus (Rel. Min. Ellen Gracie &#8211; Segunda Turma &#8211; Julgamento: 24\/06\/2008)<\/a>. Uso de subst\u00e2ncias entorpecentes. Princ\u00edpio da insignific\u00e2ncia. Aplica\u00e7\u00e3o no \u00e2mbito militar.<\/p>\n<div class=\"action-buttons\">\n<div class=\"mat-checkbox-inner-container mat-checkbox-inner-container-no-side-margin\">\n<div class=\"mat-ripple mat-checkbox-ripple mat-focus-indicator\">\n<div class=\"mat-ripple-element mat-checkbox-persistent-ripple\"><a href=\"http:\/\/redir.stf.jus.br\/paginadorpub\/paginador.jsp?docTP=AC&amp;docID=611723\">ADI 3510\/DF &#8211; Distrito Federal A\u00e7\u00e3o Direta de Inconstitucionalidade (Relator: Min. Ayres Britto &#8211; Tribunal Pleno &#8211; Julgamento: 29\/05\/2008)<\/a>\u00a0Impugna\u00e7\u00e3o em Bloco do Art. 5 da Lei n. 11.105, de 24 de mar\u00e7o de 2005 \u00a0&#8211; Lei de Biosseguran\u00e7a &#8211; Pesquisas com c\u00e9lulas tronco embrion\u00e1rias<\/div>\n<\/div>\n<\/div>\n<\/div>\n<p><a href=\"http:\/\/redir.stf.jus.br\/paginadorpub\/paginador.jsp?docTP=AC&amp;docID=555517\">ADI 2649\/DF &#8211; Distrito Federal A\u00e7\u00e3o Direita de Inconstitucionalidade (Relatora: Min. C\u00e1rmen L\u00facia &#8211; Tribunal Pleno &#8211; Julgamento: 08\/05\/2008).<\/a>\u00a0Constitucionalidade da Lei n. 8.899, de 29 de junho de 1994, que concede passe livre \u00e0s pessoas portadoras de defici\u00eancia<\/p>\n<p><a href=\"http:\/\/redir.stf.jus.br\/paginadorpub\/paginador.jsp?docTP=AC&amp;docID=402410\">HC n. 86000\/PE &#8211; Habeas Corpus (Rel. Min. Gilmar Mendes &#8211; Segunda Turma &#8211; Julgamento: 12\/12\/2006)<\/a>. Afastamento de Magistrado do Cargo. In\u00e9pcia da den\u00fancia.<\/p>\n<p><a href=\"http:\/\/redir.stf.jus.br\/paginadorpub\/paginador.jsp?docTP=AC&amp;docID=570361\">HC n. 398.041\/PA &#8211; Habeas Corpus (Rel. Min. Joaquim Barbosa &#8211; Tribunal Pleno &#8211; Julgamento: 30\/11\/2006)<\/a>. Art. 149 do C\u00f3digo Penal. Redu\u00e7\u00e3o \u00e0 condi\u00e7\u00e3o an\u00e1loga \u00e0 de escravo. Trabalho escravo.<\/p>\n<p><a href=\"http:\/\/redir.stf.jus.br\/paginadorpub\/paginador.jsp?docTP=AC&amp;docID=385968\">HC n. 89.176\/PR &#8211; Habeas Corpus (Rel. Min. Gilmar Mendes &#8211; Segunda Turma &#8211; Julgamento: 22\/08\/2006)<\/a>. Tribunal Superior Militar. Falta de intima\u00e7\u00e3o pessoal do Defensor publico, ou mesmo do dativo, para julgamento do recurso criminal interposto pelo Minist\u00e9rio P\u00fablico Militar.<\/p>\n<p><a href=\"http:\/\/redir.stf.jus.br\/paginadorpub\/paginador.jsp?docTP=AC&amp;docID=79846\">HC n. 85.327\/SP &#8211; Habeas Corpus (Rel. Min. Gilmar Mendes &#8211; Segunda Turma &#8211; Julgamento: 15\/08\/2006)<\/a>. Crime contra ordem tribut\u00e1ria. Aus\u00eancia de justa causa para a\u00e7\u00e3o penal.<\/p>\n<p><a href=\"http:\/\/redir.stf.jus.br\/paginadorpub\/paginador.jsp?docTP=AC&amp;docID=79652\">HC n. 84.768\/PE &#8211; Habeas Corpus (Rel. Min. Ellen Gracie &#8211; Segunda Turma &#8211; Julgamento: 08\/03\/2005<\/a>. Constrangimento Ilegal. Den\u00fancia Gen\u00e9rica.<\/p>\n<p><a href=\"http:\/\/redir.stf.jus.br\/paginadorpub\/paginador.jsp?docTP=AC&amp;docID=79335\">HC n. 83.358\/SP &#8211; Habeas Corpus (Rel. Min. Carlos Britto &#8211; Primeira Turma &#8211; Julgamento: 04\/05\/2004)<\/a>. Idoso condenado por atentado violento ao pudor. Pretens\u00e3o de transfer\u00eancia para pris\u00e3o domiciliar em raz\u00e3o do prec\u00e1rio estado de sa\u00fade do detento.<\/p>\n<p><a href=\"http:\/\/redir.stf.jus.br\/paginadorpub\/paginador.jsp?docTP=AC&amp;docID=78158\">HC n. 79.812\/SP &#8211; Habeas Corpus (Rel. Min. Celso de Mello &#8211; Tribunal Pleno &#8211; Julgamento: 08\/11\/2000)<\/a>. Privil\u00e9gio contra a auto-incrimina\u00e7\u00e3o.<\/p>\n<p><a href=\"http:\/\/redir.stf.jus.br\/paginadorpub\/paginador.jsp?docTP=AC&amp;docID=73066\">HC n. 71.373\/RS &#8211; Habeas Corpus (Rel. Min. Francisco Rezek &#8211; Tribunal Pleno &#8211; Julgamento: 10\/11\/94)<\/a>. Investiga\u00e7\u00e3o de paternidade. Exame de DNA. Condu\u00e7\u00e3o do r\u00e9u &#8220;debaixo de vara&#8221;.<\/p>\n<p><a href=\"http:\/\/redir.stf.jus.br\/paginadorpub\/paginador.jsp?docTP=AC&amp;docID=72400\">HC n. 70389\/SP &#8211; Habeas Corpus (Redator: Min. Celso de Mello &#8211; Tribunal Pleno &#8211; Julgamento: 23\/06\/1994)<\/a>. Tortura contra crian\u00e7a ou adolescente.<\/p>\n<p>&nbsp;<\/p>\n<p>&nbsp;<\/p>\n<p>&nbsp;<\/p>\n<p>&nbsp;<\/p>\n<p>&nbsp;<\/p>\n<p>&nbsp;<\/p>\n<p>&nbsp;<\/p>\n<p>&nbsp;<\/p>\n<p>&nbsp;<\/p>\n<p>&nbsp;<\/p>\n<p>&nbsp;<\/p>\n","protected":false},"excerpt":{"rendered":"<p>The Federal Supreme Court of Brazil decision bellow deal with, somehow, human dignity. ARE n. 639.337 AgR\/SP &#8211; Recurso Extraordin\u00e1rio com Agravo (Rel. Min. Celso de Mello &#8211; Segunda Turma &#8211; Julgamento: 23\/08\/2011). Atendimento em creche e pr\u00e9-escola de crian\u00e7a at\u00e9 5 anos de idade. ADI n. 1.856\/RJ &#8211; \u00a0A\u00e7\u00e3o Direita de Inconstitucionalidade (Rel. Min. [&hellip;]<\/p>\n","protected":false},"author":983,"featured_media":0,"parent":0,"menu_order":0,"comment_status":"closed","ping_status":"closed","template":"","meta":{"footnotes":""},"class_list":["post-184","page","type-page","status-publish","hentry"],"jetpack_sharing_enabled":true,"_links":{"self":[{"href":"https:\/\/wp.ufpel.edu.br\/ghdp\/wp-json\/wp\/v2\/pages\/184","targetHints":{"allow":["GET"]}}],"collection":[{"href":"https:\/\/wp.ufpel.edu.br\/ghdp\/wp-json\/wp\/v2\/pages"}],"about":[{"href":"https:\/\/wp.ufpel.edu.br\/ghdp\/wp-json\/wp\/v2\/types\/page"}],"author":[{"embeddable":true,"href":"https:\/\/wp.ufpel.edu.br\/ghdp\/wp-json\/wp\/v2\/users\/983"}],"replies":[{"embeddable":true,"href":"https:\/\/wp.ufpel.edu.br\/ghdp\/wp-json\/wp\/v2\/comments?post=184"}],"version-history":[{"count":24,"href":"https:\/\/wp.ufpel.edu.br\/ghdp\/wp-json\/wp\/v2\/pages\/184\/revisions"}],"predecessor-version":[{"id":281,"href":"https:\/\/wp.ufpel.edu.br\/ghdp\/wp-json\/wp\/v2\/pages\/184\/revisions\/281"}],"wp:attachment":[{"href":"https:\/\/wp.ufpel.edu.br\/ghdp\/wp-json\/wp\/v2\/media?parent=184"}],"curies":[{"name":"wp","href":"https:\/\/api.w.org\/{rel}","templated":true}]}}