{"id":33,"date":"2019-10-22T20:12:23","date_gmt":"2019-10-22T23:12:23","guid":{"rendered":"https:\/\/wp.ufpel.edu.br\/geuam\/?page_id=33"},"modified":"2020-05-18T10:23:29","modified_gmt":"2020-05-18T13:23:29","slug":"linha-de-interesse","status":"publish","type":"page","link":"https:\/\/wp.ufpel.edu.br\/geuam\/linha-de-interesse\/","title":{"rendered":"Linha de Interesse"},"content":{"rendered":"<h3>Linhas de Interesse<\/h3>\n<p>1. Plantas medicinais: usos tradicionais e fonte para o desenvolvimento de medicamentos e fitoter\u00e1picos.<\/p>\n<p>2. Acesso aos medicamentos atrav\u00e9s da via judicial.<\/p>\n<p>3. Ades\u00e3o ao tratamento.<\/p>\n<p>4. Assist\u00eancia Farmac\u00eautica.<\/p>\n","protected":false},"excerpt":{"rendered":"<p>Linhas de Interesse 1. Plantas medicinais: usos tradicionais e fonte para o desenvolvimento de medicamentos e fitoter\u00e1picos. 2. Acesso aos medicamentos atrav\u00e9s da via judicial. 3. Ades\u00e3o ao tratamento. 4. Assist\u00eancia Farmac\u00eautica.<\/p>\n","protected":false},"author":962,"featured_media":0,"parent":0,"menu_order":0,"comment_status":"closed","ping_status":"closed","template":"","meta":{"footnotes":""},"class_list":["post-33","page","type-page","status-publish","hentry"],"_links":{"self":[{"href":"https:\/\/wp.ufpel.edu.br\/geuam\/wp-json\/wp\/v2\/pages\/33","targetHints":{"allow":["GET"]}}],"collection":[{"href":"https:\/\/wp.ufpel.edu.br\/geuam\/wp-json\/wp\/v2\/pages"}],"about":[{"href":"https:\/\/wp.ufpel.edu.br\/geuam\/wp-json\/wp\/v2\/types\/page"}],"author":[{"embeddable":true,"href":"https:\/\/wp.ufpel.edu.br\/geuam\/wp-json\/wp\/v2\/users\/962"}],"replies":[{"embeddable":true,"href":"https:\/\/wp.ufpel.edu.br\/geuam\/wp-json\/wp\/v2\/comments?post=33"}],"version-history":[{"count":5,"href":"https:\/\/wp.ufpel.edu.br\/geuam\/wp-json\/wp\/v2\/pages\/33\/revisions"}],"predecessor-version":[{"id":158,"href":"https:\/\/wp.ufpel.edu.br\/geuam\/wp-json\/wp\/v2\/pages\/33\/revisions\/158"}],"wp:attachment":[{"href":"https:\/\/wp.ufpel.edu.br\/geuam\/wp-json\/wp\/v2\/media?parent=33"}],"curies":[{"name":"wp","href":"https:\/\/api.w.org\/{rel}","templated":true}]}}