{"id":23,"date":"2019-10-22T20:04:44","date_gmt":"2019-10-22T23:04:44","guid":{"rendered":"https:\/\/wp.ufpel.edu.br\/geuam\/?page_id=23"},"modified":"2019-10-22T20:04:44","modified_gmt":"2019-10-22T23:04:44","slug":"apresentacao","status":"publish","type":"page","link":"https:\/\/wp.ufpel.edu.br\/geuam\/apresentacao\/","title":{"rendered":"Apresenta\u00e7\u00e3o"},"content":{"rendered":"<h3>Apresenta\u00e7\u00e3o e Objetivos:<\/h3>\n<p>O GEUAM busca realizar a\u00e7\u00f5es de ensino, extens\u00e3o e pesquisa sobre o acesso e o uso de medicamentos atrav\u00e9s da observa\u00e7\u00e3o, discuss\u00e3o, an\u00e1lise de dados e difus\u00e3o de conhecimentos gerados sobre o assunto. O principal interesse do grupo \u00e9 a abordagem hist\u00f3rica, social, tradicional, farmacol\u00f3gica e cl\u00ednica do uso de medicamentos, fitoter\u00e1picos ou n\u00e3o fitoter\u00e1picos, assim como de formula\u00e7\u00f5es naturais e tradicionais.<\/p>\n<p>&nbsp;<\/p>\n","protected":false},"excerpt":{"rendered":"<p>Apresenta\u00e7\u00e3o e Objetivos: O GEUAM busca realizar a\u00e7\u00f5es de ensino, extens\u00e3o e pesquisa sobre o acesso e o uso de medicamentos atrav\u00e9s da observa\u00e7\u00e3o, discuss\u00e3o, an\u00e1lise de dados e difus\u00e3o de conhecimentos gerados sobre o assunto. O principal interesse do grupo \u00e9 a abordagem hist\u00f3rica, social, tradicional, farmacol\u00f3gica e cl\u00ednica do uso de medicamentos, fitoter\u00e1picos [&hellip;]<\/p>\n","protected":false},"author":962,"featured_media":0,"parent":0,"menu_order":0,"comment_status":"closed","ping_status":"closed","template":"","meta":{"footnotes":""},"class_list":["post-23","page","type-page","status-publish","hentry"],"_links":{"self":[{"href":"https:\/\/wp.ufpel.edu.br\/geuam\/wp-json\/wp\/v2\/pages\/23","targetHints":{"allow":["GET"]}}],"collection":[{"href":"https:\/\/wp.ufpel.edu.br\/geuam\/wp-json\/wp\/v2\/pages"}],"about":[{"href":"https:\/\/wp.ufpel.edu.br\/geuam\/wp-json\/wp\/v2\/types\/page"}],"author":[{"embeddable":true,"href":"https:\/\/wp.ufpel.edu.br\/geuam\/wp-json\/wp\/v2\/users\/962"}],"replies":[{"embeddable":true,"href":"https:\/\/wp.ufpel.edu.br\/geuam\/wp-json\/wp\/v2\/comments?post=23"}],"version-history":[{"count":2,"href":"https:\/\/wp.ufpel.edu.br\/geuam\/wp-json\/wp\/v2\/pages\/23\/revisions"}],"predecessor-version":[{"id":26,"href":"https:\/\/wp.ufpel.edu.br\/geuam\/wp-json\/wp\/v2\/pages\/23\/revisions\/26"}],"wp:attachment":[{"href":"https:\/\/wp.ufpel.edu.br\/geuam\/wp-json\/wp\/v2\/media?parent=23"}],"curies":[{"name":"wp","href":"https:\/\/api.w.org\/{rel}","templated":true}]}}