{"id":19,"date":"2019-10-22T19:57:15","date_gmt":"2019-10-22T22:57:15","guid":{"rendered":"https:\/\/wp.ufpel.edu.br\/geuam\/?page_id=19"},"modified":"2026-03-09T11:29:07","modified_gmt":"2026-03-09T14:29:07","slug":"membros","status":"publish","type":"page","link":"https:\/\/wp.ufpel.edu.br\/geuam\/membros\/","title":{"rendered":"Equipe"},"content":{"rendered":"<h4 style=\"text-align: center;\">Docentes da UFPel:<\/h4>\n<p><a href=\"https:\/\/institucional.ufpel.edu.br\/servidores\/id\/32157\" target=\"_blank\" rel=\"noopener noreferrer\">Professor Dr. Claiton Leoneti Lencina<\/a><\/p>\n<p><a href=\"https:\/\/institucional.ufpel.edu.br\/servidores\/id\/170943\" target=\"_blank\" rel=\"noopener noreferrer\">Professor Dr. Paulo Maximiliano Corr\u00eaa<\/a><\/p>\n<h4 style=\"text-align: center;\">Discentes<\/h4>\n<p><strong>Integrantes:<\/strong><\/p>\n<p>Adrize M Rivaroli<\/p>\n<p>Luana R. Klug<\/p>\n<p>Paulo Emanuel Vieira<\/p>\n<p>Cassia Flores da Silva<\/p>\n<p>Ludmila Feij\u00f3<\/p>\n<p>Carolina Iribarrem<\/p>\n<p>&nbsp;<\/p>\n<p><strong>Ex-integrantes discentes:<\/strong><\/p>\n<p>Eduarda R. Rivero<\/p>\n<p>J\u00falia Hinschinck<\/p>\n<p>Juliana Moraes<\/p>\n<p>Leonardo C. Franceschi<\/p>\n<p>Lizandra S. Santos<\/p>\n<p>Maur\u00edcio Am\u00e2ncio Filho<\/p>\n<p>Camila Sim\u00f5es Pires<\/p>\n<p>Caroline Garcia Castro<\/p>\n<p>J\u00e9ssica dos Santos Rios<\/p>\n<p>Mariana Luiza M\u00e2nica<\/p>\n<p>T\u00e1cia K. Hall<\/p>\n<p>Jeanifer Teixeira Camacho<\/p>\n<p>Luane Berwaldt<\/p>\n<p>Yago Mota<\/p>\n<p>Luiza Pozada<\/p>\n<p>Morgana Mensh<\/p>\n<p>Sergio Razera<\/p>\n<p>&#8230;&#8230;.<\/p>\n","protected":false},"excerpt":{"rendered":"<p>Docentes da UFPel: Professor Dr. Claiton Leoneti Lencina Professor Dr. Paulo Maximiliano Corr\u00eaa Discentes Integrantes: Adrize M Rivaroli Luana R. Klug Paulo Emanuel Vieira Cassia Flores da Silva Ludmila Feij\u00f3 Carolina Iribarrem &nbsp; Ex-integrantes discentes: Eduarda R. Rivero J\u00falia Hinschinck Juliana Moraes Leonardo C. Franceschi Lizandra S. Santos Maur\u00edcio Am\u00e2ncio Filho Camila Sim\u00f5es Pires Caroline [&hellip;]<\/p>\n","protected":false},"author":962,"featured_media":0,"parent":0,"menu_order":0,"comment_status":"closed","ping_status":"closed","template":"","meta":{"footnotes":""},"class_list":["post-19","page","type-page","status-publish","hentry"],"_links":{"self":[{"href":"https:\/\/wp.ufpel.edu.br\/geuam\/wp-json\/wp\/v2\/pages\/19","targetHints":{"allow":["GET"]}}],"collection":[{"href":"https:\/\/wp.ufpel.edu.br\/geuam\/wp-json\/wp\/v2\/pages"}],"about":[{"href":"https:\/\/wp.ufpel.edu.br\/geuam\/wp-json\/wp\/v2\/types\/page"}],"author":[{"embeddable":true,"href":"https:\/\/wp.ufpel.edu.br\/geuam\/wp-json\/wp\/v2\/users\/962"}],"replies":[{"embeddable":true,"href":"https:\/\/wp.ufpel.edu.br\/geuam\/wp-json\/wp\/v2\/comments?post=19"}],"version-history":[{"count":3,"href":"https:\/\/wp.ufpel.edu.br\/geuam\/wp-json\/wp\/v2\/pages\/19\/revisions"}],"predecessor-version":[{"id":364,"href":"https:\/\/wp.ufpel.edu.br\/geuam\/wp-json\/wp\/v2\/pages\/19\/revisions\/364"}],"wp:attachment":[{"href":"https:\/\/wp.ufpel.edu.br\/geuam\/wp-json\/wp\/v2\/media?parent=19"}],"curies":[{"name":"wp","href":"https:\/\/api.w.org\/{rel}","templated":true}]}}