{"id":125,"date":"2020-02-04T19:03:16","date_gmt":"2020-02-04T22:03:16","guid":{"rendered":"https:\/\/wp.ufpel.edu.br\/geuam\/?page_id=125"},"modified":"2020-02-07T11:21:13","modified_gmt":"2020-02-07T14:21:13","slug":"livros","status":"publish","type":"page","link":"https:\/\/wp.ufpel.edu.br\/geuam\/livros\/","title":{"rendered":"Livros\/Cap\u00edtulos"},"content":{"rendered":"<p><strong>Correa, P. M.<\/strong> Cuidado Farmac\u00eautico aos Pacientes em uso de Cardiot\u00f4nicos e Antiarr\u00edtmicos In: Cuidado Farmac\u00eautico: Pacientes com Hipertens\u00e3o, Dislipidemia e Outras Doen\u00e7as (S\u00e9rie Farm\u00e1cia Cl\u00ednica e Aten\u00e7\u00e3o Farmac\u00eautica), 1 ed. S\u00e3o Paulo: Atheneu, 2019, v.2, p. 91-104.<\/p>\n<p>Castro, M. S.;\u00a0<strong>Corr\u00eaa P. M.<\/strong>; Monks, J. F. Abordagens Farmac\u00eauticas em Condi\u00e7\u00f5es Cr\u00f4nicas In: Assist\u00eancia Farmac\u00eautica no Brasil: Pol\u00edtica Gest\u00e3o e Cl\u00ednica.1 ed. Florian\u00f3polis: UFSC, 2016, v.5, p. 285-302.<\/p>\n<p><strong>Corr\u00eaa, P.M.<\/strong>; Castro, M. S.; Diemen, T. V. Comunica\u00e7\u00e3o e Ades\u00e3o \u00e1 Farmacoterapia In: Assist\u00eancia Farmac\u00eautica no Brasil: Pol\u00edtica Gest\u00e3o e Cl\u00ednica.1 ed. Florian\u00f3polis: UFSC, 2016, v.5, p. 183-220.<\/p>\n<p>Castro, M. S.;\u00a0<strong>Corr\u00eaa P. M.<\/strong> Resultados Cl\u00ednicos Controversos em Aten\u00e7\u00e3o Farmac\u00eautica In: Assist\u00eancia Farmaceutica no Brasil: Pol\u00edtica Gest\u00e3o e Cl\u00ednica.1 ed. Florian\u00f3polis: UFSC, 2016, v.5, p. 303-318.<\/p>\n<p>Castro, M. S.;\u00a0Monks, J.F.; <strong>Corr\u00eaa P. M.<\/strong> P\u00f3s-Gradua\u00e7\u00e3o (lato sensu e stricto sensu) In: Farmac\u00eautico Hospitalar: conhecimentos, habilidades e atitudes..1 ed. Barueri: Malone, 2013, p. 10-17.<\/p>\n<p>Mello-Farias, P.C.; Chaves, A.L.S.;\u00a0<strong>Lencina, C.L.<\/strong> Transgenic Plants for Enhanced Phytoremediation. Physiological Studies. In: Mar\u00eda Alejandra Alvarez. (Org.). Genetic Transformation. 1ed. Rijeka: InTech, 2011, p. 305-328.<\/p>\n<p>&nbsp;<\/p>\n","protected":false},"excerpt":{"rendered":"<p>Correa, P. M. Cuidado Farmac\u00eautico aos Pacientes em uso de Cardiot\u00f4nicos e Antiarr\u00edtmicos In: Cuidado Farmac\u00eautico: Pacientes com Hipertens\u00e3o, Dislipidemia e Outras Doen\u00e7as (S\u00e9rie Farm\u00e1cia Cl\u00ednica e Aten\u00e7\u00e3o Farmac\u00eautica), 1 ed. S\u00e3o Paulo: Atheneu, 2019, v.2, p. 91-104. Castro, M. S.;\u00a0Corr\u00eaa P. M.; Monks, J. F. Abordagens Farmac\u00eauticas em Condi\u00e7\u00f5es Cr\u00f4nicas In: Assist\u00eancia Farmac\u00eautica no [&hellip;]<\/p>\n","protected":false},"author":962,"featured_media":0,"parent":0,"menu_order":0,"comment_status":"closed","ping_status":"closed","template":"","meta":{"footnotes":""},"class_list":["post-125","page","type-page","status-publish","hentry"],"_links":{"self":[{"href":"https:\/\/wp.ufpel.edu.br\/geuam\/wp-json\/wp\/v2\/pages\/125","targetHints":{"allow":["GET"]}}],"collection":[{"href":"https:\/\/wp.ufpel.edu.br\/geuam\/wp-json\/wp\/v2\/pages"}],"about":[{"href":"https:\/\/wp.ufpel.edu.br\/geuam\/wp-json\/wp\/v2\/types\/page"}],"author":[{"embeddable":true,"href":"https:\/\/wp.ufpel.edu.br\/geuam\/wp-json\/wp\/v2\/users\/962"}],"replies":[{"embeddable":true,"href":"https:\/\/wp.ufpel.edu.br\/geuam\/wp-json\/wp\/v2\/comments?post=125"}],"version-history":[{"count":5,"href":"https:\/\/wp.ufpel.edu.br\/geuam\/wp-json\/wp\/v2\/pages\/125\/revisions"}],"predecessor-version":[{"id":141,"href":"https:\/\/wp.ufpel.edu.br\/geuam\/wp-json\/wp\/v2\/pages\/125\/revisions\/141"}],"wp:attachment":[{"href":"https:\/\/wp.ufpel.edu.br\/geuam\/wp-json\/wp\/v2\/media?parent=125"}],"curies":[{"name":"wp","href":"https:\/\/api.w.org\/{rel}","templated":true}]}}