{"id":107,"date":"2020-01-29T21:53:52","date_gmt":"2020-01-30T00:53:52","guid":{"rendered":"https:\/\/wp.ufpel.edu.br\/geuam\/?page_id=107"},"modified":"2020-05-23T14:23:14","modified_gmt":"2020-05-23T17:23:14","slug":"projetos","status":"publish","type":"page","link":"https:\/\/wp.ufpel.edu.br\/geuam\/projetos\/","title":{"rendered":"Projetos"},"content":{"rendered":"<h3 style=\"text-align: center\">Se\u00e7\u00e3o que apresenta os projetos desenvolvidos e relacionados ao GEUAM<\/h3>\n<p>&nbsp;<\/p>\n<h3 style=\"text-align: center\">PROJETOS DE EXTENS\u00c3O<\/h3>\n<ol>\n<li>\n<h5><a href=\"https:\/\/institucional.ufpel.edu.br\/projetos\/id\/u97\">Inser\u00e7\u00e3o da Assist\u00eancia Farmac\u00eautica na resolu\u00e7\u00e3o de processos de judicializa\u00e7\u00e3o da sa\u00fade<\/a>;<\/h5>\n<\/li>\n<li>\n<h5><a href=\"https:\/\/institucional.ufpel.edu.br\/projetos\/id\/u1590\">Orienta\u00e7\u00e3o Farmac\u00eautica a pacientes que obtiveram medicamentos por via judicial com aux\u00edlio da Defensoria P\u00fablica de Pelotas-RS<\/a>;<\/h5>\n<\/li>\n<li>\n<h5><a href=\"https:\/\/institucional.ufpel.edu.br\/projetos\/id\/u99\">Dica de Sa\u00fade<\/a>;<\/h5>\n<\/li>\n<li>\n<h5>Perfil de pacientes atendidos na UBS do Campus Cap\u00e3o do Le\u00e3o.<\/h5>\n<\/li>\n<li>\n<h5><a href=\"https:\/\/institucional.ufpel.edu.br\/projetos\/id\/u1062\">Uso seguro de medicamentos em um hospital de ensino de Pelotas-RS.<\/a><\/h5>\n<\/li>\n<\/ol>\n<h5><\/h5>\n<p>&nbsp;<\/p>\n<h3 style=\"text-align: center\">PROJETOS DE PESQUISA<\/h3>\n<ol>\n<li>\n<h5><a href=\"https:\/\/institucional.ufpel.edu.br\/projetos\/id\/p10577\">Investiga\u00e7\u00e3o dos efeitos de extratos de frutos nativos sobre altera\u00e7\u00f5es bioqu\u00edmicas e moleculares em modelo experimental de diabetes tipo 2<\/a>.<\/h5>\n<\/li>\n<li>\n<h5><a href=\"https:\/\/institucional.ufpel.edu.br\/projetos\/id\/p9695\">Avalia\u00e7\u00e3o das atividades antitumoral e antioxidante de produtos naturais em modelo pr\u00e9-cl\u00ednico de glioblastoma multiforme<\/a>.<\/h5>\n<\/li>\n<li>\n<h5><a href=\"https:\/\/institucional.ufpel.edu.br\/projetos\/id\/p8583\">Investiga\u00e7\u00e3o do papel neuroprotetor de compostos naturais em modelo experimental de inflama\u00e7\u00e3o sist\u00eamica induzida por lipopolissacar\u00eddeo<\/a>.<\/h5>\n<\/li>\n<li>\n<h5>Perfil da judicializa\u00e7\u00e3o de medicamentos do Servi\u00e7o de Oncologia do Hospital Escola da Universidade Federal de Pelotas.<\/h5>\n<\/li>\n<\/ol>\n","protected":false},"excerpt":{"rendered":"<p>Se\u00e7\u00e3o que apresenta os projetos desenvolvidos e relacionados ao GEUAM &nbsp; PROJETOS DE EXTENS\u00c3O Inser\u00e7\u00e3o da Assist\u00eancia Farmac\u00eautica na resolu\u00e7\u00e3o de processos de judicializa\u00e7\u00e3o da sa\u00fade; Orienta\u00e7\u00e3o Farmac\u00eautica a pacientes que obtiveram medicamentos por via judicial com aux\u00edlio da Defensoria P\u00fablica de Pelotas-RS; Dica de Sa\u00fade; Perfil de pacientes atendidos na UBS do Campus Cap\u00e3o [&hellip;]<\/p>\n","protected":false},"author":962,"featured_media":0,"parent":0,"menu_order":0,"comment_status":"closed","ping_status":"closed","template":"","meta":{"footnotes":""},"class_list":["post-107","page","type-page","status-publish","hentry"],"_links":{"self":[{"href":"https:\/\/wp.ufpel.edu.br\/geuam\/wp-json\/wp\/v2\/pages\/107","targetHints":{"allow":["GET"]}}],"collection":[{"href":"https:\/\/wp.ufpel.edu.br\/geuam\/wp-json\/wp\/v2\/pages"}],"about":[{"href":"https:\/\/wp.ufpel.edu.br\/geuam\/wp-json\/wp\/v2\/types\/page"}],"author":[{"embeddable":true,"href":"https:\/\/wp.ufpel.edu.br\/geuam\/wp-json\/wp\/v2\/users\/962"}],"replies":[{"embeddable":true,"href":"https:\/\/wp.ufpel.edu.br\/geuam\/wp-json\/wp\/v2\/comments?post=107"}],"version-history":[{"count":7,"href":"https:\/\/wp.ufpel.edu.br\/geuam\/wp-json\/wp\/v2\/pages\/107\/revisions"}],"predecessor-version":[{"id":165,"href":"https:\/\/wp.ufpel.edu.br\/geuam\/wp-json\/wp\/v2\/pages\/107\/revisions\/165"}],"wp:attachment":[{"href":"https:\/\/wp.ufpel.edu.br\/geuam\/wp-json\/wp\/v2\/media?parent=107"}],"curies":[{"name":"wp","href":"https:\/\/api.w.org\/{rel}","templated":true}]}}