{"id":985,"date":"2022-06-02T16:19:58","date_gmt":"2022-06-02T19:19:58","guid":{"rendered":"https:\/\/wp.ufpel.edu.br\/gestaopublica\/?page_id=985"},"modified":"2024-10-30T08:22:09","modified_gmt":"2024-10-30T11:22:09","slug":"identidade-visual","status":"publish","type":"page","link":"https:\/\/wp.ufpel.edu.br\/gestaopublica\/identidade-visual\/","title":{"rendered":"Identidade Visual"},"content":{"rendered":"<hr \/>\n<p style=\"text-align: justify;\">A identidade visual do Curso de Gest\u00e3o P\u00fablica foi desenvolvida pelo servidor t\u00e9cnico-administrativo da Universidade Federal de Pelotas, Hamilton Oliveira Bittencourt Junior, em agosto de 2022.<\/p>\n<p style=\"text-align: justify;\">A proposta de identidade visual concebida por Hamilton foi vencedora em um concurso organizado pelos professores Caroline Casali, Daniel Lena Marchiori Neto e Fabiano Milano Fritzen, entre os meses de julho e setembro de 2022.<\/p>\n<p style=\"text-align: justify;\">O desenho que forma a sigla &#8220;GP&#8221; (de Gest\u00e3o P\u00fablica) \u00e9 estruturado a partir de segmentos de ret\u00e2ngulos que simulam uma perspectiva isom\u00e9trica com efeito visual tridimensional e remetem ao ambiente organizacional onde se d\u00e1 o desenvolvimento da gest\u00e3o p\u00fablica. Em rela\u00e7\u00e3o \u00e0s cores, o azul cobalto refor\u00e7a o v\u00ednculo com a Universidade Federal de Pelotas, enquanto o azul claro d\u00e1 o efeito de ilumina\u00e7\u00e3o tridimensional.<\/p>\n<p style=\"text-align: justify;\">O relato completo da realiza\u00e7\u00e3o do concurso para sele\u00e7\u00e3o da identidade visual, bem como o Manual de Aplica\u00e7\u00e3o da Marca e os arquivos para download seguem abaixo.<\/p>\n<p><a href=\"https:\/\/wp.ufpel.edu.br\/gestaopublica\/files\/2023\/09\/Concepcao-da-identidade-visual-do-Curso-de-Gestao-Publica.pdf\">Concep\u00e7\u00e3o da identidade visual do Curso de Gest\u00e3o P\u00fablica<\/a><\/p>\n<p><a href=\"https:\/\/wp.ufpel.edu.br\/gestaopublica\/files\/2024\/10\/Hamilton-Oliveira-Bittencourt-Junior-5.zip\">Manual de Aplica\u00e7\u00e3o e imagens <\/a><\/p>\n","protected":false},"excerpt":{"rendered":"<p>A identidade visual do Curso de Gest\u00e3o P\u00fablica foi desenvolvida pelo servidor t\u00e9cnico-administrativo da Universidade Federal de Pelotas, Hamilton Oliveira Bittencourt Junior, em agosto de 2022. A proposta de identidade visual concebida por Hamilton foi vencedora em um concurso organizado pelos professores Caroline Casali, Daniel Lena Marchiori Neto e Fabiano Milano Fritzen, entre os meses &hellip; <\/p>\n<p><a class=\"more-link btn\" href=\"https:\/\/wp.ufpel.edu.br\/gestaopublica\/identidade-visual\/\">Continue lendo<\/a><\/p>\n","protected":false},"author":250,"featured_media":0,"parent":0,"menu_order":0,"comment_status":"closed","ping_status":"closed","template":"","meta":{"jetpack_post_was_ever_published":false,"footnotes":""},"class_list":["post-985","page","type-page","status-publish","hentry","nodate","item-wrap"],"jetpack_sharing_enabled":false,"jetpack_shortlink":"https:\/\/wp.me\/P6QO4J-fT","_links":{"self":[{"href":"https:\/\/wp.ufpel.edu.br\/gestaopublica\/wp-json\/wp\/v2\/pages\/985","targetHints":{"allow":["GET"]}}],"collection":[{"href":"https:\/\/wp.ufpel.edu.br\/gestaopublica\/wp-json\/wp\/v2\/pages"}],"about":[{"href":"https:\/\/wp.ufpel.edu.br\/gestaopublica\/wp-json\/wp\/v2\/types\/page"}],"author":[{"embeddable":true,"href":"https:\/\/wp.ufpel.edu.br\/gestaopublica\/wp-json\/wp\/v2\/users\/250"}],"replies":[{"embeddable":true,"href":"https:\/\/wp.ufpel.edu.br\/gestaopublica\/wp-json\/wp\/v2\/comments?post=985"}],"version-history":[{"count":6,"href":"https:\/\/wp.ufpel.edu.br\/gestaopublica\/wp-json\/wp\/v2\/pages\/985\/revisions"}],"predecessor-version":[{"id":2816,"href":"https:\/\/wp.ufpel.edu.br\/gestaopublica\/wp-json\/wp\/v2\/pages\/985\/revisions\/2816"}],"wp:attachment":[{"href":"https:\/\/wp.ufpel.edu.br\/gestaopublica\/wp-json\/wp\/v2\/media?parent=985"}],"curies":[{"name":"wp","href":"https:\/\/api.w.org\/{rel}","templated":true}]}}