{"id":981,"date":"2022-06-02T16:18:13","date_gmt":"2022-06-02T19:18:13","guid":{"rendered":"https:\/\/wp.ufpel.edu.br\/gestaopublica\/?page_id=981"},"modified":"2024-11-19T15:47:08","modified_gmt":"2024-11-19T18:47:08","slug":"reconhecimento","status":"publish","type":"page","link":"https:\/\/wp.ufpel.edu.br\/gestaopublica\/reconhecimento\/","title":{"rendered":"Reconhecimento"},"content":{"rendered":"<hr \/>\n<p><strong>CRIA\u00c7\u00c3O E RECONHECIMENTO:<br \/>\n<\/strong>Portaria do Reitor N\u00ba 1.355 de 19 de novembro de 2007.<br \/>\nCurso reconhecido pela Portaria n\u00ba 122 de 05\/07\/2012. Publicada no D.O.U. de 06\/07\/2012.<\/p>\n<p>Renova\u00e7\u00e3o do reconhecimento pela <a href=\"https:\/\/wp.ufpel.edu.br\/gestaopublica\/files\/2024\/11\/Portaria_SERES_MEC_NA__570__DE_17_DE_out.-Renovacao-do-Curso-de-Gestao-Publica.pdf\">Portaria n\u00ba570<\/a> de 17\/10\/2024. Publicada na Se\u00e7\u00e3o 1, p\u00e1gina 38 do D.O.U. de 18\/10\/2024<\/p>\n<p>Renova\u00e7\u00e3o do reconhecimento pela Portaria n\u00ba 211 de 25\/06\/2020. Publicada na Se\u00e7\u00e3o 1, p\u00e1gina 118 do D.O.U. de 07\/07\/2020.<\/p>\n<p><strong>C\u00d3DIGOS:<br \/>\n<\/strong>UFPel: 5110<br \/>\nE-MEC: 120803<\/p>\n<p><strong>CONCEITOS:<br \/>\n<\/strong><\/p>\n<p>Enade (2022): 3<br \/>\nConceito Preliminar de Curso (2022): 4<br \/>\nConceito de Curso: 4<\/p>\n<p>Enade (2018): 3<br \/>\nConceito Preliminar de Curso (2018): 3<br \/>\nConceito de Curso: 4<\/p>\n<p>&nbsp;<\/p>\n","protected":false},"excerpt":{"rendered":"<p>CRIA\u00c7\u00c3O E RECONHECIMENTO: Portaria do Reitor N\u00ba 1.355 de 19 de novembro de 2007. Curso reconhecido pela Portaria n\u00ba 122 de 05\/07\/2012. Publicada no D.O.U. de 06\/07\/2012. Renova\u00e7\u00e3o do reconhecimento pela Portaria n\u00ba570 de 17\/10\/2024. Publicada na Se\u00e7\u00e3o 1, p\u00e1gina 38 do D.O.U. de 18\/10\/2024 Renova\u00e7\u00e3o do reconhecimento pela Portaria n\u00ba 211 de 25\/06\/2020. Publicada &hellip; <\/p>\n<p><a class=\"more-link btn\" href=\"https:\/\/wp.ufpel.edu.br\/gestaopublica\/reconhecimento\/\">Continue lendo<\/a><\/p>\n","protected":false},"author":250,"featured_media":0,"parent":0,"menu_order":0,"comment_status":"closed","ping_status":"closed","template":"","meta":{"jetpack_post_was_ever_published":false,"footnotes":""},"class_list":["post-981","page","type-page","status-publish","hentry","nodate","item-wrap"],"jetpack_sharing_enabled":false,"jetpack_shortlink":"https:\/\/wp.me\/P6QO4J-fP","_links":{"self":[{"href":"https:\/\/wp.ufpel.edu.br\/gestaopublica\/wp-json\/wp\/v2\/pages\/981","targetHints":{"allow":["GET"]}}],"collection":[{"href":"https:\/\/wp.ufpel.edu.br\/gestaopublica\/wp-json\/wp\/v2\/pages"}],"about":[{"href":"https:\/\/wp.ufpel.edu.br\/gestaopublica\/wp-json\/wp\/v2\/types\/page"}],"author":[{"embeddable":true,"href":"https:\/\/wp.ufpel.edu.br\/gestaopublica\/wp-json\/wp\/v2\/users\/250"}],"replies":[{"embeddable":true,"href":"https:\/\/wp.ufpel.edu.br\/gestaopublica\/wp-json\/wp\/v2\/comments?post=981"}],"version-history":[{"count":17,"href":"https:\/\/wp.ufpel.edu.br\/gestaopublica\/wp-json\/wp\/v2\/pages\/981\/revisions"}],"predecessor-version":[{"id":2829,"href":"https:\/\/wp.ufpel.edu.br\/gestaopublica\/wp-json\/wp\/v2\/pages\/981\/revisions\/2829"}],"wp:attachment":[{"href":"https:\/\/wp.ufpel.edu.br\/gestaopublica\/wp-json\/wp\/v2\/media?parent=981"}],"curies":[{"name":"wp","href":"https:\/\/api.w.org\/{rel}","templated":true}]}}