{"id":977,"date":"2022-06-02T16:17:46","date_gmt":"2022-06-02T19:17:46","guid":{"rendered":"https:\/\/wp.ufpel.edu.br\/gestaopublica\/?page_id=977"},"modified":"2024-02-20T14:48:08","modified_gmt":"2024-02-20T17:48:08","slug":"normas-do-curso","status":"publish","type":"page","link":"https:\/\/wp.ufpel.edu.br\/gestaopublica\/normas-do-curso\/","title":{"rendered":"Normas do Curso"},"content":{"rendered":"<hr \/>\n<p style=\"text-align: justify;\"><span style=\"font-size: 14pt;\"><strong>Regimentos<\/strong><\/span>\u00a0\u00a0<span style=\"font-size: 10pt;\"><span class=\"collapseomatic \" id=\"id69da2408722cd\"  tabindex=\"0\" title=\"Ver mais\"    >Ver mais<\/span><span id='swap-id69da2408722cd'  class='colomat-swap' style='display:none;'>Ver menos<\/span><div id=\"target-id69da2408722cd\" class=\"collapseomatic_content \"><\/span><\/p>\n<p style=\"text-align: justify;\"><span style=\"font-size: 14pt;\"><a href=\"https:\/\/wp.ufpel.edu.br\/gestaopublica\/files\/2022\/07\/Regimento-Interno-do-Curso-.pdf\"><span style=\"font-size: 12pt;\">Regimento Interno do Curso de Gest\u00e3o P\u00fablica<\/span><\/a><\/span><\/p>\n<p style=\"text-align: justify;\"><span style=\"font-size: 14pt;\"><a href=\"https:\/\/wp.ufpel.edu.br\/gestaopublica\/files\/2022\/08\/Resoluc\u0327a\u0303o-01-de-23-de-Agosto-de-2022.pdf\"><span style=\"font-size: 12pt;\">Regimento Interno do NDE<\/span> <\/a><\/span><\/p>\n<p style=\"text-align: justify;\"><span style=\"font-size: 10pt;\"><\/div><\/span><\/p>\n<hr \/>\n<p style=\"text-align: justify;\"><strong><span style=\"font-size: 14pt;\">Resolu\u00e7\u00f5es <\/span><\/strong><span style=\"font-size: 10pt;\"><span class=\"collapseomatic \" id=\"id69da2408723ba\"  tabindex=\"0\" title=\"Ver mais\"    >Ver mais<\/span><span id='swap-id69da2408723ba'  class='colomat-swap' style='display:none;'>Ver menos<\/span><div id=\"target-id69da2408723ba\" class=\"collapseomatic_content \"><\/span><\/p>\n<p><a href=\"https:\/\/wp.ufpel.edu.br\/gestaopublica\/files\/2022\/08\/Resoluc\u0327a\u0303o-n.-022022.pdf\">Resoluc\u0327a\u0303o n. 02\/2022<\/a> &#8211; Dispo\u0303e sobre para\u0302metros para aproveitamento de componentes curriculares no Curso de Gesta\u0303o Pu\u0301blica<\/p>\n<p><a href=\"https:\/\/wp.ufpel.edu.br\/gestaopublica\/files\/2022\/08\/Resoluc\u0327a\u0303o-01-de-23-de-Agosto-de-2022.pdf\">Resolu\u00e7\u00e3o n. 01\/2022<\/a> &#8211; Aprova o Regimento Interno do NDE<\/p>\n<p style=\"text-align: justify;\"><span style=\"font-size: 10pt;\"><\/div><\/span><\/p>\n<hr \/>\n<p style=\"text-align: justify;\"><strong><span style=\"font-size: 14pt;\">Enunciados <\/span><\/strong><span style=\"font-size: 14pt;\"><span style=\"font-size: 10pt;\"><span class=\"collapseomatic \" id=\"id69da24087242c\"  tabindex=\"0\" title=\"Ver mais\"    >Ver mais<\/span><span id='swap-id69da24087242c'  class='colomat-swap' style='display:none;'>Ver menos<\/span><div id=\"target-id69da24087242c\" class=\"collapseomatic_content \"><\/span><\/span><\/p>\n<p style=\"text-align: justify;\"><a href=\"https:\/\/wp.ufpel.edu.br\/gestaopublica\/files\/2023\/07\/Enunciado-012023.pdf\">Enunciado n. 01\/2023<\/a>&#8211; Disp\u00f5e sobre a equival\u00eancia do componente\u00a0&#8220;Gest\u00e3o de Pol\u00edticas P\u00fablicas I&#8221; com &#8220;An\u00e1lise de Pol\u00edticas P\u00fablicas&#8221;.<\/p>\n<p style=\"text-align: justify;\"><a href=\"https:\/\/wp.ufpel.edu.br\/gestaopublica\/files\/2022\/09\/Enunciado-n.-012022.pdf\">Enunciado n. 01\/2022<\/a> &#8211; Dispo\u0303e sobre a na\u0303o equivale\u0302ncia do componente &#8220;Fundamentos da Gesta\u0303o Pu\u0301blica&#8221; com &#8220;To\u0301picos em Administrac\u0327a\u0303o Pu\u0301blica&#8221;.<\/p>\n<p style=\"text-align: justify;\"><span style=\"font-size: 10pt;\"><\/div><\/span><\/p>\n<hr \/>\n<p style=\"text-align: justify;\"><span style=\"font-size: 14pt;\"><strong>Portarias\u00a0\u00a0<\/strong><span style=\"font-size: 10pt;\"><span class=\"collapseomatic \" id=\"id69da2408724b6\"  tabindex=\"0\" title=\"Ver mais\"    >Ver mais<\/span><span id='swap-id69da2408724b6'  class='colomat-swap' style='display:none;'>Ver menos<\/span><div id=\"target-id69da2408724b6\" class=\"collapseomatic_content \"><\/span><\/span><\/p>\n<p style=\"text-align: justify;\"><a href=\"https:\/\/wp.ufpel.edu.br\/gestaopublica\/files\/2024\/02\/Portaria-02-2024.pdf\">Portaria 02\/2024<\/a>: Institui Comissa\u0303o de Avaliac\u0327a\u0303o dos processos de Reopc\u0327a\u0303o, Reingresso, Transfere\u0302ncia, Retomada de Estudos e Portador de Diploma do Curso Superior de Tecnologia em Gesta\u0303o Pu\u0301blica (Edital 49\/2023\/CRA)<\/p>\n<p style=\"text-align: justify;\"><a href=\"https:\/\/wp.ufpel.edu.br\/gestaopublica\/files\/2023\/08\/PORTARIA-022023.pdf\">Portaria 02\/2023<\/a>: Institui Comiss\u00e3o de Avalia\u00e7\u00e3o dos processos de Reop\u00e7\u00e3o, Reingresso, Transfer\u00eancia e Portador de T\u00edtulo do Curso Superior de Tecnologia em Gest\u00e3o P\u00fablica (Edital 35\/2023\/CRA)<\/p>\n<p style=\"text-align: justify;\"><a href=\"https:\/\/wp.ufpel.edu.br\/gestaopublica\/files\/2023\/04\/2023-Presidente-da-Comissao-Comissao-de-Avaliacao-dos-processos-de-Reopcao-Reingresso-Transferencia-Retomada-de-Estudos-e-Portador-de-Diploma-do-Curso-de-Gestao-Publica.pdf\">Portaria 01\/2023<\/a>: Institui Comiss\u00e3o de Avalia\u00e7\u00e3o dos processos de Reop\u00e7\u00e3o, Reingresso, Transfer\u00eancia e Portador de T\u00edtulo do Curso Superior de Tecnologia em Gest\u00e3o P\u00fablica (Edital 09\/2023\/CRA)<\/p>\n<p style=\"text-align: justify;\"><a href=\"https:\/\/wp.ufpel.edu.br\/gestaopublica\/files\/2022\/09\/Portaria-102022-1.pdf\">Portaria 10\/2022<\/a>: Institui Comissa\u0303o Julgadora do Concurso para escolha da Identidade Visual do Curso de Gesta\u0303o Pu\u0301blica (Edital CST_GP 02\/2022)<\/p>\n<p style=\"text-align: justify;\"><a href=\"https:\/\/wp.ufpel.edu.br\/gestaopublica\/files\/2022\/08\/Portaria-092022.pdf\">Portaria 09\/2022<\/a>: Institui Comiss\u00e3o Eleitoral para Elei\u00e7\u00e3o de Membros do N\u00facleo Docente Estruturante do Curso de Gest\u00e3o P\u00fablica<\/p>\n<p style=\"text-align: justify;\"><a href=\"https:\/\/wp.ufpel.edu.br\/gestaopublica\/files\/2022\/08\/Portaria-082022-.pdf\">Portaria 08\/2022<\/a>: Institui Comiss\u00e3o Eleitoral para Elei\u00e7\u00e3o de Coordenador e Coordenador Adjunto do Curso de Gest\u00e3o P\u00fablica<\/p>\n<p style=\"text-align: justify;\"><a href=\"https:\/\/wp.ufpel.edu.br\/gestaopublica\/files\/2022\/08\/Portaria-GP-07-2022.pdf\">Portaria 07\/2022<\/a>: Institui Comissa\u0303o Editorial do Anua\u0301rio do Curso de Gesta\u0303o Pu\u0301blica (2023)<\/p>\n<p style=\"text-align: justify;\"><a href=\"https:\/\/wp.ufpel.edu.br\/gestaopublica\/files\/2022\/08\/Portaria-062022.pdf\">Portaria 06\/2022<\/a>: Institui Comissa\u0303o para Elaborac\u0327a\u0303o de Minuta de Resoluc\u0327a\u0303o sobre Aproveitamento de Estudos no Curso de Gesta\u0303o Pu\u0301blica<\/p>\n<p style=\"text-align: justify;\"><a href=\"https:\/\/wp.ufpel.edu.br\/gestaopublica\/files\/2022\/08\/Portaria-GP-5-2022.pdf\">Portaria 05\/2022<\/a>: Institui Comiss\u00e3o para Elabora\u00e7\u00e3o do Regimento Interno do N\u00facleo Docente Estruturante do Curso de Gest\u00e3o P\u00fablica<\/p>\n<p style=\"text-align: justify;\"><a href=\"https:\/\/wp.ufpel.edu.br\/gestaopublica\/files\/2022\/08\/Portaria-GP-4-2022.pdf\">Portaria 04\/2022<\/a>: Institui Comissa\u0303o Eleitoral para elei\u00e7\u00e3o da Representa\u00e7\u00e3o Docente e Discente do Colegiado do Curso de Gest\u00e3o P\u00fablica (Edital CST_GP 01\/2022)<\/p>\n<p style=\"text-align: justify;\"><a href=\"https:\/\/wp.ufpel.edu.br\/gestaopublica\/files\/2022\/08\/Portaria-GP-3-2022.pdf\">Portaria 03\/2022<\/a>: Institui Comiss\u00e3o de Avalia\u00e7\u00e3o dos processos de Reop\u00e7\u00e3o, Reingresso, Transfer\u00eancia e Portador de T\u00edtulo do Curso Superior de Tecnologia em Gest\u00e3o P\u00fablica (Edital 09\/2022\/CRA)<\/p>\n<p style=\"text-align: justify;\"><a href=\"https:\/\/wp.ufpel.edu.br\/gestaopublica\/files\/2022\/08\/Portaria-GP-2-2022.pdf\">Portaria 02\/2022<\/a>: Institui Comissa\u0303o Permanente de Comunica\u00e7\u00e3o\u00a0do Curso de Gest\u00e3o P\u00fablica<\/p>\n<p style=\"text-align: justify;\"><a href=\"https:\/\/wp.ufpel.edu.br\/gestaopublica\/files\/2022\/08\/Portaria-GP-1-2022.pdf\">Portaria 01\/2022<\/a>: Institui Comissa\u0303o para elabora\u00e7\u00e3o de Minuta do Regimento do Colegiado do Curso de Gest\u00e3o P\u00fablica<\/p>\n<p style=\"text-align: justify;\"><span style=\"font-size: 10pt;\"><\/div><\/span><\/p>\n<hr \/>\n<p>&nbsp;<\/p>\n","protected":false},"excerpt":{"rendered":"<p>Regimentos\u00a0\u00a0 Resolu\u00e7\u00f5es Enunciados Portarias\u00a0\u00a0 &nbsp;<\/p>\n","protected":false},"author":250,"featured_media":0,"parent":0,"menu_order":0,"comment_status":"closed","ping_status":"closed","template":"","meta":{"jetpack_post_was_ever_published":false,"footnotes":""},"class_list":["post-977","page","type-page","status-publish","hentry","nodate","item-wrap"],"jetpack_sharing_enabled":false,"jetpack_shortlink":"https:\/\/wp.me\/P6QO4J-fL","_links":{"self":[{"href":"https:\/\/wp.ufpel.edu.br\/gestaopublica\/wp-json\/wp\/v2\/pages\/977","targetHints":{"allow":["GET"]}}],"collection":[{"href":"https:\/\/wp.ufpel.edu.br\/gestaopublica\/wp-json\/wp\/v2\/pages"}],"about":[{"href":"https:\/\/wp.ufpel.edu.br\/gestaopublica\/wp-json\/wp\/v2\/types\/page"}],"author":[{"embeddable":true,"href":"https:\/\/wp.ufpel.edu.br\/gestaopublica\/wp-json\/wp\/v2\/users\/250"}],"replies":[{"embeddable":true,"href":"https:\/\/wp.ufpel.edu.br\/gestaopublica\/wp-json\/wp\/v2\/comments?post=977"}],"version-history":[{"count":58,"href":"https:\/\/wp.ufpel.edu.br\/gestaopublica\/wp-json\/wp\/v2\/pages\/977\/revisions"}],"predecessor-version":[{"id":2625,"href":"https:\/\/wp.ufpel.edu.br\/gestaopublica\/wp-json\/wp\/v2\/pages\/977\/revisions\/2625"}],"wp:attachment":[{"href":"https:\/\/wp.ufpel.edu.br\/gestaopublica\/wp-json\/wp\/v2\/media?parent=977"}],"curies":[{"name":"wp","href":"https:\/\/api.w.org\/{rel}","templated":true}]}}