{"id":973,"date":"2022-06-02T16:17:12","date_gmt":"2022-06-02T19:17:12","guid":{"rendered":"https:\/\/wp.ufpel.edu.br\/gestaopublica\/?page_id=973"},"modified":"2025-08-27T10:12:28","modified_gmt":"2025-08-27T13:12:28","slug":"nucleo-docente-estruturante","status":"publish","type":"page","link":"https:\/\/wp.ufpel.edu.br\/gestaopublica\/nucleo-docente-estruturante\/","title":{"rendered":"N\u00facleo Docente Estruturante"},"content":{"rendered":"<hr \/>\n<p><span style=\"font-size: 14pt;\"><strong>Composi\u00e7\u00e3o<\/strong><\/span><\/p>\n<p><span style=\"font-size: 12pt;\">A <a href=\"https:\/\/wp.ufpel.edu.br\/gestaopublica\/files\/2025\/07\/SEI_3143959_Portaria_Interna_22.pdf\">Portaria Interna CCSO 22\/2025<\/a> consolida a seguinte composi\u00e7\u00e3o do NDE:<\/span><\/p>\n<p><span style=\"font-size: 12pt;\"><strong>Coordena\u00e7\u00e3o do Curso<\/strong><\/span><\/p>\n<p><span style=\"font-size: 12pt;\">Profa. Dra. Caroline Casali (<em>Presidenta<\/em> <em>do NDE<\/em>)<\/span><\/p>\n<p><span style=\"font-size: 12pt;\"><strong>Membros<\/strong><\/span><\/p>\n<p><span style=\"font-size: 12pt;\">Profa. Dra. Mait\u00ea de Siqueira Brahm<br \/>\n<\/span><span style=\"font-size: 12pt;\"><span style=\"font-size: 10pt;\">(Mandato 09\/07\/2025 a 09\/07\/2028)<\/span><\/span><\/p>\n<p><span style=\"font-size: 12pt;\">Profa. Dra. Mari Cristina de Freitas Fagundes<br \/>\n<span style=\"font-size: 10pt;\">(Mandato 09\/07\/2025 a 09\/07\/2028)<\/span><br \/>\n<\/span><\/p>\n<p><span style=\"font-size: 12pt;\">Profa. Dra. Patr\u00edcia Schneider Severo<br \/>\n<span style=\"font-size: 10pt;\">(Mandato 09\/07\/2025 a 09\/07\/2028)<\/span><br \/>\n<\/span><\/p>\n<p><span style=\"font-size: 12pt;\">Prof. Dr. Rodrigo Serpa Pinto<br \/>\n<span style=\"font-size: 10pt;\">(Mandato 09\/07\/2025 a 09\/07\/2028)<\/span><br \/>\n<\/span><\/p>\n<hr \/>\n<p><span style=\"font-size: 14pt;\"><strong>Composi\u00e7\u00f5es anteriores <\/strong><span style=\"font-size: 10pt;\"><span class=\"collapseomatic \" id=\"id69db35af158fa\"  tabindex=\"0\" title=\"Ver mais\"    >Ver mais<\/span><span id='swap-id69db35af158fa'  class='colomat-swap' style='display:none;'>Ver menos<\/span><div id=\"target-id69db35af158fa\" class=\"collapseomatic_content \"><\/span><\/span><\/p>\n<p><a href=\"https:\/\/wp.ufpel.edu.br\/gestaopublica\/files\/2022\/09\/Portaria-Interna-CCSO-232022.pdf\">Portaria Interna CCSO 23\/2022<\/a><\/p>\n<p><a href=\"https:\/\/wp.ufpel.edu.br\/gestaopublica\/files\/2022\/09\/Portaria-Interna-162022.pdf\">Portaria Interna CCSO 16\/2022<\/a><\/p>\n<p><a href=\"https:\/\/wp.ufpel.edu.br\/gestaopublica\/files\/2022\/08\/Portaria-Interna-CCSO-322021.pdf\">Portaria Interna CCSO 32\/2021<\/a><\/p>\n<p><a href=\"https:\/\/wp.ufpel.edu.br\/gestaopublica\/files\/2022\/08\/Portaria-Interna-FAT-402020.pdf\">Portaria Interna FAT 40\/2020<\/a><\/p>\n<p><a href=\"https:\/\/wp.ufpel.edu.br\/gestaopublica\/files\/2022\/08\/Portaria-Interna-FAT-252019.pdf\">Portaria Interna FAT 25\/2019<\/a><\/p>\n<p><a href=\"https:\/\/wp.ufpel.edu.br\/gestaopublica\/files\/2022\/08\/Portaria-Interna-FAT-112018.pdf\">Portaria Interna FAT 11\/2018<\/a><\/p>\n<p><a href=\"https:\/\/wp.ufpel.edu.br\/gestaopublica\/files\/2022\/08\/Portaria-Interna-FAT-082017.pdf\">Portaria Interna FAT 08\/2017<\/a><\/p>\n<p><a href=\"https:\/\/wp.ufpel.edu.br\/gestaopublica\/files\/2022\/08\/Portaria-GR-89-2012.pdf\">Portaria GR 89\/2012<\/a><\/p>\n<p><span style=\"font-size: 10pt;\"><\/div><\/span><\/p>\n<hr \/>\n<p><span style=\"font-size: 14pt;\"><strong>Atas <\/strong><\/span><span style=\"font-size: 10pt;\"><span class=\"collapseomatic \" id=\"id69db35af159c5\"  tabindex=\"0\" title=\"Ver mais\"    >Ver mais<\/span><span id='swap-id69db35af159c5'  class='colomat-swap' style='display:none;'>Ver menos<\/span><div id=\"target-id69db35af159c5\" class=\"collapseomatic_content \"><\/span><\/p>\n<p><a href=\"https:\/\/wp.ufpel.edu.br\/gestaopublica\/files\/2025\/08\/Ata-NDE-012025.pdf\">Ata NDE 01\/2025<\/a><\/p>\n<p><a href=\"https:\/\/wp.ufpel.edu.br\/gestaopublica\/files\/2023\/02\/Ata-NDE-012023.pdf\">Ata NDE 01\/2023<\/a><\/p>\n<p><a href=\"https:\/\/wp.ufpel.edu.br\/gestaopublica\/files\/2022\/10\/Ata-NDE-042022.pdf\">Ata NDE 04\/2022<\/a><\/p>\n<p><a href=\"https:\/\/wp.ufpel.edu.br\/gestaopublica\/files\/2022\/08\/Ata-NDE-032022.pdf\">Ata NDE 03\/2022<\/a><\/p>\n<p><a href=\"https:\/\/wp.ufpel.edu.br\/gestaopublica\/files\/2022\/08\/Ata-NDE-022022.pdf\">Ata NDE 02\/2022<\/a><\/p>\n<p><a href=\"https:\/\/wp.ufpel.edu.br\/gestaopublica\/files\/2022\/08\/Ata-NDE-012022.pdf\">Ata NDE 01\/2022<\/a><\/p>\n<p><a href=\"https:\/\/wp.ufpel.edu.br\/gestaopublica\/files\/2022\/08\/Ata-NDE-042021.pdf\">Ata NDE 04\/2021<\/a><\/p>\n<p><a href=\"https:\/\/wp.ufpel.edu.br\/gestaopublica\/files\/2022\/08\/Ata-NDE-032021.pdf\">Ata NDE 03\/2021<\/a><\/p>\n<p><a href=\"https:\/\/wp.ufpel.edu.br\/gestaopublica\/files\/2022\/08\/Ata-NDE-022021.pdf\">Ata NDE 02\/2021<\/a><\/p>\n<p><a href=\"https:\/\/wp.ufpel.edu.br\/gestaopublica\/files\/2022\/08\/Ata-NDE-012021.pdf\">Ata NDE 01\/2021<\/a><\/p>\n<p><a href=\"https:\/\/wp.ufpel.edu.br\/gestaopublica\/files\/2022\/08\/Ata-NDE-022018.pdf\">Ata NDE 02\/2018<\/a><\/p>\n<p><a href=\"https:\/\/wp.ufpel.edu.br\/gestaopublica\/files\/2022\/08\/Ata-NDE-012018.pdf\">Ata NDE 01\/2018<\/a><\/p>\n<p><span style=\"font-size: 10pt;\"><\/div><\/span><\/p>\n<hr \/>\n<p>&nbsp;<\/p>\n","protected":false},"excerpt":{"rendered":"<p>Composi\u00e7\u00e3o A Portaria Interna CCSO 22\/2025 consolida a seguinte composi\u00e7\u00e3o do NDE: Coordena\u00e7\u00e3o do Curso Profa. Dra. Caroline Casali (Presidenta do NDE) Membros Profa. Dra. Mait\u00ea de Siqueira Brahm (Mandato 09\/07\/2025 a 09\/07\/2028) Profa. Dra. Mari Cristina de Freitas Fagundes (Mandato 09\/07\/2025 a 09\/07\/2028) Profa. Dra. Patr\u00edcia Schneider Severo (Mandato 09\/07\/2025 a 09\/07\/2028) Prof. Dr. &hellip; <\/p>\n<p><a class=\"more-link btn\" href=\"https:\/\/wp.ufpel.edu.br\/gestaopublica\/nucleo-docente-estruturante\/\">Continue lendo<\/a><\/p>\n","protected":false},"author":250,"featured_media":0,"parent":0,"menu_order":0,"comment_status":"closed","ping_status":"closed","template":"","meta":{"jetpack_post_was_ever_published":false,"footnotes":""},"class_list":["post-973","page","type-page","status-publish","hentry","nodate","item-wrap"],"jetpack_sharing_enabled":false,"jetpack_shortlink":"https:\/\/wp.me\/P6QO4J-fH","_links":{"self":[{"href":"https:\/\/wp.ufpel.edu.br\/gestaopublica\/wp-json\/wp\/v2\/pages\/973","targetHints":{"allow":["GET"]}}],"collection":[{"href":"https:\/\/wp.ufpel.edu.br\/gestaopublica\/wp-json\/wp\/v2\/pages"}],"about":[{"href":"https:\/\/wp.ufpel.edu.br\/gestaopublica\/wp-json\/wp\/v2\/types\/page"}],"author":[{"embeddable":true,"href":"https:\/\/wp.ufpel.edu.br\/gestaopublica\/wp-json\/wp\/v2\/users\/250"}],"replies":[{"embeddable":true,"href":"https:\/\/wp.ufpel.edu.br\/gestaopublica\/wp-json\/wp\/v2\/comments?post=973"}],"version-history":[{"count":4,"href":"https:\/\/wp.ufpel.edu.br\/gestaopublica\/wp-json\/wp\/v2\/pages\/973\/revisions"}],"predecessor-version":[{"id":3119,"href":"https:\/\/wp.ufpel.edu.br\/gestaopublica\/wp-json\/wp\/v2\/pages\/973\/revisions\/3119"}],"wp:attachment":[{"href":"https:\/\/wp.ufpel.edu.br\/gestaopublica\/wp-json\/wp\/v2\/media?parent=973"}],"curies":[{"name":"wp","href":"https:\/\/api.w.org\/{rel}","templated":true}]}}