{"id":968,"date":"2022-06-02T16:16:04","date_gmt":"2022-06-02T19:16:04","guid":{"rendered":"https:\/\/wp.ufpel.edu.br\/gestaopublica\/?page_id=968"},"modified":"2025-08-28T16:37:59","modified_gmt":"2025-08-28T19:37:59","slug":"coordenacao-do-curso","status":"publish","type":"page","link":"https:\/\/wp.ufpel.edu.br\/gestaopublica\/coordenacao-do-curso\/","title":{"rendered":"Coordena\u00e7\u00e3o do Curso"},"content":{"rendered":"<hr \/>\n<p><span style=\"font-size: 12pt; font-family: georgia, palatino, serif;\"><strong>Coordenadora Pro Tempore:<\/strong> Profa. Dra. Patr\u00edcia Schneider Severo &#8211; <a href=\"https:\/\/wp.ufpel.edu.br\/gestaopublica\/files\/2025\/08\/Portaria_2025_5495.pdf\">Portaria GR 5495\/2025<\/a><\/span><\/p>\n<p><span style=\"font-size: 12pt; font-family: georgia, palatino, serif;\"><strong>Coordenador Adjunto:<\/strong>\u00a0<\/span><\/p>\n<p>&nbsp;<\/p>\n<p><span style=\"font-size: 14pt;\"><strong>Administra\u00e7\u00f5es Anteriores <\/strong><\/span><span style=\"font-size: 10pt;\"><span class=\"collapseomatic \" id=\"id69d877d167cfd\"  tabindex=\"0\" title=\"Ver mais\"    >Ver mais<\/span><span id='swap-id69d877d167cfd'  class='colomat-swap' style='display:none;'>Ver menos<\/span><div id=\"target-id69d877d167cfd\" class=\"collapseomatic_content \"><\/span><\/p>\n<p><strong>2024 &#8211; 2025<\/strong> &#8211; Coordenadora Profa. Dra. Caroline Casali &#8211; <a href=\"https:\/\/wp.ufpel.edu.br\/gestaopublica\/files\/2025\/08\/Portaria-Coordenacao-setembro-2024.pdf\">Portaria GR 3816\/2024<\/a><\/p>\n<p><strong>2022 &#8211; 2024<\/strong> &#8211; Coordenadora Profa. Dra. Caroline Casali &#8211; <a href=\"https:\/\/wp.ufpel.edu.br\/gestaopublica\/files\/2024\/10\/Portaria-GR-19882022.pdf\">Portaria GR 1988\/2022<\/a><\/p>\n<p><strong>2020 &#8211; 2022 &#8211;<\/strong> Coordenador: Prof. Dr. Daniel Lena Marchiori Neto &#8211; <a href=\"https:\/\/wp.ufpel.edu.br\/gestaopublica\/files\/2022\/07\/Portaria-Coordenador-1874-.pdf\">Portaria GR 1874\/2020<\/a><\/p>\n<p><strong>2018 &#8211; 2020<\/strong> &#8211; Coordenador: Prof. Dr. Marcio Barcelos &#8211; <a href=\"https:\/\/wp.ufpel.edu.br\/gestaopublica\/files\/2022\/08\/Portaria-GR-30242018.pdf\">Portaria GR 3024\/2018<\/a><\/p>\n<p style=\"text-align: justify;\"><strong>2018 &#8211;<\/strong> Coordenador: Profa. Dra. Isabel Cristina Rosa Barros Rasia &#8211; <a href=\"https:\/\/wp.ufpel.edu.br\/gestaopublica\/files\/2022\/08\/Portaria-GR-6412018.pdf\">Portaria GR 641\/2018<\/a><\/p>\n<p style=\"text-align: justify;\"><strong>2017<\/strong> <strong>&#8211; 2018<\/strong> &#8211; Coordenador: Prof. Ms. Paulo Cesar Neves Barboza &#8211; <a href=\"https:\/\/wp.ufpel.edu.br\/gestaopublica\/files\/2022\/08\/Portaria-GR-19382017.pdf\">Portaria GR 1938\/2017<\/a><\/p>\n<p style=\"text-align: justify;\"><strong>2017<\/strong> &#8211; Coordenador: Prof. Ms. Paulo Cesar Neves Barboza (<em>pro tempore<\/em>) &#8211; <a href=\"https:\/\/wp.ufpel.edu.br\/gestaopublica\/files\/2022\/08\/Portaria-GR-19372017.pdf\">Portaria GR 1937\/2017<\/a><\/p>\n<p style=\"text-align: justify;\"><strong>2015 &#8211; 2017 &#8211; <\/strong>Coordenador: Prof. Ms. Paulo Cesar Neves Barboza &#8211; <a href=\"https:\/\/wp.ufpel.edu.br\/gestaopublica\/files\/2022\/08\/Portaria-GR-10902015.pdf\">Portaria GR 1090\/2015<\/a><\/p>\n<p style=\"text-align: justify;\"><strong>2015<\/strong> &#8211; Coordenador: Prof. Ms. Dary Pretto Neto &#8211; <a href=\"https:\/\/wp.ufpel.edu.br\/gestaopublica\/files\/2022\/08\/Portaria-GR-4052015.pdf\">Portaria GR 405\/2015<\/a>, retificada pela <a href=\"https:\/\/wp.ufpel.edu.br\/gestaopublica\/files\/2022\/08\/Portaria-GR-4412015.pdf\">Portaria GR 441\/2015<\/a><\/p>\n<p style=\"text-align: justify;\"><strong>2015<\/strong> &#8211; Coordenador: Prof. Ms. Dary Pretto Neto (<em>pro tempore<\/em>) &#8211; <a href=\"https:\/\/wp.ufpel.edu.br\/gestaopublica\/files\/2022\/08\/Portaria-GR-4042015.pdf\">Portaria GR 404\/2015<\/a>, retificada pela <a href=\"https:\/\/wp.ufpel.edu.br\/gestaopublica\/files\/2022\/08\/Portaria-GR-4412015.pdf\">Portaria GR 441\/2015<\/a><\/p>\n<p style=\"text-align: justify;\"><strong>2014 &#8211; 2015<\/strong> <strong>&#8211;<\/strong> Coordenador: Prof. Ms. Fabiano Milano Fritzten &#8211; <a href=\"https:\/\/wp.ufpel.edu.br\/gestaopublica\/files\/2022\/08\/Portaria-GR-2652014.pdf\">Portaria GR 265\/2014<\/a><\/p>\n<p style=\"text-align: justify;\"><strong>2013 &#8211;<\/strong> Coordenador: Prof. Ms. Fabiano Milano Fritzen (<em>pro tempore<\/em>) &#8211; <a href=\"https:\/\/wp.ufpel.edu.br\/gestaopublica\/files\/2022\/08\/Portaria-GR-2642014.pdf\">Portaria GR 264\/2014<\/a><\/p>\n<p style=\"text-align: justify;\"><strong>2011 &#8211; 2013 &#8211;\u00a0<\/strong> Coordenador: Prof. Ms. Fabiano Milano Fritzen &#8211; <a href=\"https:\/\/wp.ufpel.edu.br\/gestaopublica\/files\/2022\/08\/Portaria-GR-19172011.pdf\">Portaria GR 1917\/2011<\/a><\/p>\n<p style=\"text-align: justify;\"><strong>2011<\/strong> &#8211; Coordenador: Prof. Ms. Nilo Valter Karnopp &#8211; <a href=\"https:\/\/wp.ufpel.edu.br\/gestaopublica\/files\/2022\/08\/Portaria-GR-12062011.pdf\">Portaria GR 1206\/2011<\/a><\/p>\n<p style=\"text-align: justify;\"><strong>2009 &#8211; 2011 &#8211;<\/strong> Coordenador: Prof. Ms. Rafael Mello Oliveira &#8211; <a href=\"https:\/\/wp.ufpel.edu.br\/gestaopublica\/files\/2022\/08\/Portaria-GR-462010.pdf\">Portaria GR 46\/2010<\/a>, retificada pela <a href=\"https:\/\/wp.ufpel.edu.br\/gestaopublica\/files\/2022\/08\/Portaria-GR-1682010.pdf\">Portaria GR 168\/2010<\/a><\/p>\n<p style=\"text-align: justify;\"><strong>2007<\/strong> (Curso Sequencial de Gest\u00e3o P\u00fablica) &#8211; Coordenador: <span dir=\"ltr\" role=\"presentation\">Assist. Admin. <\/span>Cristiane Hoffman Moreira &#8211; <a href=\"https:\/\/wp.ufpel.edu.br\/gestaopublica\/files\/2022\/08\/Portaria-GR-1203-2007.pdf\">Portaria GR 1203\/2007<\/a><\/p>\n<p style=\"text-align: justify;\"><strong>2007<\/strong> (Curso Sequencial de Gest\u00e3o P\u00fablica) &#8211; Coordenador: Prof. Luiz Ernani Gon\u00e7alves \u00c1vila (<em>pro tempore<\/em>) &#8211; <a href=\"https:\/\/wp.ufpel.edu.br\/gestaopublica\/files\/2022\/08\/Portaria-GR-476-2007.pdf\">Portaria GR 476\/2007<\/a><\/p>\n<p><span style=\"font-size: 10pt;\"><\/div><\/span><\/p>\n<hr \/>\n<p>&nbsp;<\/p>\n","protected":false},"excerpt":{"rendered":"<p>Coordenadora Pro Tempore: Profa. Dra. Patr\u00edcia Schneider Severo &#8211; Portaria GR 5495\/2025 Coordenador Adjunto:\u00a0 &nbsp; Administra\u00e7\u00f5es Anteriores &nbsp;<\/p>\n","protected":false},"author":250,"featured_media":0,"parent":0,"menu_order":0,"comment_status":"closed","ping_status":"closed","template":"","meta":{"jetpack_post_was_ever_published":false,"footnotes":""},"class_list":["post-968","page","type-page","status-publish","hentry","nodate","item-wrap"],"jetpack_sharing_enabled":false,"jetpack_shortlink":"https:\/\/wp.me\/P6QO4J-fC","_links":{"self":[{"href":"https:\/\/wp.ufpel.edu.br\/gestaopublica\/wp-json\/wp\/v2\/pages\/968","targetHints":{"allow":["GET"]}}],"collection":[{"href":"https:\/\/wp.ufpel.edu.br\/gestaopublica\/wp-json\/wp\/v2\/pages"}],"about":[{"href":"https:\/\/wp.ufpel.edu.br\/gestaopublica\/wp-json\/wp\/v2\/types\/page"}],"author":[{"embeddable":true,"href":"https:\/\/wp.ufpel.edu.br\/gestaopublica\/wp-json\/wp\/v2\/users\/250"}],"replies":[{"embeddable":true,"href":"https:\/\/wp.ufpel.edu.br\/gestaopublica\/wp-json\/wp\/v2\/comments?post=968"}],"version-history":[{"count":3,"href":"https:\/\/wp.ufpel.edu.br\/gestaopublica\/wp-json\/wp\/v2\/pages\/968\/revisions"}],"predecessor-version":[{"id":3124,"href":"https:\/\/wp.ufpel.edu.br\/gestaopublica\/wp-json\/wp\/v2\/pages\/968\/revisions\/3124"}],"wp:attachment":[{"href":"https:\/\/wp.ufpel.edu.br\/gestaopublica\/wp-json\/wp\/v2\/media?parent=968"}],"curies":[{"name":"wp","href":"https:\/\/api.w.org\/{rel}","templated":true}]}}