{"id":964,"date":"2022-06-02T16:15:19","date_gmt":"2022-06-02T19:15:19","guid":{"rendered":"https:\/\/wp.ufpel.edu.br\/gestaopublica\/?page_id=964"},"modified":"2022-09-15T01:24:17","modified_gmt":"2022-09-15T04:24:17","slug":"projeto-pedagogico","status":"publish","type":"page","link":"https:\/\/wp.ufpel.edu.br\/gestaopublica\/projeto-pedagogico\/","title":{"rendered":"Projeto Pedag\u00f3gico"},"content":{"rendered":"<hr \/>\n<p>O atual Projeto Pedag\u00f3gico do Curso de Gest\u00e3o P\u00fablica (2022) pode ser acessado <a href=\"https:\/\/wp.ufpel.edu.br\/gestaopublica\/files\/2022\/09\/PPC-Atual.pdf\">aqui<\/a>.<\/p>\n","protected":false},"excerpt":{"rendered":"<p>O atual Projeto Pedag\u00f3gico do Curso de Gest\u00e3o P\u00fablica (2022) pode ser acessado aqui.<\/p>\n","protected":false},"author":250,"featured_media":0,"parent":0,"menu_order":0,"comment_status":"closed","ping_status":"closed","template":"","meta":{"jetpack_post_was_ever_published":false,"footnotes":""},"class_list":["post-964","page","type-page","status-publish","hentry","nodate","item-wrap"],"jetpack_sharing_enabled":false,"jetpack_shortlink":"https:\/\/wp.me\/P6QO4J-fy","_links":{"self":[{"href":"https:\/\/wp.ufpel.edu.br\/gestaopublica\/wp-json\/wp\/v2\/pages\/964","targetHints":{"allow":["GET"]}}],"collection":[{"href":"https:\/\/wp.ufpel.edu.br\/gestaopublica\/wp-json\/wp\/v2\/pages"}],"about":[{"href":"https:\/\/wp.ufpel.edu.br\/gestaopublica\/wp-json\/wp\/v2\/types\/page"}],"author":[{"embeddable":true,"href":"https:\/\/wp.ufpel.edu.br\/gestaopublica\/wp-json\/wp\/v2\/users\/250"}],"replies":[{"embeddable":true,"href":"https:\/\/wp.ufpel.edu.br\/gestaopublica\/wp-json\/wp\/v2\/comments?post=964"}],"version-history":[{"count":7,"href":"https:\/\/wp.ufpel.edu.br\/gestaopublica\/wp-json\/wp\/v2\/pages\/964\/revisions"}],"predecessor-version":[{"id":1914,"href":"https:\/\/wp.ufpel.edu.br\/gestaopublica\/wp-json\/wp\/v2\/pages\/964\/revisions\/1914"}],"wp:attachment":[{"href":"https:\/\/wp.ufpel.edu.br\/gestaopublica\/wp-json\/wp\/v2\/media?parent=964"}],"curies":[{"name":"wp","href":"https:\/\/api.w.org\/{rel}","templated":true}]}}