{"id":21,"date":"2013-05-29T17:39:49","date_gmt":"2013-05-29T20:39:49","guid":{"rendered":"https:\/\/wp.ufpel.edu.br\/gestaopublica\/?page_id=21"},"modified":"2022-07-30T00:13:45","modified_gmt":"2022-07-30T03:13:45","slug":"corpo-docente-2","status":"publish","type":"page","link":"https:\/\/wp.ufpel.edu.br\/gestaopublica\/corpo-docente-2\/","title":{"rendered":"PROFESSORES"},"content":{"rendered":"<hr \/>\n\n<table id=\"tablepress-2\" class=\"tablepress tablepress-id-2\">\n<tbody class=\"row-striping row-hover\">\n<tr class=\"row-1\">\n\t<td class=\"column-1\"><a href=\"https:\/\/wp.ufpel.edu.br\/gestaopublica\/files\/2022\/08\/Caroline-Casali.png\"><img loading=\"lazy\" decoding=\"async\" src=\"https:\/\/wp.ufpel.edu.br\/gestaopublica\/files\/2022\/08\/Caroline-Casali-300x300.png\" alt=\"\" width=\"300\" height=\"300\" class=\"alignnone size-medium wp-image-1546\" srcset=\"https:\/\/wp.ufpel.edu.br\/gestaopublica\/files\/2022\/08\/Caroline-Casali-300x300.png 300w, https:\/\/wp.ufpel.edu.br\/gestaopublica\/files\/2022\/08\/Caroline-Casali-150x150.png 150w, https:\/\/wp.ufpel.edu.br\/gestaopublica\/files\/2022\/08\/Caroline-Casali-768x766.png 768w, https:\/\/wp.ufpel.edu.br\/gestaopublica\/files\/2022\/08\/Caroline-Casali.png 852w\" sizes=\"auto, (max-width: 300px) 100vw, 300px\" \/><\/a><\/td><td class=\"column-2\"><br \/>\n<br \/>\n<a href=\"http:\/\/lattes.cnpq.br\/0039985271324456\">CAROLINE CASALI <\/a>(Coordenadora do Curso)<br \/>\n<br \/>\nDoutora em Comunica\u00e7\u00e3o pela Universidade do Vale do Rio dos Sinos. <br \/>\n<br \/>\nMinistra as disciplinas \"Comunica\u00e7\u00e3o P\u00fablica e Pol\u00edtica\" e \"T\u00f3picos Avan\u00e7ados em Gest\u00e3o P\u00fablica IX\". <br \/>\n<br \/>\nE-mail: <a href=\"mailto:carolcasali@gmail.com\">carolcasali@gmail.com<\/a><\/td>\n<\/tr>\n<tr class=\"row-2\">\n\t<td class=\"column-1\"><a href=\"https:\/\/wp.ufpel.edu.br\/gestaopublica\/files\/2022\/07\/Daniel-Marchiori.png\"><img loading=\"lazy\" decoding=\"async\" src=\"https:\/\/wp.ufpel.edu.br\/gestaopublica\/files\/2022\/07\/Daniel-Marchiori-300x300.png\" alt=\"\" width=\"300\" height=\"300\" class=\"alignnone size-medium wp-image-1388\" srcset=\"https:\/\/wp.ufpel.edu.br\/gestaopublica\/files\/2022\/07\/Daniel-Marchiori-300x300.png 300w, https:\/\/wp.ufpel.edu.br\/gestaopublica\/files\/2022\/07\/Daniel-Marchiori-150x150.png 150w, https:\/\/wp.ufpel.edu.br\/gestaopublica\/files\/2022\/07\/Daniel-Marchiori.png 427w\" sizes=\"auto, (max-width: 300px) 100vw, 300px\" \/><\/a><\/td><td class=\"column-2\"><br \/>\n<a href=\"http:\/\/buscatextual.cnpq.br\/buscatextual\/visualizacv.do?id=K4734381H6\">DANIEL LENA MARCHIORI NETO<\/a><br \/>\n(Coordenador Adjunto)<br \/>\n<br \/>\nDoutor em Direito pela Universidade Federal de Santa Catarina. <br \/>\n<br \/>\nMinistra as disciplinas \"Semin\u00e1rios em Gest\u00e3o P\u00fablica I\", \"Semin\u00e1rios em Gest\u00e3o P\u00fablica II\" e \"Institui\u00e7\u00f5es de Direito P\u00fablico\".<br \/>\n<br \/>\nE-mail: <a href=\"mailto:danielmarchiorineto@gmail.com\">danielmarchiorineto@gmail.com<\/a><\/td>\n<\/tr>\n<tr class=\"row-3\">\n\t<td class=\"column-1\"><a href=\"https:\/\/wp.ufpel.edu.br\/gestaopublica\/files\/2022\/07\/Dary-Pretto.jpeg\"><img loading=\"lazy\" decoding=\"async\" src=\"https:\/\/wp.ufpel.edu.br\/gestaopublica\/files\/2022\/07\/Dary-Pretto-300x300.jpeg\" alt=\"\" width=\"300\" height=\"300\" class=\"alignnone size-medium wp-image-1382\" srcset=\"https:\/\/wp.ufpel.edu.br\/gestaopublica\/files\/2022\/07\/Dary-Pretto-300x300.jpeg 300w, https:\/\/wp.ufpel.edu.br\/gestaopublica\/files\/2022\/07\/Dary-Pretto-150x150.jpeg 150w, https:\/\/wp.ufpel.edu.br\/gestaopublica\/files\/2022\/07\/Dary-Pretto.jpeg 639w\" sizes=\"auto, (max-width: 300px) 100vw, 300px\" \/><\/a><\/td><td class=\"column-2\"><br \/>\n<a href=\"http:\/\/buscatextual.cnpq.br\/buscatextual\/visualizacv.do?id=K4774708D5\">DARY PRETTO NETO<\/a> <br \/>\n<br \/>\nDoutor em Mem\u00f3ria Social e Patrim\u00f4nio Cultural pela Universidade Federal de Pelotas. <br \/>\n<br \/>\nMinistra as disciplinas \u201cGest\u00e3o P\u00fablica e Desenvolvimento\u201d e \u201cGest\u00e3o Financeira e Or\u00e7amento P\u00fablico\u201d.<br \/>\n<br \/>\nE-mail: <a href=\"mailto:darypretto@gmail.com\">darypretto@gmail.com<\/a><\/td>\n<\/tr>\n<tr class=\"row-4\">\n\t<td class=\"column-1\"><a href=\"https:\/\/wp.ufpel.edu.br\/gestaopublica\/files\/2022\/07\/Fabiano-Fritzen.jpg\"><img loading=\"lazy\" decoding=\"async\" src=\"https:\/\/wp.ufpel.edu.br\/gestaopublica\/files\/2022\/07\/Fabiano-Fritzen-300x300.jpg\" alt=\"\" width=\"300\" height=\"300\" class=\"alignnone size-medium wp-image-1393\" srcset=\"https:\/\/wp.ufpel.edu.br\/gestaopublica\/files\/2022\/07\/Fabiano-Fritzen-300x300.jpg 300w, https:\/\/wp.ufpel.edu.br\/gestaopublica\/files\/2022\/07\/Fabiano-Fritzen-150x150.jpg 150w, https:\/\/wp.ufpel.edu.br\/gestaopublica\/files\/2022\/07\/Fabiano-Fritzen.jpg 640w\" sizes=\"auto, (max-width: 300px) 100vw, 300px\" \/><\/a><\/td><td class=\"column-2\"><br \/>\n<br \/>\n<a href=\"http:\/\/lattes.cnpq.br\/9225395801805801\">FABIANO MILANO FRITZEN<\/a> <br \/>\n<br \/>\nDoutorando em Administra\u00e7\u00e3o pela Universidade Federal do Rio Grande do Sul. <br \/>\n<br \/>\nMinistra a disciplina \u201cIntrodu\u00e7\u00e3o \u00e0 Pesquisa em Gest\u00e3o P\u00fablica\u201d. <br \/>\n<br \/>\nE-mail: <a href=\"mailto:ffritzen@terra.com.br\">ffritzen@terra.com.br<\/a><\/td>\n<\/tr>\n<tr class=\"row-5\">\n\t<td class=\"column-1\"><a href=\"https:\/\/wp.ufpel.edu.br\/gestaopublica\/files\/2022\/08\/Flavia-Azambuja.png\"><img loading=\"lazy\" decoding=\"async\" src=\"https:\/\/wp.ufpel.edu.br\/gestaopublica\/files\/2022\/08\/Flavia-Azambuja-300x298.png\" alt=\"\" width=\"300\" height=\"298\" class=\"alignnone size-medium wp-image-1481\" srcset=\"https:\/\/wp.ufpel.edu.br\/gestaopublica\/files\/2022\/08\/Flavia-Azambuja-300x298.png 300w, https:\/\/wp.ufpel.edu.br\/gestaopublica\/files\/2022\/08\/Flavia-Azambuja-150x150.png 150w, https:\/\/wp.ufpel.edu.br\/gestaopublica\/files\/2022\/08\/Flavia-Azambuja-768x763.png 768w, https:\/\/wp.ufpel.edu.br\/gestaopublica\/files\/2022\/08\/Flavia-Azambuja.png 891w\" sizes=\"auto, (max-width: 300px) 100vw, 300px\" \/><\/a><\/td><td class=\"column-2\"><br \/>\n<br \/>\n<a href=\"http:\/\/lattes.cnpq.br\/5114643785938969\">FLAVIA BRAGA DE AZAMBUJA<\/a><br \/>\n<br \/>\nDoutoranda em Filosofia pela Universidade Federal de Pelotas. <br \/>\n<br \/>\nMinistra a disciplina \u201cGest\u00e3o da Informa\u00e7\u00e3o no Setor P\u00fablico\u201d. <br \/>\n<br \/>\nE-mail: <a href=\"mailto:flaviaazambuja@gmail.com\">flaviaazambuja@gmail.com<\/a><br \/>\n<br \/>\n<\/td>\n<\/tr>\n<tr class=\"row-6\">\n\t<td class=\"column-1\"><a href=\"https:\/\/wp.ufpel.edu.br\/gestaopublica\/files\/2022\/08\/Fran-Joseph-Pinto.png\"><img loading=\"lazy\" decoding=\"async\" src=\"https:\/\/wp.ufpel.edu.br\/gestaopublica\/files\/2022\/08\/Fran-Joseph-Pinto-300x298.png\" alt=\"\" width=\"300\" height=\"298\" class=\"alignnone size-medium wp-image-1562\" srcset=\"https:\/\/wp.ufpel.edu.br\/gestaopublica\/files\/2022\/08\/Fran-Joseph-Pinto-300x298.png 300w, https:\/\/wp.ufpel.edu.br\/gestaopublica\/files\/2022\/08\/Fran-Joseph-Pinto-150x150.png 150w, https:\/\/wp.ufpel.edu.br\/gestaopublica\/files\/2022\/08\/Fran-Joseph-Pinto-768x763.png 768w, https:\/\/wp.ufpel.edu.br\/gestaopublica\/files\/2022\/08\/Fran-Joseph-Pinto.png 856w\" sizes=\"auto, (max-width: 300px) 100vw, 300px\" \/><\/a><\/td><td class=\"column-2\"><br \/>\n<br \/>\n<a href=\"http:\/\/lattes.cnpq.br\/2561386046768440\">FRANCINE PINTO DA SILVA JOSEPH<\/a><br \/>\n<br \/>\nDoutoranda em Ci\u00eancias Sociais pela Universidade do Vale do Rio dos Sinos. <br \/>\n<br \/>\nMinistra a disciplina \u201cDireitos Humanos e Rela\u00e7\u00f5es \u00c9tnico-Raciais\u201d. <br \/>\n<br \/>\nE-mail: <a href=\"mailto:francinepinto@gmail.com\">francinepinto@gmail.com<\/a><br \/>\n<\/td>\n<\/tr>\n<tr class=\"row-7\">\n\t<td class=\"column-1\"><a href=\"https:\/\/wp.ufpel.edu.br\/gestaopublica\/files\/2022\/07\/Isabel-Rasia.png\"><img loading=\"lazy\" decoding=\"async\" src=\"https:\/\/wp.ufpel.edu.br\/gestaopublica\/files\/2022\/07\/Isabel-Rasia-300x298.png\" alt=\"\" width=\"300\" height=\"298\" class=\"alignnone size-medium wp-image-1395\" srcset=\"https:\/\/wp.ufpel.edu.br\/gestaopublica\/files\/2022\/07\/Isabel-Rasia-300x298.png 300w, https:\/\/wp.ufpel.edu.br\/gestaopublica\/files\/2022\/07\/Isabel-Rasia-150x150.png 150w, https:\/\/wp.ufpel.edu.br\/gestaopublica\/files\/2022\/07\/Isabel-Rasia.png 428w\" sizes=\"auto, (max-width: 300px) 100vw, 300px\" \/><\/a><\/td><td class=\"column-2\"><br \/>\n<br \/>\n<br \/>\n<a href=\"http:\/\/lattes.cnpq.br\/7046203970070689\">ISABEL CRISTINA ROSA BARROS RASIA<\/a><br \/>\nDoutora em Administra\u00e7\u00e3o pela Universidade de Caxias do Sul. <br \/>\n<br \/>\nMinistra a disciplina \u201cGest\u00e3o Ambiental\u201d. <br \/>\n<br \/>\nE-mail:  <a href=\"mailto:cristieducare@gmail.com\">cristieducare@gmail.com<\/a><br \/>\n<\/td>\n<\/tr>\n<tr class=\"row-8\">\n\t<td class=\"column-1\"><a href=\"https:\/\/wp.ufpel.edu.br\/gestaopublica\/files\/2022\/08\/Luciana-Novo.png\"><img loading=\"lazy\" decoding=\"async\" src=\"https:\/\/wp.ufpel.edu.br\/gestaopublica\/files\/2022\/08\/Luciana-Novo-300x300.png\" alt=\"\" width=\"300\" height=\"300\" class=\"alignnone size-medium wp-image-1514\" srcset=\"https:\/\/wp.ufpel.edu.br\/gestaopublica\/files\/2022\/08\/Luciana-Novo-300x300.png 300w, https:\/\/wp.ufpel.edu.br\/gestaopublica\/files\/2022\/08\/Luciana-Novo-150x150.png 150w, https:\/\/wp.ufpel.edu.br\/gestaopublica\/files\/2022\/08\/Luciana-Novo-768x767.png 768w, https:\/\/wp.ufpel.edu.br\/gestaopublica\/files\/2022\/08\/Luciana-Novo.png 851w\" sizes=\"auto, (max-width: 300px) 100vw, 300px\" \/><\/a><\/td><td class=\"column-2\"><br \/>\n<br \/>\n<a href=\"http:\/\/lattes.cnpq.br\/7380954356314446\">LUCIANA FLORENTINO NOVO<\/a><br \/>\n<br \/>\nDoutora em Educa\u00e7\u00e3o pela Universidade Federal do Rio Grande do Sul. <br \/>\n<br \/>\nMinistra a disciplina \u201cGest\u00e3o de Pessoas no Setor P\u00fablico\u201d. <br \/>\n<br \/>\nE-mail: <a href=\"mailto:luciana_novo@yahoo.com.br\">luciana_novo@yahoo.com.br<\/a><br \/>\n<\/td>\n<\/tr>\n<tr class=\"row-9\">\n\t<td class=\"column-1\"><a href=\"https:\/\/wp.ufpel.edu.br\/gestaopublica\/files\/2022\/08\/Marcio-Barc.png\"><img loading=\"lazy\" decoding=\"async\" src=\"https:\/\/wp.ufpel.edu.br\/gestaopublica\/files\/2022\/08\/Marcio-Barc-300x300.png\" alt=\"\" width=\"300\" height=\"300\" class=\"alignnone size-medium wp-image-1566\" srcset=\"https:\/\/wp.ufpel.edu.br\/gestaopublica\/files\/2022\/08\/Marcio-Barc-300x300.png 300w, https:\/\/wp.ufpel.edu.br\/gestaopublica\/files\/2022\/08\/Marcio-Barc-150x150.png 150w, https:\/\/wp.ufpel.edu.br\/gestaopublica\/files\/2022\/08\/Marcio-Barc.png 855w\" sizes=\"auto, (max-width: 300px) 100vw, 300px\" \/><\/a><\/td><td class=\"column-2\"><br \/>\n<a href=\"http:\/\/lattes.cnpq.br\/1251002352765766\">MARCIO BARCELOS <\/a> <br \/>\n<br \/>\nDoutor em Sociologia pela Universidade Federal do Rio Grande do Sul. <br \/>\n<br \/>\nMinistra as disciplinas \u201cForma\u00e7\u00e3o do Estado Brasileiro\u201d e <br \/>\n\u201cGest\u00e3o de Pol\u00edticas P\u00fablicas II\u201d. <br \/>\n<br \/>\nE-mail: <a href=\"mailto:barcelosmarcio@gmail.com\">barcelosmarcio@gmail.com<\/a><\/td>\n<\/tr>\n<tr class=\"row-10\">\n\t<td class=\"column-1\"><a href=\"https:\/\/wp.ufpel.edu.br\/gestaopublica\/files\/2022\/07\/Mari-Fagundes.png\"><img loading=\"lazy\" decoding=\"async\" src=\"https:\/\/wp.ufpel.edu.br\/gestaopublica\/files\/2022\/07\/Mari-Fagundes-300x300.png\" alt=\"\" width=\"300\" height=\"300\" class=\"alignnone size-medium wp-image-1409\" srcset=\"https:\/\/wp.ufpel.edu.br\/gestaopublica\/files\/2022\/07\/Mari-Fagundes-300x300.png 300w, https:\/\/wp.ufpel.edu.br\/gestaopublica\/files\/2022\/07\/Mari-Fagundes-150x150.png 150w, https:\/\/wp.ufpel.edu.br\/gestaopublica\/files\/2022\/07\/Mari-Fagundes.png 425w\" sizes=\"auto, (max-width: 300px) 100vw, 300px\" \/><\/a><\/td><td class=\"column-2\"><br \/>\n<a href=\"http:\/\/lattes.cnpq.br\/6910779581863051\">MARI CRISTINA DE FREITAS FAGUNDES<\/a><br \/>\n<br \/>\nDoutora em Sociologia pela Universidade Federal da Para\u00edba. <br \/>\n<br \/>\nMinistra as disciplinas \u201cGest\u00e3o de Pol\u00edticas P\u00fablicas I\u201d, <br \/>\n\u201cGest\u00e3o de Projetos no Setor P\u00fablico\u201d e \u201cDireitos Humanos e Rela\u00e7\u00f5es \u00c9tnico-Raciais\u201d.<br \/>\n<br \/>\nE-mail: <a href=\"mailto:maricris.ff@hotmail.com\">maricris.ff@hotmail.com<\/a><br \/>\n<\/td>\n<\/tr>\n<tr class=\"row-11\">\n\t<td class=\"column-1\"><a href=\"https:\/\/wp.ufpel.edu.br\/gestaopublica\/files\/2022\/08\/PC-.png\"><img loading=\"lazy\" decoding=\"async\" src=\"https:\/\/wp.ufpel.edu.br\/gestaopublica\/files\/2022\/08\/PC--300x300.png\" alt=\"\" width=\"300\" height=\"300\" class=\"alignnone size-medium wp-image-1511\" srcset=\"https:\/\/wp.ufpel.edu.br\/gestaopublica\/files\/2022\/08\/PC--300x300.png 300w, https:\/\/wp.ufpel.edu.br\/gestaopublica\/files\/2022\/08\/PC--150x150.png 150w, https:\/\/wp.ufpel.edu.br\/gestaopublica\/files\/2022\/08\/PC--768x768.png 768w, https:\/\/wp.ufpel.edu.br\/gestaopublica\/files\/2022\/08\/PC-.png 850w\" sizes=\"auto, (max-width: 300px) 100vw, 300px\" \/><\/a><\/td><td class=\"column-2\"><br \/>\n<br \/>\n<a href=\"http:\/\/lattes.cnpq.br\/8100945678722999\">PAULO CESAR NEVES BARBOZA<\/a><br \/>\n<br \/>\nDoutorando em Ci\u00eancia Pol\u00edtica pela Universidade Federal de Pelotas. <br \/>\n<br \/>\nMinistra as disciplinas \u201c\u00c9tica e Administra\u00e7\u00e3o P\u00fablica\u201d e \u201cDireito e Administra\u00e7\u00e3o P\u00fablica\u201d. <br \/>\n<br \/>\nE-mail: <a href=\"mailto:pcneves2005@hotmail.com\">pcneves2005@hotmail.com<\/a><br \/>\n<\/td>\n<\/tr>\n<tr class=\"row-12\">\n\t<td class=\"column-1\"><a href=\"https:\/\/wp.ufpel.edu.br\/gestaopublica\/files\/2022\/08\/Rodrigo-Serpa-Pinto.png\"><img loading=\"lazy\" decoding=\"async\" src=\"https:\/\/wp.ufpel.edu.br\/gestaopublica\/files\/2022\/08\/Rodrigo-Serpa-Pinto-300x300.png\" alt=\"\" width=\"300\" height=\"300\" class=\"alignnone size-medium wp-image-1512\" srcset=\"https:\/\/wp.ufpel.edu.br\/gestaopublica\/files\/2022\/08\/Rodrigo-Serpa-Pinto-300x300.png 300w, https:\/\/wp.ufpel.edu.br\/gestaopublica\/files\/2022\/08\/Rodrigo-Serpa-Pinto-150x150.png 150w, https:\/\/wp.ufpel.edu.br\/gestaopublica\/files\/2022\/08\/Rodrigo-Serpa-Pinto-768x768.png 768w, https:\/\/wp.ufpel.edu.br\/gestaopublica\/files\/2022\/08\/Rodrigo-Serpa-Pinto.png 850w\" sizes=\"auto, (max-width: 300px) 100vw, 300px\" \/><\/a><\/td><td class=\"column-2\"><br \/>\n<br \/>\n<a href=\"http:\/\/lattes.cnpq.br\/0108160476862326\">RODRIGO SERPA PINTO<\/a><br \/>\n<br \/>\nDoutor em Administra\u00e7\u00e3o pela Universidade Federal de Santa Catarina. <br \/>\n<br \/>\nMinistra a disciplina \u201cFundamentos da Gest\u00e3o P\u00fablica\u201d e \u201cPlanejamento e Gest\u00e3o em Organiza\u00e7\u00f5es P\u00fablicas\u201d.<br \/>\n<br \/>\nE-mail: <a href=\"mailto:serparg@gmail.com\">serparg@gmail.com<\/a><br \/>\n<\/td>\n<\/tr>\n<tr class=\"row-13\">\n\t<td class=\"column-1\"><a href=\"https:\/\/wp.ufpel.edu.br\/gestaopublica\/files\/2022\/07\/Rosana-Tondolo.jpg\"><img loading=\"lazy\" decoding=\"async\" src=\"https:\/\/wp.ufpel.edu.br\/gestaopublica\/files\/2022\/07\/Rosana-Tondolo-300x300.jpg\" alt=\"\" width=\"300\" height=\"300\" class=\"alignnone size-medium wp-image-1398\" srcset=\"https:\/\/wp.ufpel.edu.br\/gestaopublica\/files\/2022\/07\/Rosana-Tondolo-300x300.jpg 300w, https:\/\/wp.ufpel.edu.br\/gestaopublica\/files\/2022\/07\/Rosana-Tondolo-150x150.jpg 150w, https:\/\/wp.ufpel.edu.br\/gestaopublica\/files\/2022\/07\/Rosana-Tondolo.jpg 512w\" sizes=\"auto, (max-width: 300px) 100vw, 300px\" \/><\/a><\/td><td class=\"column-2\"><br \/>\n<br \/>\n<a href=\"http:\/\/buscatextual.cnpq.br\/buscatextual\/visualizacv.do?id=K4218241A1\">ROSANA DA ROSA PORTELLA TONDOLO<\/a><br \/>\n<br \/>\nDoutora em Administra\u00e7\u00e3o pela Universidade do Vale do Rio dos Sinos. <br \/>\n<br \/>\nMinistra as disciplinas \u201cContabilidade no Setor P\u00fablico\u201d e \u201cAn\u00e1lise de Investimentos\u201d. <br \/>\n<br \/>\nE-mail: <a href=\"mailto:rosanatondolo@gmail.com\">rosanatondolo@gmail.com<\/a><br \/>\n<\/td>\n<\/tr>\n<tr class=\"row-14\">\n\t<td class=\"column-1\"><a href=\"https:\/\/wp.ufpel.edu.br\/gestaopublica\/files\/2022\/07\/Vilmar-Tondolo.jpg\"><img loading=\"lazy\" decoding=\"async\" src=\"https:\/\/wp.ufpel.edu.br\/gestaopublica\/files\/2022\/07\/Vilmar-Tondolo-300x300.jpg\" alt=\"\" width=\"300\" height=\"300\" class=\"alignnone size-medium wp-image-1399\" srcset=\"https:\/\/wp.ufpel.edu.br\/gestaopublica\/files\/2022\/07\/Vilmar-Tondolo-300x300.jpg 300w, https:\/\/wp.ufpel.edu.br\/gestaopublica\/files\/2022\/07\/Vilmar-Tondolo-150x150.jpg 150w, https:\/\/wp.ufpel.edu.br\/gestaopublica\/files\/2022\/07\/Vilmar-Tondolo.jpg 512w\" sizes=\"auto, (max-width: 300px) 100vw, 300px\" \/><\/a><\/td><td class=\"column-2\"><br \/>\n<br \/>\n<a href=\"http:\/\/lattes.cnpq.br\/8949425307961537\">VILMAR ANTONIO GON\u00c7ALVES TONDOLO<\/a><br \/>\n<br \/>\nDoutor em Administra\u00e7\u00e3o pela Universidade do Vale do Rio dos Sinos. <br \/>\n<br \/>\nMinistra a disciplina \u201cAn\u00e1lise de Dados para Tomada de Decis\u00e3o\u201d. <br \/>\n<br \/>\nE-mail: <a href=\"mailto:vtondolo@gmail.com\">vtondolo@gmail.com<\/a><br \/>\n<\/td>\n<\/tr>\n<\/tbody>\n<\/table>\n\n","protected":false},"excerpt":{"rendered":"","protected":false},"author":250,"featured_media":0,"parent":0,"menu_order":2,"comment_status":"closed","ping_status":"closed","template":"","meta":{"jetpack_post_was_ever_published":false,"footnotes":""},"class_list":["post-21","page","type-page","status-publish","hentry","nodate","item-wrap"],"jetpack_sharing_enabled":false,"jetpack_shortlink":"https:\/\/wp.me\/P6QO4J-l","_links":{"self":[{"href":"https:\/\/wp.ufpel.edu.br\/gestaopublica\/wp-json\/wp\/v2\/pages\/21","targetHints":{"allow":["GET"]}}],"collection":[{"href":"https:\/\/wp.ufpel.edu.br\/gestaopublica\/wp-json\/wp\/v2\/pages"}],"about":[{"href":"https:\/\/wp.ufpel.edu.br\/gestaopublica\/wp-json\/wp\/v2\/types\/page"}],"author":[{"embeddable":true,"href":"https:\/\/wp.ufpel.edu.br\/gestaopublica\/wp-json\/wp\/v2\/users\/250"}],"replies":[{"embeddable":true,"href":"https:\/\/wp.ufpel.edu.br\/gestaopublica\/wp-json\/wp\/v2\/comments?post=21"}],"version-history":[{"count":33,"href":"https:\/\/wp.ufpel.edu.br\/gestaopublica\/wp-json\/wp\/v2\/pages\/21\/revisions"}],"predecessor-version":[{"id":1414,"href":"https:\/\/wp.ufpel.edu.br\/gestaopublica\/wp-json\/wp\/v2\/pages\/21\/revisions\/1414"}],"wp:attachment":[{"href":"https:\/\/wp.ufpel.edu.br\/gestaopublica\/wp-json\/wp\/v2\/media?parent=21"}],"curies":[{"name":"wp","href":"https:\/\/api.w.org\/{rel}","templated":true}]}}