{"id":1347,"date":"2022-07-29T15:12:03","date_gmt":"2022-07-29T18:12:03","guid":{"rendered":"https:\/\/wp.ufpel.edu.br\/gestaopublica\/?page_id=1347"},"modified":"2023-03-26T17:09:41","modified_gmt":"2023-03-26T20:09:41","slug":"orientacoes-para-matricula","status":"publish","type":"page","link":"https:\/\/wp.ufpel.edu.br\/gestaopublica\/orientacoes-para-matricula\/","title":{"rendered":"Orienta\u00e7\u00f5es para Matr\u00edcula"},"content":{"rendered":"<div class=\"page\" title=\"Page 1\">\n<div class=\"layoutArea\">\n<div class=\"column\">\n<hr \/>\n<p><span style=\"font-size: 14pt;\"><strong><a href=\"https:\/\/wp.ufpel.edu.br\/cra\/matriculas-passo-a-passo\/\">Matr\u00edcula de Ingressantes<\/a><\/strong><\/span><\/p>\n<\/div>\n<\/div>\n<div class=\"layoutArea\">\n<div class=\"column\">\n<hr \/>\n<p><strong><span style=\"font-size: 14pt;\">Rematr\u00edcula<\/span><span style=\"font-size: 10pt;\">\u00a0<\/span><\/strong><span style=\"font-size: 10pt;\"><span class=\"collapseomatic \" id=\"id69d7dbd8823ea\"  tabindex=\"0\" title=\"Ver mais\"    >Ver mais<\/span><span id='swap-id69d7dbd8823ea'  class='colomat-swap' style='display:none;'>Ver menos<\/span><div id=\"target-id69d7dbd8823ea\" class=\"collapseomatic_content \"><\/span><\/p>\n<p class=\"kt-adv-heading_7c2a47-24 wp-block-kadence-advancedheading\" data-kb-block=\"kb-adv-heading_7c2a47-24\"><strong>Defini\u00e7\u00e3o<\/strong><br \/>\nA Rematr\u00edcula N\u00c3O \u00e9 destinada aos alunos ingressantes na Universidade.\u00a0A matr\u00edcula \u00e9 obrigat\u00f3ria em cada per\u00edodo letivo previsto para o funcionamento do curso, de acordo com o calend\u00e1rio acad\u00eamico, sendo que sua aus\u00eancia\u00a0em um per\u00edodo letivo poder\u00e1 implicar o desligamento do curso por abandono.<\/p>\n<p class=\"kt-adv-heading_7c2a47-24 wp-block-kadence-advancedheading\" data-kb-block=\"kb-adv-heading_7c2a47-24\">O discente poder\u00e1 realizar qualquer atividade curricular do Curso de Com\u00e9rcio Exterior.\u00a0N\u00e3o ser\u00e1 permitida a matr\u00edcula em componentes curriculares em que houver colis\u00e3o total ou parcial de hor\u00e1rios.<\/p>\n<p class=\"kt-adv-heading_de2dc3-a8 wp-block-kadence-advancedheading\" data-kb-block=\"kb-adv-heading_de2dc3-a8\"><strong>Como solicitar<\/strong><br \/>\nI-\u00a0 O discente dever\u00e1 fazer\u00a0<i>login<\/i> no sistema acad\u00eamico <a href=\"https:\/\/cobalto.ufpel.edu.br\/\">COBALTO<\/a>, acessar o menu <a class=\"\" href=\"https:\/\/cobalto.ufpel.edu.br\/academico\/alunos\/solicitacaoMatricula\">Solicita\u00e7\u00e3o de matr\u00edcula<\/a>\u00a0e selecionar os componentes curriculares que pretende cursar.<br \/>\nII- O sistema processa as solicita\u00e7\u00f5es, conforme estabelecido na Resolu\u00e7\u00e3o COCEPE n\u00ba 47\/2018.<br \/>\nIII- O discente consulta sua solicita\u00e7\u00e3o no sistema <a href=\"https:\/\/cobalto.ufpel.edu.br\/\">COBALTO<\/a>, no menu <a class=\"\" href=\"https:\/\/cobalto.ufpel.edu.br\/academico\/alunos\/atestadoMatriculado\">Matr\u00edcula<\/a>, para confirmar em quais componentes curriculares foi matriculado. Se a solicita\u00e7\u00e3o foi contemplada \u00e9 s\u00f3 aguardar o in\u00edcio das aulas. Caso seja necess\u00e1ria alguma altera\u00e7\u00e3o, dever\u00e1 ser realizada na corre\u00e7\u00e3o de matr\u00edcula.<\/p>\n<p data-kb-block=\"kb-adv-heading_de2dc3-a8\"><strong>Fluxograma<br \/>\n<\/strong><\/p>\n<p data-kb-block=\"kb-adv-heading_de2dc3-a8\">\n<table id=\"tablepress-13\" class=\"tablepress tablepress-id-13\">\n<thead>\n<tr class=\"row-1\">\n\t<th class=\"column-1\">Etapa<\/th><th class=\"column-2\">Respons\u00e1vel<\/th><th class=\"column-3\">Procedimento<\/th>\n<\/tr>\n<\/thead>\n<tbody class=\"row-striping row-hover\">\n<tr class=\"row-2\">\n\t<td class=\"column-1\">1<\/td><td class=\"column-2\">Discente<\/td><td class=\"column-3\">\u2013 Solicitar matr\u00edcula online no COBALTO<\/td>\n<\/tr>\n<tr class=\"row-3\">\n\t<td class=\"column-1\">2<\/td><td class=\"column-2\">CTI<\/td><td class=\"column-3\">\u2013 Processar as solicita\u00e7\u00f5es de matr\u00edcula<\/td>\n<\/tr>\n<tr class=\"row-4\">\n\t<td class=\"column-1\">3<\/td><td class=\"column-2\">Discente<\/td><td class=\"column-3\">\u2013 Consultar em quais componentes curriculares foi matriculado<\/td>\n<\/tr>\n<\/tbody>\n<\/table>\n<!-- #tablepress-13 from cache -->\n<p><span style=\"font-size: 10pt;\"><\/div><\/span><\/p>\n<hr \/>\n<p><strong><span style=\"font-size: 14pt;\">Corre\u00e7\u00e3o de Matr\u00edcula<\/span>\u00a0<\/strong><span style=\"font-size: 10pt;\"><span class=\"collapseomatic \" id=\"id69d7dbd8831d2\"  tabindex=\"0\" title=\"Ver mais\"    >Ver mais<\/span><span id='swap-id69d7dbd8831d2'  class='colomat-swap' style='display:none;'>Ver menos<\/span><div id=\"target-id69d7dbd8831d2\" class=\"collapseomatic_content \"><\/span><\/p>\n<p class=\"kt-adv-heading_507b1d-3c wp-block-kadence-advancedheading\" data-kb-block=\"kb-adv-heading_507b1d-3c\"><strong>Defini\u00e7\u00e3o<\/strong><br \/>\nA corre\u00e7\u00e3o de matr\u00edcula \u00e9 a possibilidade de inclus\u00e3o ou exclus\u00e3o de componentes curriculares ap\u00f3s o processamento de matr\u00edcula, sendo destinada aos discentes que necessitam de ajustes no resultado de sua solicita\u00e7\u00e3o de matr\u00edcula ou que n\u00e3o tenham solicitado a rematr\u00edcula.\u00a0N\u00e3o ser\u00e1 permitida a matr\u00edcula em atividades curriculares em que houver colis\u00e3o total ou parcial de hor\u00e1rios.<\/p>\n<p class=\"kt-adv-heading_b2b973-1e wp-block-kadence-advancedheading\" data-kb-block=\"kb-adv-heading_b2b973-1e\"><strong>Como solicitar<\/strong><br \/>\nI-\u00a0 O discente dever\u00e1 fazer\u00a0<i>login<\/i> no sistema acad\u00eamico <a href=\"https:\/\/cobalto.ufpel.edu.br\/\">COBALTO<\/a>, acessar o menu <a class=\"hover\" href=\"https:\/\/cobalto.ufpel.edu.br\/academico\/alunos\/solicitacaoCorrecaoMatricula\">Corre\u00e7\u00e3o de matr\u00edcula<\/a>, solicitar inclus\u00e3o e\/ou exclus\u00e3o de disciplinas.<br \/>\nII \u2013 O sistema armazenar\u00e1 as solicita\u00e7\u00f5es de corre\u00e7\u00e3o e ordenar\u00e1 os alunos de acordo com a Resolu\u00e7\u00e3o COCEPE n\u00ba 47\/2018. O Colegiado homologa ou n\u00e3o as solicita\u00e7\u00f5es.<br \/>\nIII- O discente consulta sua solicita\u00e7\u00e3o no sistema <a href=\"https:\/\/cobalto.ufpel.edu.br\/\">COBALTO<\/a>, no menu <a class=\"\" href=\"https:\/\/cobalto.ufpel.edu.br\/academico\/alunos\/atestadoMatriculado\">Matr\u00edcula<\/a>, para confirmar em quais componentes curriculares foi matriculado. Se a solicita\u00e7\u00e3o foi contemplada \u00e9 s\u00f3 aguardar o in\u00edcio das aulas.<\/p>\n<p class=\"kt-adv-heading_5acb90-99 wp-block-kadence-advancedheading\" data-kb-block=\"kb-adv-heading_5acb90-99\"><strong>Fluxograma<\/strong><\/p>\n<p data-kb-block=\"kb-adv-heading_5acb90-99\">\n<table id=\"tablepress-14\" class=\"tablepress tablepress-id-14\">\n<thead>\n<tr class=\"row-1\">\n\t<th class=\"column-1\">Etapa<\/th><th class=\"column-2\">Respons\u00e1vel<\/th><th class=\"column-3\">Procedimento<\/th>\n<\/tr>\n<\/thead>\n<tbody class=\"row-striping row-hover\">\n<tr class=\"row-2\">\n\t<td class=\"column-1\">1<\/td><td class=\"column-2\">Discente<\/td><td class=\"column-3\">\u2013 Solicitar corre\u00e7\u00e3o de matr\u00edcula no cobalto<\/td>\n<\/tr>\n<tr class=\"row-3\">\n\t<td class=\"column-1\">2<\/td><td class=\"column-2\">Colegiado do Curso<\/td><td class=\"column-3\">\u2013 Avaliar a corre\u00e7\u00e3o no COBALTO<\/td>\n<\/tr>\n<\/tbody>\n<\/table>\n<!-- #tablepress-14 from cache -->\n<p><span style=\"font-size: 10pt;\"><\/div><\/span><\/p>\n<hr \/>\n<p><span style=\"font-size: 14pt;\"><strong>Matr\u00edcula Especial\u00a0<\/strong><\/span><span style=\"font-size: 10pt;\"><span class=\"collapseomatic \" id=\"id69d7dbd88357e\"  tabindex=\"0\" title=\"Ver mais\"    >Ver mais<\/span><span id='swap-id69d7dbd88357e'  class='colomat-swap' style='display:none;'>Ver menos<\/span><div id=\"target-id69d7dbd88357e\" class=\"collapseomatic_content \"><\/span><\/p>\n<p class=\"kt-adv-heading_2e57e8-8c wp-block-kadence-advancedheading\" data-kb-block=\"kb-adv-heading_2e57e8-8c\"><strong>Defini\u00e7\u00e3o<\/strong><br \/>\nA matr\u00edcula especial permite ao discente realizar matr\u00edcula em componente curriculares de outros cursos da UFPel. Esta modalidade de matr\u00edcula est\u00e1 condicionada \u00e0 disponibilidade de vagas na disciplina e no per\u00edodo letivo desejado.<\/p>\n<p class=\"kt-adv-heading_cd88d2-6c wp-block-kadence-advancedheading\" data-kb-block=\"kb-adv-heading_cd88d2-6c\">A matr\u00edcula especial n\u00e3o poder\u00e1 ultrapassar o total de dois componentes curriculares por per\u00edodo letivo e 20% da carga hor\u00e1ria do curso de origem.<\/p>\n<p class=\"kt-adv-heading_51833c-4c wp-block-kadence-advancedheading\" data-kb-block=\"kb-adv-heading_51833c-4c\">N\u00e3o ser\u00e1 permitida a matr\u00edcula em componentes curriculares em que houver colis\u00e3o total ou parcial de hor\u00e1rios. A matr\u00edcula especial \u00e9 destinada apenas para acrescentar componentes curriculares, \u00e9 vedada a altera\u00e7\u00e3o da matr\u00edcula original.<\/p>\n<p class=\"kt-adv-heading_e3757b-6c wp-block-kadence-advancedheading\" data-kb-block=\"kb-adv-heading_e3757b-6c\"><strong>Como solicitar<\/strong><br \/>\nA Matr\u00edcula Especial possui per\u00edodo estipulado no calend\u00e1rio acad\u00eamico. Para solicitar a matr\u00edcula especial o discente deve:<br \/>\nI \u2013 estar matriculado em, no m\u00ednimo, oito cr\u00e9ditos no curso de origem;<br \/>\nII \u2013 solicitar matr\u00edcula especial no\u00a0<a href=\"https:\/\/cobalto.ufpel.edu.br\/\">Cobalto<\/a>\u00a0, no menu\u00a0<a class=\"\" href=\"https:\/\/cobalto.ufpel.edu.br\/academico\/alunos\/solicitacaoMatriculaEspecial\">Solicita\u00e7\u00e3o de matr\u00edcula especial<\/a>, em disciplina do curso pretendido, no per\u00edodo previsto no Calend\u00e1rio Acad\u00eamico;<br \/>\nIII \u2013 o curso de origem do discente avaliar\u00e1 a solicita\u00e7\u00e3o em prazo previsto no Calend\u00e1rio Acad\u00eamico, autorizando ou n\u00e3o a solicita\u00e7\u00e3o;<br \/>\nIV \u2013 caso o curso de origem tenha autorizado, o curso que oferta a disciplina pretendida pelo discente receber\u00e1 a solicita\u00e7\u00e3o e avaliar\u00e1, homologando ou n\u00e3o o pedido.<br \/>\nV \u2013 O discente consulta sua solicita\u00e7\u00e3o no sistema\u00a0<a href=\"https:\/\/cobalto.ufpel.edu.br\/\">COBALTO<\/a>, no menu\u00a0<a class=\"\" href=\"https:\/\/cobalto.ufpel.edu.br\/academico\/alunos\/atestadoMatriculado\">Matr\u00edcula<\/a>, para confirmar em quais componentes curriculares foi matriculado. Se a solicita\u00e7\u00e3o foi contemplada \u00e9 s\u00f3 aguardar o in\u00edcio das aulas.<\/p>\n<p class=\"kt-adv-heading_3adf06-80 wp-block-kadence-advancedheading\" data-kb-block=\"kb-adv-heading_3adf06-80\"><strong><a href=\"https:\/\/wp.ufpel.edu.br\/cra\/files\/2021\/08\/Orientacoes.pdf\">Clique aqui para um tutorial detalhado<\/a><\/strong><\/p>\n<p class=\"kt-adv-heading_f1620c-4f wp-block-kadence-advancedheading\" data-kb-block=\"kb-adv-heading_f1620c-4f\"><strong>Fluxograma<\/strong><\/p>\n<p data-kb-block=\"kb-adv-heading_f1620c-4f\">\n<table id=\"tablepress-15\" class=\"tablepress tablepress-id-15\">\n<thead>\n<tr class=\"row-1\">\n\t<th class=\"column-1\">Etapa<\/th><th class=\"column-2\">Respons\u00e1vel<\/th><th class=\"column-3\">Procedimento<\/th>\n<\/tr>\n<\/thead>\n<tbody class=\"row-striping row-hover\">\n<tr class=\"row-2\">\n\t<td class=\"column-1\">1<\/td><td class=\"column-2\">Discente<\/td><td class=\"column-3\">\u2013 Solicitar matr\u00edcula especial no COBALTO<\/td>\n<\/tr>\n<tr class=\"row-3\">\n\t<td class=\"column-1\">2<\/td><td class=\"column-2\">Colegiado de curso de origem<\/td><td class=\"column-3\">\u2013 Avaliar a solicita\u00e7\u00e3o do discente, autorizando-a ou n\u00e3o<\/td>\n<\/tr>\n<tr class=\"row-4\">\n\t<td class=\"column-1\">3<\/td><td class=\"column-2\">Colegiado do curso da disciplina pretendida<\/td><td class=\"column-3\">\u2013 Na hip\u00f3tese de autoriza\u00e7\u00e3o na etapa anterior, avaliar a solicita\u00e7\u00e3o do discente, registrando-a no Cobalto caso seja aceita<\/td>\n<\/tr>\n<tr class=\"row-5\">\n\t<td class=\"column-1\">4<\/td><td class=\"column-2\">Discente<\/td><td class=\"column-3\">\u2013 Consultar em quais componentes curriculares foi matriculado<\/td>\n<\/tr>\n<\/tbody>\n<\/table>\n<!-- #tablepress-15 from cache -->\n<p><span style=\"font-size: 10pt;\"><\/div><\/span><\/p>\n<\/div>\n<\/div>\n<\/div>\n","protected":false},"excerpt":{"rendered":"<p>Matr\u00edcula de Ingressantes Rematr\u00edcula\u00a0 Corre\u00e7\u00e3o de Matr\u00edcula\u00a0 Matr\u00edcula Especial\u00a0<\/p>\n","protected":false},"author":250,"featured_media":0,"parent":0,"menu_order":0,"comment_status":"closed","ping_status":"closed","template":"","meta":{"jetpack_post_was_ever_published":false,"footnotes":""},"class_list":["post-1347","page","type-page","status-publish","hentry","nodate","item-wrap"],"jetpack_sharing_enabled":true,"jetpack_shortlink":"https:\/\/wp.me\/P6QO4J-lJ","_links":{"self":[{"href":"https:\/\/wp.ufpel.edu.br\/gestaopublica\/wp-json\/wp\/v2\/pages\/1347","targetHints":{"allow":["GET"]}}],"collection":[{"href":"https:\/\/wp.ufpel.edu.br\/gestaopublica\/wp-json\/wp\/v2\/pages"}],"about":[{"href":"https:\/\/wp.ufpel.edu.br\/gestaopublica\/wp-json\/wp\/v2\/types\/page"}],"author":[{"embeddable":true,"href":"https:\/\/wp.ufpel.edu.br\/gestaopublica\/wp-json\/wp\/v2\/users\/250"}],"replies":[{"embeddable":true,"href":"https:\/\/wp.ufpel.edu.br\/gestaopublica\/wp-json\/wp\/v2\/comments?post=1347"}],"version-history":[{"count":7,"href":"https:\/\/wp.ufpel.edu.br\/gestaopublica\/wp-json\/wp\/v2\/pages\/1347\/revisions"}],"predecessor-version":[{"id":2304,"href":"https:\/\/wp.ufpel.edu.br\/gestaopublica\/wp-json\/wp\/v2\/pages\/1347\/revisions\/2304"}],"wp:attachment":[{"href":"https:\/\/wp.ufpel.edu.br\/gestaopublica\/wp-json\/wp\/v2\/media?parent=1347"}],"curies":[{"name":"wp","href":"https:\/\/api.w.org\/{rel}","templated":true}]}}