{"id":1339,"date":"2022-07-29T14:27:39","date_gmt":"2022-07-29T17:27:39","guid":{"rendered":"https:\/\/wp.ufpel.edu.br\/gestaopublica\/?page_id=1339"},"modified":"2022-09-02T23:42:38","modified_gmt":"2022-09-03T02:42:38","slug":"normas-da-ufpel","status":"publish","type":"page","link":"https:\/\/wp.ufpel.edu.br\/gestaopublica\/normas-da-ufpel\/","title":{"rendered":"Normas da UFPel"},"content":{"rendered":"<hr \/>\n<p>&#8211; <a href=\"https:\/\/wp.ufpel.edu.br\/scs\/regimento\/\">Regimento da UFPel\u00a0<\/a><\/p>\n<p>&#8211; <a href=\"https:\/\/wp.ufpel.edu.br\/gestaopublica\/files\/2022\/07\/Regimento-CCSO.pdf\">Regimento do CCSO<\/a><\/p>\n<p>&#8211; <a href=\"https:\/\/wp.ufpel.edu.br\/gestaopublica\/files\/2018\/09\/SEI_Resolu\u00e7\u00e3o-29.2018-Novo-Regulamento-de-Gradua\u00e7\u00e3o-UFPEL.pdf\">Regulamento do Ensino de Gradua\u00e7\u00e3o na UFPel\u00a0<\/a><\/p>\n<p>&#8211; <a href=\"https:\/\/wp.ufpel.edu.br\/gestaopublica\/files\/2022\/09\/Resoluc\u0327a\u0303o-Reingresso.pdf\">Resoluc\u0327a\u0303o sobre Reingresso<\/a><\/p>\n","protected":false},"excerpt":{"rendered":"<p>&#8211; Regimento da UFPel\u00a0 &#8211; Regimento do CCSO &#8211; Regulamento do Ensino de Gradua\u00e7\u00e3o na UFPel\u00a0 &#8211; Resoluc\u0327a\u0303o sobre Reingresso<\/p>\n","protected":false},"author":250,"featured_media":0,"parent":0,"menu_order":0,"comment_status":"closed","ping_status":"closed","template":"","meta":{"jetpack_post_was_ever_published":false,"footnotes":""},"class_list":["post-1339","page","type-page","status-publish","hentry","nodate","item-wrap"],"jetpack_sharing_enabled":false,"jetpack_shortlink":"https:\/\/wp.me\/P6QO4J-lB","_links":{"self":[{"href":"https:\/\/wp.ufpel.edu.br\/gestaopublica\/wp-json\/wp\/v2\/pages\/1339","targetHints":{"allow":["GET"]}}],"collection":[{"href":"https:\/\/wp.ufpel.edu.br\/gestaopublica\/wp-json\/wp\/v2\/pages"}],"about":[{"href":"https:\/\/wp.ufpel.edu.br\/gestaopublica\/wp-json\/wp\/v2\/types\/page"}],"author":[{"embeddable":true,"href":"https:\/\/wp.ufpel.edu.br\/gestaopublica\/wp-json\/wp\/v2\/users\/250"}],"replies":[{"embeddable":true,"href":"https:\/\/wp.ufpel.edu.br\/gestaopublica\/wp-json\/wp\/v2\/comments?post=1339"}],"version-history":[{"count":6,"href":"https:\/\/wp.ufpel.edu.br\/gestaopublica\/wp-json\/wp\/v2\/pages\/1339\/revisions"}],"predecessor-version":[{"id":1885,"href":"https:\/\/wp.ufpel.edu.br\/gestaopublica\/wp-json\/wp\/v2\/pages\/1339\/revisions\/1885"}],"wp:attachment":[{"href":"https:\/\/wp.ufpel.edu.br\/gestaopublica\/wp-json\/wp\/v2\/media?parent=1339"}],"curies":[{"name":"wp","href":"https:\/\/api.w.org\/{rel}","templated":true}]}}