{"id":1263,"date":"2022-07-28T21:39:34","date_gmt":"2022-07-29T00:39:34","guid":{"rendered":"https:\/\/wp.ufpel.edu.br\/gestaopublica\/?page_id=1263"},"modified":"2025-08-27T10:09:34","modified_gmt":"2025-08-27T13:09:34","slug":"colegiado-do-curso","status":"publish","type":"page","link":"https:\/\/wp.ufpel.edu.br\/gestaopublica\/colegiado-do-curso\/","title":{"rendered":"Colegiado do Curso"},"content":{"rendered":"<hr \/>\n<p><strong><span style=\"font-size: 14pt;\">Composi\u00e7\u00e3o<\/span><\/strong><\/p>\n<p><span style=\"font-size: 12pt;\">A\u00a0 <a href=\"https:\/\/wp.ufpel.edu.br\/gestaopublica\/files\/2024\/10\/Portaria-Colegiado-de-Curso-setembro-2024.pdf\">Portaria Interna CCSO 23\/2024<\/a>\u00a0consolida a seguinte composi\u00e7\u00e3o do Colegiado do Curso de Gest\u00e3o P\u00fablica:<\/span><\/p>\n<p class=\"Texto_Centralizado\"><strong>Coordena\u00e7\u00e3o<\/strong>:<\/p>\n<p class=\"Texto_Centralizado\">Prof\u00aa Dr\u00aa Caroline Casali\u00a0(Coordenadora)<\/p>\n<p class=\"Texto_Centralizado\">Prof\u00aa Dr\u00aa Patr\u00edcia Schneider Severo\u00a0(Coordena\u00e7\u00e3o Adjunta)<\/p>\n<p>&nbsp;<\/p>\n<p class=\"Texto_Centralizado\"><strong>Representa\u00e7\u00e3o Docente:<\/strong><\/p>\n<p class=\"Texto_Centralizado\">Rodrigo Serpa Pinto\u00a0(Titular)<\/p>\n<p class=\"Texto_Centralizado\">Francine Pinto da Silva Joseph\u00a0(Suplente)<\/p>\n<p>&nbsp;<\/p>\n<p class=\"Texto_Centralizado\">Paulo C\u00e9sar Neves Barboza\u00a0(Titular)<\/p>\n<p class=\"Texto_Centralizado\">M\u00e1rcio Barcelos\u00a0(Suplente)<\/p>\n<p>&nbsp;<\/p>\n<p class=\"Texto_Centralizado\">Fabiano Milano Fritzen\u00a0(Titular)<\/p>\n<p class=\"Texto_Centralizado\">Dary Pretto Neto\u00a0(Suplente)<\/p>\n<p>&nbsp;<\/p>\n<p class=\"Texto_Centralizado\"><strong>Representa\u00e7\u00e3o Discente\u00a0<\/strong><\/p>\n<p class=\"Texto_Centralizado\">Giulia Garcia Machado\u00a0(Titular)<\/p>\n<p class=\"Texto_Centralizado\">Amyra Yasmin Cabreira Pires\u00a0(Suplente)<\/p>\n<hr \/>\n<p><strong><span style=\"font-size: 14pt;\">Composi\u00e7\u00f5es anteriores <\/span><\/strong><span style=\"font-size: 14pt;\"><span style=\"font-size: 10pt;\"><span class=\"collapseomatic \" id=\"id69dda68169c87\"  tabindex=\"0\" title=\"Ver mais\"    >Ver mais<\/span><span id='swap-id69dda68169c87'  class='colomat-swap' style='display:none;'>Ver menos<\/span><div id=\"target-id69dda68169c87\" class=\"collapseomatic_content \"><\/span><\/span><\/p>\n<p><a href=\"https:\/\/wp.ufpel.edu.br\/gestaopublica\/files\/2024\/10\/Portaria-Interna-CCSO-222022.pdf\">Portaria Interna CCSO 22\/2022<\/a><\/p>\n<p><a href=\"https:\/\/wp.ufpel.edu.br\/gestaopublica\/files\/2022\/09\/Portaria-Interna-CCSO-202022-.pdf\">Portaria Interna CCSO 20\/2022<\/a><\/p>\n<p><a href=\"https:\/\/wp.ufpel.edu.br\/gestaopublica\/files\/2022\/07\/Portaria-Colegiado-10-2021-.pdf\">Portaria Interna CCSO 10\/2021<\/a><\/p>\n<p><a href=\"https:\/\/wp.ufpel.edu.br\/gestaopublica\/files\/2022\/08\/Portaria-Interna-FAT-412020.pdf\">Portaria Interna FAT 41\/2020<\/a><\/p>\n<p><a href=\"https:\/\/wp.ufpel.edu.br\/gestaopublica\/files\/2022\/08\/Portaria-Interna-FAT-292020.pdf\">Portaria Interna FAT 29\/2020<\/a><\/p>\n<p><a href=\"https:\/\/wp.ufpel.edu.br\/gestaopublica\/files\/2022\/08\/Portaria-Interna-FAT-272020.pdf\">Portaria Interna FAT 27\/2020<\/a><\/p>\n<p><a href=\"https:\/\/wp.ufpel.edu.br\/gestaopublica\/files\/2022\/08\/Portaria-Interna-FAT-342019.pdf\">Portaria Interna FAT 34\/2019<\/a><\/p>\n<p><a href=\"https:\/\/wp.ufpel.edu.br\/gestaopublica\/files\/2022\/08\/Portaria-GR-17472018.pdf\">Portaria GR 1747\/2018<\/a><\/p>\n<p><a href=\"https:\/\/wp.ufpel.edu.br\/gestaopublica\/files\/2022\/08\/Portaria-GR-14622018.pdf\">Portaria GR 1462\/2018<\/a><\/p>\n<p><a href=\"https:\/\/wp.ufpel.edu.br\/gestaopublica\/files\/2022\/08\/Portaria-GR-1019-2016.pdf\">Portaria GR 1019\/2016<\/a><\/p>\n<p><a href=\"https:\/\/wp.ufpel.edu.br\/gestaopublica\/files\/2022\/08\/Portaria-GR-1365-2015.pdf\">Portaria GR 1365\/2015<\/a><\/p>\n<p><a href=\"https:\/\/wp.ufpel.edu.br\/gestaopublica\/files\/2022\/08\/Portaria-GR-959-2015.pdf\">Portaria GR 959\/2015<\/a><\/p>\n<p><a href=\"https:\/\/wp.ufpel.edu.br\/gestaopublica\/files\/2022\/08\/Portaria-GR-171-2015.pdf\">Portaria GR 171\/2015<\/a><\/p>\n<p><a href=\"https:\/\/wp.ufpel.edu.br\/gestaopublica\/files\/2022\/08\/Portaria-GR-937-2013.pdf\">Portaria GR 937\/2013<\/a><\/p>\n<p><a href=\"https:\/\/wp.ufpel.edu.br\/gestaopublica\/files\/2022\/08\/Portaria-GR-18252011.pdf\">Portaria GR 1825\/2011<\/a><\/p>\n<p><a href=\"https:\/\/wp.ufpel.edu.br\/gestaopublica\/files\/2022\/08\/Portaria-GR-997-2011.pdf\">Portaria GR 997\/2011<\/a><\/p>\n<p><a href=\"https:\/\/wp.ufpel.edu.br\/gestaopublica\/files\/2022\/08\/Portaria-GR-455-2010.pdf\">Portaria GR 455\/2010<\/a><\/p>\n<p><a href=\"https:\/\/wp.ufpel.edu.br\/gestaopublica\/files\/2022\/08\/Portaria-GR-2017-2008.pdf\">Portaria GR 217\/2008<\/a><\/p>\n<p><span style=\"font-size: 10pt;\"><\/div><\/span><\/p>\n<hr \/>\n<p><strong><span style=\"font-size: 14pt;\">Atas<\/span><\/strong><span style=\"font-size: 14pt;\"><span style=\"font-size: 10pt;\"> <span class=\"collapseomatic \" id=\"id69dda68169d5c\"  tabindex=\"0\" title=\"Ver mais\"    >Ver mais<\/span><span id='swap-id69dda68169d5c'  class='colomat-swap' style='display:none;'>Ver menos<\/span><div id=\"target-id69dda68169d5c\" class=\"collapseomatic_content \"><\/span><\/span><\/p>\n<p><a href=\"https:\/\/wp.ufpel.edu.br\/gestaopublica\/files\/2025\/08\/Ata-COLEGIADO-032025.pdf\">Ata COLEGIADO 03\/2025<\/a><\/p>\n<p><a href=\"https:\/\/wp.ufpel.edu.br\/gestaopublica\/files\/2025\/08\/Ata-Colegiado-022025.pdf\">Ata COLEGIADO 02\/2025<\/a><\/p>\n<p><a href=\"https:\/\/wp.ufpel.edu.br\/gestaopublica\/files\/2025\/06\/Ata-COLEGIADO-012025.pdf\">Ata COLEGIADO 01\/2025<\/a><\/p>\n<p><a href=\"https:\/\/wp.ufpel.edu.br\/gestaopublica\/files\/2024\/10\/Ata-Colegiado-022024.pdf\">Ata COLEGIADO 02\/2024<\/a><\/p>\n<p><a href=\"https:\/\/wp.ufpel.edu.br\/gestaopublica\/files\/2024\/10\/Ata-Colegiado-012024.pdf\">Ata COLEGIADO 01\/2024<\/a><\/p>\n<p><a href=\"https:\/\/wp.ufpel.edu.br\/gestaopublica\/files\/2023\/07\/ATA-COLEGIADO-022023.pdf\">Ata COLEGIADO 02\/2023<\/a><\/p>\n<p><a href=\"https:\/\/wp.ufpel.edu.br\/gestaopublica\/files\/2023\/02\/Ata-COLEGIADO-012023.pdf\">Ata COLEGIADO 01\/2023<\/a><\/p>\n<p><a href=\"https:\/\/wp.ufpel.edu.br\/gestaopublica\/files\/2022\/10\/Ata-COLEGIADO-082022.pdf\">Ata COLEGIADO 08\/2022<\/a><\/p>\n<p><a href=\"https:\/\/wp.ufpel.edu.br\/gestaopublica\/files\/2022\/09\/Ata-COLEGIADO-072022.pdf\">Ata COLEGIADO 07\/2022<\/a><\/p>\n<p><a href=\"https:\/\/wp.ufpel.edu.br\/gestaopublica\/files\/2022\/08\/Ata-COLEGIADO-062022.pdf\">Ata COLEGIADO 06\/2022<\/a><\/p>\n<p><a href=\"https:\/\/wp.ufpel.edu.br\/gestaopublica\/files\/2022\/08\/Ata-COLEGIADO-052022.pdf\">Ata COLEGIADO 05\/2022<\/a><\/p>\n<p><a href=\"https:\/\/wp.ufpel.edu.br\/gestaopublica\/files\/2022\/08\/Ata-COLEGIADO-042022.pdf\">Ata COLEGIADO 04\/2022<\/a><\/p>\n<p><a href=\"https:\/\/wp.ufpel.edu.br\/gestaopublica\/files\/2022\/08\/Ata-COLEGIADO-032022.pdf\">Ata COLEGIADO 03\/2022<\/a><\/p>\n<p><a href=\"https:\/\/wp.ufpel.edu.br\/gestaopublica\/files\/2022\/08\/Ata-COLEGIADO-022022.pdf\">Ata COLEGIADO 02\/2022<\/a><\/p>\n<p><a href=\"https:\/\/wp.ufpel.edu.br\/gestaopublica\/files\/2022\/08\/Ata-COLEGIADO-012022.pdf\">Ata COLEGIADO 01\/2022<\/a><\/p>\n<p><a href=\"https:\/\/wp.ufpel.edu.br\/gestaopublica\/files\/2022\/08\/Ata-COLEGIADO-022021.pdf\">Ata COLEGIADO 02\/2021<\/a><\/p>\n<p><a href=\"https:\/\/wp.ufpel.edu.br\/gestaopublica\/files\/2022\/08\/Ata-COLEGIADO-012021.pdf\">Ata <\/a><a href=\"https:\/\/wp.ufpel.edu.br\/gestaopublica\/files\/2022\/08\/Ata-COLEGIADO-012021.pdf\">COLEGIADO 01\/2021<\/a><\/p>\n<p><a href=\"https:\/\/wp.ufpel.edu.br\/gestaopublica\/files\/2022\/08\/ATA-COLEGIADO-052020.pdf\">Ata COLEGIADO 05\/2020<\/a><\/p>\n<p><a href=\"https:\/\/wp.ufpel.edu.br\/gestaopublica\/files\/2022\/08\/Ata-COLEGIADO-042020.pdf\">Ata COLEGIADO 04\/2020<\/a><\/p>\n<p><a href=\"https:\/\/wp.ufpel.edu.br\/gestaopublica\/files\/2022\/08\/ATA-COLEGIADO-032020.pdf\">Ata COLEGIADO 03\/2020<\/a><\/p>\n<p><a href=\"https:\/\/wp.ufpel.edu.br\/gestaopublica\/files\/2022\/08\/Ata-COLEGIADO-022020.pdf\">Ata COLEGIADO 02\/2020<\/a><\/p>\n<p><a href=\"https:\/\/wp.ufpel.edu.br\/gestaopublica\/files\/2022\/08\/Ata-COLEGIADO-012020.pdf\">Ata COLEGIADO 01\/2020<\/a><\/p>\n<p><a href=\"https:\/\/wp.ufpel.edu.br\/gestaopublica\/files\/2022\/08\/Ata-COLEGIADO-012019.pdf\">Ata COLEGIADO 01\/2019<\/a><\/p>\n<p><a href=\"https:\/\/wp.ufpel.edu.br\/gestaopublica\/files\/2022\/08\/Ata-COLEGIADO-062018.pdf\">Ata COLEGIADO 06\/2018<\/a><\/p>\n<p><a href=\"https:\/\/wp.ufpel.edu.br\/gestaopublica\/files\/2022\/08\/Ata-COLEGIADO-052018.pdf\">Ata COLEGIADO 05\/2018<\/a><\/p>\n<p><a href=\"https:\/\/wp.ufpel.edu.br\/gestaopublica\/files\/2022\/08\/Ata-COLEGIADO-042018.pdf\">Ata COLEGIADO 04\/2018<\/a><\/p>\n<p><a href=\"https:\/\/wp.ufpel.edu.br\/gestaopublica\/files\/2022\/08\/Ata-COLEGIADO-032018.pdf\">Ata COLEGIADO 03\/2018<\/a><\/p>\n<p><a href=\"https:\/\/wp.ufpel.edu.br\/gestaopublica\/files\/2022\/08\/Ata-COLEGIADO-022018.pdf\">Ata COLEGIADO 02\/2018<\/a><\/p>\n<p><a href=\"https:\/\/wp.ufpel.edu.br\/gestaopublica\/files\/2022\/08\/Ata-COLEGIADO-012018.pdf\">Ata COLEGIADO 01\/2018<\/a><\/p>\n<p><a href=\"https:\/\/wp.ufpel.edu.br\/gestaopublica\/files\/2022\/08\/Ata-COLEGIADO-022017.pdf\">Ata COLEGIADO 02\/2017<\/a><\/p>\n<p><a href=\"https:\/\/wp.ufpel.edu.br\/gestaopublica\/files\/2022\/08\/Ata-COLEGIADO-012017.pdf\">Ata COLEGIADO 01\/2017<\/a><\/p>\n<p><span style=\"font-size: 10pt;\"><\/div><\/span><\/p>\n<hr \/>\n<p>&nbsp;<\/p>\n","protected":false},"excerpt":{"rendered":"<p>Composi\u00e7\u00e3o A\u00a0 Portaria Interna CCSO 23\/2024\u00a0consolida a seguinte composi\u00e7\u00e3o do Colegiado do Curso de Gest\u00e3o P\u00fablica: Coordena\u00e7\u00e3o: Prof\u00aa Dr\u00aa Caroline Casali\u00a0(Coordenadora) Prof\u00aa Dr\u00aa Patr\u00edcia Schneider Severo\u00a0(Coordena\u00e7\u00e3o Adjunta) &nbsp; Representa\u00e7\u00e3o Docente: Rodrigo Serpa Pinto\u00a0(Titular) Francine Pinto da Silva Joseph\u00a0(Suplente) &nbsp; Paulo C\u00e9sar Neves Barboza\u00a0(Titular) M\u00e1rcio Barcelos\u00a0(Suplente) &nbsp; Fabiano Milano Fritzen\u00a0(Titular) Dary Pretto Neto\u00a0(Suplente) &nbsp; Representa\u00e7\u00e3o Discente\u00a0 &hellip; <\/p>\n<p><a class=\"more-link btn\" href=\"https:\/\/wp.ufpel.edu.br\/gestaopublica\/colegiado-do-curso\/\">Continue lendo<\/a><\/p>\n","protected":false},"author":250,"featured_media":0,"parent":0,"menu_order":0,"comment_status":"closed","ping_status":"closed","template":"","meta":{"jetpack_post_was_ever_published":false,"footnotes":""},"class_list":["post-1263","page","type-page","status-publish","hentry","nodate","item-wrap"],"jetpack_sharing_enabled":false,"jetpack_shortlink":"https:\/\/wp.me\/P6QO4J-kn","_links":{"self":[{"href":"https:\/\/wp.ufpel.edu.br\/gestaopublica\/wp-json\/wp\/v2\/pages\/1263","targetHints":{"allow":["GET"]}}],"collection":[{"href":"https:\/\/wp.ufpel.edu.br\/gestaopublica\/wp-json\/wp\/v2\/pages"}],"about":[{"href":"https:\/\/wp.ufpel.edu.br\/gestaopublica\/wp-json\/wp\/v2\/types\/page"}],"author":[{"embeddable":true,"href":"https:\/\/wp.ufpel.edu.br\/gestaopublica\/wp-json\/wp\/v2\/users\/250"}],"replies":[{"embeddable":true,"href":"https:\/\/wp.ufpel.edu.br\/gestaopublica\/wp-json\/wp\/v2\/comments?post=1263"}],"version-history":[{"count":3,"href":"https:\/\/wp.ufpel.edu.br\/gestaopublica\/wp-json\/wp\/v2\/pages\/1263\/revisions"}],"predecessor-version":[{"id":3117,"href":"https:\/\/wp.ufpel.edu.br\/gestaopublica\/wp-json\/wp\/v2\/pages\/1263\/revisions\/3117"}],"wp:attachment":[{"href":"https:\/\/wp.ufpel.edu.br\/gestaopublica\/wp-json\/wp\/v2\/media?parent=1263"}],"curies":[{"name":"wp","href":"https:\/\/api.w.org\/{rel}","templated":true}]}}