{"id":1227,"date":"2022-07-28T14:46:04","date_gmt":"2022-07-28T17:46:04","guid":{"rendered":"https:\/\/wp.ufpel.edu.br\/gestaopublica\/?page_id=1227"},"modified":"2022-09-27T14:07:32","modified_gmt":"2022-09-27T17:07:32","slug":"projetos-de-extensao","status":"publish","type":"page","link":"https:\/\/wp.ufpel.edu.br\/gestaopublica\/projetos-de-extensao\/","title":{"rendered":"Projetos de Extens\u00e3o"},"content":{"rendered":"<hr \/>\n\n<table id=\"tablepress-7\" class=\"tablepress tablepress-id-7\">\n<thead>\n<tr class=\"row-1\">\n\t<th class=\"column-1\">Coordenador<\/th><th class=\"column-2\">T\u00edtulo <\/th><th class=\"column-3\">Resumo<\/th>\n<\/tr>\n<\/thead>\n<tbody class=\"row-striping row-hover\">\n<tr class=\"row-2\">\n\t<td class=\"column-1\">CAROLINE CASALI<\/td><td class=\"column-2\"><a href=\"https:\/\/institucional.ufpel.edu.br\/projetos\/id\/u5177\">COMUNICA\u00c7\u00c3O ORGANIZACIONAL E COMUNICA\u00c7\u00c3O P\u00daBLICA PARA O CURSO DE GEST\u00c3O P\u00daBLICA<\/a><br \/>\n<\/td><td class=\"column-3\">Esta proposta caracteriza-se como projeto unificado porque envolve o ensino, a pesquisa e a extens\u00e3o em Comunica\u00e7\u00e3o Organizacional e Comunica\u00e7\u00e3o P\u00fablica a partir do Curso de Gest\u00e3o P\u00fablica da UFPel. O projeto, com \u00eanfase em extens\u00e3o, visa a constituir espa\u00e7os de di\u00e1logo do Curso de Gest\u00e3o P\u00fablica com seus p\u00fablicos de interesse. Para isso, as principais a\u00e7\u00f5es do projeto referem-se \u00e0 produ\u00e7\u00e3o de manuais em Comunica\u00e7\u00e3o P\u00fablica para o referido Curso e \u00e0 cria\u00e7\u00e3o e atualiza\u00e7\u00e3o de espa\u00e7os online (site e sites de redes sociais) para promo\u00e7\u00e3o do Curso, divulga\u00e7\u00e3o cient\u00edfica e valoriza\u00e7\u00e3o da mem\u00f3ria institucional.<br \/>\n<\/td>\n<\/tr>\n<tr class=\"row-3\">\n\t<td class=\"column-1\">DANIEL LENA MARCHIORI NETO<\/td><td class=\"column-2\"><a href=\"https:\/\/institucional.ufpel.edu.br\/projetos\/id\/u4584\">COISA P\u00daBLICA - BLOG DE GEST\u00c3O P\u00daBLICA DA UFPEL<\/a><br \/>\n<\/td><td class=\"column-3\">\u201cCoisa P\u00fablica - blog de gest\u00e3o p\u00fablica da UFPel\u201d tem como objetivo divulgar da produ\u00e7\u00e3o cient\u00edfica e cultural dos estudantes do Curso Superior de Tecnologia em Gest\u00e3o P\u00fablica da UFPel, consolidando-se como um portal de divulga\u00e7\u00e3o e debate sobre temas pertinentes \u00e0 Administra\u00e7\u00e3o P\u00fablica.<br \/>\n<\/td>\n<\/tr>\n<tr class=\"row-4\">\n\t<td class=\"column-1\">FABIANO MILANO FRITZEN<\/td><td class=\"column-2\"><a href=\"https:\/\/institucional.ufpel.edu.br\/projetos\/id\/u2675\">TRABALHADORES DE EMPRESAS-APLICATIVO EM TEMPOS DE COVID-19: ALTERNATIVAS E ENFRENTAMENTOS POSS\u00cdVEIS<\/a><\/td><td class=\"column-3\">O projeto \u2018Trabalhadores de Empresas-Aplicativo em Tempos de Covid-19: alternativas e enfrentamentos poss\u00edveis\u2019, tamb\u00e9m conhecido como Projeto APP Seguro, \u00e9 coordenado pelo Prof. Fabiano Milano Fritzen e foi criado em 08 de junho de 2020. O prazo de t\u00e9rmino previsto \u00e9 08 de junho de 2022. Seu objetivo geral \u00e9 oferecer a\u00e7\u00f5es de comunica\u00e7\u00e3o e de suporte aos trabalhadores de empresas-aplicativo de Pelotas e regi\u00e3o voltadas ao enfrentamento dos problemas econ\u00f4micos e sanit\u00e1rios decorrentes da COVID-19.<\/td>\n<\/tr>\n<tr class=\"row-5\">\n\t<td class=\"column-1\">MARI CRISTINA DE FREITAS FAGUNDES<\/td><td class=\"column-2\"><a href=\"https:\/\/institucional.ufpel.edu.br\/projetos\/id\/u5159\">GEST\u00c3O P\u00daBLICA NA REDE<\/a><br \/>\n<\/td><td class=\"column-3\">O projeto de extens\u00e3o Gest\u00e3o P\u00fablica na Rede, tem como foco a produ\u00e7\u00e3o de conte\u00fado por discentes e docentes, envolvendo tem\u00e1ticas afins ao Curso de Gest\u00e3o P\u00fablica, como elei\u00e7\u00f5es, direitos humanos, rela\u00e7\u00f5es \u00e9tnico-raciais, cidadania, pol\u00edticas p\u00fablicas, entre outros temas. Por meio da divulga\u00e7\u00e3o peri\u00f3dica de cards na rede social Instagram e da produ\u00e7\u00e3o de textos mais elaborados tamb\u00e9m acess\u00edveis online, busca-se produzir materiais acess\u00edveis \u00e0 comunidade em geral, trabalhando-se temas relevantes na contemporaneidade.<br \/>\n<\/td>\n<\/tr>\n<\/tbody>\n<\/table>\n<!-- #tablepress-7 from cache -->\n<p>&nbsp;<\/p>\n<hr \/>\n<p><span style=\"font-size: 18pt;\"><strong>Projetos de Extens\u00e3o Encerrados<\/strong><\/span><\/p>\n<p>Em constru\u00e7\u00e3o.<\/p>\n","protected":false},"excerpt":{"rendered":"<p>&nbsp; Projetos de Extens\u00e3o Encerrados Em constru\u00e7\u00e3o.<\/p>\n","protected":false},"author":250,"featured_media":0,"parent":0,"menu_order":0,"comment_status":"closed","ping_status":"closed","template":"","meta":{"jetpack_post_was_ever_published":false,"footnotes":""},"class_list":["post-1227","page","type-page","status-publish","hentry","nodate","item-wrap"],"jetpack_sharing_enabled":true,"jetpack_shortlink":"https:\/\/wp.me\/P6QO4J-jN","_links":{"self":[{"href":"https:\/\/wp.ufpel.edu.br\/gestaopublica\/wp-json\/wp\/v2\/pages\/1227","targetHints":{"allow":["GET"]}}],"collection":[{"href":"https:\/\/wp.ufpel.edu.br\/gestaopublica\/wp-json\/wp\/v2\/pages"}],"about":[{"href":"https:\/\/wp.ufpel.edu.br\/gestaopublica\/wp-json\/wp\/v2\/types\/page"}],"author":[{"embeddable":true,"href":"https:\/\/wp.ufpel.edu.br\/gestaopublica\/wp-json\/wp\/v2\/users\/250"}],"replies":[{"embeddable":true,"href":"https:\/\/wp.ufpel.edu.br\/gestaopublica\/wp-json\/wp\/v2\/comments?post=1227"}],"version-history":[{"count":4,"href":"https:\/\/wp.ufpel.edu.br\/gestaopublica\/wp-json\/wp\/v2\/pages\/1227\/revisions"}],"predecessor-version":[{"id":2044,"href":"https:\/\/wp.ufpel.edu.br\/gestaopublica\/wp-json\/wp\/v2\/pages\/1227\/revisions\/2044"}],"wp:attachment":[{"href":"https:\/\/wp.ufpel.edu.br\/gestaopublica\/wp-json\/wp\/v2\/media?parent=1227"}],"curies":[{"name":"wp","href":"https:\/\/api.w.org\/{rel}","templated":true}]}}