{"id":12,"date":"2013-05-29T17:37:59","date_gmt":"2013-05-29T20:37:59","guid":{"rendered":"https:\/\/wp.ufpel.edu.br\/gestaopublica\/?page_id=12"},"modified":"2025-08-28T16:52:51","modified_gmt":"2025-08-28T19:52:51","slug":"contato","status":"publish","type":"page","link":"https:\/\/wp.ufpel.edu.br\/gestaopublica\/contato\/","title":{"rendered":"CONTATO"},"content":{"rendered":"<div style=\"text-align: justify;\">\n<p><strong>Colegiado do Curso de Gest\u00e3o P\u00fablica<\/strong><\/p>\n<hr \/>\n<p><strong>Coordena\u00e7\u00e3o do Curso\u00a0<\/strong><\/p>\n<p>Profa. Dra. Patr\u00edcia Schneider Severo<\/p>\n<p>E-mail: <a class=\"\" href=\"mailto:patricia.severo@ufpel.edu.br\" data-usuario=\"patricia.severo\">patricia.severo@ufpel.edu.br<\/a><\/p>\n<hr \/>\n<p><strong>Secretaria do Colegiado<\/strong><\/p>\n<p>E-mail: <a href=\"mailto:colegiadosccso@gmail.com\">colegiadosccso@gmail.com<\/a><\/p>\n<hr \/>\n<p><strong>Centro de Ci\u00eancias S\u00f3cio-Organizacionais<\/strong><\/p>\n<p>Endere\u00e7o: Rua Gomes Carneiro, n<sup>o<\/sup> 01 \u2013 Campus Porto \u2013<\/p>\n<p>CEP: 96010-610 (antigo Frigor\u00edfico Anglo) \u2013 4<sup>o<\/sup> andar.<\/p>\n<p>Telefone: (53) 3284-3857<\/p>\n<p>Hor\u00e1rio de atendimento: das 8h \u00e0s 21h30min<\/p>\n<\/div>\n","protected":false},"excerpt":{"rendered":"<p>Colegiado do Curso de Gest\u00e3o P\u00fablica Coordena\u00e7\u00e3o do Curso\u00a0 Profa. Dra. Patr\u00edcia Schneider Severo E-mail: patricia.severo@ufpel.edu.br Secretaria do Colegiado E-mail: colegiadosccso@gmail.com Centro de Ci\u00eancias S\u00f3cio-Organizacionais Endere\u00e7o: Rua Gomes Carneiro, no 01 \u2013 Campus Porto \u2013 CEP: 96010-610 (antigo Frigor\u00edfico Anglo) \u2013 4o andar. Telefone: (53) 3284-3857 Hor\u00e1rio de atendimento: das 8h \u00e0s 21h30min<\/p>\n","protected":false},"author":250,"featured_media":0,"parent":0,"menu_order":9,"comment_status":"closed","ping_status":"closed","template":"","meta":{"jetpack_post_was_ever_published":false,"footnotes":""},"class_list":["post-12","page","type-page","status-publish","hentry","nodate","item-wrap"],"jetpack_sharing_enabled":false,"jetpack_shortlink":"https:\/\/wp.me\/P6QO4J-c","_links":{"self":[{"href":"https:\/\/wp.ufpel.edu.br\/gestaopublica\/wp-json\/wp\/v2\/pages\/12","targetHints":{"allow":["GET"]}}],"collection":[{"href":"https:\/\/wp.ufpel.edu.br\/gestaopublica\/wp-json\/wp\/v2\/pages"}],"about":[{"href":"https:\/\/wp.ufpel.edu.br\/gestaopublica\/wp-json\/wp\/v2\/types\/page"}],"author":[{"embeddable":true,"href":"https:\/\/wp.ufpel.edu.br\/gestaopublica\/wp-json\/wp\/v2\/users\/250"}],"replies":[{"embeddable":true,"href":"https:\/\/wp.ufpel.edu.br\/gestaopublica\/wp-json\/wp\/v2\/comments?post=12"}],"version-history":[{"count":4,"href":"https:\/\/wp.ufpel.edu.br\/gestaopublica\/wp-json\/wp\/v2\/pages\/12\/revisions"}],"predecessor-version":[{"id":3131,"href":"https:\/\/wp.ufpel.edu.br\/gestaopublica\/wp-json\/wp\/v2\/pages\/12\/revisions\/3131"}],"wp:attachment":[{"href":"https:\/\/wp.ufpel.edu.br\/gestaopublica\/wp-json\/wp\/v2\/media?parent=12"}],"curies":[{"name":"wp","href":"https:\/\/api.w.org\/{rel}","templated":true}]}}