{"id":1190,"date":"2022-07-28T10:18:52","date_gmt":"2022-07-28T13:18:52","guid":{"rendered":"https:\/\/wp.ufpel.edu.br\/gestaopublica\/?page_id=1190"},"modified":"2022-08-02T14:00:39","modified_gmt":"2022-08-02T17:00:39","slug":"duvidas-mais-frequentes-sobre-estagio","status":"publish","type":"page","link":"https:\/\/wp.ufpel.edu.br\/gestaopublica\/duvidas-mais-frequentes-sobre-estagio\/","title":{"rendered":"D\u00favidas mais frequentes sobre Est\u00e1gio"},"content":{"rendered":"<hr \/>\n<p><strong>1) O que \u00e9 Est\u00e1gio? <\/strong><\/p>\n<p>Segundo a Lei 11.788\/08, Est\u00e1gio \u00e9 ato educativo escolar supervisionado, desenvolvido no ambiente de trabalho, que visa \u00e0 prepara\u00e7\u00e3o para o trabalho produtivo de educandos que estejam frequentando o ensino regular em institui\u00e7\u00f5es de educa\u00e7\u00e3o superior.<\/p>\n<p>&nbsp;<\/p>\n<p><strong>2) O PPC do Curso de Gest\u00e3o P\u00fablica prev\u00ea Est\u00e1gio como componente curricular? <\/strong><\/p>\n<p>N\u00e3o, o Projeto Pedag\u00f3gico do Curso de Gest\u00e3o P\u00fablica da UFPel n\u00e3o prev\u00ea Est\u00e1gio como componente curricular, portanto admite apenas a modalidade n\u00e3o-obrigat\u00f3ria.<\/p>\n<p>&nbsp;<\/p>\n<p><strong>3) O que \u00e9 um est\u00e1gio n\u00e3o obrigat\u00f3rio? <\/strong><\/p>\n<p>Est\u00e1gio n\u00e3o-obrigat\u00f3rio \u00e9 aquele desenvolvido como atividade opcional. No Curso de Gest\u00e3o P\u00fablica, a carga hor\u00e1ria de est\u00e1gio pode ser aproveitada como Atividades Complementares.<\/p>\n<p>&nbsp;<\/p>\n<p><strong>4) O est\u00e1gio n\u00e3o-obrigat\u00f3rio tem que ser remunerado? <\/strong><\/p>\n<p>Sim. De acordo com o art. 12 da Lei 11.788\/08, o estagi\u00e1rio tem direito a bolsa e aux\u00edlio-transporte.<\/p>\n<p>&nbsp;<\/p>\n<p><strong>5) O Curso de Gest\u00e3o P\u00fablica possui vagas para est\u00e1gio? <\/strong><\/p>\n<p>N\u00e3o.<\/p>\n<p>&nbsp;<\/p>\n<p><strong>6) O Curso de Gest\u00e3o P\u00fablica tem conv\u00eanios com empresas para realiza\u00e7\u00e3o de est\u00e1gio? <\/strong><\/p>\n<p>N\u00e3o. Eventuais conv\u00eanios poder\u00e3o vir a ser firmados a partir de projetos de extens\u00e3o espec\u00edficos realizados por iniciativa de docentes. Neste caso, eventuais oportunidades ser\u00e3o amplamente divulgadas por e-mail e m\u00eddia social do CCSO.<\/p>\n<p>&nbsp;<\/p>\n<p><strong>7) Como estudante de Gest\u00e3o P\u00fablica, onde posso realizar est\u00e1gio? <\/strong><\/p>\n<p>Os est\u00e1gios devem ser realizados preferencialmente em \u00f3rg\u00e3os p\u00fablicos ou entidades do Terceiro Setor. Isto n\u00e3o \u00e9 uma regra absoluta Caso a descri\u00e7\u00e3o das atividades previstas no Plano de Est\u00e1gio guardem correla\u00e7\u00e3o com as habilidades e compet\u00eancias previstas no PPC, \u00e9 poss\u00edvel que sejam firmados com as demais entidades privadas.<\/p>\n<p>&nbsp;<\/p>\n<p><strong>8) Qual a carga hor\u00e1ria semanal m\u00e1xima do est\u00e1gio?<\/strong><\/p>\n<p>30 horas semanais e 6 horas di\u00e1rias.<\/p>\n<p>&nbsp;<\/p>\n<p><strong>9) Posso realizar est\u00e1gio no per\u00edodo da tarde? <\/strong><\/p>\n<p>Como regra geral, n\u00e3o se admite est\u00e1gio que preveja atividades no per\u00edodo das 13h30min \u00e0s 18h50min, pois o curso de Gest\u00e3o P\u00fablica \u00e9 vespertino. A exce\u00e7\u00e3o a esta regra se d\u00e1 apenas em casos excepcionais (quando se verifica a compatibilidade de hor\u00e1rios no caso de alunos que j\u00e1 tenham boa parte do curso integralizado) ou na modalidade de ensino remoto em fun\u00e7\u00e3o da pandemia.<\/p>\n<p>&nbsp;<\/p>\n<p><strong>10) O Termo de Est\u00e1gio tem que prever seguro? <\/strong><\/p>\n<p>\u00c9 obriga\u00e7\u00e3o da parte concedente de est\u00e1gio contratar em favor do estagi\u00e1rio seguro contra acidentes pessoais, cuja ap\u00f3lice seja compat\u00edvel com valores de mercado, conforme fique estabelecido no termo de compromisso.<\/p>\n<p>&nbsp;<\/p>\n<p><strong>11) N\u00e3o tenho algum dos documentos requeridos na p\u00e1gina, como posso solicitar meu pedido?\u00a0 <\/strong><\/p>\n<p>A Coordena\u00e7\u00e3o n\u00e3o ir\u00e1, em hip\u00f3tese alguma, analisar pedidos enviados fora do formul\u00e1rio eletr\u00f4nico ou que n\u00e3o estejam munidos de todos os documentos.<\/p>\n<p>&nbsp;<\/p>\n<p><strong>12) Existe algum modelo para a justificativa? <\/strong><\/p>\n<p>N\u00e3o. O aluno deve escrever e assinar a justificativa demonstrando a import\u00e2ncia e pertin\u00eancia do est\u00e1gio para sua forma\u00e7\u00e3o pessoal e acad\u00eamica.<\/p>\n<p>&nbsp;<\/p>\n<p><strong>13) Qual o tipo de arquivo que pode ser anexado no formul\u00e1rio eletr\u00f4nico? <\/strong><\/p>\n<p>O Formul\u00e1rio aceita apenas arquivos em formato PDF com no m\u00e1ximo 20 mb.<\/p>\n<p>&nbsp;<\/p>\n<p><strong>14) Tenho todos os documentos separados em diversos PDF. O que devo fazer? <\/strong><\/p>\n<p>O estudante deve juntar os documentos em um \u00fanico arquivo. H\u00e1 diversos aplicativos online e gratuitos que permitem esta fun\u00e7\u00e3o.<\/p>\n<p>&nbsp;<\/p>\n<p><strong>15) Preciso enviar relat\u00f3rio das atividades?<\/strong><\/p>\n<p>Sim. A parte concedente tem que enviar ao Curso de Gest\u00e3o P\u00fablica relat\u00f3rios de atividades a cada 6 (seis) meses, com vista obrigat\u00f3ria ao estagi\u00e1rio.<\/p>\n<p>&nbsp;<\/p>\n<p><strong>16) Existe algum modelo de relat\u00f3rio? <\/strong><\/p>\n<p>N\u00e3o h\u00e1 nenhum modelo espec\u00edfico.<\/p>\n","protected":false},"excerpt":{"rendered":"<p>1) O que \u00e9 Est\u00e1gio? Segundo a Lei 11.788\/08, Est\u00e1gio \u00e9 ato educativo escolar supervisionado, desenvolvido no ambiente de trabalho, que visa \u00e0 prepara\u00e7\u00e3o para o trabalho produtivo de educandos que estejam frequentando o ensino regular em institui\u00e7\u00f5es de educa\u00e7\u00e3o superior. &nbsp; 2) O PPC do Curso de Gest\u00e3o P\u00fablica prev\u00ea Est\u00e1gio como componente curricular? &hellip; <\/p>\n<p><a class=\"more-link btn\" href=\"https:\/\/wp.ufpel.edu.br\/gestaopublica\/duvidas-mais-frequentes-sobre-estagio\/\">Continue lendo<\/a><\/p>\n","protected":false},"author":250,"featured_media":0,"parent":0,"menu_order":0,"comment_status":"closed","ping_status":"closed","template":"","meta":{"jetpack_post_was_ever_published":false,"footnotes":""},"class_list":["post-1190","page","type-page","status-publish","hentry","nodate","item-wrap"],"jetpack_sharing_enabled":true,"jetpack_shortlink":"https:\/\/wp.me\/P6QO4J-jc","_links":{"self":[{"href":"https:\/\/wp.ufpel.edu.br\/gestaopublica\/wp-json\/wp\/v2\/pages\/1190","targetHints":{"allow":["GET"]}}],"collection":[{"href":"https:\/\/wp.ufpel.edu.br\/gestaopublica\/wp-json\/wp\/v2\/pages"}],"about":[{"href":"https:\/\/wp.ufpel.edu.br\/gestaopublica\/wp-json\/wp\/v2\/types\/page"}],"author":[{"embeddable":true,"href":"https:\/\/wp.ufpel.edu.br\/gestaopublica\/wp-json\/wp\/v2\/users\/250"}],"replies":[{"embeddable":true,"href":"https:\/\/wp.ufpel.edu.br\/gestaopublica\/wp-json\/wp\/v2\/comments?post=1190"}],"version-history":[{"count":3,"href":"https:\/\/wp.ufpel.edu.br\/gestaopublica\/wp-json\/wp\/v2\/pages\/1190\/revisions"}],"predecessor-version":[{"id":1528,"href":"https:\/\/wp.ufpel.edu.br\/gestaopublica\/wp-json\/wp\/v2\/pages\/1190\/revisions\/1528"}],"wp:attachment":[{"href":"https:\/\/wp.ufpel.edu.br\/gestaopublica\/wp-json\/wp\/v2\/media?parent=1190"}],"curies":[{"name":"wp","href":"https:\/\/api.w.org\/{rel}","templated":true}]}}