{"id":1033,"date":"2022-06-02T16:30:56","date_gmt":"2022-06-02T19:30:56","guid":{"rendered":"https:\/\/wp.ufpel.edu.br\/gestaopublica\/?page_id=1033"},"modified":"2023-06-12T10:29:30","modified_gmt":"2023-06-12T13:29:30","slug":"vida-em-pelotas","status":"publish","type":"page","link":"https:\/\/wp.ufpel.edu.br\/gestaopublica\/vida-em-pelotas\/","title":{"rendered":"Guia do Ingressante"},"content":{"rendered":"<hr \/>\n<p style=\"text-align: justify;\">O <em><strong>Guia do Ingressante<\/strong><\/em> \u00e9 uma publica\u00e7\u00e3o \u00a0que traz informa\u00e7\u00f5es b\u00e1sicas sobre a cidade de Pelotas, a Universidade Federal de Pelotas e o Curso de Gest\u00e3o P\u00fablica. Foi organizado pelos professores Caroline Casali e Daniel Lena Marchiori Neto, a partir de pesquisas realizadas por estudantes do curso, referenciados em cada cap\u00edtulo.<\/p>\n<p><a href=\"https:\/\/wp.ufpel.edu.br\/gestaopublica\/files\/2023\/06\/GUIA-DO-INGRESSANTE-EM-GP-1-EDICAO.pdf\">1<sup>a<\/sup> Edi\u00e7\u00e3o (2023)\u00a0<\/a><\/p>\n","protected":false},"excerpt":{"rendered":"<p>O Guia do Ingressante \u00e9 uma publica\u00e7\u00e3o \u00a0que traz informa\u00e7\u00f5es b\u00e1sicas sobre a cidade de Pelotas, a Universidade Federal de Pelotas e o Curso de Gest\u00e3o P\u00fablica. Foi organizado pelos professores Caroline Casali e Daniel Lena Marchiori Neto, a partir de pesquisas realizadas por estudantes do curso, referenciados em cada cap\u00edtulo. 1a Edi\u00e7\u00e3o (2023)\u00a0<\/p>\n","protected":false},"author":250,"featured_media":0,"parent":0,"menu_order":0,"comment_status":"closed","ping_status":"closed","template":"","meta":{"jetpack_post_was_ever_published":false,"footnotes":""},"class_list":["post-1033","page","type-page","status-publish","hentry","nodate","item-wrap"],"jetpack_sharing_enabled":false,"jetpack_shortlink":"https:\/\/wp.me\/P6QO4J-gF","_links":{"self":[{"href":"https:\/\/wp.ufpel.edu.br\/gestaopublica\/wp-json\/wp\/v2\/pages\/1033","targetHints":{"allow":["GET"]}}],"collection":[{"href":"https:\/\/wp.ufpel.edu.br\/gestaopublica\/wp-json\/wp\/v2\/pages"}],"about":[{"href":"https:\/\/wp.ufpel.edu.br\/gestaopublica\/wp-json\/wp\/v2\/types\/page"}],"author":[{"embeddable":true,"href":"https:\/\/wp.ufpel.edu.br\/gestaopublica\/wp-json\/wp\/v2\/users\/250"}],"replies":[{"embeddable":true,"href":"https:\/\/wp.ufpel.edu.br\/gestaopublica\/wp-json\/wp\/v2\/comments?post=1033"}],"version-history":[{"count":7,"href":"https:\/\/wp.ufpel.edu.br\/gestaopublica\/wp-json\/wp\/v2\/pages\/1033\/revisions"}],"predecessor-version":[{"id":2365,"href":"https:\/\/wp.ufpel.edu.br\/gestaopublica\/wp-json\/wp\/v2\/pages\/1033\/revisions\/2365"}],"wp:attachment":[{"href":"https:\/\/wp.ufpel.edu.br\/gestaopublica\/wp-json\/wp\/v2\/media?parent=1033"}],"curies":[{"name":"wp","href":"https:\/\/api.w.org\/{rel}","templated":true}]}}