{"id":1024,"date":"2022-06-02T16:28:28","date_gmt":"2022-06-02T19:28:28","guid":{"rendered":"https:\/\/wp.ufpel.edu.br\/gestaopublica\/?page_id=1024"},"modified":"2023-08-29T15:23:48","modified_gmt":"2023-08-29T18:23:48","slug":"aproveitamento-de-estudos","status":"publish","type":"page","link":"https:\/\/wp.ufpel.edu.br\/gestaopublica\/aproveitamento-de-estudos\/","title":{"rendered":"Aproveitamento de Disciplinas"},"content":{"rendered":"<hr \/>\n<p style=\"text-align: justify;\"><strong>Defini\u00e7\u00e3o<\/strong><br \/>\nDiscente que cursou com aprova\u00e7\u00e3o componente curricular de outro curso de gradua\u00e7\u00e3o poder\u00e1 solicitar aproveitamento de estudos, dentro dos prazos previstos no calend\u00e1rio acad\u00eamico.\u00a0Para obter o aproveitamento, a atividade curricular cursada dever\u00e1 contemplar, no m\u00ednimo, 75% da carga hor\u00e1ria e do conte\u00fado da atividade curricular pretendida, sendo facultada ao professor respons\u00e1vel pelo componente curricular a realiza\u00e7\u00e3o de avalia\u00e7\u00e3o especial para eventual complementa\u00e7\u00e3o.<\/p>\n<p style=\"text-align: justify;\"><strong>Como Solicitar<\/strong><br \/>\nPara solicitar o aproveitamento de estudos o discente dever\u00e1 acessar o menu do Cobalto: Aluno &gt; Cadastro &gt; Solicita\u00e7\u00e3o de aproveitamentos, clicar em \u201cNovo\u201d e selecionar a disciplina que deseja solicitar o aproveitamento.<br \/>\n\u00c9 preciso fazer uma solicita\u00e7\u00e3o para cada aproveitamento pretendido.<br \/>\na) <strong>para disciplinas cursadas na UFPEL<\/strong> dever\u00e1 indicar a(s) disciplina(s) relacionadas pelo sistema quer usar para a solicita\u00e7\u00e3o de aproveitamento e clicar em \u201cSalvar\u201d.<br \/>\nb) <strong>para disciplinas cursadas em outra institui\u00e7\u00e3o<\/strong> dever\u00e1 selecionar a institui\u00e7\u00e3o, anexar o seu hist\u00f3rico escolar, indicar o nome das disciplinas que deseja utilizar para o aproveitamento, anexar o conte\u00fado program\u00e1tico (ou plano de ensino) da disciplina cursada e clicar em \u201cSalvar\u201d.<\/p>\n<p style=\"text-align: justify;\"><strong>Resolu\u00e7\u00e3o Interna sobre Aproveitamento de Disciplinas <\/strong><br \/>\nAntes de submeter qualquer requerimento, os estudantes devem ler atentamente a <a href=\"https:\/\/wp.ufpel.edu.br\/gestaopublica\/files\/2022\/08\/Resoluc\u0327a\u0303o-n.-022022.pdf\">Resoluc\u0327a\u0303o n. 02\/2022<\/a>, que dispo\u0303e sobre para\u0302metros para aproveitamento de componentes curriculares no Curso de Gesta\u0303o Pu\u0301blica. Tamb\u00e9m devem consultar os Enunciados na se\u00e7\u00e3o &#8220;Normas do Curso&#8221;.<\/p>\n<p style=\"text-align: justify;\"><strong>Fluxograma<\/strong><\/p>\n<p style=\"text-align: justify;\">\n<table id=\"tablepress-3\" class=\"tablepress tablepress-id-3\">\n<thead>\n<tr class=\"row-1\">\n\t<th class=\"column-1\">Etapa<\/th><th class=\"column-2\">Respons\u00e1vel<\/th><th class=\"column-3\">Procedimento<\/th>\n<\/tr>\n<\/thead>\n<tbody class=\"row-striping row-hover\">\n<tr class=\"row-2\">\n\t<td class=\"column-1\">1<\/td><td class=\"column-2\">Discente<\/td><td class=\"column-3\">\u2013 Solicitar aproveitamento via Cobalto;<br \/>\n\u2013 Anexar hist\u00f3rico e conte\u00fados programaticos (para disciplinas cursadas em outra institui\u00e7\u00e3o)<br \/>\n\u2013 Acompanhar resultados.<br \/>\nMenu: Aluno -> cadastro -> Solicita\u00e7\u00e3o de aproveitamentos de estudos<\/td>\n<\/tr>\n<tr class=\"row-3\">\n\t<td class=\"column-1\">2<\/td><td class=\"column-2\">Docente<\/td><td class=\"column-3\">\u2013 Avaliar a solicita\u00e7\u00e3o;<br \/>\n\u2013 Emitir parecer;<br \/>\nMenu: Professor -> Processos -> Aproveitamento de estudos \u2013 Parecer<\/td>\n<\/tr>\n<tr class=\"row-4\">\n\t<td class=\"column-1\">3<\/td><td class=\"column-2\">Colegiado<\/td><td class=\"column-3\">\u2013 Homologar parecer.<br \/>\nMenu: Gest\u00e3o acad\u00eamica -> Processos-> Homologar aproveitamento de estudos<\/td>\n<\/tr>\n<\/tbody>\n<\/table>\n<!-- #tablepress-3 from cache -->\n","protected":false},"excerpt":{"rendered":"<p>Defini\u00e7\u00e3o Discente que cursou com aprova\u00e7\u00e3o componente curricular de outro curso de gradua\u00e7\u00e3o poder\u00e1 solicitar aproveitamento de estudos, dentro dos prazos previstos no calend\u00e1rio acad\u00eamico.\u00a0Para obter o aproveitamento, a atividade curricular cursada dever\u00e1 contemplar, no m\u00ednimo, 75% da carga hor\u00e1ria e do conte\u00fado da atividade curricular pretendida, sendo facultada ao professor respons\u00e1vel pelo componente curricular &hellip; <\/p>\n<p><a class=\"more-link btn\" href=\"https:\/\/wp.ufpel.edu.br\/gestaopublica\/aproveitamento-de-estudos\/\">Continue lendo<\/a><\/p>\n","protected":false},"author":250,"featured_media":0,"parent":0,"menu_order":0,"comment_status":"closed","ping_status":"closed","template":"","meta":{"jetpack_post_was_ever_published":false,"footnotes":""},"class_list":["post-1024","page","type-page","status-publish","hentry","nodate","item-wrap"],"jetpack_sharing_enabled":false,"jetpack_shortlink":"https:\/\/wp.me\/P6QO4J-gw","_links":{"self":[{"href":"https:\/\/wp.ufpel.edu.br\/gestaopublica\/wp-json\/wp\/v2\/pages\/1024","targetHints":{"allow":["GET"]}}],"collection":[{"href":"https:\/\/wp.ufpel.edu.br\/gestaopublica\/wp-json\/wp\/v2\/pages"}],"about":[{"href":"https:\/\/wp.ufpel.edu.br\/gestaopublica\/wp-json\/wp\/v2\/types\/page"}],"author":[{"embeddable":true,"href":"https:\/\/wp.ufpel.edu.br\/gestaopublica\/wp-json\/wp\/v2\/users\/250"}],"replies":[{"embeddable":true,"href":"https:\/\/wp.ufpel.edu.br\/gestaopublica\/wp-json\/wp\/v2\/comments?post=1024"}],"version-history":[{"count":17,"href":"https:\/\/wp.ufpel.edu.br\/gestaopublica\/wp-json\/wp\/v2\/pages\/1024\/revisions"}],"predecessor-version":[{"id":2468,"href":"https:\/\/wp.ufpel.edu.br\/gestaopublica\/wp-json\/wp\/v2\/pages\/1024\/revisions\/2468"}],"wp:attachment":[{"href":"https:\/\/wp.ufpel.edu.br\/gestaopublica\/wp-json\/wp\/v2\/media?parent=1024"}],"curies":[{"name":"wp","href":"https:\/\/api.w.org\/{rel}","templated":true}]}}