{"id":1001,"date":"2022-06-02T16:23:53","date_gmt":"2022-06-02T19:23:53","guid":{"rendered":"https:\/\/wp.ufpel.edu.br\/gestaopublica\/?page_id=1001"},"modified":"2022-08-18T20:34:25","modified_gmt":"2022-08-18T23:34:25","slug":"caracterizacao-das-disciplinas","status":"publish","type":"page","link":"https:\/\/wp.ufpel.edu.br\/gestaopublica\/caracterizacao-das-disciplinas\/","title":{"rendered":"Caracteriza\u00e7\u00e3o das Disciplinas"},"content":{"rendered":"<hr \/>\n<table class=\"dados-cobalto tabela-disciplinas\"><tr><th colspan=\"5\" class=\"tabela-quebra\">1\u00ba Semestre<\/th><\/tr><tr><th>C\u00f3digo<\/th><th>Disciplina \/ Pr\u00e9-requisitos<\/th><th>Car\u00e1ter<\/th><th>Cr.<\/th><th>Horas<\/th><\/tr><tr><td>23000006<\/td><td><a href=\"https:\/\/institucional.ufpel.edu.br\/disciplinas\/id\/39181\">\u00c9TICA E ADMINISTRA\u00c7\u00c3O P\u00daBLICA<\/a><\/td><td>Obrigat\u00f3ria<\/td><td>5<\/td><td>75<\/td><\/tr><tr><td>23000007<\/td><td><a href=\"https:\/\/institucional.ufpel.edu.br\/disciplinas\/id\/39182\">FORMA\u00c7\u00c3O DO ESTADO BRASILEIRO<\/a><\/td><td>Obrigat\u00f3ria<\/td><td>5<\/td><td>75<\/td><\/tr><tr><td>23000008<\/td><td><a href=\"https:\/\/institucional.ufpel.edu.br\/disciplinas\/id\/39183\">FUNDAMENTOS DA GEST\u00c3O P\u00daBLICA<\/a><\/td><td>Obrigat\u00f3ria<\/td><td>5<\/td><td>75<\/td><\/tr><tr><td>23000009<\/td><td><a href=\"https:\/\/institucional.ufpel.edu.br\/disciplinas\/id\/39184\">INTRODU\u00c7\u00c3O \u00c0 PESQUISA EM GEST\u00c3O P\u00daBLICA<\/a><\/td><td>Obrigat\u00f3ria<\/td><td>5<\/td><td>75<\/td><\/tr><tr><td>23000010<\/td><td><a href=\"https:\/\/institucional.ufpel.edu.br\/disciplinas\/id\/39185\">SEMIN\u00c1RIOS EM GEST\u00c3O P\u00daBLICA I<\/a><\/td><td>Obrigat\u00f3ria<\/td><td>5<\/td><td>75<\/td><\/tr><tr><th colspan=\"5\" class=\"tabela-quebra\">2\u00ba Semestre<\/th><\/tr><tr><th>C\u00f3digo<\/th><th>Disciplina \/ Pr\u00e9-requisitos<\/th><th>Car\u00e1ter<\/th><th>Cr.<\/th><th>Horas<\/th><\/tr><tr><td>23000014<\/td><td><a href=\"https:\/\/institucional.ufpel.edu.br\/disciplinas\/id\/39189\">AN\u00c1LISE DE DADOS PARA TOMADA DE DECIS\u00c3O<\/a><\/td><td>Obrigat\u00f3ria<\/td><td>5<\/td><td>75<\/td><\/tr><tr><td>23000012<\/td><td><a href=\"https:\/\/institucional.ufpel.edu.br\/disciplinas\/id\/39187\">COMUNICA\u00c7\u00c3O P\u00daBLICA E POL\u00cdTICA<\/a><\/td><td>Obrigat\u00f3ria<\/td><td>5<\/td><td>75<\/td><\/tr><tr><td>23000011<\/td><td><a href=\"https:\/\/institucional.ufpel.edu.br\/disciplinas\/id\/39186\">DIREITO E ADMINISTRA\u00c7\u00c3O P\u00daBLICA<\/a><\/td><td>Obrigat\u00f3ria<\/td><td>5<\/td><td>75<\/td><\/tr><tr><td>23000013<\/td><td><a href=\"https:\/\/institucional.ufpel.edu.br\/disciplinas\/id\/39188\">PLANEJAMENTO E GEST\u00c3O EM ORGANIZA\u00c7\u00d5ES P\u00daBLICAS<\/a><\/td><td>Obrigat\u00f3ria<\/td><td>5<\/td><td>75<\/td><\/tr><tr><td>23000015<\/td><td><a href=\"https:\/\/institucional.ufpel.edu.br\/disciplinas\/id\/39190\">SEMIN\u00c1RIOS EM GEST\u00c3O P\u00daBLICA II<\/a><\/td><td>Obrigat\u00f3ria<\/td><td>5<\/td><td>75<\/td><\/tr><tr><th colspan=\"5\" class=\"tabela-quebra\">3\u00ba Semestre<\/th><\/tr><tr><th>C\u00f3digo<\/th><th>Disciplina \/ Pr\u00e9-requisitos<\/th><th>Car\u00e1ter<\/th><th>Cr.<\/th><th>Horas<\/th><\/tr><tr><td>23000018<\/td><td><a href=\"https:\/\/institucional.ufpel.edu.br\/disciplinas\/id\/39193\">CONTABILIDADE NO SETOR P\u00daBLICO<\/a><\/td><td>Obrigat\u00f3ria<\/td><td>5<\/td><td>75<\/td><\/tr><tr><td>23000016<\/td><td><a href=\"https:\/\/institucional.ufpel.edu.br\/disciplinas\/id\/39191\">GEST\u00c3O DE PESSOAS NO SETOR P\u00daBLICO<\/a><\/td><td>Obrigat\u00f3ria<\/td><td>5<\/td><td>75<\/td><\/tr><tr><td>23000019<\/td><td><a href=\"https:\/\/institucional.ufpel.edu.br\/disciplinas\/id\/39194\">GEST\u00c3O DE POL\u00cdTICAS P\u00daBLICAS I<\/a><\/td><td>Obrigat\u00f3ria<\/td><td>5<\/td><td>75<\/td><\/tr><tr><td>23000017<\/td><td><a href=\"https:\/\/institucional.ufpel.edu.br\/disciplinas\/id\/39192\">GEST\u00c3O P\u00daBLICA E DESENVOLVIMENTO<\/a><\/td><td>Obrigat\u00f3ria<\/td><td>5<\/td><td>75<\/td><\/tr><tr><th colspan=\"5\" class=\"tabela-quebra\">4\u00ba Semestre<\/th><\/tr><tr><th>C\u00f3digo<\/th><th>Disciplina \/ Pr\u00e9-requisitos<\/th><th>Car\u00e1ter<\/th><th>Cr.<\/th><th>Horas<\/th><\/tr><tr><td>23000020<\/td><td><a href=\"https:\/\/institucional.ufpel.edu.br\/disciplinas\/id\/39195\">GEST\u00c3O DA INFORMA\u00c7\u00c3O NO SETOR P\u00daBLICO<\/a><\/td><td>Obrigat\u00f3ria<\/td><td>5<\/td><td>75<\/td><\/tr><tr><td>23000023<\/td><td><a href=\"https:\/\/institucional.ufpel.edu.br\/disciplinas\/id\/39198\">GEST\u00c3O DE POL\u00cdTICAS P\u00daBLICAS II<\/a><\/td><td>Obrigat\u00f3ria<\/td><td>5<\/td><td>75<\/td><\/tr><tr><td>23000021<\/td><td><a href=\"https:\/\/institucional.ufpel.edu.br\/disciplinas\/id\/39196\">GEST\u00c3O DE PROJETOS NO SETOR P\u00daBLICO<\/a><\/td><td>Obrigat\u00f3ria<\/td><td>5<\/td><td>75<\/td><\/tr><tr><td>23000022<\/td><td><a href=\"https:\/\/institucional.ufpel.edu.br\/disciplinas\/id\/39197\">GEST\u00c3O FINANCEIRA E OR\u00c7AMENTO P\u00daBLICO<\/a><\/td><td>Obrigat\u00f3ria<\/td><td>5<\/td><td>75<\/td><\/tr><tr><th colspan=\"5\" class=\"tabela-quebra\">COMPLEMENTARES<\/th><\/tr><tr><th>C\u00f3digo<\/th><th>Disciplina \/ Pr\u00e9-requisitos<\/th><th>Car\u00e1ter<\/th><th>Cr.<\/th><th>Horas<\/th><\/tr><tr><td>23000038<\/td><td><a href=\"https:\/\/institucional.ufpel.edu.br\/disciplinas\/id\/39230\">ATIVIDADES COMPLEMENTARES<\/a><\/td><td>Atividade complementar<\/td><td><\/td><td>120<\/td><\/tr><tr><th colspan=\"5\" class=\"tabela-quebra\">OPTATIVAS<\/th><\/tr><tr><th>C\u00f3digo<\/th><th>Disciplina \/ Pr\u00e9-requisitos<\/th><th>Car\u00e1ter<\/th><th>Cr.<\/th><th>Horas<\/th><\/tr><tr><td>23000025<\/td><td><a href=\"https:\/\/institucional.ufpel.edu.br\/disciplinas\/id\/39203\">AN\u00c1LISE DE INVESTIMENTOS<\/a><\/td><td>Optativa<\/td><td>5<\/td><td>75<\/td><\/tr><tr><td>23000024<\/td><td><a href=\"https:\/\/institucional.ufpel.edu.br\/disciplinas\/id\/39199\">DIREITOS HUMANOS E RELA\u00c7\u00d5ES \u00c9TNICO-RACIAIS<\/a><\/td><td>Optativa<\/td><td>5<\/td><td>75<\/td><\/tr><tr><td>23000026<\/td><td><a href=\"https:\/\/institucional.ufpel.edu.br\/disciplinas\/id\/39204\">GEST\u00c3O AMBIENTAL<\/a><\/td><td>Optativa<\/td><td>5<\/td><td>75<\/td><\/tr><tr><td>23000027<\/td><td><a href=\"https:\/\/institucional.ufpel.edu.br\/disciplinas\/id\/39205\">INSTITUI\u00c7\u00d5ES DE DIREITO P\u00daBLICO<\/a><\/td><td>Optativa<\/td><td>5<\/td><td>75<\/td><\/tr><tr><td>20000084<\/td><td><a href=\"https:\/\/institucional.ufpel.edu.br\/disciplinas\/id\/28026\">L\u00cdNGUA BRASILEIRA DE SINAIS I ( LIBRAS I )<\/a><\/td><td>Optativa<\/td><td>4<\/td><td>60<\/td><\/tr><tr><td>23000028<\/td><td><a href=\"https:\/\/institucional.ufpel.edu.br\/disciplinas\/id\/39206\">T\u00d3PICOS AVAN\u00c7ADOS EM GEST\u00c3O P\u00daBLICA I<\/a><\/td><td>Optativa<\/td><td>5<\/td><td>75<\/td><\/tr><tr><td>23000029<\/td><td><a href=\"https:\/\/institucional.ufpel.edu.br\/disciplinas\/id\/39207\">T\u00d3PICOS AVAN\u00c7ADOS EM GEST\u00c3O P\u00daBLICA II<\/a><\/td><td>Optativa<\/td><td>5<\/td><td>75<\/td><\/tr><tr><td>23000030<\/td><td><a href=\"https:\/\/institucional.ufpel.edu.br\/disciplinas\/id\/39208\">T\u00d3PICOS AVAN\u00c7ADOS EM GEST\u00c3O P\u00daBLICA III<\/a><\/td><td>Optativa<\/td><td>5<\/td><td>75<\/td><\/tr><tr><td>23000031<\/td><td><a href=\"https:\/\/institucional.ufpel.edu.br\/disciplinas\/id\/39209\">T\u00d3PICOS AVAN\u00c7ADOS EM GEST\u00c3O P\u00daBLICA IV<\/a><\/td><td>Optativa<\/td><td>5<\/td><td>75<\/td><\/tr><tr><td>23000036<\/td><td><a href=\"https:\/\/institucional.ufpel.edu.br\/disciplinas\/id\/39214\">T\u00d3PICOS AVAN\u00c7ADOS EM GEST\u00c3O P\u00daBLICA IX<\/a><\/td><td>Optativa<\/td><td>5<\/td><td>75<\/td><\/tr><tr><td>23000032<\/td><td><a href=\"https:\/\/institucional.ufpel.edu.br\/disciplinas\/id\/39210\">T\u00d3PICOS AVAN\u00c7ADOS EM GEST\u00c3O P\u00daBLICA V<\/a><\/td><td>Optativa<\/td><td>5<\/td><td>75<\/td><\/tr><tr><td>23000033<\/td><td><a href=\"https:\/\/institucional.ufpel.edu.br\/disciplinas\/id\/39211\">T\u00d3PICOS AVAN\u00c7ADOS EM GEST\u00c3O P\u00daBLICA VI<\/a><\/td><td>Optativa<\/td><td>5<\/td><td>75<\/td><\/tr><tr><td>23000034<\/td><td><a href=\"https:\/\/institucional.ufpel.edu.br\/disciplinas\/id\/39212\">T\u00d3PICOS AVAN\u00c7ADOS EM GEST\u00c3O P\u00daBLICA VII<\/a><\/td><td>Optativa<\/td><td>5<\/td><td>75<\/td><\/tr><tr><td>23000035<\/td><td><a href=\"https:\/\/institucional.ufpel.edu.br\/disciplinas\/id\/39213\">T\u00d3PICOS AVAN\u00c7ADOS EM GEST\u00c3O P\u00daBLICA VIII<\/a><\/td><td>Optativa<\/td><td>5<\/td><td>75<\/td><\/tr><tr><td>23000037<\/td><td><a href=\"https:\/\/institucional.ufpel.edu.br\/disciplinas\/id\/39215\">T\u00d3PICOS AVAN\u00c7ADOS EM GEST\u00c3O P\u00daBLICA X<\/a><\/td><td>Optativa<\/td><td>5<\/td><td>75<\/td><\/tr><\/table>\n<p>&nbsp;<\/p>\n<p style=\"text-align: center;\"><span style=\"font-size: 14pt;\"><a href=\"https:\/\/wp.ufpel.edu.br\/gestaopublica\/files\/2022\/07\/Caracterizacoes-Assinadas-2022.pdf\"><strong>CARACTERIZA\u00c7\u00d5ES ASSINADAS DOS COMPONENTES &#8211; PPC 2022\u00a0<\/strong><\/a><\/span><\/p>\n","protected":false},"excerpt":{"rendered":"<p>&nbsp; CARACTERIZA\u00c7\u00d5ES ASSINADAS DOS COMPONENTES &#8211; PPC 2022\u00a0<\/p>\n","protected":false},"author":250,"featured_media":0,"parent":0,"menu_order":0,"comment_status":"closed","ping_status":"closed","template":"","meta":{"jetpack_post_was_ever_published":false,"footnotes":""},"class_list":["post-1001","page","type-page","status-publish","hentry","nodate","item-wrap"],"jetpack_sharing_enabled":false,"jetpack_shortlink":"https:\/\/wp.me\/P6QO4J-g9","_links":{"self":[{"href":"https:\/\/wp.ufpel.edu.br\/gestaopublica\/wp-json\/wp\/v2\/pages\/1001","targetHints":{"allow":["GET"]}}],"collection":[{"href":"https:\/\/wp.ufpel.edu.br\/gestaopublica\/wp-json\/wp\/v2\/pages"}],"about":[{"href":"https:\/\/wp.ufpel.edu.br\/gestaopublica\/wp-json\/wp\/v2\/types\/page"}],"author":[{"embeddable":true,"href":"https:\/\/wp.ufpel.edu.br\/gestaopublica\/wp-json\/wp\/v2\/users\/250"}],"replies":[{"embeddable":true,"href":"https:\/\/wp.ufpel.edu.br\/gestaopublica\/wp-json\/wp\/v2\/comments?post=1001"}],"version-history":[{"count":8,"href":"https:\/\/wp.ufpel.edu.br\/gestaopublica\/wp-json\/wp\/v2\/pages\/1001\/revisions"}],"predecessor-version":[{"id":1693,"href":"https:\/\/wp.ufpel.edu.br\/gestaopublica\/wp-json\/wp\/v2\/pages\/1001\/revisions\/1693"}],"wp:attachment":[{"href":"https:\/\/wp.ufpel.edu.br\/gestaopublica\/wp-json\/wp\/v2\/media?parent=1001"}],"curies":[{"name":"wp","href":"https:\/\/api.w.org\/{rel}","templated":true}]}}