{"id":61,"date":"2020-09-28T16:15:32","date_gmt":"2020-09-28T19:15:32","guid":{"rendered":"https:\/\/wp.ufpel.edu.br\/geseee\/?page_id=61"},"modified":"2020-09-30T09:19:29","modified_gmt":"2020-09-30T12:19:29","slug":"ferramentas-para-download","status":"publish","type":"page","link":"https:\/\/wp.ufpel.edu.br\/geseee\/ferramentas-para-download\/","title":{"rendered":"Ferramentas para download"},"content":{"rendered":"<ul>\n<li><span style=\"font-size: 14pt\"><span style=\"font-size: 14pt\"><span style=\"font-family: helvetica, arial, sans-serif\"><span style=\"font-family: helvetica, arial, sans-serif\"><a href=\"https:\/\/wp.ufpel.edu.br\/geseee\/files\/2020\/09\/IDFModifier-20200909T224933Z-001.zip\"><strong>IDFModifier<\/strong><\/a><br \/>\nFerramenta para parametriza\u00e7\u00e3o dos componentes de entrada dos modelos EnergyPlus (*.idf).<\/p>\n<p><\/span><\/span><\/span><\/span><span style=\"font-family: helvetica, arial, sans-serif;font-size: 14pt\"><span style=\"font-family: helvetica, arial, sans-serif;font-size: 14pt\">Em breve&#8230;<\/p>\n<p><\/span><\/span><\/li>\n<li><span style=\"font-size: 14pt\"><strong><span style=\"font-family: helvetica, arial, sans-serif\">EP Evolutivo<br \/>\n<\/span><\/strong><span style=\"font-family: helvetica, arial, sans-serif\">Software de apoio para an\u00e1lises evolutivas a partir dos modelos de simula\u00e7\u00e3o do EnergyPlus.<\/span><\/span><\/li>\n<\/ul>\n<p>&nbsp;<\/p>\n<p>&nbsp;<\/p>\n<p>&nbsp;<\/p>\n","protected":false},"excerpt":{"rendered":"<p>IDFModifier Ferramenta para parametriza\u00e7\u00e3o dos componentes de entrada dos modelos EnergyPlus (*.idf). Em breve&#8230; EP Evolutivo Software de apoio para an\u00e1lises evolutivas a partir dos modelos de simula\u00e7\u00e3o do EnergyPlus. &nbsp; &nbsp; &nbsp;<\/p>\n","protected":false},"author":740,"featured_media":0,"parent":0,"menu_order":0,"comment_status":"closed","ping_status":"closed","template":"","meta":{"footnotes":""},"class_list":["post-61","page","type-page","status-publish","hentry"],"_links":{"self":[{"href":"https:\/\/wp.ufpel.edu.br\/geseee\/wp-json\/wp\/v2\/pages\/61","targetHints":{"allow":["GET"]}}],"collection":[{"href":"https:\/\/wp.ufpel.edu.br\/geseee\/wp-json\/wp\/v2\/pages"}],"about":[{"href":"https:\/\/wp.ufpel.edu.br\/geseee\/wp-json\/wp\/v2\/types\/page"}],"author":[{"embeddable":true,"href":"https:\/\/wp.ufpel.edu.br\/geseee\/wp-json\/wp\/v2\/users\/740"}],"replies":[{"embeddable":true,"href":"https:\/\/wp.ufpel.edu.br\/geseee\/wp-json\/wp\/v2\/comments?post=61"}],"version-history":[{"count":9,"href":"https:\/\/wp.ufpel.edu.br\/geseee\/wp-json\/wp\/v2\/pages\/61\/revisions"}],"predecessor-version":[{"id":204,"href":"https:\/\/wp.ufpel.edu.br\/geseee\/wp-json\/wp\/v2\/pages\/61\/revisions\/204"}],"wp:attachment":[{"href":"https:\/\/wp.ufpel.edu.br\/geseee\/wp-json\/wp\/v2\/media?parent=61"}],"curies":[{"name":"wp","href":"https:\/\/api.w.org\/{rel}","templated":true}]}}