{"id":60,"date":"2020-09-28T16:15:32","date_gmt":"2020-09-28T19:15:32","guid":{"rendered":"https:\/\/wp.ufpel.edu.br\/geseee\/?page_id=60"},"modified":"2020-09-30T09:18:09","modified_gmt":"2020-09-30T12:18:09","slug":"documentos-e-links","status":"publish","type":"page","link":"https:\/\/wp.ufpel.edu.br\/geseee\/documentos-e-links\/","title":{"rendered":"Documentos e links"},"content":{"rendered":"<ul>\n<li style=\"text-align: justify\"><span style=\"font-size: 14pt\"><a href=\"http:\/\/www.pbeedifica.com.br\/sites\/default\/files\/projetos\/etiquetagem\/comercial\/downloads\/Port372-2010_RTQ_Def_Edificacoes-C_rev01.pdf\"><span style=\"font-family: helvetica, arial, sans-serif\">Regulamento T\u00e9cnico da Qualidade para o <\/span><span style=\"font-family: helvetica, arial, sans-serif\">N\u00edvel de Efici\u00eancia Energ\u00e9tica de Edifica\u00e7\u00f5es <\/span><span style=\"font-family: helvetica, arial, sans-serif\">Comerciais, de Servi\u00e7os e P\u00fablicas (RTQ-C);<\/span><\/a><\/span><\/li>\n<\/ul>\n<ul style=\"text-align: justify\">\n<li><span style=\"font-size: 14pt\"><a href=\"http:\/\/www.pbeedifica.com.br\/sites\/default\/files\/projetos\/etiquetagem\/residencial\/downloads\/RTQR.pdf\"><span style=\"font-family: helvetica, arial, sans-serif\">Regulamento T\u00e9cnico da Qualidade para o <\/span><span style=\"font-family: helvetica, arial, sans-serif\">N\u00edvel de Efici\u00eancia Energ\u00e9tica de Edifica\u00e7\u00f5es Residenciais (RTQ-R);<\/span><\/a><\/span><\/li>\n<\/ul>\n<ul>\n<li style=\"text-align: justify\"><span style=\"font-size: 14pt\"><a href=\"https:\/\/drive.google.com\/file\/d\/1OxCvQbOpMMpUkMRNQwjleDowhplHDAA6\/view?usp=sharing\"><span style=\"font-family: helvetica, arial, sans-serif\">Arquivo clim\u00e1tico (EPW) da cidade de Pelotas-RS.<\/span><\/a><\/span><\/li>\n<\/ul>\n","protected":false},"excerpt":{"rendered":"<p>Regulamento T\u00e9cnico da Qualidade para o N\u00edvel de Efici\u00eancia Energ\u00e9tica de Edifica\u00e7\u00f5es Comerciais, de Servi\u00e7os e P\u00fablicas (RTQ-C); Regulamento T\u00e9cnico da Qualidade para o N\u00edvel de Efici\u00eancia Energ\u00e9tica de Edifica\u00e7\u00f5es Residenciais (RTQ-R); Arquivo clim\u00e1tico&#46;&#46;&#46;<\/p>\n","protected":false},"author":740,"featured_media":0,"parent":0,"menu_order":0,"comment_status":"closed","ping_status":"closed","template":"","meta":{"footnotes":""},"class_list":["post-60","page","type-page","status-publish","hentry"],"_links":{"self":[{"href":"https:\/\/wp.ufpel.edu.br\/geseee\/wp-json\/wp\/v2\/pages\/60","targetHints":{"allow":["GET"]}}],"collection":[{"href":"https:\/\/wp.ufpel.edu.br\/geseee\/wp-json\/wp\/v2\/pages"}],"about":[{"href":"https:\/\/wp.ufpel.edu.br\/geseee\/wp-json\/wp\/v2\/types\/page"}],"author":[{"embeddable":true,"href":"https:\/\/wp.ufpel.edu.br\/geseee\/wp-json\/wp\/v2\/users\/740"}],"replies":[{"embeddable":true,"href":"https:\/\/wp.ufpel.edu.br\/geseee\/wp-json\/wp\/v2\/comments?post=60"}],"version-history":[{"count":7,"href":"https:\/\/wp.ufpel.edu.br\/geseee\/wp-json\/wp\/v2\/pages\/60\/revisions"}],"predecessor-version":[{"id":201,"href":"https:\/\/wp.ufpel.edu.br\/geseee\/wp-json\/wp\/v2\/pages\/60\/revisions\/201"}],"wp:attachment":[{"href":"https:\/\/wp.ufpel.edu.br\/geseee\/wp-json\/wp\/v2\/media?parent=60"}],"curies":[{"name":"wp","href":"https:\/\/api.w.org\/{rel}","templated":true}]}}